{"id":45198,"date":"2025-04-26T17:11:45","date_gmt":"2025-04-26T14:11:45","guid":{"rendered":"https:\/\/haremerotikshop.com\/site\/erotik-shop-urun\/usb-sarjli-isitmali-ileri-geri-hareketli-titresimli-emme-vakum-ayarli-sesli-parfumlu-masturbator-leten-wildcat\/"},"modified":"2026-01-09T02:57:50","modified_gmt":"2026-01-08T23:57:50","slug":"usb-sarjli-isitmali-ileri-geri-hareketli-titresimli-emme-vakum-ayarli-sesli-parfumlu-masturbator-leten-wildcat","status":"publish","type":"product","link":"https:\/\/haremerotikshop.com\/site\/erotik-shop-urun\/usb-sarjli-isitmali-ileri-geri-hareketli-titresimli-emme-vakum-ayarli-sesli-parfumlu-masturbator-leten-wildcat\/","title":{"rendered":"Usb \u015earjl\u0131 Is\u0131tmal\u0131 I\u0307leri Geri Hareketli Titre\u015fimli Emme Vakum Ayarl\u0131 Sesli Parf\u00fcml\u00fc Masturbat\u00f6r &#8211; Leten Wildcat"},"content":{"rendered":"<h2 class=\"\" data-start=\"148\" data-end=\"270\"><strong data-start=\"151\" data-end=\"270\">Leten Wildcat \u2013 USB \u015earjl\u0131 Is\u0131tmal\u0131, Vakumlu, Sesli ve Yapay Zekal\u0131 Masturbat\u00f6r ile Ger\u00e7ekli\u011fin Zirvesine Yolculuk!<\/strong><\/h2>\n<p class=\"\" data-start=\"272\" data-end=\"670\">Teknoloji ve zevkin bulu\u015ftu\u011fu noktada tasarlanan <strong data-start=\"321\" data-end=\"350\">Leten Wildcat Masturbat\u00f6r<\/strong>, s\u0131radan deneyimleri unutman\u0131z\u0131 sa\u011flayacak. Is\u0131tmal\u0131 yap\u0131s\u0131, ileri-geri hareket fonksiyonu, 6 frekansl\u0131 titre\u015fim ve vakum sistemi ile bir masturbat\u00f6r\u00fcn sunabilece\u011fi en ger\u00e7ek\u00e7i haz deneyimini sunar. Yapay zeka kontroll\u00fc ses sistemi ve parf\u00fcml\u00fc i\u00e7 tasar\u0131m\u0131yla, yaln\u0131zca fiziksel de\u011fil, duygusal anlamda da tatmin sa\u011flar.<\/p>\n<hr class=\"\" data-start=\"672\" data-end=\"675\" \/>\n<h3 class=\"\" data-start=\"677\" data-end=\"716\">\ud83c\udf1f <strong data-start=\"684\" data-end=\"716\">\u00dcr\u00fcn\u00fcn \u00d6ne \u00c7\u0131kan \u00d6zellikleri<\/strong><\/h3>\n<ul data-start=\"717\" data-end=\"1372\">\n<li class=\"\" data-start=\"717\" data-end=\"799\">\n<p class=\"\" data-start=\"719\" data-end=\"799\"><strong data-start=\"719\" data-end=\"751\">\u0130leri-geri hareketli sistem:<\/strong> 6 farkl\u0131 frekansla ger\u00e7ek\u00e7i penetrasyon hissi<\/p>\n<\/li>\n<li class=\"\" data-start=\"800\" data-end=\"879\">\n<p class=\"\" data-start=\"802\" data-end=\"879\"><strong data-start=\"802\" data-end=\"829\">Vakum emme teknolojisi:<\/strong> Ayarlanabilir g\u00fc\u00e7 seviyesi ile kontroll\u00fc uyar\u0131m<\/p>\n<\/li>\n<li class=\"\" data-start=\"880\" data-end=\"962\">\n<p class=\"\" data-start=\"882\" data-end=\"962\"><strong data-start=\"882\" data-end=\"918\">Yapay zeka kontroll\u00fc ses efekti:<\/strong> Senkronize kad\u0131n sesi ile zihinsel uyar\u0131m<\/p>\n<\/li>\n<li class=\"\" data-start=\"963\" data-end=\"1025\">\n<p class=\"\" data-start=\"965\" data-end=\"1025\"><strong data-start=\"965\" data-end=\"987\">Is\u0131tmal\u0131 i\u00e7 y\u00fczey:<\/strong> V\u00fccut s\u0131cakl\u0131\u011f\u0131na yak\u0131n bir deneyim<\/p>\n<\/li>\n<li class=\"\" data-start=\"1026\" data-end=\"1086\">\n<p class=\"\" data-start=\"1028\" data-end=\"1086\"><strong data-start=\"1028\" data-end=\"1049\">Parf\u00fcml\u00fc i\u00e7 doku:<\/strong> Zevkinize ho\u015f bir koku e\u015flik etsin<\/p>\n<\/li>\n<li class=\"\" data-start=\"1087\" data-end=\"1161\">\n<p class=\"\" data-start=\"1089\" data-end=\"1161\"><strong data-start=\"1089\" data-end=\"1119\">Black Gold f\u0131r\u00e7as\u0131z motor:<\/strong> Sessiz, g\u00fc\u00e7l\u00fc ve uzun \u00f6m\u00fcrl\u00fc performans<\/p>\n<\/li>\n<li class=\"\" data-start=\"1162\" data-end=\"1236\">\n<p class=\"\" data-start=\"1164\" data-end=\"1236\"><strong data-start=\"1164\" data-end=\"1201\">TPE yumu\u015fak cilt benzeri malzeme:<\/strong> Ger\u00e7ek ten dokusuna en yak\u0131n his<\/p>\n<\/li>\n<li class=\"\" data-start=\"1237\" data-end=\"1305\">\n<p class=\"\" data-start=\"1239\" data-end=\"1305\"><strong data-start=\"1239\" data-end=\"1274\">Kompakt ve ta\u015f\u0131nabilir tasar\u0131m:<\/strong> Her yerde kullan\u0131m kolayl\u0131\u011f\u0131<\/p>\n<\/li>\n<li class=\"\" data-start=\"1306\" data-end=\"1372\">\n<p class=\"\" data-start=\"1308\" data-end=\"1372\"><strong data-start=\"1308\" data-end=\"1342\">Kolay temizlenebilir i\u00e7 hazne:<\/strong> Hijyenik ve pratik kullan\u0131m<\/p>\n<\/li>\n<\/ul>\n<hr class=\"\" data-start=\"1374\" data-end=\"1377\" \/>\n<h3 class=\"\" data-start=\"1379\" data-end=\"1402\">\ud83d\udce6 Teknik Bilgiler:<\/h3>\n<ul data-start=\"1403\" data-end=\"1649\">\n<li class=\"\" data-start=\"1403\" data-end=\"1451\">\n<p class=\"\" data-start=\"1405\" data-end=\"1451\"><strong data-start=\"1405\" data-end=\"1419\">\u015earj Tipi:<\/strong> USB ile h\u0131zl\u0131 ve g\u00fcvenli \u015farj<\/p>\n<\/li>\n<li class=\"\" data-start=\"1452\" data-end=\"1502\">\n<p class=\"\" data-start=\"1454\" data-end=\"1502\"><strong data-start=\"1454\" data-end=\"1466\">Malzeme:<\/strong> Premium TPE (cilt dostu, yumu\u015fak)<\/p>\n<\/li>\n<li class=\"\" data-start=\"1503\" data-end=\"1548\">\n<p class=\"\" data-start=\"1505\" data-end=\"1548\"><strong data-start=\"1505\" data-end=\"1517\">Kontrol:<\/strong> Ak\u0131ll\u0131 h\u0131z ve s\u0131cakl\u0131k ayar\u0131<\/p>\n<\/li>\n<li class=\"\" data-start=\"1549\" data-end=\"1592\">\n<p class=\"\" data-start=\"1551\" data-end=\"1592\"><strong data-start=\"1551\" data-end=\"1561\">Boyut:<\/strong> Kompakt ve ergonomik tasar\u0131m<\/p>\n<\/li>\n<li class=\"\" data-start=\"1593\" data-end=\"1649\">\n<p class=\"\" data-start=\"1595\" data-end=\"1649\"><strong data-start=\"1595\" data-end=\"1608\">Kullan\u0131m:<\/strong> Tek tu\u015fla frekans, \u0131s\u0131 ve ses kontrol\u00fc<\/p>\n<\/li>\n<\/ul>\n<hr class=\"\" data-start=\"1651\" data-end=\"1654\" \/>\n<h3 class=\"\" data-start=\"1656\" data-end=\"1693\">\ud83d\ude9a <strong data-start=\"1663\" data-end=\"1693\">Gizli ve G\u00fcvenli G\u00f6nderim:<\/strong><\/h3>\n<ul data-start=\"1694\" data-end=\"1907\">\n<li class=\"\" data-start=\"1694\" data-end=\"1771\">\n<p class=\"\" data-start=\"1696\" data-end=\"1771\">Sipari\u015fler <strong data-start=\"1707\" data-end=\"1722\">gizli kargo<\/strong> ile, i\u00e7erik belli olmayacak \u015fekilde paketlenir<\/p>\n<\/li>\n<li class=\"\" data-start=\"1772\" data-end=\"1826\">\n<p class=\"\" data-start=\"1774\" data-end=\"1826\"><strong data-start=\"1774\" data-end=\"1792\">Ayn\u0131 g\u00fcn kargo<\/strong> ve <strong data-start=\"1796\" data-end=\"1824\">h\u0131zl\u0131 teslimat garantisi<\/strong><\/p>\n<\/li>\n<li class=\"\" data-start=\"1827\" data-end=\"1907\">\n<p class=\"\" data-start=\"1829\" data-end=\"1907\">\u00dcr\u00fcnlerimiz <strong data-start=\"1841\" data-end=\"1860\">firma g\u00fcvencesi<\/strong> alt\u0131nda eksiksiz \u015fekilde al\u0131c\u0131lara ula\u015ft\u0131r\u0131l\u0131r<\/p>\n<\/li>\n<\/ul>\n<hr class=\"\" data-start=\"1909\" data-end=\"1912\" \/>\n<h3 class=\"\" data-start=\"1914\" data-end=\"1960\">\ud83d\udcb3 <strong data-start=\"1921\" data-end=\"1960\">Kolay ve G\u00fcvenli \u00d6deme Se\u00e7enekleri:<\/strong><\/h3>\n<ul data-start=\"1961\" data-end=\"2096\">\n<li class=\"\" data-start=\"1961\" data-end=\"2008\">\n<p class=\"\" data-start=\"1963\" data-end=\"2008\">Kap\u0131da <strong data-start=\"1970\" data-end=\"1996\">nakit veya kredi kart\u0131<\/strong> ile \u00f6deme<\/p>\n<\/li>\n<li class=\"\" data-start=\"2009\" data-end=\"2042\">\n<p class=\"\" data-start=\"2011\" data-end=\"2042\"><strong data-start=\"2011\" data-end=\"2040\">Taksitli al\u0131\u015fveri\u015f imkan\u0131<\/strong><\/p>\n<\/li>\n<li class=\"\" data-start=\"2043\" data-end=\"2096\">\n<p class=\"\" data-start=\"2045\" data-end=\"2096\">Banka havalesi \/ EFT se\u00e7ene\u011fi ile \u00f6deme kolayl\u0131\u011f\u0131<\/p>\n<\/li>\n<\/ul>\n<hr class=\"\" data-start=\"2098\" data-end=\"2101\" \/>\n<h3 class=\"\" data-start=\"2103\" data-end=\"2142\">\ud83d\udd12 Neden Leten Wildcat Masturbat\u00f6r?<\/h3>\n<ul data-start=\"2143\" data-end=\"2458\">\n<li class=\"\" data-start=\"2143\" data-end=\"2200\">\n<p class=\"\" data-start=\"2145\" data-end=\"2200\">En geli\u015fmi\u015f yapay zeka teknolojisi ile senkronize haz<\/p>\n<\/li>\n<li class=\"\" data-start=\"2201\" data-end=\"2256\">\n<p class=\"\" data-start=\"2203\" data-end=\"2256\">Is\u0131tmal\u0131 i\u00e7 doku ve sesli sistem ile tam sim\u00fclasyon<\/p>\n<\/li>\n<li class=\"\" data-start=\"2257\" data-end=\"2336\">\n<p class=\"\" data-start=\"2259\" data-end=\"2336\">Vakum, titre\u015fim ve ileri-geri hareketin birle\u015fimiyle <strong data-start=\"2312\" data-end=\"2334\">\u00e7ok boyutlu tatmin<\/strong><\/p>\n<\/li>\n<li class=\"\" data-start=\"2337\" data-end=\"2405\">\n<p class=\"\" data-start=\"2339\" data-end=\"2405\">Sessiz, g\u00fc\u00e7l\u00fc ve kompakt \u2013 her an, her yerde kullan\u0131m i\u00e7in ideal<\/p>\n<\/li>\n<li class=\"\" data-start=\"2406\" data-end=\"2458\">\n<p class=\"\" data-start=\"2408\" data-end=\"2458\"><strong data-start=\"2408\" data-end=\"2458\">Uzun \u00f6m\u00fcrl\u00fc, kaliteli ve sa\u011fl\u0131\u011fa uygun malzeme<\/strong><\/p>\n<\/li>\n<\/ul>\n<hr class=\"\" data-start=\"2460\" data-end=\"2463\" \/>\n<p class=\"\" data-start=\"2465\" data-end=\"2656\"><strong data-start=\"2465\" data-end=\"2528\">Ger\u00e7ekten unutulmaz bir deneyim i\u00e7in Leten Wildcat sizinle!<\/strong><br data-start=\"2528\" data-end=\"2531\" \/>Zevk, teknoloji ve ger\u00e7eklik \u015fimdi avucunuzun i\u00e7inde.<br data-start=\"2584\" data-end=\"2587\" \/>\ud83d\udc49 Hemen sipari\u015f verin, gizli ve g\u00fcvenli al\u0131\u015fveri\u015fin fark\u0131n\u0131 ya\u015fay\u0131n.<\/p>\n<p>&nbsp;<\/p>\n<p>&nbsp;<\/p>\n<p><a href=\"http:\/\/api.whatsapp.com\/send?phone=905304676616&amp;text=Sipari%C5%9F%20Vermek%20%C4%B0stiyorum%20haremshop%20BDM1574\"><img fetchpriority=\"high\" decoding=\"async\" class=\"alignnone\" src=\"https:\/\/static.ticimax.cloud\/32886\/uploads\/editoruploads\/whatsapp-destek-hatti.gif\" alt=\"\" width=\"750\" height=\"117\" \/><\/a><\/p>\n<p><img decoding=\"async\" style=\"width: 300px;height: 255px\" src=\"https:\/\/static.ticimax.cloud\/32886\/\/uploads\/editoruploads\/bdm1574-gif.gif\" alt=\"\" \/><\/p>\n","protected":false},"excerpt":{"rendered":"<p>Teknoloji ve zevkin bulu\u015ftu\u011fu noktada tasarlanan <strong data-start=\"321\" data-end=\"350\">Leten Wildcat Masturbat\u00f6r<\/strong>, s\u0131radan deneyimleri unutman\u0131z\u0131 sa\u011flayacak. Is\u0131tmal\u0131 yap\u0131s\u0131, ileri-geri hareket fonksiyonu, 6 frekansl\u0131 titre\u015fim ve vakum sistemi ile bir masturbat\u00f6r\u00fcn sunabilece\u011fi en ger\u00e7ek\u00e7i haz deneyimini sunar. Yapay zeka kontroll\u00fc ses sistemi ve parf\u00fcml\u00fc i\u00e7 tasar\u0131m\u0131yla, yaln\u0131zca fiziksel de\u011fil, duygusal anlamda da tatmin sa\u011flar.<\/p>\n","protected":false},"featured_media":45200,"comment_status":"closed","ping_status":"closed","template":"","meta":[],"product_brand":[],"product_cat":[503],"product_tag":[],"class_list":{"0":"post-45198","1":"product","2":"type-product","3":"status-publish","4":"has-post-thumbnail","6":"product_cat-vajina-ve-masturbator","8":"first","9":"outofstock","10":"purchasable","11":"product-type-simple"},"yoast_head":"<!-- This site is optimized with the Yoast SEO Premium plugin v24.4 (Yoast SEO v27.1.1) - https:\/\/yoast.com\/product\/yoast-seo-premium-wordpress\/ -->\n<title>Usb \u015earjl\u0131 Is\u0131tmal\u0131 I\u0307leri Geri Hareketli Titre\u015fimli Emme Vakum Ayarl\u0131 Sesli Parf\u00fcml\u00fc Masturbat\u00f6r - Leten Wildcat - Bursa Erotik Shop<\/title>\n<meta name=\"robots\" content=\"index, follow, max-snippet:-1, max-image-preview:large, max-video-preview:-1\" \/>\n<link rel=\"canonical\" href=\"https:\/\/hobierotikshop.com.tr\/website1\/erotik-shop-urun\/usb-sarjli-isitmali-ileri-geri-hareketli-titresimli-emme-vakum-ayarli-sesli-parfumlu-masturbator-leten-wildcat\/\" \/>\n<meta property=\"og:locale\" content=\"tr_TR\" \/>\n<meta property=\"og:type\" content=\"article\" \/>\n<meta property=\"og:title\" content=\"Usb \u015earjl\u0131 Is\u0131tmal\u0131 I\u0307leri Geri Hareketli Titre\u015fimli Emme Vakum Ayarl\u0131 Sesli Parf\u00fcml\u00fc Masturbat\u00f6r - Leten Wildcat\" \/>\n<meta property=\"og:description\" content=\"Teknoloji ve zevkin bulu\u015ftu\u011fu noktada tasarlanan Leten Wildcat Masturbat\u00f6r, s\u0131radan deneyimleri unutman\u0131z\u0131 sa\u011flayacak. Is\u0131tmal\u0131 yap\u0131s\u0131, ileri-geri hareket fonksiyonu, 6 frekansl\u0131 titre\u015fim ve vakum sistemi ile bir masturbat\u00f6r\u00fcn sunabilece\u011fi en ger\u00e7ek\u00e7i haz deneyimini sunar. Yapay zeka kontroll\u00fc ses sistemi ve parf\u00fcml\u00fc i\u00e7 tasar\u0131m\u0131yla, yaln\u0131zca fiziksel de\u011fil, duygusal anlamda da tatmin sa\u011flar.\" \/>\n<meta property=\"og:url\" content=\"https:\/\/hobierotikshop.com.tr\/website1\/erotik-shop-urun\/usb-sarjli-isitmali-ileri-geri-hareketli-titresimli-emme-vakum-ayarli-sesli-parfumlu-masturbator-leten-wildcat\/\" \/>\n<meta property=\"og:site_name\" content=\"Bursa Erotik Shop\" \/>\n<meta property=\"article:modified_time\" content=\"2026-01-08T23:57:50+00:00\" \/>\n<meta property=\"og:image\" content=\"https:\/\/hobierotikshop.com.tr\/website1\/wp-content\/uploads\/2025\/04\/usb-sarjli-isitmali-ileri-geri-hareket-ebb7af.jpg\" \/>\n\t<meta property=\"og:image:width\" content=\"455\" \/>\n\t<meta property=\"og:image:height\" content=\"455\" \/>\n\t<meta property=\"og:image:type\" content=\"image\/jpeg\" \/>\n<meta name=\"twitter:card\" content=\"summary_large_image\" \/>\n<meta name=\"twitter:site\" content=\"@shopbursa\" \/>\n<meta name=\"twitter:label1\" content=\"Fiyat\" \/>\n\t<meta name=\"twitter:data1\" content=\"&#8378;9.300,00\" \/>\n\t<meta name=\"twitter:label2\" content=\"Availability\" \/>\n\t<meta name=\"twitter:data2\" content=\"Out of stock\" \/>\n<script type=\"application\/ld+json\" class=\"yoast-schema-graph\">{\"@context\":\"https:\/\/schema.org\",\"@graph\":[{\"@type\":\"WebPage\",\"@id\":\"https:\/\/hobierotikshop.com.tr\/website1\/erotik-shop-urun\/usb-sarjli-isitmali-ileri-geri-hareketli-titresimli-emme-vakum-ayarli-sesli-parfumlu-masturbator-leten-wildcat\/\",\"url\":\"https:\/\/hobierotikshop.com.tr\/website1\/erotik-shop-urun\/usb-sarjli-isitmali-ileri-geri-hareketli-titresimli-emme-vakum-ayarli-sesli-parfumlu-masturbator-leten-wildcat\/\",\"name\":\"Usb \u015earjl\u0131 Is\u0131tmal\u0131 I\u0307leri Geri Hareketli Titre\u015fimli Emme Vakum Ayarl\u0131 Sesli Parf\u00fcml\u00fc Masturbat\u00f6r - Leten Wildcat - Bursa Erotik Shop\",\"isPartOf\":{\"@id\":\"https:\/\/hobierotikshop.com.tr\/website1\/#website\"},\"primaryImageOfPage\":{\"@id\":\"https:\/\/hobierotikshop.com.tr\/website1\/erotik-shop-urun\/usb-sarjli-isitmali-ileri-geri-hareketli-titresimli-emme-vakum-ayarli-sesli-parfumlu-masturbator-leten-wildcat\/#primaryimage\"},\"image\":{\"@id\":\"https:\/\/hobierotikshop.com.tr\/website1\/erotik-shop-urun\/usb-sarjli-isitmali-ileri-geri-hareketli-titresimli-emme-vakum-ayarli-sesli-parfumlu-masturbator-leten-wildcat\/#primaryimage\"},\"thumbnailUrl\":\"https:\/\/haremerotikshop.com\/site\/wp-content\/uploads\/2025\/04\/usb-sarjli-isitmali-ileri-geri-hareket-ebb7af.jpg\",\"datePublished\":\"2025-04-26T14:11:45+00:00\",\"dateModified\":\"2026-01-08T23:57:50+00:00\",\"breadcrumb\":{\"@id\":\"https:\/\/hobierotikshop.com.tr\/website1\/erotik-shop-urun\/usb-sarjli-isitmali-ileri-geri-hareketli-titresimli-emme-vakum-ayarli-sesli-parfumlu-masturbator-leten-wildcat\/#breadcrumb\"},\"inLanguage\":\"tr\",\"potentialAction\":[{\"@type\":\"ReadAction\",\"target\":[\"https:\/\/hobierotikshop.com.tr\/website1\/erotik-shop-urun\/usb-sarjli-isitmali-ileri-geri-hareketli-titresimli-emme-vakum-ayarli-sesli-parfumlu-masturbator-leten-wildcat\/\"]}]},{\"@type\":\"ImageObject\",\"inLanguage\":\"tr\",\"@id\":\"https:\/\/hobierotikshop.com.tr\/website1\/erotik-shop-urun\/usb-sarjli-isitmali-ileri-geri-hareketli-titresimli-emme-vakum-ayarli-sesli-parfumlu-masturbator-leten-wildcat\/#primaryimage\",\"url\":\"https:\/\/haremerotikshop.com\/site\/wp-content\/uploads\/2025\/04\/usb-sarjli-isitmali-ileri-geri-hareket-ebb7af.jpg\",\"contentUrl\":\"https:\/\/haremerotikshop.com\/site\/wp-content\/uploads\/2025\/04\/usb-sarjli-isitmali-ileri-geri-hareket-ebb7af.jpg\",\"width\":455,\"height\":455},{\"@type\":\"BreadcrumbList\",\"@id\":\"https:\/\/hobierotikshop.com.tr\/website1\/erotik-shop-urun\/usb-sarjli-isitmali-ileri-geri-hareketli-titresimli-emme-vakum-ayarli-sesli-parfumlu-masturbator-leten-wildcat\/#breadcrumb\",\"itemListElement\":[{\"@type\":\"ListItem\",\"position\":1,\"name\":\"Anasayfa\",\"item\":\"https:\/\/hobierotikshop.com.tr\/website1\/\"},{\"@type\":\"ListItem\",\"position\":2,\"name\":\"Erotik Shop \u00dcr\u00fcnleri\",\"item\":\"https:\/\/hobierotikshop.com.tr\/website1\/shop\/\"},{\"@type\":\"ListItem\",\"position\":3,\"name\":\"Usb \u015earjl\u0131 Is\u0131tmal\u0131 I\u0307leri Geri Hareketli Titre\u015fimli Emme Vakum Ayarl\u0131 Sesli Parf\u00fcml\u00fc Masturbat\u00f6r &#8211; Leten Wildcat\"}]},{\"@type\":\"WebSite\",\"@id\":\"https:\/\/hobierotikshop.com.tr\/website1\/#website\",\"url\":\"https:\/\/hobierotikshop.com.tr\/website1\/\",\"name\":\"Bursa Erotik Shop\",\"description\":\"Bursa Erotik Shop ile g\u00fcvenli, gizli ve kaliteli yeti\u015fkin \u00fcr\u00fcnleri al\u0131\u015fveri\u015fi! Geni\u015f \u00fcr\u00fcn yelpazemizi ke\u015ffedin, hemen sipari\u015f verin\",\"publisher\":{\"@id\":\"https:\/\/hobierotikshop.com.tr\/website1\/#organization\"},\"alternateName\":\"Erotik Shop\",\"potentialAction\":[{\"@type\":\"SearchAction\",\"target\":{\"@type\":\"EntryPoint\",\"urlTemplate\":\"https:\/\/hobierotikshop.com.tr\/website1\/?s={search_term_string}\"},\"query-input\":{\"@type\":\"PropertyValueSpecification\",\"valueRequired\":true,\"valueName\":\"search_term_string\"}}],\"inLanguage\":\"tr\"},{\"@type\":\"Organization\",\"@id\":\"https:\/\/hobierotikshop.com.tr\/website1\/#organization\",\"name\":\"Harem Bursa Erotik Shop\",\"url\":\"https:\/\/hobierotikshop.com.tr\/website1\/\",\"logo\":{\"@type\":\"ImageObject\",\"inLanguage\":\"tr\",\"@id\":\"https:\/\/hobierotikshop.com.tr\/website1\/#\/schema\/logo\/image\/\",\"url\":\"https:\/\/haremerotikshop.com\/site\/wp-content\/uploads\/2025\/03\/haremsexshop.png\",\"contentUrl\":\"https:\/\/haremerotikshop.com\/site\/wp-content\/uploads\/2025\/03\/haremsexshop.png\",\"width\":400,\"height\":100,\"caption\":\"Harem Bursa Erotik Shop\"},\"image\":{\"@id\":\"https:\/\/hobierotikshop.com.tr\/website1\/#\/schema\/logo\/image\/\"},\"sameAs\":[\"https:\/\/x.com\/shopbursa\"],\"publishingPrinciples\":\"https:\/\/hobierotikshop.com.tr\/website1\/mesafeli-satis-sozlesmesi\/\",\"ownershipFundingInfo\":\"https:\/\/hobierotikshop.com.tr\/website1\/contact-us\/\",\"actionableFeedbackPolicy\":\"https:\/\/hobierotikshop.com.tr\/website1\/contact-us\/\",\"correctionsPolicy\":\"https:\/\/hobierotikshop.com.tr\/website1\/mesafeli-satis-sozlesmesi\/\"}]}<\/script>\n<meta property=\"product:price:amount\" content=\"9300.00\" \/>\n<meta property=\"product:price:currency\" content=\"TRY\" \/>\n<meta property=\"og:availability\" content=\"out of stock\" \/>\n<meta property=\"product:availability\" content=\"out of stock\" \/>\n<meta property=\"product:retailer_item_id\" content=\"BDM1574\" \/>\n<meta property=\"product:condition\" content=\"new\" \/>\n<!-- \/ Yoast SEO Premium plugin. -->","yoast_head_json":{"title":"Usb \u015earjl\u0131 Is\u0131tmal\u0131 I\u0307leri Geri Hareketli Titre\u015fimli Emme Vakum Ayarl\u0131 Sesli Parf\u00fcml\u00fc Masturbat\u00f6r - Leten Wildcat - Bursa Erotik Shop","robots":{"index":"index","follow":"follow","max-snippet":"max-snippet:-1","max-image-preview":"max-image-preview:large","max-video-preview":"max-video-preview:-1"},"canonical":"https:\/\/hobierotikshop.com.tr\/website1\/erotik-shop-urun\/usb-sarjli-isitmali-ileri-geri-hareketli-titresimli-emme-vakum-ayarli-sesli-parfumlu-masturbator-leten-wildcat\/","og_locale":"tr_TR","og_type":"article","og_title":"Usb \u015earjl\u0131 Is\u0131tmal\u0131 I\u0307leri Geri Hareketli Titre\u015fimli Emme Vakum Ayarl\u0131 Sesli Parf\u00fcml\u00fc Masturbat\u00f6r - Leten Wildcat","og_description":"Teknoloji ve zevkin bulu\u015ftu\u011fu noktada tasarlanan Leten Wildcat Masturbat\u00f6r, s\u0131radan deneyimleri unutman\u0131z\u0131 sa\u011flayacak. Is\u0131tmal\u0131 yap\u0131s\u0131, ileri-geri hareket fonksiyonu, 6 frekansl\u0131 titre\u015fim ve vakum sistemi ile bir masturbat\u00f6r\u00fcn sunabilece\u011fi en ger\u00e7ek\u00e7i haz deneyimini sunar. Yapay zeka kontroll\u00fc ses sistemi ve parf\u00fcml\u00fc i\u00e7 tasar\u0131m\u0131yla, yaln\u0131zca fiziksel de\u011fil, duygusal anlamda da tatmin sa\u011flar.","og_url":"https:\/\/hobierotikshop.com.tr\/website1\/erotik-shop-urun\/usb-sarjli-isitmali-ileri-geri-hareketli-titresimli-emme-vakum-ayarli-sesli-parfumlu-masturbator-leten-wildcat\/","og_site_name":"Bursa Erotik Shop","article_modified_time":"2026-01-08T23:57:50+00:00","og_image":[{"width":455,"height":455,"url":"https:\/\/hobierotikshop.com.tr\/website1\/wp-content\/uploads\/2025\/04\/usb-sarjli-isitmali-ileri-geri-hareket-ebb7af.jpg","type":"image\/jpeg"}],"twitter_card":"summary_large_image","twitter_site":"@shopbursa","twitter_misc":{"Fiyat":"&#8378;9.300,00","Availability":"Out of stock"},"schema":{"@context":"https:\/\/schema.org","@graph":[{"@type":"WebPage","@id":"https:\/\/hobierotikshop.com.tr\/website1\/erotik-shop-urun\/usb-sarjli-isitmali-ileri-geri-hareketli-titresimli-emme-vakum-ayarli-sesli-parfumlu-masturbator-leten-wildcat\/","url":"https:\/\/hobierotikshop.com.tr\/website1\/erotik-shop-urun\/usb-sarjli-isitmali-ileri-geri-hareketli-titresimli-emme-vakum-ayarli-sesli-parfumlu-masturbator-leten-wildcat\/","name":"Usb \u015earjl\u0131 Is\u0131tmal\u0131 I\u0307leri Geri Hareketli Titre\u015fimli Emme Vakum Ayarl\u0131 Sesli Parf\u00fcml\u00fc Masturbat\u00f6r - Leten Wildcat - Bursa Erotik Shop","isPartOf":{"@id":"https:\/\/hobierotikshop.com.tr\/website1\/#website"},"primaryImageOfPage":{"@id":"https:\/\/hobierotikshop.com.tr\/website1\/erotik-shop-urun\/usb-sarjli-isitmali-ileri-geri-hareketli-titresimli-emme-vakum-ayarli-sesli-parfumlu-masturbator-leten-wildcat\/#primaryimage"},"image":{"@id":"https:\/\/hobierotikshop.com.tr\/website1\/erotik-shop-urun\/usb-sarjli-isitmali-ileri-geri-hareketli-titresimli-emme-vakum-ayarli-sesli-parfumlu-masturbator-leten-wildcat\/#primaryimage"},"thumbnailUrl":"https:\/\/haremerotikshop.com\/site\/wp-content\/uploads\/2025\/04\/usb-sarjli-isitmali-ileri-geri-hareket-ebb7af.jpg","datePublished":"2025-04-26T14:11:45+00:00","dateModified":"2026-01-08T23:57:50+00:00","breadcrumb":{"@id":"https:\/\/hobierotikshop.com.tr\/website1\/erotik-shop-urun\/usb-sarjli-isitmali-ileri-geri-hareketli-titresimli-emme-vakum-ayarli-sesli-parfumlu-masturbator-leten-wildcat\/#breadcrumb"},"inLanguage":"tr","potentialAction":[{"@type":"ReadAction","target":["https:\/\/hobierotikshop.com.tr\/website1\/erotik-shop-urun\/usb-sarjli-isitmali-ileri-geri-hareketli-titresimli-emme-vakum-ayarli-sesli-parfumlu-masturbator-leten-wildcat\/"]}]},{"@type":"ImageObject","inLanguage":"tr","@id":"https:\/\/hobierotikshop.com.tr\/website1\/erotik-shop-urun\/usb-sarjli-isitmali-ileri-geri-hareketli-titresimli-emme-vakum-ayarli-sesli-parfumlu-masturbator-leten-wildcat\/#primaryimage","url":"https:\/\/haremerotikshop.com\/site\/wp-content\/uploads\/2025\/04\/usb-sarjli-isitmali-ileri-geri-hareket-ebb7af.jpg","contentUrl":"https:\/\/haremerotikshop.com\/site\/wp-content\/uploads\/2025\/04\/usb-sarjli-isitmali-ileri-geri-hareket-ebb7af.jpg","width":455,"height":455},{"@type":"BreadcrumbList","@id":"https:\/\/hobierotikshop.com.tr\/website1\/erotik-shop-urun\/usb-sarjli-isitmali-ileri-geri-hareketli-titresimli-emme-vakum-ayarli-sesli-parfumlu-masturbator-leten-wildcat\/#breadcrumb","itemListElement":[{"@type":"ListItem","position":1,"name":"Anasayfa","item":"https:\/\/hobierotikshop.com.tr\/website1\/"},{"@type":"ListItem","position":2,"name":"Erotik Shop \u00dcr\u00fcnleri","item":"https:\/\/hobierotikshop.com.tr\/website1\/shop\/"},{"@type":"ListItem","position":3,"name":"Usb \u015earjl\u0131 Is\u0131tmal\u0131 I\u0307leri Geri Hareketli Titre\u015fimli Emme Vakum Ayarl\u0131 Sesli Parf\u00fcml\u00fc Masturbat\u00f6r &#8211; Leten Wildcat"}]},{"@type":"WebSite","@id":"https:\/\/hobierotikshop.com.tr\/website1\/#website","url":"https:\/\/hobierotikshop.com.tr\/website1\/","name":"Bursa Erotik Shop","description":"Bursa Erotik Shop ile g\u00fcvenli, gizli ve kaliteli yeti\u015fkin \u00fcr\u00fcnleri al\u0131\u015fveri\u015fi! Geni\u015f \u00fcr\u00fcn yelpazemizi ke\u015ffedin, hemen sipari\u015f verin","publisher":{"@id":"https:\/\/hobierotikshop.com.tr\/website1\/#organization"},"alternateName":"Erotik Shop","potentialAction":[{"@type":"SearchAction","target":{"@type":"EntryPoint","urlTemplate":"https:\/\/hobierotikshop.com.tr\/website1\/?s={search_term_string}"},"query-input":{"@type":"PropertyValueSpecification","valueRequired":true,"valueName":"search_term_string"}}],"inLanguage":"tr"},{"@type":"Organization","@id":"https:\/\/hobierotikshop.com.tr\/website1\/#organization","name":"Harem Bursa Erotik Shop","url":"https:\/\/hobierotikshop.com.tr\/website1\/","logo":{"@type":"ImageObject","inLanguage":"tr","@id":"https:\/\/hobierotikshop.com.tr\/website1\/#\/schema\/logo\/image\/","url":"https:\/\/haremerotikshop.com\/site\/wp-content\/uploads\/2025\/03\/haremsexshop.png","contentUrl":"https:\/\/haremerotikshop.com\/site\/wp-content\/uploads\/2025\/03\/haremsexshop.png","width":400,"height":100,"caption":"Harem Bursa Erotik Shop"},"image":{"@id":"https:\/\/hobierotikshop.com.tr\/website1\/#\/schema\/logo\/image\/"},"sameAs":["https:\/\/x.com\/shopbursa"],"publishingPrinciples":"https:\/\/hobierotikshop.com.tr\/website1\/mesafeli-satis-sozlesmesi\/","ownershipFundingInfo":"https:\/\/hobierotikshop.com.tr\/website1\/contact-us\/","actionableFeedbackPolicy":"https:\/\/hobierotikshop.com.tr\/website1\/contact-us\/","correctionsPolicy":"https:\/\/hobierotikshop.com.tr\/website1\/mesafeli-satis-sozlesmesi\/"}]},"product_price_amount":"9300.00","product_price_currency":"TRY","og_availability":"out of stock","product_availability":"out of stock","product_retailer_item_id":"BDM1574","product_condition":"new"},"_links":{"self":[{"href":"https:\/\/haremerotikshop.com\/site\/wp-json\/wp\/v2\/product\/45198","targetHints":{"allow":["GET"]}}],"collection":[{"href":"https:\/\/haremerotikshop.com\/site\/wp-json\/wp\/v2\/product"}],"about":[{"href":"https:\/\/haremerotikshop.com\/site\/wp-json\/wp\/v2\/types\/product"}],"replies":[{"embeddable":true,"href":"https:\/\/haremerotikshop.com\/site\/wp-json\/wp\/v2\/comments?post=45198"}],"version-history":[{"count":0,"href":"https:\/\/haremerotikshop.com\/site\/wp-json\/wp\/v2\/product\/45198\/revisions"}],"wp:featuredmedia":[{"embeddable":true,"href":"https:\/\/haremerotikshop.com\/site\/wp-json\/wp\/v2\/media\/45200"}],"wp:attachment":[{"href":"https:\/\/haremerotikshop.com\/site\/wp-json\/wp\/v2\/media?parent=45198"}],"wp:term":[{"taxonomy":"product_brand","embeddable":true,"href":"https:\/\/haremerotikshop.com\/site\/wp-json\/wp\/v2\/product_brand?post=45198"},{"taxonomy":"product_cat","embeddable":true,"href":"https:\/\/haremerotikshop.com\/site\/wp-json\/wp\/v2\/product_cat?post=45198"},{"taxonomy":"product_tag","embeddable":true,"href":"https:\/\/haremerotikshop.com\/site\/wp-json\/wp\/v2\/product_tag?post=45198"}],"curies":[{"name":"wp","href":"https:\/\/api.w.org\/{rel}","templated":true}]}}