{"id":45247,"date":"2025-04-26T17:12:50","date_gmt":"2025-04-26T14:12:50","guid":{"rendered":"https:\/\/haremerotikshop.com\/site\/erotik-shop-urun\/33-cm-et-dokulu-gercekci-cift-katmanli-sunnetsiz-silikon-penis-horse-power-2\/"},"modified":"2026-01-08T14:49:31","modified_gmt":"2026-01-08T11:49:31","slug":"33-cm-et-dokulu-gercekci-cift-katmanli-sunnetsiz-silikon-penis-horse-power-2","status":"publish","type":"product","link":"https:\/\/haremerotikshop.com\/site\/erotik-shop-urun\/33-cm-et-dokulu-gercekci-cift-katmanli-sunnetsiz-silikon-penis-horse-power-2\/","title":{"rendered":"33 Cm Et Dokulu Ger\u00e7ek\u00e7i \u00c7ift Katmanl\u0131 S\u00fcnnetsiz Silikon Penis &#8211; Horse Power 2"},"content":{"rendered":"<h1 class=\"\" data-start=\"52\" data-end=\"136\"><strong data-start=\"54\" data-end=\"136\">33 cm Et Dokulu Ger\u00e7ek\u00e7i \u00c7ift Katmanl\u0131 S\u00fcnnetsiz Silikon Penis &#8211; Horse Power 2<\/strong><\/h1>\n<p class=\"\" data-start=\"138\" data-end=\"537\"><strong data-start=\"138\" data-end=\"195\">Ger\u00e7ek\u00e7i deneyim ve \u00fcst\u00fcn performans i\u00e7in tasarland\u0131!<\/strong> <strong data-start=\"196\" data-end=\"278\">33 cm Et Dokulu Ger\u00e7ek\u00e7i \u00c7ift Katmanl\u0131 S\u00fcnnetsiz Silikon Penis &#8211; Horse Power 2<\/strong>, ger\u00e7ek\u00e7i tasar\u0131m\u0131 ve kaliteli malzeme kullan\u0131m\u0131yla maksimum zevki ve uzun s\u00fcreli kullan\u0131m garantisi sunar. Y\u00fcksek kaliteli silikon malzemesi ile su ge\u00e7irmez \u00f6zellik ta\u015f\u0131yan bu \u00fcr\u00fcn, banyo, du\u015f gibi suyla temasa dayan\u0131kl\u0131 alanlarda rahatl\u0131kla kullan\u0131labilir.<\/p>\n<h2 class=\"\" data-start=\"539\" data-end=\"563\"><strong data-start=\"542\" data-end=\"563\">\u00dcr\u00fcn \u00d6zellikleri:<\/strong><\/h2>\n<ul data-start=\"565\" data-end=\"1325\">\n<li class=\"\" data-start=\"565\" data-end=\"718\">\n<p class=\"\" data-start=\"567\" data-end=\"718\"><strong data-start=\"567\" data-end=\"600\">Ger\u00e7ek\u00e7i Tasar\u0131m ve Et Dokusu<\/strong>: Damarl\u0131 yap\u0131s\u0131, et dokusu ve ger\u00e7ek\u00e7i g\u00f6r\u00fcn\u00fcm\u00fc ile m\u00fckemmel bir deneyim sunar. \u00dcst d\u00fczey konfor ve do\u011fal his sa\u011flar.<\/p>\n<\/li>\n<li class=\"\" data-start=\"719\" data-end=\"848\">\n<p class=\"\" data-start=\"721\" data-end=\"848\"><strong data-start=\"721\" data-end=\"746\">Kaliteli Silikon Yap\u0131<\/strong>: Sa\u011flam ve uzun \u00f6m\u00fcrl\u00fc kaliteli silikon malzeme ile \u00fcretilmi\u015ftir. Hem dayan\u0131kl\u0131 hem de cilt dostudur.<\/p>\n<\/li>\n<li class=\"\" data-start=\"849\" data-end=\"995\">\n<p class=\"\" data-start=\"851\" data-end=\"995\"><strong data-start=\"851\" data-end=\"874\">Su Ge\u00e7irmez \u00d6zellik<\/strong>: Banyo, du\u015f gibi suya dayan\u0131kl\u0131 alanlarda kullan\u0131m i\u00e7in ideal. Su ge\u00e7irmez yap\u0131s\u0131 sayesinde her t\u00fcrl\u00fc suya dayan\u0131kl\u0131d\u0131r.<\/p>\n<\/li>\n<li class=\"\" data-start=\"996\" data-end=\"1151\">\n<p class=\"\" data-start=\"998\" data-end=\"1151\"><strong data-start=\"998\" data-end=\"1030\">Testisli ve Vantuzlu Tasar\u0131m<\/strong>: Testisli yap\u0131s\u0131 ile do\u011fal bir his uyand\u0131r\u0131rken, g\u00fc\u00e7l\u00fc vantuz \u00f6zelli\u011fi sayesinde istedi\u011finiz her y\u00fczeye sabitlenebilir.<\/p>\n<\/li>\n<li class=\"\" data-start=\"1152\" data-end=\"1325\">\n<p class=\"\" data-start=\"1154\" data-end=\"1167\"><strong data-start=\"1154\" data-end=\"1166\">Boyutlar<\/strong>:<\/p>\n<ul data-start=\"1170\" data-end=\"1325\">\n<li class=\"\" data-start=\"1170\" data-end=\"1199\">\n<p class=\"\" data-start=\"1172\" data-end=\"1199\"><strong data-start=\"1172\" data-end=\"1190\">Toplam Uzunluk<\/strong>: 33 cm<\/p>\n<\/li>\n<li class=\"\" data-start=\"1202\" data-end=\"1221\">\n<p class=\"\" data-start=\"1204\" data-end=\"1221\"><strong data-start=\"1204\" data-end=\"1211\">\u00c7ap<\/strong>: 5,1 cm<\/p>\n<\/li>\n<li class=\"\" data-start=\"1224\" data-end=\"1261\">\n<p class=\"\" data-start=\"1226\" data-end=\"1261\"><strong data-start=\"1226\" data-end=\"1252\">Kullan\u0131labilir Uzunluk<\/strong>: 25 cm<\/p>\n<\/li>\n<li class=\"\" data-start=\"1264\" data-end=\"1325\">\n<p class=\"\" data-start=\"1266\" data-end=\"1325\"><strong data-start=\"1266\" data-end=\"1277\">Ebatlar<\/strong>: Esnek yap\u0131s\u0131 sayesinde her v\u00fccuda uyum sa\u011flar.<\/p>\n<\/li>\n<\/ul>\n<\/li>\n<\/ul>\n<hr class=\"\" data-start=\"1327\" data-end=\"1330\" \/>\n<h2 class=\"\" data-start=\"1332\" data-end=\"1350\"><strong data-start=\"1335\" data-end=\"1350\">Avantajlar:<\/strong><\/h2>\n<ul data-start=\"1352\" data-end=\"1860\">\n<li class=\"\" data-start=\"1352\" data-end=\"1476\">\n<p class=\"\" data-start=\"1354\" data-end=\"1476\"><strong data-start=\"1354\" data-end=\"1378\">Uzun S\u00fcreli Kullan\u0131m<\/strong>: Y\u00fcksek kaliteli silikon malzeme, uzun s\u00fcreli kullan\u0131mda bile ilk g\u00fcnk\u00fc gibi performans g\u00f6sterir.<\/p>\n<\/li>\n<li class=\"\" data-start=\"1477\" data-end=\"1604\">\n<p class=\"\" data-start=\"1479\" data-end=\"1604\"><strong data-start=\"1479\" data-end=\"1504\">Ergonomik ve Konforlu<\/strong>: Esnek yap\u0131s\u0131 ile her t\u00fcrl\u00fc v\u00fccuda rahat\u00e7a uyum sa\u011flar. Testisli yap\u0131s\u0131 ile ger\u00e7ek\u00e7i bir his sunar.<\/p>\n<\/li>\n<li class=\"\" data-start=\"1605\" data-end=\"1720\">\n<p class=\"\" data-start=\"1607\" data-end=\"1720\"><strong data-start=\"1607\" data-end=\"1626\">Gizli Paketleme<\/strong>: Sipari\u015fleriniz her zaman gizli ve kapal\u0131 \u015fekilde g\u00f6nderilir, b\u00f6ylece mahremiyetiniz korunur.<\/p>\n<\/li>\n<li class=\"\" data-start=\"1721\" data-end=\"1860\">\n<p class=\"\" data-start=\"1723\" data-end=\"1860\"><strong data-start=\"1723\" data-end=\"1753\">Banyoda Kullan\u0131m Kolayl\u0131\u011f\u0131<\/strong>: Su ge\u00e7irmez \u00f6zellik sayesinde banyo veya du\u015fta rahat\u00e7a kullan\u0131labilir, su ile temas etmesine engel olmaz.<\/p>\n<\/li>\n<\/ul>\n<hr class=\"\" data-start=\"1862\" data-end=\"1865\" \/>\n<h2 class=\"\" data-start=\"1867\" data-end=\"1893\"><strong data-start=\"1870\" data-end=\"1893\">Kullan\u0131m \u00d6nerileri:<\/strong><\/h2>\n<ul data-start=\"1895\" data-end=\"2146\">\n<li class=\"\" data-start=\"1895\" data-end=\"2008\">\n<p class=\"\" data-start=\"1897\" data-end=\"2008\"><strong data-start=\"1897\" data-end=\"1926\">Kayganla\u015ft\u0131r\u0131c\u0131 Kullan\u0131m\u0131<\/strong>: Maksimum konfor ve kayganl\u0131k sa\u011flamak i\u00e7in kayganla\u015ft\u0131r\u0131c\u0131 kullanman\u0131z \u00f6nerilir.<\/p>\n<\/li>\n<li class=\"\" data-start=\"2009\" data-end=\"2146\">\n<p class=\"\" data-start=\"2011\" data-end=\"2146\"><strong data-start=\"2011\" data-end=\"2023\">Temizlik<\/strong>: \u00dcr\u00fcn\u00fc her kullan\u0131mdan sonra nazik\u00e7e \u0131l\u0131k su ve sabunla temizleyin, uzun \u00f6m\u00fcrl\u00fc kullan\u0131m i\u00e7in hijyenik kalmas\u0131n\u0131 sa\u011flay\u0131n.<\/p>\n<\/li>\n<\/ul>\n<hr class=\"\" data-start=\"2148\" data-end=\"2151\" \/>\n<h2 class=\"\" data-start=\"2153\" data-end=\"2190\"><strong data-start=\"2156\" data-end=\"2190\">Sipari\u015f ve Teslimat Bilgileri:<\/strong><\/h2>\n<ul data-start=\"2192\" data-end=\"2544\">\n<li class=\"\" data-start=\"2192\" data-end=\"2316\">\n<p class=\"\" data-start=\"2194\" data-end=\"2316\"><strong data-start=\"2194\" data-end=\"2213\">Gizli Paketleme<\/strong>: Sipari\u015fleriniz her zaman gizli ve kapal\u0131 kolilerle g\u00f6nderilir. Mahremiyetinize azami \u00f6zen g\u00f6sterilir.<\/p>\n<\/li>\n<li class=\"\" data-start=\"2317\" data-end=\"2463\">\n<p class=\"\" data-start=\"2319\" data-end=\"2341\"><strong data-start=\"2319\" data-end=\"2340\">\u00d6deme Se\u00e7enekleri<\/strong>:<\/p>\n<ul data-start=\"2344\" data-end=\"2463\">\n<li class=\"\" data-start=\"2344\" data-end=\"2358\">\n<p class=\"\" data-start=\"2346\" data-end=\"2358\">Kap\u0131da \u00f6deme<\/p>\n<\/li>\n<li class=\"\" data-start=\"2361\" data-end=\"2384\">\n<p class=\"\" data-start=\"2363\" data-end=\"2384\">Kredi kart\u0131 ile \u00f6deme<\/p>\n<\/li>\n<li class=\"\" data-start=\"2387\" data-end=\"2417\">\n<p class=\"\" data-start=\"2389\" data-end=\"2417\">Banka havalesi\/EFT ile \u00f6deme<\/p>\n<\/li>\n<li class=\"\" data-start=\"2420\" data-end=\"2463\">\n<p class=\"\" data-start=\"2422\" data-end=\"2463\">Tek \u00e7ekim veya taksitli \u00f6deme se\u00e7enekleri<\/p>\n<\/li>\n<\/ul>\n<\/li>\n<li class=\"\" data-start=\"2464\" data-end=\"2544\">\n<p class=\"\" data-start=\"2466\" data-end=\"2491\"><strong data-start=\"2466\" data-end=\"2490\">Teslimat Se\u00e7enekleri<\/strong>:<\/p>\n<ul data-start=\"2494\" data-end=\"2544\">\n<li class=\"\" data-start=\"2494\" data-end=\"2511\">\n<p class=\"\" data-start=\"2496\" data-end=\"2511\">Kap\u0131n\u0131za teslim<\/p>\n<\/li>\n<li class=\"\" data-start=\"2514\" data-end=\"2544\">\n<p class=\"\" data-start=\"2516\" data-end=\"2544\">\u015eubeden teslim alma se\u00e7ene\u011fi<\/p>\n<\/li>\n<\/ul>\n<\/li>\n<\/ul>\n<p class=\"\" data-start=\"2546\" data-end=\"2624\"><strong data-start=\"2546\" data-end=\"2624\">T\u00fcm \u00fcr\u00fcnlerimiz, firmam\u0131z g\u00fcvencesi alt\u0131nda eksiksiz olarak teslim edilir.<\/strong><\/p>\n<p class=\"\" data-start=\"2626\" data-end=\"2768\">\u2728 <strong data-start=\"2628\" data-end=\"2664\">Kap\u0131da \u00d6deme &#8211; G\u00fcvenli Al\u0131\u015fveri\u015f<\/strong><br data-start=\"2664\" data-end=\"2667\" \/>\u2728 <strong data-start=\"2669\" data-end=\"2714\">H\u0131zl\u0131 G\u00f6nderim ve Orijinal \u00dcr\u00fcn Garantisi<\/strong><br data-start=\"2714\" data-end=\"2717\" \/>\u2728 <strong data-start=\"2719\" data-end=\"2768\">Gizli Paketleme ile Mahremiyetinizi Koruyoruz<\/strong><\/p>\n<hr class=\"\" data-start=\"2770\" data-end=\"2773\" \/>\n<p class=\"\" data-start=\"2775\" data-end=\"2879\">\ud83c\udfaf <strong data-start=\"2778\" data-end=\"2879\">Hemen sipari\u015f verin ve her an\u0131n\u0131z\u0131 daha tatmin edici hale getirecek bu ger\u00e7ek\u00e7i deneyimi ya\u015fay\u0131n!<\/strong><\/p>\n<p>&nbsp;<\/p>\n<p>&nbsp;<\/p>\n<p>&nbsp;<\/p>\n","protected":false},"excerpt":{"rendered":"<p><strong data-start=\"138\" data-end=\"195\">Ger\u00e7ek\u00e7i deneyim ve \u00fcst\u00fcn performans i\u00e7in tasarland\u0131!<\/strong> <strong data-start=\"196\" data-end=\"278\">33 cm Et Dokulu Ger\u00e7ek\u00e7i \u00c7ift Katmanl\u0131 S\u00fcnnetsiz Silikon Penis &#8211; Horse Power 2<\/strong>, ger\u00e7ek\u00e7i tasar\u0131m\u0131 ve kaliteli malzeme kullan\u0131m\u0131yla maksimum zevki ve uzun s\u00fcreli kullan\u0131m garantisi sunar. Y\u00fcksek kaliteli silikon malzemesi ile su ge\u00e7irmez \u00f6zellik ta\u015f\u0131yan bu \u00fcr\u00fcn, banyo, du\u015f gibi suyla temasa dayan\u0131kl\u0131 alanlarda rahatl\u0131kla kullan\u0131labilir.<\/p>\n","protected":false},"featured_media":45249,"comment_status":"closed","ping_status":"closed","template":"","meta":[],"product_brand":[],"product_cat":[501],"product_tag":[],"class_list":{"0":"post-45247","1":"product","2":"type-product","3":"status-publish","4":"has-post-thumbnail","6":"product_cat-realistik-penisler","8":"first","9":"instock","10":"purchasable","11":"product-type-simple"},"yoast_head":"<!-- This site is optimized with the Yoast SEO Premium plugin v24.4 (Yoast SEO v27.1.1) - https:\/\/yoast.com\/product\/yoast-seo-premium-wordpress\/ -->\n<title>33 Cm Et Dokulu Ger\u00e7ek\u00e7i \u00c7ift Katmanl\u0131 S\u00fcnnetsiz Silikon Penis - Horse Power 2 - Bursa Erotik Shop<\/title>\n<meta name=\"robots\" content=\"index, follow, max-snippet:-1, max-image-preview:large, max-video-preview:-1\" \/>\n<link rel=\"canonical\" href=\"https:\/\/hobierotikshop.com.tr\/website1\/erotik-shop-urun\/33-cm-et-dokulu-gercekci-cift-katmanli-sunnetsiz-silikon-penis-horse-power-2\/\" \/>\n<meta property=\"og:locale\" content=\"tr_TR\" \/>\n<meta property=\"og:type\" content=\"article\" \/>\n<meta property=\"og:title\" content=\"33 Cm Et Dokulu Ger\u00e7ek\u00e7i \u00c7ift Katmanl\u0131 S\u00fcnnetsiz Silikon Penis - Horse Power 2\" \/>\n<meta property=\"og:description\" content=\"Ger\u00e7ek\u00e7i deneyim ve \u00fcst\u00fcn performans i\u00e7in tasarland\u0131! 33 cm Et Dokulu Ger\u00e7ek\u00e7i \u00c7ift Katmanl\u0131 S\u00fcnnetsiz Silikon Penis - Horse Power 2, ger\u00e7ek\u00e7i tasar\u0131m\u0131 ve kaliteli malzeme kullan\u0131m\u0131yla maksimum zevki ve uzun s\u00fcreli kullan\u0131m garantisi sunar. Y\u00fcksek kaliteli silikon malzemesi ile su ge\u00e7irmez \u00f6zellik ta\u015f\u0131yan bu \u00fcr\u00fcn, banyo, du\u015f gibi suyla temasa dayan\u0131kl\u0131 alanlarda rahatl\u0131kla kullan\u0131labilir.\" \/>\n<meta property=\"og:url\" content=\"https:\/\/hobierotikshop.com.tr\/website1\/erotik-shop-urun\/33-cm-et-dokulu-gercekci-cift-katmanli-sunnetsiz-silikon-penis-horse-power-2\/\" \/>\n<meta property=\"og:site_name\" content=\"Bursa Erotik Shop\" \/>\n<meta property=\"article:modified_time\" content=\"2026-01-08T11:49:31+00:00\" \/>\n<meta property=\"og:image\" content=\"https:\/\/hobierotikshop.com.tr\/website1\/wp-content\/uploads\/2025\/04\/33-cm-et-dokulu-gercekci-cift-katmanli-60f123.jpg\" \/>\n\t<meta property=\"og:image:width\" content=\"455\" \/>\n\t<meta property=\"og:image:height\" content=\"455\" \/>\n\t<meta property=\"og:image:type\" content=\"image\/jpeg\" \/>\n<meta name=\"twitter:card\" content=\"summary_large_image\" \/>\n<meta name=\"twitter:site\" content=\"@shopbursa\" \/>\n<meta name=\"twitter:label1\" content=\"Fiyat\" \/>\n\t<meta name=\"twitter:data1\" content=\"&#8378;4.000,00\" \/>\n\t<meta name=\"twitter:label2\" content=\"Availability\" \/>\n\t<meta name=\"twitter:data2\" content=\"In stock\" \/>\n<script type=\"application\/ld+json\" class=\"yoast-schema-graph\">{\"@context\":\"https:\/\/schema.org\",\"@graph\":[{\"@type\":\"WebPage\",\"@id\":\"https:\/\/hobierotikshop.com.tr\/website1\/erotik-shop-urun\/33-cm-et-dokulu-gercekci-cift-katmanli-sunnetsiz-silikon-penis-horse-power-2\/\",\"url\":\"https:\/\/hobierotikshop.com.tr\/website1\/erotik-shop-urun\/33-cm-et-dokulu-gercekci-cift-katmanli-sunnetsiz-silikon-penis-horse-power-2\/\",\"name\":\"33 Cm Et Dokulu Ger\u00e7ek\u00e7i \u00c7ift Katmanl\u0131 S\u00fcnnetsiz Silikon Penis - Horse Power 2 - Bursa Erotik Shop\",\"isPartOf\":{\"@id\":\"https:\/\/hobierotikshop.com.tr\/website1\/#website\"},\"primaryImageOfPage\":{\"@id\":\"https:\/\/hobierotikshop.com.tr\/website1\/erotik-shop-urun\/33-cm-et-dokulu-gercekci-cift-katmanli-sunnetsiz-silikon-penis-horse-power-2\/#primaryimage\"},\"image\":{\"@id\":\"https:\/\/hobierotikshop.com.tr\/website1\/erotik-shop-urun\/33-cm-et-dokulu-gercekci-cift-katmanli-sunnetsiz-silikon-penis-horse-power-2\/#primaryimage\"},\"thumbnailUrl\":\"https:\/\/haremerotikshop.com\/site\/wp-content\/uploads\/2025\/04\/33-cm-et-dokulu-gercekci-cift-katmanli-60f123.jpg\",\"datePublished\":\"2025-04-26T14:12:50+00:00\",\"dateModified\":\"2026-01-08T11:49:31+00:00\",\"breadcrumb\":{\"@id\":\"https:\/\/hobierotikshop.com.tr\/website1\/erotik-shop-urun\/33-cm-et-dokulu-gercekci-cift-katmanli-sunnetsiz-silikon-penis-horse-power-2\/#breadcrumb\"},\"inLanguage\":\"tr\",\"potentialAction\":[{\"@type\":\"ReadAction\",\"target\":[\"https:\/\/hobierotikshop.com.tr\/website1\/erotik-shop-urun\/33-cm-et-dokulu-gercekci-cift-katmanli-sunnetsiz-silikon-penis-horse-power-2\/\"]}]},{\"@type\":\"ImageObject\",\"inLanguage\":\"tr\",\"@id\":\"https:\/\/hobierotikshop.com.tr\/website1\/erotik-shop-urun\/33-cm-et-dokulu-gercekci-cift-katmanli-sunnetsiz-silikon-penis-horse-power-2\/#primaryimage\",\"url\":\"https:\/\/haremerotikshop.com\/site\/wp-content\/uploads\/2025\/04\/33-cm-et-dokulu-gercekci-cift-katmanli-60f123.jpg\",\"contentUrl\":\"https:\/\/haremerotikshop.com\/site\/wp-content\/uploads\/2025\/04\/33-cm-et-dokulu-gercekci-cift-katmanli-60f123.jpg\",\"width\":455,\"height\":455},{\"@type\":\"BreadcrumbList\",\"@id\":\"https:\/\/hobierotikshop.com.tr\/website1\/erotik-shop-urun\/33-cm-et-dokulu-gercekci-cift-katmanli-sunnetsiz-silikon-penis-horse-power-2\/#breadcrumb\",\"itemListElement\":[{\"@type\":\"ListItem\",\"position\":1,\"name\":\"Anasayfa\",\"item\":\"https:\/\/hobierotikshop.com.tr\/website1\/\"},{\"@type\":\"ListItem\",\"position\":2,\"name\":\"Erotik Shop \u00dcr\u00fcnleri\",\"item\":\"https:\/\/hobierotikshop.com.tr\/website1\/shop\/\"},{\"@type\":\"ListItem\",\"position\":3,\"name\":\"33 Cm Et Dokulu Ger\u00e7ek\u00e7i \u00c7ift Katmanl\u0131 S\u00fcnnetsiz Silikon Penis &#8211; Horse Power 2\"}]},{\"@type\":\"WebSite\",\"@id\":\"https:\/\/hobierotikshop.com.tr\/website1\/#website\",\"url\":\"https:\/\/hobierotikshop.com.tr\/website1\/\",\"name\":\"Bursa Erotik Shop\",\"description\":\"Bursa Erotik Shop ile g\u00fcvenli, gizli ve kaliteli yeti\u015fkin \u00fcr\u00fcnleri al\u0131\u015fveri\u015fi! Geni\u015f \u00fcr\u00fcn yelpazemizi ke\u015ffedin, hemen sipari\u015f verin\",\"publisher\":{\"@id\":\"https:\/\/hobierotikshop.com.tr\/website1\/#organization\"},\"alternateName\":\"Erotik Shop\",\"potentialAction\":[{\"@type\":\"SearchAction\",\"target\":{\"@type\":\"EntryPoint\",\"urlTemplate\":\"https:\/\/hobierotikshop.com.tr\/website1\/?s={search_term_string}\"},\"query-input\":{\"@type\":\"PropertyValueSpecification\",\"valueRequired\":true,\"valueName\":\"search_term_string\"}}],\"inLanguage\":\"tr\"},{\"@type\":\"Organization\",\"@id\":\"https:\/\/hobierotikshop.com.tr\/website1\/#organization\",\"name\":\"Harem Bursa Erotik Shop\",\"url\":\"https:\/\/hobierotikshop.com.tr\/website1\/\",\"logo\":{\"@type\":\"ImageObject\",\"inLanguage\":\"tr\",\"@id\":\"https:\/\/hobierotikshop.com.tr\/website1\/#\/schema\/logo\/image\/\",\"url\":\"https:\/\/haremerotikshop.com\/site\/wp-content\/uploads\/2025\/03\/haremsexshop.png\",\"contentUrl\":\"https:\/\/haremerotikshop.com\/site\/wp-content\/uploads\/2025\/03\/haremsexshop.png\",\"width\":400,\"height\":100,\"caption\":\"Harem Bursa Erotik Shop\"},\"image\":{\"@id\":\"https:\/\/hobierotikshop.com.tr\/website1\/#\/schema\/logo\/image\/\"},\"sameAs\":[\"https:\/\/x.com\/shopbursa\"],\"publishingPrinciples\":\"https:\/\/hobierotikshop.com.tr\/website1\/mesafeli-satis-sozlesmesi\/\",\"ownershipFundingInfo\":\"https:\/\/hobierotikshop.com.tr\/website1\/contact-us\/\",\"actionableFeedbackPolicy\":\"https:\/\/hobierotikshop.com.tr\/website1\/contact-us\/\",\"correctionsPolicy\":\"https:\/\/hobierotikshop.com.tr\/website1\/mesafeli-satis-sozlesmesi\/\"}]}<\/script>\n<meta property=\"product:price:amount\" content=\"4000.00\" \/>\n<meta property=\"product:price:currency\" content=\"TRY\" \/>\n<meta property=\"og:availability\" content=\"instock\" \/>\n<meta property=\"product:availability\" content=\"instock\" \/>\n<meta property=\"product:retailer_item_id\" content=\"BDM1582\" \/>\n<meta property=\"product:condition\" content=\"new\" \/>\n<!-- \/ Yoast SEO Premium plugin. -->","yoast_head_json":{"title":"33 Cm Et Dokulu Ger\u00e7ek\u00e7i \u00c7ift Katmanl\u0131 S\u00fcnnetsiz Silikon Penis - Horse Power 2 - Bursa Erotik Shop","robots":{"index":"index","follow":"follow","max-snippet":"max-snippet:-1","max-image-preview":"max-image-preview:large","max-video-preview":"max-video-preview:-1"},"canonical":"https:\/\/hobierotikshop.com.tr\/website1\/erotik-shop-urun\/33-cm-et-dokulu-gercekci-cift-katmanli-sunnetsiz-silikon-penis-horse-power-2\/","og_locale":"tr_TR","og_type":"article","og_title":"33 Cm Et Dokulu Ger\u00e7ek\u00e7i \u00c7ift Katmanl\u0131 S\u00fcnnetsiz Silikon Penis - Horse Power 2","og_description":"Ger\u00e7ek\u00e7i deneyim ve \u00fcst\u00fcn performans i\u00e7in tasarland\u0131! 33 cm Et Dokulu Ger\u00e7ek\u00e7i \u00c7ift Katmanl\u0131 S\u00fcnnetsiz Silikon Penis - Horse Power 2, ger\u00e7ek\u00e7i tasar\u0131m\u0131 ve kaliteli malzeme kullan\u0131m\u0131yla maksimum zevki ve uzun s\u00fcreli kullan\u0131m garantisi sunar. Y\u00fcksek kaliteli silikon malzemesi ile su ge\u00e7irmez \u00f6zellik ta\u015f\u0131yan bu \u00fcr\u00fcn, banyo, du\u015f gibi suyla temasa dayan\u0131kl\u0131 alanlarda rahatl\u0131kla kullan\u0131labilir.","og_url":"https:\/\/hobierotikshop.com.tr\/website1\/erotik-shop-urun\/33-cm-et-dokulu-gercekci-cift-katmanli-sunnetsiz-silikon-penis-horse-power-2\/","og_site_name":"Bursa Erotik Shop","article_modified_time":"2026-01-08T11:49:31+00:00","og_image":[{"width":455,"height":455,"url":"https:\/\/hobierotikshop.com.tr\/website1\/wp-content\/uploads\/2025\/04\/33-cm-et-dokulu-gercekci-cift-katmanli-60f123.jpg","type":"image\/jpeg"}],"twitter_card":"summary_large_image","twitter_site":"@shopbursa","twitter_misc":{"Fiyat":"&#8378;4.000,00","Availability":"In stock"},"schema":{"@context":"https:\/\/schema.org","@graph":[{"@type":"WebPage","@id":"https:\/\/hobierotikshop.com.tr\/website1\/erotik-shop-urun\/33-cm-et-dokulu-gercekci-cift-katmanli-sunnetsiz-silikon-penis-horse-power-2\/","url":"https:\/\/hobierotikshop.com.tr\/website1\/erotik-shop-urun\/33-cm-et-dokulu-gercekci-cift-katmanli-sunnetsiz-silikon-penis-horse-power-2\/","name":"33 Cm Et Dokulu Ger\u00e7ek\u00e7i \u00c7ift Katmanl\u0131 S\u00fcnnetsiz Silikon Penis - Horse Power 2 - Bursa Erotik Shop","isPartOf":{"@id":"https:\/\/hobierotikshop.com.tr\/website1\/#website"},"primaryImageOfPage":{"@id":"https:\/\/hobierotikshop.com.tr\/website1\/erotik-shop-urun\/33-cm-et-dokulu-gercekci-cift-katmanli-sunnetsiz-silikon-penis-horse-power-2\/#primaryimage"},"image":{"@id":"https:\/\/hobierotikshop.com.tr\/website1\/erotik-shop-urun\/33-cm-et-dokulu-gercekci-cift-katmanli-sunnetsiz-silikon-penis-horse-power-2\/#primaryimage"},"thumbnailUrl":"https:\/\/haremerotikshop.com\/site\/wp-content\/uploads\/2025\/04\/33-cm-et-dokulu-gercekci-cift-katmanli-60f123.jpg","datePublished":"2025-04-26T14:12:50+00:00","dateModified":"2026-01-08T11:49:31+00:00","breadcrumb":{"@id":"https:\/\/hobierotikshop.com.tr\/website1\/erotik-shop-urun\/33-cm-et-dokulu-gercekci-cift-katmanli-sunnetsiz-silikon-penis-horse-power-2\/#breadcrumb"},"inLanguage":"tr","potentialAction":[{"@type":"ReadAction","target":["https:\/\/hobierotikshop.com.tr\/website1\/erotik-shop-urun\/33-cm-et-dokulu-gercekci-cift-katmanli-sunnetsiz-silikon-penis-horse-power-2\/"]}]},{"@type":"ImageObject","inLanguage":"tr","@id":"https:\/\/hobierotikshop.com.tr\/website1\/erotik-shop-urun\/33-cm-et-dokulu-gercekci-cift-katmanli-sunnetsiz-silikon-penis-horse-power-2\/#primaryimage","url":"https:\/\/haremerotikshop.com\/site\/wp-content\/uploads\/2025\/04\/33-cm-et-dokulu-gercekci-cift-katmanli-60f123.jpg","contentUrl":"https:\/\/haremerotikshop.com\/site\/wp-content\/uploads\/2025\/04\/33-cm-et-dokulu-gercekci-cift-katmanli-60f123.jpg","width":455,"height":455},{"@type":"BreadcrumbList","@id":"https:\/\/hobierotikshop.com.tr\/website1\/erotik-shop-urun\/33-cm-et-dokulu-gercekci-cift-katmanli-sunnetsiz-silikon-penis-horse-power-2\/#breadcrumb","itemListElement":[{"@type":"ListItem","position":1,"name":"Anasayfa","item":"https:\/\/hobierotikshop.com.tr\/website1\/"},{"@type":"ListItem","position":2,"name":"Erotik Shop \u00dcr\u00fcnleri","item":"https:\/\/hobierotikshop.com.tr\/website1\/shop\/"},{"@type":"ListItem","position":3,"name":"33 Cm Et Dokulu Ger\u00e7ek\u00e7i \u00c7ift Katmanl\u0131 S\u00fcnnetsiz Silikon Penis &#8211; Horse Power 2"}]},{"@type":"WebSite","@id":"https:\/\/hobierotikshop.com.tr\/website1\/#website","url":"https:\/\/hobierotikshop.com.tr\/website1\/","name":"Bursa Erotik Shop","description":"Bursa Erotik Shop ile g\u00fcvenli, gizli ve kaliteli yeti\u015fkin \u00fcr\u00fcnleri al\u0131\u015fveri\u015fi! Geni\u015f \u00fcr\u00fcn yelpazemizi ke\u015ffedin, hemen sipari\u015f verin","publisher":{"@id":"https:\/\/hobierotikshop.com.tr\/website1\/#organization"},"alternateName":"Erotik Shop","potentialAction":[{"@type":"SearchAction","target":{"@type":"EntryPoint","urlTemplate":"https:\/\/hobierotikshop.com.tr\/website1\/?s={search_term_string}"},"query-input":{"@type":"PropertyValueSpecification","valueRequired":true,"valueName":"search_term_string"}}],"inLanguage":"tr"},{"@type":"Organization","@id":"https:\/\/hobierotikshop.com.tr\/website1\/#organization","name":"Harem Bursa Erotik Shop","url":"https:\/\/hobierotikshop.com.tr\/website1\/","logo":{"@type":"ImageObject","inLanguage":"tr","@id":"https:\/\/hobierotikshop.com.tr\/website1\/#\/schema\/logo\/image\/","url":"https:\/\/haremerotikshop.com\/site\/wp-content\/uploads\/2025\/03\/haremsexshop.png","contentUrl":"https:\/\/haremerotikshop.com\/site\/wp-content\/uploads\/2025\/03\/haremsexshop.png","width":400,"height":100,"caption":"Harem Bursa Erotik Shop"},"image":{"@id":"https:\/\/hobierotikshop.com.tr\/website1\/#\/schema\/logo\/image\/"},"sameAs":["https:\/\/x.com\/shopbursa"],"publishingPrinciples":"https:\/\/hobierotikshop.com.tr\/website1\/mesafeli-satis-sozlesmesi\/","ownershipFundingInfo":"https:\/\/hobierotikshop.com.tr\/website1\/contact-us\/","actionableFeedbackPolicy":"https:\/\/hobierotikshop.com.tr\/website1\/contact-us\/","correctionsPolicy":"https:\/\/hobierotikshop.com.tr\/website1\/mesafeli-satis-sozlesmesi\/"}]},"product_price_amount":"4000.00","product_price_currency":"TRY","og_availability":"instock","product_availability":"instock","product_retailer_item_id":"BDM1582","product_condition":"new"},"_links":{"self":[{"href":"https:\/\/haremerotikshop.com\/site\/wp-json\/wp\/v2\/product\/45247","targetHints":{"allow":["GET"]}}],"collection":[{"href":"https:\/\/haremerotikshop.com\/site\/wp-json\/wp\/v2\/product"}],"about":[{"href":"https:\/\/haremerotikshop.com\/site\/wp-json\/wp\/v2\/types\/product"}],"replies":[{"embeddable":true,"href":"https:\/\/haremerotikshop.com\/site\/wp-json\/wp\/v2\/comments?post=45247"}],"version-history":[{"count":0,"href":"https:\/\/haremerotikshop.com\/site\/wp-json\/wp\/v2\/product\/45247\/revisions"}],"wp:featuredmedia":[{"embeddable":true,"href":"https:\/\/haremerotikshop.com\/site\/wp-json\/wp\/v2\/media\/45249"}],"wp:attachment":[{"href":"https:\/\/haremerotikshop.com\/site\/wp-json\/wp\/v2\/media?parent=45247"}],"wp:term":[{"taxonomy":"product_brand","embeddable":true,"href":"https:\/\/haremerotikshop.com\/site\/wp-json\/wp\/v2\/product_brand?post=45247"},{"taxonomy":"product_cat","embeddable":true,"href":"https:\/\/haremerotikshop.com\/site\/wp-json\/wp\/v2\/product_cat?post=45247"},{"taxonomy":"product_tag","embeddable":true,"href":"https:\/\/haremerotikshop.com\/site\/wp-json\/wp\/v2\/product_tag?post=45247"}],"curies":[{"name":"wp","href":"https:\/\/api.w.org\/{rel}","templated":true}]}}