{"id":45261,"date":"2025-04-26T17:12:50","date_gmt":"2025-04-26T14:12:50","guid":{"rendered":"https:\/\/haremerotikshop.com\/site\/erotik-shop-urun\/43-cm-et-dokulu-gercekci-cift-katmanli-sunnetsiz-silikon-penis-horse-power-3\/"},"modified":"2026-01-08T14:48:55","modified_gmt":"2026-01-08T11:48:55","slug":"43-cm-et-dokulu-gercekci-cift-katmanli-sunnetsiz-silikon-penis-horse-power-3","status":"publish","type":"product","link":"https:\/\/haremerotikshop.com\/site\/erotik-shop-urun\/43-cm-et-dokulu-gercekci-cift-katmanli-sunnetsiz-silikon-penis-horse-power-3\/","title":{"rendered":"43 Cm Et Dokulu Ger\u00e7ek\u00e7i \u00c7ift Katmanl\u0131 S\u00fcnnetsiz Silikon Penis &#8211; Horse Power 3"},"content":{"rendered":"<h1 class=\"\" data-start=\"52\" data-end=\"136\"><strong data-start=\"54\" data-end=\"136\">43 cm Et Dokulu Ger\u00e7ek\u00e7i \u00c7ift Katmanl\u0131 S\u00fcnnetsiz Silikon Penis &#8211; Horse Power 3<\/strong><\/h1>\n<p class=\"\" data-start=\"138\" data-end=\"598\"><strong data-start=\"138\" data-end=\"191\">G\u00fc\u00e7l\u00fc, ger\u00e7ek\u00e7i ve e\u015fsiz deneyim i\u00e7in tasarland\u0131!<\/strong> <strong data-start=\"193\" data-end=\"275\">43 cm Et Dokulu Ger\u00e7ek\u00e7i \u00c7ift Katmanl\u0131 S\u00fcnnetsiz Silikon Penis &#8211; Horse Power 3<\/strong>, e\u015fsiz tasar\u0131m\u0131 ve y\u00fcksek kaliteli malzemeleriyle benzersiz bir deneyim sunuyor. Geli\u015fmi\u015f teknolojisi sayesinde, su ge\u00e7irmez \u00f6zellik ta\u015f\u0131yan bu silikon penis, banyo veya du\u015f gibi alanlarda g\u00fcvenle kullan\u0131labilir. Testisli ve g\u00fc\u00e7l\u00fc vantuzlu yap\u0131s\u0131, istedi\u011finiz y\u00fczeye sabitlenmesini sa\u011flar ve maksimum konforu garanti eder.<\/p>\n<h2 class=\"\" data-start=\"600\" data-end=\"624\"><strong data-start=\"603\" data-end=\"624\">\u00dcr\u00fcn \u00d6zellikleri:<\/strong><\/h2>\n<ul data-start=\"626\" data-end=\"1507\">\n<li class=\"\" data-start=\"626\" data-end=\"779\">\n<p class=\"\" data-start=\"628\" data-end=\"779\"><strong data-start=\"628\" data-end=\"659\">Ger\u00e7ek\u00e7i ve Detayl\u0131 Tasar\u0131m<\/strong>: Damarl\u0131 yap\u0131s\u0131 ve et dokusu sayesinde, ger\u00e7ek\u00e7i bir deneyim ya\u015fat\u0131r. Ger\u00e7ek ten hissi sunar, m\u00fckemmel bir uyum sa\u011flar.<\/p>\n<\/li>\n<li class=\"\" data-start=\"780\" data-end=\"936\">\n<p class=\"\" data-start=\"782\" data-end=\"936\"><strong data-start=\"782\" data-end=\"810\">Kaliteli Silikon Malzeme<\/strong>: Sa\u011flam ve cilt dostu, uzun \u00f6m\u00fcrl\u00fc y\u00fcksek kaliteli silikon malzeme ile \u00fcretilmi\u015ftir. Dayan\u0131kl\u0131 ve uzun s\u00fcreli kullan\u0131m sunar.<\/p>\n<\/li>\n<li class=\"\" data-start=\"937\" data-end=\"1100\">\n<p class=\"\" data-start=\"939\" data-end=\"1100\"><strong data-start=\"939\" data-end=\"962\">Su Ge\u00e7irmez \u00d6zellik<\/strong>: Banyo ve du\u015f gibi suyla temas eden alanlarda rahat\u00e7a kullan\u0131labilir, su ge\u00e7irmez \u00f6zelli\u011fi sayesinde her ko\u015fulda g\u00fcvenli kullan\u0131m sa\u011flar.<\/p>\n<\/li>\n<li class=\"\" data-start=\"1101\" data-end=\"1293\">\n<p class=\"\" data-start=\"1103\" data-end=\"1293\"><strong data-start=\"1103\" data-end=\"1132\">Testisli ve Vantuzlu Yap\u0131<\/strong>: Testisli yap\u0131s\u0131 ve g\u00fc\u00e7l\u00fc vantuzlu tasar\u0131m\u0131 ile \u00fcr\u00fcn\u00fc her t\u00fcrl\u00fc y\u00fczeye g\u00fcvenle sabitleyebilirsiniz. Bu \u00f6zellik, \u00fcr\u00fcn\u00fc olduk\u00e7a kullan\u0131\u015fl\u0131 ve pratik hale getirir.<\/p>\n<\/li>\n<li class=\"\" data-start=\"1294\" data-end=\"1507\">\n<p class=\"\" data-start=\"1296\" data-end=\"1311\"><strong data-start=\"1296\" data-end=\"1308\">Boyutlar<\/strong>:<\/p>\n<ul data-start=\"1314\" data-end=\"1507\">\n<li class=\"\" data-start=\"1314\" data-end=\"1343\">\n<p class=\"\" data-start=\"1316\" data-end=\"1343\"><strong data-start=\"1316\" data-end=\"1334\">Toplam Uzunluk<\/strong>: 43 cm<\/p>\n<\/li>\n<li class=\"\" data-start=\"1346\" data-end=\"1363\">\n<p class=\"\" data-start=\"1348\" data-end=\"1363\"><strong data-start=\"1348\" data-end=\"1355\">\u00c7ap<\/strong>: 8 cm<\/p>\n<\/li>\n<li class=\"\" data-start=\"1366\" data-end=\"1403\">\n<p class=\"\" data-start=\"1368\" data-end=\"1403\"><strong data-start=\"1368\" data-end=\"1394\">Kullan\u0131labilir Uzunluk<\/strong>: 37 cm<\/p>\n<\/li>\n<li class=\"\" data-start=\"1406\" data-end=\"1507\">\n<p class=\"\" data-start=\"1408\" data-end=\"1507\"><strong data-start=\"1408\" data-end=\"1419\">Ebatlar<\/strong>: Esnek yap\u0131s\u0131 sayesinde farkl\u0131 boyutlara uyum sa\u011flar ve her v\u00fccuda rahat\u00e7a uyum sa\u011flar.<\/p>\n<\/li>\n<\/ul>\n<\/li>\n<\/ul>\n<hr class=\"\" data-start=\"1509\" data-end=\"1512\" \/>\n<h2 class=\"\" data-start=\"1514\" data-end=\"1532\"><strong data-start=\"1517\" data-end=\"1532\">Avantajlar:<\/strong><\/h2>\n<ul data-start=\"1534\" data-end=\"2033\">\n<li class=\"\" data-start=\"1534\" data-end=\"1687\">\n<p class=\"\" data-start=\"1536\" data-end=\"1687\"><strong data-start=\"1536\" data-end=\"1564\">Uzun S\u00fcreli Dayan\u0131kl\u0131l\u0131k<\/strong>: Y\u00fcksek kaliteli silikon malzeme, uzun s\u00fcreli kullan\u0131mda bile dayan\u0131kl\u0131l\u0131\u011f\u0131n\u0131 korur ve ilk g\u00fcnk\u00fc gibi performans sergiler.<\/p>\n<\/li>\n<li class=\"\" data-start=\"1688\" data-end=\"1810\">\n<p class=\"\" data-start=\"1690\" data-end=\"1810\"><strong data-start=\"1690\" data-end=\"1707\">M\u00fckemmel Uyum<\/strong>: Esnek yap\u0131s\u0131 sayesinde her v\u00fccuda uyum sa\u011flar, testisli yap\u0131s\u0131 ise ekstra ger\u00e7ek\u00e7i bir deneyim sunar.<\/p>\n<\/li>\n<li class=\"\" data-start=\"1811\" data-end=\"1925\">\n<p class=\"\" data-start=\"1813\" data-end=\"1925\"><strong data-start=\"1813\" data-end=\"1832\">Gizli Paketleme<\/strong>: Sipari\u015fleriniz gizli ve kapal\u0131 paketlerle g\u00f6nderilir. Mahremiyetinize b\u00fcy\u00fck \u00f6nem veriyoruz.<\/p>\n<\/li>\n<li class=\"\" data-start=\"1926\" data-end=\"2033\">\n<p class=\"\" data-start=\"1928\" data-end=\"2033\"><strong data-start=\"1928\" data-end=\"1958\">Banyoda Kullan\u0131m Kolayl\u0131\u011f\u0131<\/strong>: Su ge\u00e7irmez tasar\u0131m sayesinde du\u015fta veya banyoda rahat\u00e7a kullan\u0131labilir.<\/p>\n<\/li>\n<\/ul>\n<hr class=\"\" data-start=\"2035\" data-end=\"2038\" \/>\n<h2 class=\"\" data-start=\"2040\" data-end=\"2075\"><strong data-start=\"2043\" data-end=\"2075\">Kullan\u0131m ve Bak\u0131m \u00d6nerileri:<\/strong><\/h2>\n<ul data-start=\"2077\" data-end=\"2436\">\n<li class=\"\" data-start=\"2077\" data-end=\"2193\">\n<p class=\"\" data-start=\"2079\" data-end=\"2193\"><strong data-start=\"2079\" data-end=\"2108\">Kayganla\u015ft\u0131r\u0131c\u0131 Kullan\u0131m\u0131<\/strong>: \u00dcr\u00fcn\u00fcn daha rahat ve konforlu kullan\u0131m\u0131 i\u00e7in kayganla\u015ft\u0131r\u0131c\u0131 kullanman\u0131z\u0131 \u00f6neririz.<\/p>\n<\/li>\n<li class=\"\" data-start=\"2194\" data-end=\"2333\">\n<p class=\"\" data-start=\"2196\" data-end=\"2333\"><strong data-start=\"2196\" data-end=\"2208\">Temizlik<\/strong>: \u00dcr\u00fcn\u00fc her kullan\u0131mdan sonra nazik\u00e7e \u0131l\u0131k su ve sabunla temizleyin, hijyenik kalmas\u0131n\u0131 sa\u011flamak i\u00e7in d\u00fczenli temizlik yap\u0131n.<\/p>\n<\/li>\n<li class=\"\" data-start=\"2334\" data-end=\"2436\">\n<p class=\"\" data-start=\"2336\" data-end=\"2436\"><strong data-start=\"2336\" data-end=\"2348\">Depolama<\/strong>: \u00dcr\u00fcn\u00fc kuru ve temiz bir yerde saklayarak uzun s\u00fcreli kullan\u0131m \u00f6mr\u00fcn\u00fc koruyabilirsiniz.<\/p>\n<\/li>\n<\/ul>\n<hr class=\"\" data-start=\"2438\" data-end=\"2441\" \/>\n<h2 class=\"\" data-start=\"2443\" data-end=\"2480\"><strong data-start=\"2446\" data-end=\"2480\">Sipari\u015f ve Teslimat Bilgileri:<\/strong><\/h2>\n<ul data-start=\"2482\" data-end=\"2813\">\n<li class=\"\" data-start=\"2482\" data-end=\"2604\">\n<p class=\"\" data-start=\"2484\" data-end=\"2604\"><strong data-start=\"2484\" data-end=\"2503\">Gizli Paketleme<\/strong>: T\u00fcm sipari\u015fler gizli ve kapal\u0131 paketlerle g\u00f6nderilir, b\u00f6ylece mahremiyetiniz g\u00fcvence alt\u0131na al\u0131n\u0131r.<\/p>\n<\/li>\n<li class=\"\" data-start=\"2605\" data-end=\"2741\">\n<p class=\"\" data-start=\"2607\" data-end=\"2629\"><strong data-start=\"2607\" data-end=\"2628\">\u00d6deme Se\u00e7enekleri<\/strong>:<\/p>\n<ul data-start=\"2632\" data-end=\"2741\">\n<li class=\"\" data-start=\"2632\" data-end=\"2646\">\n<p class=\"\" data-start=\"2634\" data-end=\"2646\">Kap\u0131da \u00f6deme<\/p>\n<\/li>\n<li class=\"\" data-start=\"2649\" data-end=\"2672\">\n<p class=\"\" data-start=\"2651\" data-end=\"2672\">Kredi kart\u0131 ile \u00f6deme<\/p>\n<\/li>\n<li class=\"\" data-start=\"2675\" data-end=\"2695\">\n<p class=\"\" data-start=\"2677\" data-end=\"2695\">Banka havalesi\/EFT<\/p>\n<\/li>\n<li class=\"\" data-start=\"2698\" data-end=\"2741\">\n<p class=\"\" data-start=\"2700\" data-end=\"2741\">Tek \u00e7ekim veya taksitli \u00f6deme se\u00e7enekleri<\/p>\n<\/li>\n<\/ul>\n<\/li>\n<li class=\"\" data-start=\"2742\" data-end=\"2813\">\n<p class=\"\" data-start=\"2744\" data-end=\"2769\"><strong data-start=\"2744\" data-end=\"2768\">Teslimat Se\u00e7enekleri<\/strong>:<\/p>\n<ul data-start=\"2772\" data-end=\"2813\">\n<li class=\"\" data-start=\"2772\" data-end=\"2789\">\n<p class=\"\" data-start=\"2774\" data-end=\"2789\">Kap\u0131n\u0131za teslim<\/p>\n<\/li>\n<li class=\"\" data-start=\"2792\" data-end=\"2813\">\n<p class=\"\" data-start=\"2794\" data-end=\"2813\">\u015eubeden teslim alma<\/p>\n<\/li>\n<\/ul>\n<\/li>\n<\/ul>\n<p class=\"\" data-start=\"2815\" data-end=\"2893\"><strong data-start=\"2815\" data-end=\"2893\">T\u00fcm \u00fcr\u00fcnlerimiz, firmam\u0131z g\u00fcvencesi alt\u0131nda eksiksiz olarak teslim edilir.<\/strong><\/p>\n<p class=\"\" data-start=\"2895\" data-end=\"3037\">\u2728 <strong data-start=\"2897\" data-end=\"2933\">Kap\u0131da \u00d6deme &#8211; G\u00fcvenli Al\u0131\u015fveri\u015f<\/strong><br data-start=\"2933\" data-end=\"2936\" \/>\u2728 <strong data-start=\"2938\" data-end=\"2983\">H\u0131zl\u0131 G\u00f6nderim ve Orijinal \u00dcr\u00fcn Garantisi<\/strong><br data-start=\"2983\" data-end=\"2986\" \/>\u2728 <strong data-start=\"2988\" data-end=\"3037\">Gizli Paketleme ile Mahremiyetinizi Koruyoruz<\/strong><\/p>\n<hr class=\"\" data-start=\"3039\" data-end=\"3042\" \/>\n<p class=\"\" data-start=\"3044\" data-end=\"3118\">\ud83c\udfaf <strong data-start=\"3047\" data-end=\"3118\">Hemen sipari\u015f verin ve bu ger\u00e7ek\u00e7i deneyimi ya\u015famak i\u00e7in ad\u0131m at\u0131n!<\/strong><\/p>\n<p>&nbsp;<\/p>\n<p>&nbsp;<\/p>\n<p>&nbsp;<\/p>\n","protected":false},"excerpt":{"rendered":"<p><strong data-start=\"138\" data-end=\"191\">G\u00fc\u00e7l\u00fc, ger\u00e7ek\u00e7i ve e\u015fsiz deneyim i\u00e7in tasarland\u0131!<\/strong> <strong data-start=\"193\" data-end=\"275\">43 cm Et Dokulu Ger\u00e7ek\u00e7i \u00c7ift Katmanl\u0131 S\u00fcnnetsiz Silikon Penis &#8211; Horse Power 3<\/strong>, e\u015fsiz tasar\u0131m\u0131 ve y\u00fcksek kaliteli malzemeleriyle benzersiz bir deneyim sunuyor. Geli\u015fmi\u015f teknolojisi sayesinde, su ge\u00e7irmez \u00f6zellik ta\u015f\u0131yan bu silikon penis, banyo veya du\u015f gibi alanlarda g\u00fcvenle kullan\u0131labilir. Testisli ve g\u00fc\u00e7l\u00fc vantuzlu yap\u0131s\u0131, istedi\u011finiz y\u00fczeye sabitlenmesini sa\u011flar ve maksimum konforu garanti eder.<\/p>\n","protected":false},"featured_media":45263,"comment_status":"closed","ping_status":"closed","template":"","meta":[],"product_brand":[],"product_cat":[501],"product_tag":[],"class_list":{"0":"post-45261","1":"product","2":"type-product","3":"status-publish","4":"has-post-thumbnail","6":"product_cat-realistik-penisler","8":"first","9":"instock","10":"purchasable","11":"product-type-simple"},"yoast_head":"<!-- This site is optimized with the Yoast SEO Premium plugin v24.4 (Yoast SEO v27.1.1) - https:\/\/yoast.com\/product\/yoast-seo-premium-wordpress\/ -->\n<title>43 Cm Et Dokulu Ger\u00e7ek\u00e7i \u00c7ift Katmanl\u0131 S\u00fcnnetsiz Silikon Penis - Horse Power 3 - Bursa Erotik Shop<\/title>\n<meta name=\"robots\" content=\"index, follow, max-snippet:-1, max-image-preview:large, max-video-preview:-1\" \/>\n<link rel=\"canonical\" href=\"https:\/\/hobierotikshop.com.tr\/website1\/erotik-shop-urun\/43-cm-et-dokulu-gercekci-cift-katmanli-sunnetsiz-silikon-penis-horse-power-3\/\" \/>\n<meta property=\"og:locale\" content=\"tr_TR\" \/>\n<meta property=\"og:type\" content=\"article\" \/>\n<meta property=\"og:title\" content=\"43 Cm Et Dokulu Ger\u00e7ek\u00e7i \u00c7ift Katmanl\u0131 S\u00fcnnetsiz Silikon Penis - Horse Power 3\" \/>\n<meta property=\"og:description\" content=\"G\u00fc\u00e7l\u00fc, ger\u00e7ek\u00e7i ve e\u015fsiz deneyim i\u00e7in tasarland\u0131! 43 cm Et Dokulu Ger\u00e7ek\u00e7i \u00c7ift Katmanl\u0131 S\u00fcnnetsiz Silikon Penis - Horse Power 3, e\u015fsiz tasar\u0131m\u0131 ve y\u00fcksek kaliteli malzemeleriyle benzersiz bir deneyim sunuyor. Geli\u015fmi\u015f teknolojisi sayesinde, su ge\u00e7irmez \u00f6zellik ta\u015f\u0131yan bu silikon penis, banyo veya du\u015f gibi alanlarda g\u00fcvenle kullan\u0131labilir. Testisli ve g\u00fc\u00e7l\u00fc vantuzlu yap\u0131s\u0131, istedi\u011finiz y\u00fczeye sabitlenmesini sa\u011flar ve maksimum konforu garanti eder.\" \/>\n<meta property=\"og:url\" content=\"https:\/\/hobierotikshop.com.tr\/website1\/erotik-shop-urun\/43-cm-et-dokulu-gercekci-cift-katmanli-sunnetsiz-silikon-penis-horse-power-3\/\" \/>\n<meta property=\"og:site_name\" content=\"Bursa Erotik Shop\" \/>\n<meta property=\"article:modified_time\" content=\"2026-01-08T11:48:55+00:00\" \/>\n<meta property=\"og:image\" content=\"https:\/\/hobierotikshop.com.tr\/website1\/wp-content\/uploads\/2025\/04\/33-cm-et-dokulu-gercekci-cift-katmanli-6eb26.jpg\" \/>\n\t<meta property=\"og:image:width\" content=\"455\" \/>\n\t<meta property=\"og:image:height\" content=\"455\" \/>\n\t<meta property=\"og:image:type\" content=\"image\/jpeg\" \/>\n<meta name=\"twitter:card\" content=\"summary_large_image\" \/>\n<meta name=\"twitter:site\" content=\"@shopbursa\" \/>\n<meta name=\"twitter:label1\" content=\"Fiyat\" \/>\n\t<meta name=\"twitter:data1\" content=\"&#8378;8.000,00\" \/>\n\t<meta name=\"twitter:label2\" content=\"Availability\" \/>\n\t<meta name=\"twitter:data2\" content=\"In stock\" \/>\n<script type=\"application\/ld+json\" class=\"yoast-schema-graph\">{\"@context\":\"https:\/\/schema.org\",\"@graph\":[{\"@type\":\"WebPage\",\"@id\":\"https:\/\/hobierotikshop.com.tr\/website1\/erotik-shop-urun\/43-cm-et-dokulu-gercekci-cift-katmanli-sunnetsiz-silikon-penis-horse-power-3\/\",\"url\":\"https:\/\/hobierotikshop.com.tr\/website1\/erotik-shop-urun\/43-cm-et-dokulu-gercekci-cift-katmanli-sunnetsiz-silikon-penis-horse-power-3\/\",\"name\":\"43 Cm Et Dokulu Ger\u00e7ek\u00e7i \u00c7ift Katmanl\u0131 S\u00fcnnetsiz Silikon Penis - Horse Power 3 - Bursa Erotik Shop\",\"isPartOf\":{\"@id\":\"https:\/\/hobierotikshop.com.tr\/website1\/#website\"},\"primaryImageOfPage\":{\"@id\":\"https:\/\/hobierotikshop.com.tr\/website1\/erotik-shop-urun\/43-cm-et-dokulu-gercekci-cift-katmanli-sunnetsiz-silikon-penis-horse-power-3\/#primaryimage\"},\"image\":{\"@id\":\"https:\/\/hobierotikshop.com.tr\/website1\/erotik-shop-urun\/43-cm-et-dokulu-gercekci-cift-katmanli-sunnetsiz-silikon-penis-horse-power-3\/#primaryimage\"},\"thumbnailUrl\":\"https:\/\/haremerotikshop.com\/site\/wp-content\/uploads\/2025\/04\/33-cm-et-dokulu-gercekci-cift-katmanli-6eb26.jpg\",\"datePublished\":\"2025-04-26T14:12:50+00:00\",\"dateModified\":\"2026-01-08T11:48:55+00:00\",\"breadcrumb\":{\"@id\":\"https:\/\/hobierotikshop.com.tr\/website1\/erotik-shop-urun\/43-cm-et-dokulu-gercekci-cift-katmanli-sunnetsiz-silikon-penis-horse-power-3\/#breadcrumb\"},\"inLanguage\":\"tr\",\"potentialAction\":[{\"@type\":\"ReadAction\",\"target\":[\"https:\/\/hobierotikshop.com.tr\/website1\/erotik-shop-urun\/43-cm-et-dokulu-gercekci-cift-katmanli-sunnetsiz-silikon-penis-horse-power-3\/\"]}]},{\"@type\":\"ImageObject\",\"inLanguage\":\"tr\",\"@id\":\"https:\/\/hobierotikshop.com.tr\/website1\/erotik-shop-urun\/43-cm-et-dokulu-gercekci-cift-katmanli-sunnetsiz-silikon-penis-horse-power-3\/#primaryimage\",\"url\":\"https:\/\/haremerotikshop.com\/site\/wp-content\/uploads\/2025\/04\/33-cm-et-dokulu-gercekci-cift-katmanli-6eb26.jpg\",\"contentUrl\":\"https:\/\/haremerotikshop.com\/site\/wp-content\/uploads\/2025\/04\/33-cm-et-dokulu-gercekci-cift-katmanli-6eb26.jpg\",\"width\":455,\"height\":455},{\"@type\":\"BreadcrumbList\",\"@id\":\"https:\/\/hobierotikshop.com.tr\/website1\/erotik-shop-urun\/43-cm-et-dokulu-gercekci-cift-katmanli-sunnetsiz-silikon-penis-horse-power-3\/#breadcrumb\",\"itemListElement\":[{\"@type\":\"ListItem\",\"position\":1,\"name\":\"Anasayfa\",\"item\":\"https:\/\/hobierotikshop.com.tr\/website1\/\"},{\"@type\":\"ListItem\",\"position\":2,\"name\":\"Erotik Shop \u00dcr\u00fcnleri\",\"item\":\"https:\/\/hobierotikshop.com.tr\/website1\/shop\/\"},{\"@type\":\"ListItem\",\"position\":3,\"name\":\"43 Cm Et Dokulu Ger\u00e7ek\u00e7i \u00c7ift Katmanl\u0131 S\u00fcnnetsiz Silikon Penis &#8211; Horse Power 3\"}]},{\"@type\":\"WebSite\",\"@id\":\"https:\/\/hobierotikshop.com.tr\/website1\/#website\",\"url\":\"https:\/\/hobierotikshop.com.tr\/website1\/\",\"name\":\"Bursa Erotik Shop\",\"description\":\"Bursa Erotik Shop ile g\u00fcvenli, gizli ve kaliteli yeti\u015fkin \u00fcr\u00fcnleri al\u0131\u015fveri\u015fi! Geni\u015f \u00fcr\u00fcn yelpazemizi ke\u015ffedin, hemen sipari\u015f verin\",\"publisher\":{\"@id\":\"https:\/\/hobierotikshop.com.tr\/website1\/#organization\"},\"alternateName\":\"Erotik Shop\",\"potentialAction\":[{\"@type\":\"SearchAction\",\"target\":{\"@type\":\"EntryPoint\",\"urlTemplate\":\"https:\/\/hobierotikshop.com.tr\/website1\/?s={search_term_string}\"},\"query-input\":{\"@type\":\"PropertyValueSpecification\",\"valueRequired\":true,\"valueName\":\"search_term_string\"}}],\"inLanguage\":\"tr\"},{\"@type\":\"Organization\",\"@id\":\"https:\/\/hobierotikshop.com.tr\/website1\/#organization\",\"name\":\"Harem Bursa Erotik Shop\",\"url\":\"https:\/\/hobierotikshop.com.tr\/website1\/\",\"logo\":{\"@type\":\"ImageObject\",\"inLanguage\":\"tr\",\"@id\":\"https:\/\/hobierotikshop.com.tr\/website1\/#\/schema\/logo\/image\/\",\"url\":\"https:\/\/haremerotikshop.com\/site\/wp-content\/uploads\/2025\/03\/haremsexshop.png\",\"contentUrl\":\"https:\/\/haremerotikshop.com\/site\/wp-content\/uploads\/2025\/03\/haremsexshop.png\",\"width\":400,\"height\":100,\"caption\":\"Harem Bursa Erotik Shop\"},\"image\":{\"@id\":\"https:\/\/hobierotikshop.com.tr\/website1\/#\/schema\/logo\/image\/\"},\"sameAs\":[\"https:\/\/x.com\/shopbursa\"],\"publishingPrinciples\":\"https:\/\/hobierotikshop.com.tr\/website1\/mesafeli-satis-sozlesmesi\/\",\"ownershipFundingInfo\":\"https:\/\/hobierotikshop.com.tr\/website1\/contact-us\/\",\"actionableFeedbackPolicy\":\"https:\/\/hobierotikshop.com.tr\/website1\/contact-us\/\",\"correctionsPolicy\":\"https:\/\/hobierotikshop.com.tr\/website1\/mesafeli-satis-sozlesmesi\/\"}]}<\/script>\n<meta property=\"product:price:amount\" content=\"8000.00\" \/>\n<meta property=\"product:price:currency\" content=\"TRY\" \/>\n<meta property=\"og:availability\" content=\"instock\" \/>\n<meta property=\"product:availability\" content=\"instock\" \/>\n<meta property=\"product:retailer_item_id\" content=\"BDM1583\" \/>\n<meta property=\"product:condition\" content=\"new\" \/>\n<!-- \/ Yoast SEO Premium plugin. -->","yoast_head_json":{"title":"43 Cm Et Dokulu Ger\u00e7ek\u00e7i \u00c7ift Katmanl\u0131 S\u00fcnnetsiz Silikon Penis - Horse Power 3 - Bursa Erotik Shop","robots":{"index":"index","follow":"follow","max-snippet":"max-snippet:-1","max-image-preview":"max-image-preview:large","max-video-preview":"max-video-preview:-1"},"canonical":"https:\/\/hobierotikshop.com.tr\/website1\/erotik-shop-urun\/43-cm-et-dokulu-gercekci-cift-katmanli-sunnetsiz-silikon-penis-horse-power-3\/","og_locale":"tr_TR","og_type":"article","og_title":"43 Cm Et Dokulu Ger\u00e7ek\u00e7i \u00c7ift Katmanl\u0131 S\u00fcnnetsiz Silikon Penis - Horse Power 3","og_description":"G\u00fc\u00e7l\u00fc, ger\u00e7ek\u00e7i ve e\u015fsiz deneyim i\u00e7in tasarland\u0131! 43 cm Et Dokulu Ger\u00e7ek\u00e7i \u00c7ift Katmanl\u0131 S\u00fcnnetsiz Silikon Penis - Horse Power 3, e\u015fsiz tasar\u0131m\u0131 ve y\u00fcksek kaliteli malzemeleriyle benzersiz bir deneyim sunuyor. Geli\u015fmi\u015f teknolojisi sayesinde, su ge\u00e7irmez \u00f6zellik ta\u015f\u0131yan bu silikon penis, banyo veya du\u015f gibi alanlarda g\u00fcvenle kullan\u0131labilir. Testisli ve g\u00fc\u00e7l\u00fc vantuzlu yap\u0131s\u0131, istedi\u011finiz y\u00fczeye sabitlenmesini sa\u011flar ve maksimum konforu garanti eder.","og_url":"https:\/\/hobierotikshop.com.tr\/website1\/erotik-shop-urun\/43-cm-et-dokulu-gercekci-cift-katmanli-sunnetsiz-silikon-penis-horse-power-3\/","og_site_name":"Bursa Erotik Shop","article_modified_time":"2026-01-08T11:48:55+00:00","og_image":[{"width":455,"height":455,"url":"https:\/\/hobierotikshop.com.tr\/website1\/wp-content\/uploads\/2025\/04\/33-cm-et-dokulu-gercekci-cift-katmanli-6eb26.jpg","type":"image\/jpeg"}],"twitter_card":"summary_large_image","twitter_site":"@shopbursa","twitter_misc":{"Fiyat":"&#8378;8.000,00","Availability":"In stock"},"schema":{"@context":"https:\/\/schema.org","@graph":[{"@type":"WebPage","@id":"https:\/\/hobierotikshop.com.tr\/website1\/erotik-shop-urun\/43-cm-et-dokulu-gercekci-cift-katmanli-sunnetsiz-silikon-penis-horse-power-3\/","url":"https:\/\/hobierotikshop.com.tr\/website1\/erotik-shop-urun\/43-cm-et-dokulu-gercekci-cift-katmanli-sunnetsiz-silikon-penis-horse-power-3\/","name":"43 Cm Et Dokulu Ger\u00e7ek\u00e7i \u00c7ift Katmanl\u0131 S\u00fcnnetsiz Silikon Penis - Horse Power 3 - Bursa Erotik Shop","isPartOf":{"@id":"https:\/\/hobierotikshop.com.tr\/website1\/#website"},"primaryImageOfPage":{"@id":"https:\/\/hobierotikshop.com.tr\/website1\/erotik-shop-urun\/43-cm-et-dokulu-gercekci-cift-katmanli-sunnetsiz-silikon-penis-horse-power-3\/#primaryimage"},"image":{"@id":"https:\/\/hobierotikshop.com.tr\/website1\/erotik-shop-urun\/43-cm-et-dokulu-gercekci-cift-katmanli-sunnetsiz-silikon-penis-horse-power-3\/#primaryimage"},"thumbnailUrl":"https:\/\/haremerotikshop.com\/site\/wp-content\/uploads\/2025\/04\/33-cm-et-dokulu-gercekci-cift-katmanli-6eb26.jpg","datePublished":"2025-04-26T14:12:50+00:00","dateModified":"2026-01-08T11:48:55+00:00","breadcrumb":{"@id":"https:\/\/hobierotikshop.com.tr\/website1\/erotik-shop-urun\/43-cm-et-dokulu-gercekci-cift-katmanli-sunnetsiz-silikon-penis-horse-power-3\/#breadcrumb"},"inLanguage":"tr","potentialAction":[{"@type":"ReadAction","target":["https:\/\/hobierotikshop.com.tr\/website1\/erotik-shop-urun\/43-cm-et-dokulu-gercekci-cift-katmanli-sunnetsiz-silikon-penis-horse-power-3\/"]}]},{"@type":"ImageObject","inLanguage":"tr","@id":"https:\/\/hobierotikshop.com.tr\/website1\/erotik-shop-urun\/43-cm-et-dokulu-gercekci-cift-katmanli-sunnetsiz-silikon-penis-horse-power-3\/#primaryimage","url":"https:\/\/haremerotikshop.com\/site\/wp-content\/uploads\/2025\/04\/33-cm-et-dokulu-gercekci-cift-katmanli-6eb26.jpg","contentUrl":"https:\/\/haremerotikshop.com\/site\/wp-content\/uploads\/2025\/04\/33-cm-et-dokulu-gercekci-cift-katmanli-6eb26.jpg","width":455,"height":455},{"@type":"BreadcrumbList","@id":"https:\/\/hobierotikshop.com.tr\/website1\/erotik-shop-urun\/43-cm-et-dokulu-gercekci-cift-katmanli-sunnetsiz-silikon-penis-horse-power-3\/#breadcrumb","itemListElement":[{"@type":"ListItem","position":1,"name":"Anasayfa","item":"https:\/\/hobierotikshop.com.tr\/website1\/"},{"@type":"ListItem","position":2,"name":"Erotik Shop \u00dcr\u00fcnleri","item":"https:\/\/hobierotikshop.com.tr\/website1\/shop\/"},{"@type":"ListItem","position":3,"name":"43 Cm Et Dokulu Ger\u00e7ek\u00e7i \u00c7ift Katmanl\u0131 S\u00fcnnetsiz Silikon Penis &#8211; Horse Power 3"}]},{"@type":"WebSite","@id":"https:\/\/hobierotikshop.com.tr\/website1\/#website","url":"https:\/\/hobierotikshop.com.tr\/website1\/","name":"Bursa Erotik Shop","description":"Bursa Erotik Shop ile g\u00fcvenli, gizli ve kaliteli yeti\u015fkin \u00fcr\u00fcnleri al\u0131\u015fveri\u015fi! Geni\u015f \u00fcr\u00fcn yelpazemizi ke\u015ffedin, hemen sipari\u015f verin","publisher":{"@id":"https:\/\/hobierotikshop.com.tr\/website1\/#organization"},"alternateName":"Erotik Shop","potentialAction":[{"@type":"SearchAction","target":{"@type":"EntryPoint","urlTemplate":"https:\/\/hobierotikshop.com.tr\/website1\/?s={search_term_string}"},"query-input":{"@type":"PropertyValueSpecification","valueRequired":true,"valueName":"search_term_string"}}],"inLanguage":"tr"},{"@type":"Organization","@id":"https:\/\/hobierotikshop.com.tr\/website1\/#organization","name":"Harem Bursa Erotik Shop","url":"https:\/\/hobierotikshop.com.tr\/website1\/","logo":{"@type":"ImageObject","inLanguage":"tr","@id":"https:\/\/hobierotikshop.com.tr\/website1\/#\/schema\/logo\/image\/","url":"https:\/\/haremerotikshop.com\/site\/wp-content\/uploads\/2025\/03\/haremsexshop.png","contentUrl":"https:\/\/haremerotikshop.com\/site\/wp-content\/uploads\/2025\/03\/haremsexshop.png","width":400,"height":100,"caption":"Harem Bursa Erotik Shop"},"image":{"@id":"https:\/\/hobierotikshop.com.tr\/website1\/#\/schema\/logo\/image\/"},"sameAs":["https:\/\/x.com\/shopbursa"],"publishingPrinciples":"https:\/\/hobierotikshop.com.tr\/website1\/mesafeli-satis-sozlesmesi\/","ownershipFundingInfo":"https:\/\/hobierotikshop.com.tr\/website1\/contact-us\/","actionableFeedbackPolicy":"https:\/\/hobierotikshop.com.tr\/website1\/contact-us\/","correctionsPolicy":"https:\/\/hobierotikshop.com.tr\/website1\/mesafeli-satis-sozlesmesi\/"}]},"product_price_amount":"8000.00","product_price_currency":"TRY","og_availability":"instock","product_availability":"instock","product_retailer_item_id":"BDM1583","product_condition":"new"},"_links":{"self":[{"href":"https:\/\/haremerotikshop.com\/site\/wp-json\/wp\/v2\/product\/45261","targetHints":{"allow":["GET"]}}],"collection":[{"href":"https:\/\/haremerotikshop.com\/site\/wp-json\/wp\/v2\/product"}],"about":[{"href":"https:\/\/haremerotikshop.com\/site\/wp-json\/wp\/v2\/types\/product"}],"replies":[{"embeddable":true,"href":"https:\/\/haremerotikshop.com\/site\/wp-json\/wp\/v2\/comments?post=45261"}],"version-history":[{"count":0,"href":"https:\/\/haremerotikshop.com\/site\/wp-json\/wp\/v2\/product\/45261\/revisions"}],"wp:featuredmedia":[{"embeddable":true,"href":"https:\/\/haremerotikshop.com\/site\/wp-json\/wp\/v2\/media\/45263"}],"wp:attachment":[{"href":"https:\/\/haremerotikshop.com\/site\/wp-json\/wp\/v2\/media?parent=45261"}],"wp:term":[{"taxonomy":"product_brand","embeddable":true,"href":"https:\/\/haremerotikshop.com\/site\/wp-json\/wp\/v2\/product_brand?post=45261"},{"taxonomy":"product_cat","embeddable":true,"href":"https:\/\/haremerotikshop.com\/site\/wp-json\/wp\/v2\/product_cat?post=45261"},{"taxonomy":"product_tag","embeddable":true,"href":"https:\/\/haremerotikshop.com\/site\/wp-json\/wp\/v2\/product_tag?post=45261"}],"curies":[{"name":"wp","href":"https:\/\/api.w.org\/{rel}","templated":true}]}}