{"id":45268,"date":"2025-04-26T17:12:50","date_gmt":"2025-04-26T14:12:50","guid":{"rendered":"https:\/\/haremerotikshop.com\/site\/erotik-shop-urun\/belden-baglamali-43-cm-et-dokulu-gercekci-cift-katmanli-sunnetsiz-silikon-penis-horse-power-3\/"},"modified":"2026-01-08T14:46:30","modified_gmt":"2026-01-08T11:46:30","slug":"belden-baglamali-43-cm-et-dokulu-gercekci-cift-katmanli-sunnetsiz-silikon-penis-horse-power-3","status":"publish","type":"product","link":"https:\/\/haremerotikshop.com\/site\/erotik-shop-urun\/belden-baglamali-43-cm-et-dokulu-gercekci-cift-katmanli-sunnetsiz-silikon-penis-horse-power-3\/","title":{"rendered":"Belden Ba\u011flamal\u0131 43 Cm Et Dokulu Ger\u00e7ek\u00e7i \u00c7ift Katmanl\u0131 S\u00fcnnetsiz Silikon Penis &#8211; Horse Power 3"},"content":{"rendered":"<h1 class=\"\" data-start=\"58\" data-end=\"159\"><strong data-start=\"60\" data-end=\"159\">Belden Ba\u011flamal\u0131 43 cm Et Dokulu Ger\u00e7ek\u00e7i \u00c7ift Katmanl\u0131 S\u00fcnnetsiz Silikon Penis &#8211; Horse Power 3<\/strong><\/h1>\n<p class=\"\" data-start=\"161\" data-end=\"496\">Yeni nesil tasar\u0131m\u0131 ve ger\u00e7ek\u00e7i \u00f6zellikleriyle <strong data-start=\"208\" data-end=\"307\">Belden Ba\u011flamal\u0131 43 cm Et Dokulu Ger\u00e7ek\u00e7i \u00c7ift Katmanl\u0131 S\u00fcnnetsiz Silikon Penis &#8211; Horse Power 3<\/strong>, kullan\u0131c\u0131lar\u0131na s\u0131ra d\u0131\u015f\u0131 bir deneyim sunuyor. Su ge\u00e7irmez \u00f6zelli\u011fi, kaliteli silikon malzemesi ve tamamen ger\u00e7ek\u00e7i tasar\u0131m\u0131 ile her detayda m\u00fckemmeliyet arayanlar i\u00e7in ideal bir se\u00e7enek.<\/p>\n<h2 class=\"\" data-start=\"498\" data-end=\"522\"><strong data-start=\"501\" data-end=\"522\">\u00dcr\u00fcn \u00d6zellikleri:<\/strong><\/h2>\n<ul data-start=\"524\" data-end=\"1501\">\n<li class=\"\" data-start=\"524\" data-end=\"733\">\n<p class=\"\" data-start=\"526\" data-end=\"733\"><strong data-start=\"526\" data-end=\"562\">Ger\u00e7ek\u00e7i Tasar\u0131m ve Et Dokusuyla<\/strong>: <strong data-start=\"564\" data-end=\"581\">Horse Power 3<\/strong> modelinin do\u011fal g\u00f6r\u00fcn\u00fcme sahip et dokusu, size e\u015fsiz bir tatmin sa\u011flayacak. Testisli yap\u0131s\u0131 ve damarl\u0131 tasar\u0131m\u0131 ile daha da ger\u00e7ek\u00e7i bir deneyim sunar.<\/p>\n<\/li>\n<li class=\"\" data-start=\"734\" data-end=\"907\">\n<p class=\"\" data-start=\"736\" data-end=\"907\"><strong data-start=\"736\" data-end=\"752\">G\u00fc\u00e7l\u00fc Vantuz<\/strong>: Vantuzlu taban\u0131 sayesinde her t\u00fcr d\u00fcz y\u00fczeye sabitlenebilir ve istedi\u011finiz pozisyonda rahat\u00e7a kullan\u0131labilir. Du\u015fta ya da banyoda kullan\u0131m imk\u00e2n\u0131 sa\u011flar.<\/p>\n<\/li>\n<li class=\"\" data-start=\"908\" data-end=\"1101\">\n<p class=\"\" data-start=\"910\" data-end=\"1101\"><strong data-start=\"910\" data-end=\"936\">S\u00fcper Kaliteli Silikon<\/strong>: Y\u00fcksek kaliteli silikon malzeme, cilt dostudur ve g\u00fcvenli kullan\u0131m i\u00e7in uygundur. Su ge\u00e7irmez \u00f6zelli\u011fi sayesinde su alt\u0131 kullan\u0131m\u0131nda da rahatl\u0131kla kullan\u0131labilir.<\/p>\n<\/li>\n<li class=\"\" data-start=\"1102\" data-end=\"1350\">\n<p class=\"\" data-start=\"1104\" data-end=\"1130\"><strong data-start=\"1104\" data-end=\"1127\">B\u00fcy\u00fckl\u00fck ve Uzunluk<\/strong>:<\/p>\n<ul data-start=\"1133\" data-end=\"1350\">\n<li class=\"\" data-start=\"1133\" data-end=\"1162\">\n<p class=\"\" data-start=\"1135\" data-end=\"1162\"><strong data-start=\"1135\" data-end=\"1153\">Toplam Uzunluk<\/strong>: 43 cm<\/p>\n<\/li>\n<li class=\"\" data-start=\"1165\" data-end=\"1202\">\n<p class=\"\" data-start=\"1167\" data-end=\"1202\"><strong data-start=\"1167\" data-end=\"1193\">Kullan\u0131labilir Uzunluk<\/strong>: 37 cm<\/p>\n<\/li>\n<li class=\"\" data-start=\"1205\" data-end=\"1227\">\n<p class=\"\" data-start=\"1207\" data-end=\"1227\"><strong data-start=\"1207\" data-end=\"1219\">Kal\u0131nl\u0131k<\/strong>: 8 cm<\/p>\n<\/li>\n<li class=\"\" data-start=\"1230\" data-end=\"1350\">\n<p class=\"\" data-start=\"1232\" data-end=\"1350\"><strong data-start=\"1232\" data-end=\"1252\">Testisli Tasar\u0131m<\/strong>: Tamamen ger\u00e7ek\u00e7i bir deneyim i\u00e7in tasarlanm\u0131\u015f testisli yap\u0131s\u0131yla daha do\u011fal bir kullan\u0131m sa\u011flar.<\/p>\n<\/li>\n<\/ul>\n<\/li>\n<li class=\"\" data-start=\"1351\" data-end=\"1501\">\n<p class=\"\" data-start=\"1353\" data-end=\"1501\"><strong data-start=\"1353\" data-end=\"1375\">Dayan\u0131kl\u0131 Kullan\u0131m<\/strong>: Su ge\u00e7irmez \u00f6zelli\u011fi, dayan\u0131kl\u0131 silikon yap\u0131s\u0131 ve kaliteli i\u015f\u00e7ili\u011fi sayesinde uzun y\u0131llar sorunsuz kullan\u0131m garantisi sunar.<\/p>\n<\/li>\n<\/ul>\n<hr class=\"\" data-start=\"1503\" data-end=\"1506\" \/>\n<h2 class=\"\" data-start=\"1508\" data-end=\"1526\"><strong data-start=\"1511\" data-end=\"1526\">Avantajlar:<\/strong><\/h2>\n<p class=\"\" data-start=\"1528\" data-end=\"2133\">\u2705 <strong data-start=\"1530\" data-end=\"1559\">Ger\u00e7ek\u00e7i ve Do\u011fal G\u00f6r\u00fcn\u00fcm<\/strong>: Et dokusu, damarl\u0131 yap\u0131s\u0131 ve s\u00fcnnetsiz tasar\u0131m\u0131 ile ger\u00e7ek\u00e7i bir his yarat\u0131r.<br data-start=\"1638\" data-end=\"1641\" \/>\u2705 <strong data-start=\"1643\" data-end=\"1678\">Banyoda ve Du\u015fta Kullan\u0131labilir<\/strong>: Su ge\u00e7irmez \u00f6zelli\u011fi ile su alt\u0131 deneyimi ya\u015famak isteyenler i\u00e7in m\u00fckemmel.<br data-start=\"1755\" data-end=\"1758\" \/>\u2705 <strong data-start=\"1760\" data-end=\"1788\">Testisli ve G\u00fc\u00e7l\u00fc Vantuz<\/strong>: Testisli tasar\u0131m\u0131 ile ekstra ger\u00e7ek\u00e7ilik sa\u011flar. Ayr\u0131ca g\u00fc\u00e7l\u00fc vantuzu sayesinde her y\u00fczeye rahat\u00e7a tutunur.<br data-start=\"1897\" data-end=\"1900\" \/>\u2705 <strong data-start=\"1902\" data-end=\"1921\">Silikon Malzeme<\/strong>: Cilt dostu, kaliteli silikon ile \u00fcretilmi\u015ftir. Uzun \u00f6m\u00fcrl\u00fc ve sa\u011fl\u0131kl\u0131 kullan\u0131m sunar.<br data-start=\"2009\" data-end=\"2012\" \/>\u2705 <strong data-start=\"2014\" data-end=\"2031\">Y\u00fcksek Kalite<\/strong>: Y\u00fcksek kaliteli silikon malzeme ve su ge\u00e7irmez \u00f6zellik, \u00fcr\u00fcn\u00fc uzun s\u00fcre g\u00fcvenle kullanman\u0131z\u0131 sa\u011flar.<\/p>\n<hr class=\"\" data-start=\"2135\" data-end=\"2138\" \/>\n<h2 class=\"\" data-start=\"2140\" data-end=\"2166\"><strong data-start=\"2143\" data-end=\"2166\">Kullan\u0131m \u00d6nerileri:<\/strong><\/h2>\n<ul data-start=\"2168\" data-end=\"2460\">\n<li class=\"\" data-start=\"2168\" data-end=\"2295\">\n<p class=\"\" data-start=\"2170\" data-end=\"2295\"><strong data-start=\"2170\" data-end=\"2199\">Kayganla\u015ft\u0131r\u0131c\u0131 Kullan\u0131m\u0131<\/strong>: Konforlu ve sorunsuz bir deneyim i\u00e7in kayganla\u015ft\u0131r\u0131c\u0131 jellerle birlikte kullan\u0131lmas\u0131 \u00f6nerilir.<\/p>\n<\/li>\n<li class=\"\" data-start=\"2296\" data-end=\"2403\">\n<p class=\"\" data-start=\"2298\" data-end=\"2403\"><strong data-start=\"2298\" data-end=\"2310\">Temizlik<\/strong>: \u00dcr\u00fcn\u00fc her kullan\u0131mdan sonra \u0131l\u0131k su ve sabunla y\u0131kay\u0131n. Kimyasal temizleyicilerden ka\u00e7\u0131n\u0131n.<\/p>\n<\/li>\n<li class=\"\" data-start=\"2404\" data-end=\"2460\">\n<p class=\"\" data-start=\"2406\" data-end=\"2460\"><strong data-start=\"2406\" data-end=\"2417\">Saklama<\/strong>: \u00dcr\u00fcn\u00fc kuru ve temiz bir ortamda saklay\u0131n.<\/p>\n<\/li>\n<\/ul>\n<hr class=\"\" data-start=\"2462\" data-end=\"2465\" \/>\n<h2 class=\"\" data-start=\"2467\" data-end=\"2504\"><strong data-start=\"2470\" data-end=\"2504\">Sipari\u015f ve Teslimat Bilgileri:<\/strong><\/h2>\n<ul data-start=\"2506\" data-end=\"2894\">\n<li class=\"\" data-start=\"2506\" data-end=\"2649\">\n<p class=\"\" data-start=\"2508\" data-end=\"2649\"><strong data-start=\"2508\" data-end=\"2526\">G\u00f6nderim \u015eekli<\/strong>: Sipari\u015fler, i\u00e7eri\u011fi anla\u015f\u0131lmayacak \u015fekilde gizli ve kapal\u0131 kolilerle g\u00f6nderilir. Mahremiyetiniz bizim i\u00e7in \u00e7ok \u00f6nemlidir.<\/p>\n<\/li>\n<li class=\"\" data-start=\"2650\" data-end=\"2817\">\n<p class=\"\" data-start=\"2652\" data-end=\"2676\"><strong data-start=\"2652\" data-end=\"2673\">\u00d6deme Se\u00e7enekleri<\/strong>:<\/p>\n<ul data-start=\"2679\" data-end=\"2817\">\n<li class=\"\" data-start=\"2679\" data-end=\"2701\">\n<p class=\"\" data-start=\"2681\" data-end=\"2701\">Kap\u0131da nakit \u00f6deme<\/p>\n<\/li>\n<li class=\"\" data-start=\"2704\" data-end=\"2736\">\n<p class=\"\" data-start=\"2706\" data-end=\"2736\">Kap\u0131da kredi kart\u0131 ile \u00f6deme<\/p>\n<\/li>\n<li class=\"\" data-start=\"2739\" data-end=\"2771\">\n<p class=\"\" data-start=\"2741\" data-end=\"2771\">Banka havalesi\/EFT ile \u00f6deme<\/p>\n<\/li>\n<li class=\"\" data-start=\"2774\" data-end=\"2817\">\n<p class=\"\" data-start=\"2776\" data-end=\"2817\">Tek \u00e7ekim veya taksitli \u00f6deme se\u00e7enekleri<\/p>\n<\/li>\n<\/ul>\n<\/li>\n<li class=\"\" data-start=\"2818\" data-end=\"2894\">\n<p class=\"\" data-start=\"2820\" data-end=\"2847\"><strong data-start=\"2820\" data-end=\"2844\">Teslimat Se\u00e7enekleri<\/strong>:<\/p>\n<ul data-start=\"2850\" data-end=\"2894\">\n<li class=\"\" data-start=\"2850\" data-end=\"2867\">\n<p class=\"\" data-start=\"2852\" data-end=\"2867\">Adrese teslim<\/p>\n<\/li>\n<li class=\"\" data-start=\"2870\" data-end=\"2894\">\n<p class=\"\" data-start=\"2872\" data-end=\"2894\">\u015eube teslimat se\u00e7ene\u011fi<\/p>\n<\/li>\n<\/ul>\n<\/li>\n<\/ul>\n<p class=\"\" data-start=\"2896\" data-end=\"3001\"><strong data-start=\"2896\" data-end=\"3001\">T\u00fcm sipari\u015fler firmam\u0131z g\u00fcvencesiyle g\u00fcvenli bir \u015fekilde haz\u0131rlan\u0131r ve eksiksiz olarak teslim edilir.<\/strong><\/p>\n<p class=\"\" data-start=\"3003\" data-end=\"3144\">\u2728 <strong data-start=\"3005\" data-end=\"3041\">Kap\u0131da \u00d6deme &#8211; G\u00fcvenli Al\u0131\u015fveri\u015f<\/strong><br data-start=\"3041\" data-end=\"3044\" \/>\u2728 <strong data-start=\"3046\" data-end=\"3090\">H\u0131zl\u0131 G\u00f6nderim &#8211; Orijinal \u00dcr\u00fcn Garantisi<\/strong><br data-start=\"3090\" data-end=\"3093\" \/>\u2728 <strong data-start=\"3095\" data-end=\"3144\">Gizli Paketleme ile Mahremiyetinizi Koruyoruz<\/strong><\/p>\n<hr class=\"\" data-start=\"3146\" data-end=\"3149\" \/>\n<p class=\"\" data-start=\"3151\" data-end=\"3269\">\ud83c\udfaf <strong data-start=\"3154\" data-end=\"3269\">Efsanevi bir deneyim arayanlar i\u00e7in ideal se\u00e7im! \u015eimdi sipari\u015f verin ve ger\u00e7ek\u00e7i bir tatmin duygusunu ke\u015ffedin!<\/strong><\/p>\n<p>&nbsp;<\/p>\n<p>&nbsp;<\/p>\n","protected":false},"excerpt":{"rendered":"<p>Yeni nesil tasar\u0131m\u0131 ve ger\u00e7ek\u00e7i \u00f6zellikleriyle <strong data-start=\"208\" data-end=\"307\">Belden Ba\u011flamal\u0131 43 cm Et Dokulu Ger\u00e7ek\u00e7i \u00c7ift Katmanl\u0131 S\u00fcnnetsiz Silikon Penis &#8211; Horse Power 3<\/strong>, kullan\u0131c\u0131lar\u0131na s\u0131ra d\u0131\u015f\u0131 bir deneyim sunuyor. Su ge\u00e7irmez \u00f6zelli\u011fi, kaliteli silikon malzemesi ve tamamen ger\u00e7ek\u00e7i tasar\u0131m\u0131 ile her detayda m\u00fckemmeliyet arayanlar i\u00e7in ideal bir se\u00e7enek.<\/p>\n","protected":false},"featured_media":45270,"comment_status":"closed","ping_status":"closed","template":"","meta":[],"product_brand":[],"product_cat":[498],"product_tag":[],"class_list":{"0":"post-45268","1":"product","2":"type-product","3":"status-publish","4":"has-post-thumbnail","6":"product_cat-belden-baglamali-penisler","8":"first","9":"outofstock","10":"purchasable","11":"product-type-simple"},"yoast_head":"<!-- This site is optimized with the Yoast SEO Premium plugin v24.4 (Yoast SEO v27.1.1) - https:\/\/yoast.com\/product\/yoast-seo-premium-wordpress\/ -->\n<title>Belden Ba\u011flamal\u0131 43 Cm Et Dokulu Ger\u00e7ek\u00e7i \u00c7ift Katmanl\u0131 S\u00fcnnetsiz Silikon Penis - Horse Power 3 - Bursa Erotik Shop<\/title>\n<meta name=\"robots\" content=\"index, follow, max-snippet:-1, max-image-preview:large, max-video-preview:-1\" \/>\n<link rel=\"canonical\" href=\"https:\/\/hobierotikshop.com.tr\/website1\/erotik-shop-urun\/belden-baglamali-43-cm-et-dokulu-gercekci-cift-katmanli-sunnetsiz-silikon-penis-horse-power-3\/\" \/>\n<meta property=\"og:locale\" content=\"tr_TR\" \/>\n<meta property=\"og:type\" content=\"article\" \/>\n<meta property=\"og:title\" content=\"Belden Ba\u011flamal\u0131 43 Cm Et Dokulu Ger\u00e7ek\u00e7i \u00c7ift Katmanl\u0131 S\u00fcnnetsiz Silikon Penis - Horse Power 3\" \/>\n<meta property=\"og:description\" content=\"Yeni nesil tasar\u0131m\u0131 ve ger\u00e7ek\u00e7i \u00f6zellikleriyle Belden Ba\u011flamal\u0131 43 cm Et Dokulu Ger\u00e7ek\u00e7i \u00c7ift Katmanl\u0131 S\u00fcnnetsiz Silikon Penis - Horse Power 3, kullan\u0131c\u0131lar\u0131na s\u0131ra d\u0131\u015f\u0131 bir deneyim sunuyor. Su ge\u00e7irmez \u00f6zelli\u011fi, kaliteli silikon malzemesi ve tamamen ger\u00e7ek\u00e7i tasar\u0131m\u0131 ile her detayda m\u00fckemmeliyet arayanlar i\u00e7in ideal bir se\u00e7enek.\" \/>\n<meta property=\"og:url\" content=\"https:\/\/hobierotikshop.com.tr\/website1\/erotik-shop-urun\/belden-baglamali-43-cm-et-dokulu-gercekci-cift-katmanli-sunnetsiz-silikon-penis-horse-power-3\/\" \/>\n<meta property=\"og:site_name\" content=\"Bursa Erotik Shop\" \/>\n<meta property=\"article:modified_time\" content=\"2026-01-08T11:46:30+00:00\" \/>\n<meta property=\"og:image\" content=\"https:\/\/hobierotikshop.com.tr\/website1\/wp-content\/uploads\/2025\/04\/belden-baglamali-43-cm-et-dokulu-gerce-f62dc3.jpg\" \/>\n\t<meta property=\"og:image:width\" content=\"455\" \/>\n\t<meta property=\"og:image:height\" content=\"455\" \/>\n\t<meta property=\"og:image:type\" content=\"image\/jpeg\" \/>\n<meta name=\"twitter:card\" content=\"summary_large_image\" \/>\n<meta name=\"twitter:site\" content=\"@shopbursa\" \/>\n<meta name=\"twitter:label1\" content=\"Fiyat\" \/>\n\t<meta name=\"twitter:data1\" content=\"&#8378;5.240,00\" \/>\n\t<meta name=\"twitter:label2\" content=\"Availability\" \/>\n\t<meta name=\"twitter:data2\" content=\"Out of stock\" \/>\n<script type=\"application\/ld+json\" class=\"yoast-schema-graph\">{\"@context\":\"https:\/\/schema.org\",\"@graph\":[{\"@type\":\"WebPage\",\"@id\":\"https:\/\/hobierotikshop.com.tr\/website1\/erotik-shop-urun\/belden-baglamali-43-cm-et-dokulu-gercekci-cift-katmanli-sunnetsiz-silikon-penis-horse-power-3\/\",\"url\":\"https:\/\/hobierotikshop.com.tr\/website1\/erotik-shop-urun\/belden-baglamali-43-cm-et-dokulu-gercekci-cift-katmanli-sunnetsiz-silikon-penis-horse-power-3\/\",\"name\":\"Belden Ba\u011flamal\u0131 43 Cm Et Dokulu Ger\u00e7ek\u00e7i \u00c7ift Katmanl\u0131 S\u00fcnnetsiz Silikon Penis - Horse Power 3 - Bursa Erotik Shop\",\"isPartOf\":{\"@id\":\"https:\/\/hobierotikshop.com.tr\/website1\/#website\"},\"primaryImageOfPage\":{\"@id\":\"https:\/\/hobierotikshop.com.tr\/website1\/erotik-shop-urun\/belden-baglamali-43-cm-et-dokulu-gercekci-cift-katmanli-sunnetsiz-silikon-penis-horse-power-3\/#primaryimage\"},\"image\":{\"@id\":\"https:\/\/hobierotikshop.com.tr\/website1\/erotik-shop-urun\/belden-baglamali-43-cm-et-dokulu-gercekci-cift-katmanli-sunnetsiz-silikon-penis-horse-power-3\/#primaryimage\"},\"thumbnailUrl\":\"https:\/\/haremerotikshop.com\/site\/wp-content\/uploads\/2025\/04\/belden-baglamali-43-cm-et-dokulu-gerce-f62dc3.jpg\",\"datePublished\":\"2025-04-26T14:12:50+00:00\",\"dateModified\":\"2026-01-08T11:46:30+00:00\",\"breadcrumb\":{\"@id\":\"https:\/\/hobierotikshop.com.tr\/website1\/erotik-shop-urun\/belden-baglamali-43-cm-et-dokulu-gercekci-cift-katmanli-sunnetsiz-silikon-penis-horse-power-3\/#breadcrumb\"},\"inLanguage\":\"tr\",\"potentialAction\":[{\"@type\":\"ReadAction\",\"target\":[\"https:\/\/hobierotikshop.com.tr\/website1\/erotik-shop-urun\/belden-baglamali-43-cm-et-dokulu-gercekci-cift-katmanli-sunnetsiz-silikon-penis-horse-power-3\/\"]}]},{\"@type\":\"ImageObject\",\"inLanguage\":\"tr\",\"@id\":\"https:\/\/hobierotikshop.com.tr\/website1\/erotik-shop-urun\/belden-baglamali-43-cm-et-dokulu-gercekci-cift-katmanli-sunnetsiz-silikon-penis-horse-power-3\/#primaryimage\",\"url\":\"https:\/\/haremerotikshop.com\/site\/wp-content\/uploads\/2025\/04\/belden-baglamali-43-cm-et-dokulu-gerce-f62dc3.jpg\",\"contentUrl\":\"https:\/\/haremerotikshop.com\/site\/wp-content\/uploads\/2025\/04\/belden-baglamali-43-cm-et-dokulu-gerce-f62dc3.jpg\",\"width\":455,\"height\":455},{\"@type\":\"BreadcrumbList\",\"@id\":\"https:\/\/hobierotikshop.com.tr\/website1\/erotik-shop-urun\/belden-baglamali-43-cm-et-dokulu-gercekci-cift-katmanli-sunnetsiz-silikon-penis-horse-power-3\/#breadcrumb\",\"itemListElement\":[{\"@type\":\"ListItem\",\"position\":1,\"name\":\"Anasayfa\",\"item\":\"https:\/\/hobierotikshop.com.tr\/website1\/\"},{\"@type\":\"ListItem\",\"position\":2,\"name\":\"Erotik Shop \u00dcr\u00fcnleri\",\"item\":\"https:\/\/hobierotikshop.com.tr\/website1\/shop\/\"},{\"@type\":\"ListItem\",\"position\":3,\"name\":\"Belden Ba\u011flamal\u0131 43 Cm Et Dokulu Ger\u00e7ek\u00e7i \u00c7ift Katmanl\u0131 S\u00fcnnetsiz Silikon Penis &#8211; Horse Power 3\"}]},{\"@type\":\"WebSite\",\"@id\":\"https:\/\/hobierotikshop.com.tr\/website1\/#website\",\"url\":\"https:\/\/hobierotikshop.com.tr\/website1\/\",\"name\":\"Bursa Erotik Shop\",\"description\":\"Bursa Erotik Shop ile g\u00fcvenli, gizli ve kaliteli yeti\u015fkin \u00fcr\u00fcnleri al\u0131\u015fveri\u015fi! Geni\u015f \u00fcr\u00fcn yelpazemizi ke\u015ffedin, hemen sipari\u015f verin\",\"publisher\":{\"@id\":\"https:\/\/hobierotikshop.com.tr\/website1\/#organization\"},\"alternateName\":\"Erotik Shop\",\"potentialAction\":[{\"@type\":\"SearchAction\",\"target\":{\"@type\":\"EntryPoint\",\"urlTemplate\":\"https:\/\/hobierotikshop.com.tr\/website1\/?s={search_term_string}\"},\"query-input\":{\"@type\":\"PropertyValueSpecification\",\"valueRequired\":true,\"valueName\":\"search_term_string\"}}],\"inLanguage\":\"tr\"},{\"@type\":\"Organization\",\"@id\":\"https:\/\/hobierotikshop.com.tr\/website1\/#organization\",\"name\":\"Harem Bursa Erotik Shop\",\"url\":\"https:\/\/hobierotikshop.com.tr\/website1\/\",\"logo\":{\"@type\":\"ImageObject\",\"inLanguage\":\"tr\",\"@id\":\"https:\/\/hobierotikshop.com.tr\/website1\/#\/schema\/logo\/image\/\",\"url\":\"https:\/\/haremerotikshop.com\/site\/wp-content\/uploads\/2025\/03\/haremsexshop.png\",\"contentUrl\":\"https:\/\/haremerotikshop.com\/site\/wp-content\/uploads\/2025\/03\/haremsexshop.png\",\"width\":400,\"height\":100,\"caption\":\"Harem Bursa Erotik Shop\"},\"image\":{\"@id\":\"https:\/\/hobierotikshop.com.tr\/website1\/#\/schema\/logo\/image\/\"},\"sameAs\":[\"https:\/\/x.com\/shopbursa\"],\"publishingPrinciples\":\"https:\/\/hobierotikshop.com.tr\/website1\/mesafeli-satis-sozlesmesi\/\",\"ownershipFundingInfo\":\"https:\/\/hobierotikshop.com.tr\/website1\/contact-us\/\",\"actionableFeedbackPolicy\":\"https:\/\/hobierotikshop.com.tr\/website1\/contact-us\/\",\"correctionsPolicy\":\"https:\/\/hobierotikshop.com.tr\/website1\/mesafeli-satis-sozlesmesi\/\"}]}<\/script>\n<meta property=\"product:price:amount\" content=\"5240.00\" \/>\n<meta property=\"product:price:currency\" content=\"TRY\" \/>\n<meta property=\"og:availability\" content=\"out of stock\" \/>\n<meta property=\"product:availability\" content=\"out of stock\" \/>\n<meta property=\"product:retailer_item_id\" content=\"BDM1583B\" \/>\n<meta property=\"product:condition\" content=\"new\" \/>\n<!-- \/ Yoast SEO Premium plugin. -->","yoast_head_json":{"title":"Belden Ba\u011flamal\u0131 43 Cm Et Dokulu Ger\u00e7ek\u00e7i \u00c7ift Katmanl\u0131 S\u00fcnnetsiz Silikon Penis - Horse Power 3 - Bursa Erotik Shop","robots":{"index":"index","follow":"follow","max-snippet":"max-snippet:-1","max-image-preview":"max-image-preview:large","max-video-preview":"max-video-preview:-1"},"canonical":"https:\/\/hobierotikshop.com.tr\/website1\/erotik-shop-urun\/belden-baglamali-43-cm-et-dokulu-gercekci-cift-katmanli-sunnetsiz-silikon-penis-horse-power-3\/","og_locale":"tr_TR","og_type":"article","og_title":"Belden Ba\u011flamal\u0131 43 Cm Et Dokulu Ger\u00e7ek\u00e7i \u00c7ift Katmanl\u0131 S\u00fcnnetsiz Silikon Penis - Horse Power 3","og_description":"Yeni nesil tasar\u0131m\u0131 ve ger\u00e7ek\u00e7i \u00f6zellikleriyle Belden Ba\u011flamal\u0131 43 cm Et Dokulu Ger\u00e7ek\u00e7i \u00c7ift Katmanl\u0131 S\u00fcnnetsiz Silikon Penis - Horse Power 3, kullan\u0131c\u0131lar\u0131na s\u0131ra d\u0131\u015f\u0131 bir deneyim sunuyor. Su ge\u00e7irmez \u00f6zelli\u011fi, kaliteli silikon malzemesi ve tamamen ger\u00e7ek\u00e7i tasar\u0131m\u0131 ile her detayda m\u00fckemmeliyet arayanlar i\u00e7in ideal bir se\u00e7enek.","og_url":"https:\/\/hobierotikshop.com.tr\/website1\/erotik-shop-urun\/belden-baglamali-43-cm-et-dokulu-gercekci-cift-katmanli-sunnetsiz-silikon-penis-horse-power-3\/","og_site_name":"Bursa Erotik Shop","article_modified_time":"2026-01-08T11:46:30+00:00","og_image":[{"width":455,"height":455,"url":"https:\/\/hobierotikshop.com.tr\/website1\/wp-content\/uploads\/2025\/04\/belden-baglamali-43-cm-et-dokulu-gerce-f62dc3.jpg","type":"image\/jpeg"}],"twitter_card":"summary_large_image","twitter_site":"@shopbursa","twitter_misc":{"Fiyat":"&#8378;5.240,00","Availability":"Out of stock"},"schema":{"@context":"https:\/\/schema.org","@graph":[{"@type":"WebPage","@id":"https:\/\/hobierotikshop.com.tr\/website1\/erotik-shop-urun\/belden-baglamali-43-cm-et-dokulu-gercekci-cift-katmanli-sunnetsiz-silikon-penis-horse-power-3\/","url":"https:\/\/hobierotikshop.com.tr\/website1\/erotik-shop-urun\/belden-baglamali-43-cm-et-dokulu-gercekci-cift-katmanli-sunnetsiz-silikon-penis-horse-power-3\/","name":"Belden Ba\u011flamal\u0131 43 Cm Et Dokulu Ger\u00e7ek\u00e7i \u00c7ift Katmanl\u0131 S\u00fcnnetsiz Silikon Penis - Horse Power 3 - Bursa Erotik Shop","isPartOf":{"@id":"https:\/\/hobierotikshop.com.tr\/website1\/#website"},"primaryImageOfPage":{"@id":"https:\/\/hobierotikshop.com.tr\/website1\/erotik-shop-urun\/belden-baglamali-43-cm-et-dokulu-gercekci-cift-katmanli-sunnetsiz-silikon-penis-horse-power-3\/#primaryimage"},"image":{"@id":"https:\/\/hobierotikshop.com.tr\/website1\/erotik-shop-urun\/belden-baglamali-43-cm-et-dokulu-gercekci-cift-katmanli-sunnetsiz-silikon-penis-horse-power-3\/#primaryimage"},"thumbnailUrl":"https:\/\/haremerotikshop.com\/site\/wp-content\/uploads\/2025\/04\/belden-baglamali-43-cm-et-dokulu-gerce-f62dc3.jpg","datePublished":"2025-04-26T14:12:50+00:00","dateModified":"2026-01-08T11:46:30+00:00","breadcrumb":{"@id":"https:\/\/hobierotikshop.com.tr\/website1\/erotik-shop-urun\/belden-baglamali-43-cm-et-dokulu-gercekci-cift-katmanli-sunnetsiz-silikon-penis-horse-power-3\/#breadcrumb"},"inLanguage":"tr","potentialAction":[{"@type":"ReadAction","target":["https:\/\/hobierotikshop.com.tr\/website1\/erotik-shop-urun\/belden-baglamali-43-cm-et-dokulu-gercekci-cift-katmanli-sunnetsiz-silikon-penis-horse-power-3\/"]}]},{"@type":"ImageObject","inLanguage":"tr","@id":"https:\/\/hobierotikshop.com.tr\/website1\/erotik-shop-urun\/belden-baglamali-43-cm-et-dokulu-gercekci-cift-katmanli-sunnetsiz-silikon-penis-horse-power-3\/#primaryimage","url":"https:\/\/haremerotikshop.com\/site\/wp-content\/uploads\/2025\/04\/belden-baglamali-43-cm-et-dokulu-gerce-f62dc3.jpg","contentUrl":"https:\/\/haremerotikshop.com\/site\/wp-content\/uploads\/2025\/04\/belden-baglamali-43-cm-et-dokulu-gerce-f62dc3.jpg","width":455,"height":455},{"@type":"BreadcrumbList","@id":"https:\/\/hobierotikshop.com.tr\/website1\/erotik-shop-urun\/belden-baglamali-43-cm-et-dokulu-gercekci-cift-katmanli-sunnetsiz-silikon-penis-horse-power-3\/#breadcrumb","itemListElement":[{"@type":"ListItem","position":1,"name":"Anasayfa","item":"https:\/\/hobierotikshop.com.tr\/website1\/"},{"@type":"ListItem","position":2,"name":"Erotik Shop \u00dcr\u00fcnleri","item":"https:\/\/hobierotikshop.com.tr\/website1\/shop\/"},{"@type":"ListItem","position":3,"name":"Belden Ba\u011flamal\u0131 43 Cm Et Dokulu Ger\u00e7ek\u00e7i \u00c7ift Katmanl\u0131 S\u00fcnnetsiz Silikon Penis &#8211; Horse Power 3"}]},{"@type":"WebSite","@id":"https:\/\/hobierotikshop.com.tr\/website1\/#website","url":"https:\/\/hobierotikshop.com.tr\/website1\/","name":"Bursa Erotik Shop","description":"Bursa Erotik Shop ile g\u00fcvenli, gizli ve kaliteli yeti\u015fkin \u00fcr\u00fcnleri al\u0131\u015fveri\u015fi! Geni\u015f \u00fcr\u00fcn yelpazemizi ke\u015ffedin, hemen sipari\u015f verin","publisher":{"@id":"https:\/\/hobierotikshop.com.tr\/website1\/#organization"},"alternateName":"Erotik Shop","potentialAction":[{"@type":"SearchAction","target":{"@type":"EntryPoint","urlTemplate":"https:\/\/hobierotikshop.com.tr\/website1\/?s={search_term_string}"},"query-input":{"@type":"PropertyValueSpecification","valueRequired":true,"valueName":"search_term_string"}}],"inLanguage":"tr"},{"@type":"Organization","@id":"https:\/\/hobierotikshop.com.tr\/website1\/#organization","name":"Harem Bursa Erotik Shop","url":"https:\/\/hobierotikshop.com.tr\/website1\/","logo":{"@type":"ImageObject","inLanguage":"tr","@id":"https:\/\/hobierotikshop.com.tr\/website1\/#\/schema\/logo\/image\/","url":"https:\/\/haremerotikshop.com\/site\/wp-content\/uploads\/2025\/03\/haremsexshop.png","contentUrl":"https:\/\/haremerotikshop.com\/site\/wp-content\/uploads\/2025\/03\/haremsexshop.png","width":400,"height":100,"caption":"Harem Bursa Erotik Shop"},"image":{"@id":"https:\/\/hobierotikshop.com.tr\/website1\/#\/schema\/logo\/image\/"},"sameAs":["https:\/\/x.com\/shopbursa"],"publishingPrinciples":"https:\/\/hobierotikshop.com.tr\/website1\/mesafeli-satis-sozlesmesi\/","ownershipFundingInfo":"https:\/\/hobierotikshop.com.tr\/website1\/contact-us\/","actionableFeedbackPolicy":"https:\/\/hobierotikshop.com.tr\/website1\/contact-us\/","correctionsPolicy":"https:\/\/hobierotikshop.com.tr\/website1\/mesafeli-satis-sozlesmesi\/"}]},"product_price_amount":"5240.00","product_price_currency":"TRY","og_availability":"out of stock","product_availability":"out of stock","product_retailer_item_id":"BDM1583B","product_condition":"new"},"_links":{"self":[{"href":"https:\/\/haremerotikshop.com\/site\/wp-json\/wp\/v2\/product\/45268","targetHints":{"allow":["GET"]}}],"collection":[{"href":"https:\/\/haremerotikshop.com\/site\/wp-json\/wp\/v2\/product"}],"about":[{"href":"https:\/\/haremerotikshop.com\/site\/wp-json\/wp\/v2\/types\/product"}],"replies":[{"embeddable":true,"href":"https:\/\/haremerotikshop.com\/site\/wp-json\/wp\/v2\/comments?post=45268"}],"version-history":[{"count":0,"href":"https:\/\/haremerotikshop.com\/site\/wp-json\/wp\/v2\/product\/45268\/revisions"}],"wp:featuredmedia":[{"embeddable":true,"href":"https:\/\/haremerotikshop.com\/site\/wp-json\/wp\/v2\/media\/45270"}],"wp:attachment":[{"href":"https:\/\/haremerotikshop.com\/site\/wp-json\/wp\/v2\/media?parent=45268"}],"wp:term":[{"taxonomy":"product_brand","embeddable":true,"href":"https:\/\/haremerotikshop.com\/site\/wp-json\/wp\/v2\/product_brand?post=45268"},{"taxonomy":"product_cat","embeddable":true,"href":"https:\/\/haremerotikshop.com\/site\/wp-json\/wp\/v2\/product_cat?post=45268"},{"taxonomy":"product_tag","embeddable":true,"href":"https:\/\/haremerotikshop.com\/site\/wp-json\/wp\/v2\/product_tag?post=45268"}],"curies":[{"name":"wp","href":"https:\/\/api.w.org\/{rel}","templated":true}]}}