{"id":45275,"date":"2025-04-26T17:12:50","date_gmt":"2025-04-26T14:12:50","guid":{"rendered":"https:\/\/haremerotikshop.com\/site\/erotik-shop-urun\/24-cm-et-dokulu-gercekci-cift-katmanli-sunnetsiz-silikon-zenci-penis\/"},"modified":"2026-01-08T14:46:49","modified_gmt":"2026-01-08T11:46:49","slug":"24-cm-et-dokulu-gercekci-cift-katmanli-sunnetsiz-silikon-zenci-penis","status":"publish","type":"product","link":"https:\/\/haremerotikshop.com\/site\/erotik-shop-urun\/24-cm-et-dokulu-gercekci-cift-katmanli-sunnetsiz-silikon-zenci-penis\/","title":{"rendered":"24 Cm Et Dokulu Ger\u00e7ek\u00e7i \u00c7ift Katmanl\u0131 S\u00fcnnetsiz Silikon Zenci Penis"},"content":{"rendered":"<h1 class=\"\" data-start=\"52\" data-end=\"126\"><strong data-start=\"54\" data-end=\"126\">24 cm Et Dokulu Ger\u00e7ek\u00e7i \u00c7ift Katmanl\u0131 S\u00fcnnetsiz Silikon Zenci Penis<\/strong><\/h1>\n<p class=\"\" data-start=\"128\" data-end=\"515\"><strong data-start=\"128\" data-end=\"183\">Ger\u00e7ek\u00e7i ve Etkileyici Bir Deneyim \u0130\u00e7in Tasarland\u0131!<\/strong> <strong data-start=\"184\" data-end=\"256\">24 cm Et Dokulu Ger\u00e7ek\u00e7i \u00c7ift Katmanl\u0131 S\u00fcnnetsiz Silikon Zenci Penis<\/strong>, e\u015fsiz tasar\u0131m\u0131 ve kaliteli malzemesiyle \u00f6ne \u00e7\u0131k\u0131yor. Y\u00fcksek kaliteli silikon malzeme ile \u00fcretilmi\u015f olan bu \u00fcr\u00fcn, her kullan\u0131mda m\u00fckemmel bir ger\u00e7ek\u00e7ilik ve konfor sunar. Su ge\u00e7irmez \u00f6zelli\u011fi sayesinde banyo veya du\u015f gibi alanlarda rahatl\u0131kla kullan\u0131labilir.<\/p>\n<h2 class=\"\" data-start=\"517\" data-end=\"541\"><strong data-start=\"520\" data-end=\"541\">\u00dcr\u00fcn \u00d6zellikleri:<\/strong><\/h2>\n<ul data-start=\"543\" data-end=\"1389\">\n<li class=\"\" data-start=\"543\" data-end=\"727\">\n<p class=\"\" data-start=\"545\" data-end=\"727\"><strong data-start=\"545\" data-end=\"576\">Ger\u00e7ek\u00e7i ve Detayl\u0131 Tasar\u0131m<\/strong>: Damarl\u0131 yap\u0131s\u0131, et dokusu ve zenci rengi ile do\u011fal bir deneyim sunar. Ger\u00e7ek ten hissiyat\u0131 sa\u011flar, bu sayede her kullan\u0131mda e\u015fsiz bir zevk al\u0131rs\u0131n\u0131z.<\/p>\n<\/li>\n<li class=\"\" data-start=\"728\" data-end=\"893\">\n<p class=\"\" data-start=\"730\" data-end=\"893\"><strong data-start=\"730\" data-end=\"758\">Kaliteli Silikon Malzeme<\/strong>: Sa\u011flam, dayan\u0131kl\u0131 ve cilt dostu silikon malzeme kullan\u0131larak \u00fcretilmi\u015ftir. \u00dcr\u00fcn\u00fcn uzun \u00f6m\u00fcrl\u00fc olmas\u0131 i\u00e7in \u00f6zel olarak tasarlanm\u0131\u015ft\u0131r.<\/p>\n<\/li>\n<li class=\"\" data-start=\"894\" data-end=\"1043\">\n<p class=\"\" data-start=\"896\" data-end=\"1043\"><strong data-start=\"896\" data-end=\"919\">Su Ge\u00e7irmez \u00d6zellik<\/strong>: Banyo veya du\u015f gibi suyla temas eden ortamlarda g\u00fcvenle kullan\u0131labilir, su ge\u00e7irmez tasar\u0131m\u0131 ile her ko\u015fulda dayan\u0131kl\u0131d\u0131r.<\/p>\n<\/li>\n<li class=\"\" data-start=\"1044\" data-end=\"1210\">\n<p class=\"\" data-start=\"1046\" data-end=\"1210\"><strong data-start=\"1046\" data-end=\"1075\">Testisli ve Vantuzlu Yap\u0131<\/strong>: Testisli yap\u0131s\u0131 ve g\u00fc\u00e7l\u00fc vantuzlu tasar\u0131m\u0131 ile \u00fcr\u00fcn, her y\u00fczeye g\u00fcvenle sabitlenir. \u0130stedi\u011finiz pozisyonda rahat\u00e7a kullanabilirsiniz.<\/p>\n<\/li>\n<li class=\"\" data-start=\"1211\" data-end=\"1389\">\n<p class=\"\" data-start=\"1213\" data-end=\"1228\"><strong data-start=\"1213\" data-end=\"1225\">Boyutlar<\/strong>:<\/p>\n<ul data-start=\"1231\" data-end=\"1389\">\n<li class=\"\" data-start=\"1231\" data-end=\"1260\">\n<p class=\"\" data-start=\"1233\" data-end=\"1260\"><strong data-start=\"1233\" data-end=\"1251\">Toplam Uzunluk<\/strong>: 24 cm<\/p>\n<\/li>\n<li class=\"\" data-start=\"1263\" data-end=\"1282\">\n<p class=\"\" data-start=\"1265\" data-end=\"1282\"><strong data-start=\"1265\" data-end=\"1272\">\u00c7ap<\/strong>: 4,3 cm<\/p>\n<\/li>\n<li class=\"\" data-start=\"1285\" data-end=\"1324\">\n<p class=\"\" data-start=\"1287\" data-end=\"1324\"><strong data-start=\"1287\" data-end=\"1313\">Kullan\u0131labilir Uzunluk<\/strong>: 18,5 cm<\/p>\n<\/li>\n<li class=\"\" data-start=\"1327\" data-end=\"1389\">\n<p class=\"\" data-start=\"1329\" data-end=\"1389\"><strong data-start=\"1329\" data-end=\"1341\">Esneklik<\/strong>: Esnek yap\u0131s\u0131 sayesinde her v\u00fccuda uyum sa\u011flar.<\/p>\n<\/li>\n<\/ul>\n<\/li>\n<\/ul>\n<hr class=\"\" data-start=\"1391\" data-end=\"1394\" \/>\n<h2 class=\"\" data-start=\"1396\" data-end=\"1414\"><strong data-start=\"1399\" data-end=\"1414\">Avantajlar:<\/strong><\/h2>\n<ul data-start=\"1416\" data-end=\"1968\">\n<li class=\"\" data-start=\"1416\" data-end=\"1582\">\n<p class=\"\" data-start=\"1418\" data-end=\"1582\"><strong data-start=\"1418\" data-end=\"1438\">Ger\u00e7ek\u00e7i Deneyim<\/strong>: Et dokusu, damarl\u0131 yap\u0131 ve zenci rengi ile ger\u00e7ek\u00e7i bir deneyim ya\u015fat\u0131r. Ten hassasiyetine \u00f6zel tasar\u0131m, her kullan\u0131c\u0131n\u0131n ihtiyac\u0131n\u0131 kar\u015f\u0131lar.<\/p>\n<\/li>\n<li class=\"\" data-start=\"1583\" data-end=\"1731\">\n<p class=\"\" data-start=\"1585\" data-end=\"1731\"><strong data-start=\"1585\" data-end=\"1609\">Uzun S\u00fcreli Kullan\u0131m<\/strong>: Y\u00fcksek kaliteli silikon malzeme, \u00fcr\u00fcn\u00fcn uzun s\u00fcre dayanmas\u0131n\u0131 sa\u011flar. \u00dcr\u00fcn her kullan\u0131mda ilk g\u00fcnk\u00fc performans\u0131n\u0131 sunar.<\/p>\n<\/li>\n<li class=\"\" data-start=\"1732\" data-end=\"1863\">\n<p class=\"\" data-start=\"1734\" data-end=\"1863\"><strong data-start=\"1734\" data-end=\"1764\">Pratik ve G\u00fcvenli Kullan\u0131m<\/strong>: Testisli yap\u0131s\u0131 ve vantuzlu tasar\u0131m\u0131 ile rahat\u00e7a yerle\u015ftirilebilir ve kullan\u0131m\u0131 olduk\u00e7a kolayd\u0131r.<\/p>\n<\/li>\n<li class=\"\" data-start=\"1864\" data-end=\"1968\">\n<p class=\"\" data-start=\"1866\" data-end=\"1968\"><strong data-start=\"1866\" data-end=\"1889\">Su Ge\u00e7irmez \u00d6zellik<\/strong>: Su ge\u00e7irmez \u00f6zelli\u011fi ile banyo, du\u015f gibi alanlarda da g\u00fcvenle kullan\u0131labilir.<\/p>\n<\/li>\n<\/ul>\n<hr class=\"\" data-start=\"1970\" data-end=\"1973\" \/>\n<h2 class=\"\" data-start=\"1975\" data-end=\"2010\"><strong data-start=\"1978\" data-end=\"2010\">Kullan\u0131m ve Bak\u0131m \u00d6nerileri:<\/strong><\/h2>\n<ul data-start=\"2012\" data-end=\"2381\">\n<li class=\"\" data-start=\"2012\" data-end=\"2146\">\n<p class=\"\" data-start=\"2014\" data-end=\"2146\"><strong data-start=\"2014\" data-end=\"2043\">Kayganla\u015ft\u0131r\u0131c\u0131 Kullan\u0131m\u0131<\/strong>: \u00dcr\u00fcn\u00fcn daha konforlu ve keyifli bir deneyim sunmas\u0131 i\u00e7in kayganla\u015ft\u0131r\u0131c\u0131 kullanman\u0131z\u0131 tavsiye ederiz.<\/p>\n<\/li>\n<li class=\"\" data-start=\"2147\" data-end=\"2287\">\n<p class=\"\" data-start=\"2149\" data-end=\"2287\"><strong data-start=\"2149\" data-end=\"2161\">Temizlik<\/strong>: \u00dcr\u00fcn\u00fc her kullan\u0131m sonras\u0131 \u0131l\u0131k su ve sabun ile nazik\u00e7e temizleyin, hijyenik kalmas\u0131n\u0131 sa\u011flamak i\u00e7in d\u00fczenli temizlik yap\u0131n.<\/p>\n<\/li>\n<li class=\"\" data-start=\"2288\" data-end=\"2381\">\n<p class=\"\" data-start=\"2290\" data-end=\"2381\"><strong data-start=\"2290\" data-end=\"2302\">Depolama<\/strong>: \u00dcr\u00fcn\u00fc kuru ve temiz bir yerde saklayarak kullan\u0131m \u00f6mr\u00fcn\u00fc uzun tutabilirsiniz.<\/p>\n<\/li>\n<\/ul>\n<hr class=\"\" data-start=\"2383\" data-end=\"2386\" \/>\n<h2 class=\"\" data-start=\"2388\" data-end=\"2425\"><strong data-start=\"2391\" data-end=\"2425\">Sipari\u015f ve Teslimat Bilgileri:<\/strong><\/h2>\n<ul data-start=\"2427\" data-end=\"2758\">\n<li class=\"\" data-start=\"2427\" data-end=\"2549\">\n<p class=\"\" data-start=\"2429\" data-end=\"2549\"><strong data-start=\"2429\" data-end=\"2448\">Gizli Paketleme<\/strong>: Sipari\u015fleriniz gizli ve kapal\u0131 paketlerle g\u00f6nderilir, b\u00f6ylece mahremiyetiniz g\u00fcvence alt\u0131na al\u0131n\u0131r.<\/p>\n<\/li>\n<li class=\"\" data-start=\"2550\" data-end=\"2686\">\n<p class=\"\" data-start=\"2552\" data-end=\"2574\"><strong data-start=\"2552\" data-end=\"2573\">\u00d6deme Se\u00e7enekleri<\/strong>:<\/p>\n<ul data-start=\"2577\" data-end=\"2686\">\n<li class=\"\" data-start=\"2577\" data-end=\"2591\">\n<p class=\"\" data-start=\"2579\" data-end=\"2591\">Kap\u0131da \u00f6deme<\/p>\n<\/li>\n<li class=\"\" data-start=\"2594\" data-end=\"2617\">\n<p class=\"\" data-start=\"2596\" data-end=\"2617\">Kredi kart\u0131 ile \u00f6deme<\/p>\n<\/li>\n<li class=\"\" data-start=\"2620\" data-end=\"2640\">\n<p class=\"\" data-start=\"2622\" data-end=\"2640\">Banka havalesi\/EFT<\/p>\n<\/li>\n<li class=\"\" data-start=\"2643\" data-end=\"2686\">\n<p class=\"\" data-start=\"2645\" data-end=\"2686\">Tek \u00e7ekim veya taksitli \u00f6deme se\u00e7enekleri<\/p>\n<\/li>\n<\/ul>\n<\/li>\n<li class=\"\" data-start=\"2687\" data-end=\"2758\">\n<p class=\"\" data-start=\"2689\" data-end=\"2714\"><strong data-start=\"2689\" data-end=\"2713\">Teslimat Se\u00e7enekleri<\/strong>:<\/p>\n<ul data-start=\"2717\" data-end=\"2758\">\n<li class=\"\" data-start=\"2717\" data-end=\"2734\">\n<p class=\"\" data-start=\"2719\" data-end=\"2734\">Kap\u0131n\u0131za teslim<\/p>\n<\/li>\n<li class=\"\" data-start=\"2737\" data-end=\"2758\">\n<p class=\"\" data-start=\"2739\" data-end=\"2758\">\u015eubeden teslim alma<\/p>\n<\/li>\n<\/ul>\n<\/li>\n<\/ul>\n<p class=\"\" data-start=\"2760\" data-end=\"2844\"><strong data-start=\"2760\" data-end=\"2844\">T\u00fcm \u00fcr\u00fcnlerimiz firmam\u0131z g\u00fcvencesi alt\u0131nda, eksiksiz ve zaman\u0131nda teslim edilir.<\/strong><\/p>\n<p class=\"\" data-start=\"2846\" data-end=\"2988\">\u2728 <strong data-start=\"2848\" data-end=\"2884\">Kap\u0131da \u00d6deme &#8211; G\u00fcvenli Al\u0131\u015fveri\u015f<\/strong><br data-start=\"2884\" data-end=\"2887\" \/>\u2728 <strong data-start=\"2889\" data-end=\"2934\">H\u0131zl\u0131 G\u00f6nderim ve Orijinal \u00dcr\u00fcn Garantisi<\/strong><br data-start=\"2934\" data-end=\"2937\" \/>\u2728 <strong data-start=\"2939\" data-end=\"2988\">Gizli Paketleme ile Mahremiyetinizi Koruyoruz<\/strong><\/p>\n<hr class=\"\" data-start=\"2990\" data-end=\"2993\" \/>\n<p class=\"\" data-start=\"2995\" data-end=\"3066\">\ud83c\udfaf <strong data-start=\"2998\" data-end=\"3066\">Hemen sipari\u015f verin ve bu ger\u00e7ek\u00e7i deneyimi ke\u015ffetmeye ba\u015flay\u0131n!<\/strong><\/p>\n<p>&nbsp;<\/p>\n<p>&nbsp;<\/p>\n<p>&nbsp;<\/p>\n","protected":false},"excerpt":{"rendered":"<p><strong data-start=\"128\" data-end=\"183\">Ger\u00e7ek\u00e7i ve Etkileyici Bir Deneyim \u0130\u00e7in Tasarland\u0131!<\/strong> <strong data-start=\"184\" data-end=\"256\">24 cm Et Dokulu Ger\u00e7ek\u00e7i \u00c7ift Katmanl\u0131 S\u00fcnnetsiz Silikon Zenci Penis<\/strong>, e\u015fsiz tasar\u0131m\u0131 ve kaliteli malzemesiyle \u00f6ne \u00e7\u0131k\u0131yor. Y\u00fcksek kaliteli silikon malzeme ile \u00fcretilmi\u015f olan bu \u00fcr\u00fcn, her kullan\u0131mda m\u00fckemmel bir ger\u00e7ek\u00e7ilik ve konfor sunar. Su ge\u00e7irmez \u00f6zelli\u011fi sayesinde banyo veya du\u015f gibi alanlarda rahatl\u0131kla kullan\u0131labilir.<\/p>\n","protected":false},"featured_media":45277,"comment_status":"closed","ping_status":"closed","template":"","meta":[],"product_brand":[],"product_cat":[501],"product_tag":[],"class_list":{"0":"post-45275","1":"product","2":"type-product","3":"status-publish","4":"has-post-thumbnail","6":"product_cat-realistik-penisler","8":"first","9":"outofstock","10":"purchasable","11":"product-type-simple"},"yoast_head":"<!-- This site is optimized with the Yoast SEO Premium plugin v24.4 (Yoast SEO v27.1.1) - https:\/\/yoast.com\/product\/yoast-seo-premium-wordpress\/ -->\n<title>24 Cm Et Dokulu Ger\u00e7ek\u00e7i \u00c7ift Katmanl\u0131 S\u00fcnnetsiz Silikon Zenci Penis - Bursa Erotik Shop<\/title>\n<meta name=\"robots\" content=\"index, follow, max-snippet:-1, max-image-preview:large, max-video-preview:-1\" \/>\n<link rel=\"canonical\" href=\"https:\/\/hobierotikshop.com.tr\/website1\/erotik-shop-urun\/24-cm-et-dokulu-gercekci-cift-katmanli-sunnetsiz-silikon-zenci-penis\/\" \/>\n<meta property=\"og:locale\" content=\"tr_TR\" \/>\n<meta property=\"og:type\" content=\"article\" \/>\n<meta property=\"og:title\" content=\"24 Cm Et Dokulu Ger\u00e7ek\u00e7i \u00c7ift Katmanl\u0131 S\u00fcnnetsiz Silikon Zenci Penis\" \/>\n<meta property=\"og:description\" content=\"Ger\u00e7ek\u00e7i ve Etkileyici Bir Deneyim \u0130\u00e7in Tasarland\u0131! 24 cm Et Dokulu Ger\u00e7ek\u00e7i \u00c7ift Katmanl\u0131 S\u00fcnnetsiz Silikon Zenci Penis, e\u015fsiz tasar\u0131m\u0131 ve kaliteli malzemesiyle \u00f6ne \u00e7\u0131k\u0131yor. Y\u00fcksek kaliteli silikon malzeme ile \u00fcretilmi\u015f olan bu \u00fcr\u00fcn, her kullan\u0131mda m\u00fckemmel bir ger\u00e7ek\u00e7ilik ve konfor sunar. Su ge\u00e7irmez \u00f6zelli\u011fi sayesinde banyo veya du\u015f gibi alanlarda rahatl\u0131kla kullan\u0131labilir.\" \/>\n<meta property=\"og:url\" content=\"https:\/\/hobierotikshop.com.tr\/website1\/erotik-shop-urun\/24-cm-et-dokulu-gercekci-cift-katmanli-sunnetsiz-silikon-zenci-penis\/\" \/>\n<meta property=\"og:site_name\" content=\"Bursa Erotik Shop\" \/>\n<meta property=\"article:modified_time\" content=\"2026-01-08T11:46:49+00:00\" \/>\n<meta property=\"og:image\" content=\"https:\/\/hobierotikshop.com.tr\/website1\/wp-content\/uploads\/2025\/04\/24-cm-et-dokulu-gercekci-cift-katmanli-cb5c9f.jpg\" \/>\n\t<meta property=\"og:image:width\" content=\"455\" \/>\n\t<meta property=\"og:image:height\" content=\"432\" \/>\n\t<meta property=\"og:image:type\" content=\"image\/jpeg\" \/>\n<meta name=\"twitter:card\" content=\"summary_large_image\" \/>\n<meta name=\"twitter:site\" content=\"@shopbursa\" \/>\n<meta name=\"twitter:label1\" content=\"Fiyat\" \/>\n\t<meta name=\"twitter:data1\" content=\"&#8378;2.528,00\" \/>\n\t<meta name=\"twitter:label2\" content=\"Availability\" \/>\n\t<meta name=\"twitter:data2\" content=\"Out of stock\" \/>\n<script type=\"application\/ld+json\" class=\"yoast-schema-graph\">{\"@context\":\"https:\/\/schema.org\",\"@graph\":[{\"@type\":\"WebPage\",\"@id\":\"https:\/\/hobierotikshop.com.tr\/website1\/erotik-shop-urun\/24-cm-et-dokulu-gercekci-cift-katmanli-sunnetsiz-silikon-zenci-penis\/\",\"url\":\"https:\/\/hobierotikshop.com.tr\/website1\/erotik-shop-urun\/24-cm-et-dokulu-gercekci-cift-katmanli-sunnetsiz-silikon-zenci-penis\/\",\"name\":\"24 Cm Et Dokulu Ger\u00e7ek\u00e7i \u00c7ift Katmanl\u0131 S\u00fcnnetsiz Silikon Zenci Penis - Bursa Erotik Shop\",\"isPartOf\":{\"@id\":\"https:\/\/hobierotikshop.com.tr\/website1\/#website\"},\"primaryImageOfPage\":{\"@id\":\"https:\/\/hobierotikshop.com.tr\/website1\/erotik-shop-urun\/24-cm-et-dokulu-gercekci-cift-katmanli-sunnetsiz-silikon-zenci-penis\/#primaryimage\"},\"image\":{\"@id\":\"https:\/\/hobierotikshop.com.tr\/website1\/erotik-shop-urun\/24-cm-et-dokulu-gercekci-cift-katmanli-sunnetsiz-silikon-zenci-penis\/#primaryimage\"},\"thumbnailUrl\":\"https:\/\/haremerotikshop.com\/site\/wp-content\/uploads\/2025\/04\/24-cm-et-dokulu-gercekci-cift-katmanli-cb5c9f.jpg\",\"datePublished\":\"2025-04-26T14:12:50+00:00\",\"dateModified\":\"2026-01-08T11:46:49+00:00\",\"breadcrumb\":{\"@id\":\"https:\/\/hobierotikshop.com.tr\/website1\/erotik-shop-urun\/24-cm-et-dokulu-gercekci-cift-katmanli-sunnetsiz-silikon-zenci-penis\/#breadcrumb\"},\"inLanguage\":\"tr\",\"potentialAction\":[{\"@type\":\"ReadAction\",\"target\":[\"https:\/\/hobierotikshop.com.tr\/website1\/erotik-shop-urun\/24-cm-et-dokulu-gercekci-cift-katmanli-sunnetsiz-silikon-zenci-penis\/\"]}]},{\"@type\":\"ImageObject\",\"inLanguage\":\"tr\",\"@id\":\"https:\/\/hobierotikshop.com.tr\/website1\/erotik-shop-urun\/24-cm-et-dokulu-gercekci-cift-katmanli-sunnetsiz-silikon-zenci-penis\/#primaryimage\",\"url\":\"https:\/\/haremerotikshop.com\/site\/wp-content\/uploads\/2025\/04\/24-cm-et-dokulu-gercekci-cift-katmanli-cb5c9f.jpg\",\"contentUrl\":\"https:\/\/haremerotikshop.com\/site\/wp-content\/uploads\/2025\/04\/24-cm-et-dokulu-gercekci-cift-katmanli-cb5c9f.jpg\",\"width\":455,\"height\":432},{\"@type\":\"BreadcrumbList\",\"@id\":\"https:\/\/hobierotikshop.com.tr\/website1\/erotik-shop-urun\/24-cm-et-dokulu-gercekci-cift-katmanli-sunnetsiz-silikon-zenci-penis\/#breadcrumb\",\"itemListElement\":[{\"@type\":\"ListItem\",\"position\":1,\"name\":\"Anasayfa\",\"item\":\"https:\/\/hobierotikshop.com.tr\/website1\/\"},{\"@type\":\"ListItem\",\"position\":2,\"name\":\"Erotik Shop \u00dcr\u00fcnleri\",\"item\":\"https:\/\/hobierotikshop.com.tr\/website1\/shop\/\"},{\"@type\":\"ListItem\",\"position\":3,\"name\":\"24 Cm Et Dokulu Ger\u00e7ek\u00e7i \u00c7ift Katmanl\u0131 S\u00fcnnetsiz Silikon Zenci Penis\"}]},{\"@type\":\"WebSite\",\"@id\":\"https:\/\/hobierotikshop.com.tr\/website1\/#website\",\"url\":\"https:\/\/hobierotikshop.com.tr\/website1\/\",\"name\":\"Bursa Erotik Shop\",\"description\":\"Bursa Erotik Shop ile g\u00fcvenli, gizli ve kaliteli yeti\u015fkin \u00fcr\u00fcnleri al\u0131\u015fveri\u015fi! Geni\u015f \u00fcr\u00fcn yelpazemizi ke\u015ffedin, hemen sipari\u015f verin\",\"publisher\":{\"@id\":\"https:\/\/hobierotikshop.com.tr\/website1\/#organization\"},\"alternateName\":\"Erotik Shop\",\"potentialAction\":[{\"@type\":\"SearchAction\",\"target\":{\"@type\":\"EntryPoint\",\"urlTemplate\":\"https:\/\/hobierotikshop.com.tr\/website1\/?s={search_term_string}\"},\"query-input\":{\"@type\":\"PropertyValueSpecification\",\"valueRequired\":true,\"valueName\":\"search_term_string\"}}],\"inLanguage\":\"tr\"},{\"@type\":\"Organization\",\"@id\":\"https:\/\/hobierotikshop.com.tr\/website1\/#organization\",\"name\":\"Harem Bursa Erotik Shop\",\"url\":\"https:\/\/hobierotikshop.com.tr\/website1\/\",\"logo\":{\"@type\":\"ImageObject\",\"inLanguage\":\"tr\",\"@id\":\"https:\/\/hobierotikshop.com.tr\/website1\/#\/schema\/logo\/image\/\",\"url\":\"https:\/\/haremerotikshop.com\/wp-content\/uploads\/2025\/03\/haremsexshop.png\",\"contentUrl\":\"https:\/\/haremerotikshop.com\/wp-content\/uploads\/2025\/03\/haremsexshop.png\",\"width\":400,\"height\":100,\"caption\":\"Harem Bursa Erotik Shop\"},\"image\":{\"@id\":\"https:\/\/hobierotikshop.com.tr\/website1\/#\/schema\/logo\/image\/\"},\"sameAs\":[\"https:\/\/x.com\/shopbursa\"],\"publishingPrinciples\":\"https:\/\/hobierotikshop.com.tr\/website1\/mesafeli-satis-sozlesmesi\/\",\"ownershipFundingInfo\":\"https:\/\/hobierotikshop.com.tr\/website1\/contact-us\/\",\"actionableFeedbackPolicy\":\"https:\/\/hobierotikshop.com.tr\/website1\/contact-us\/\",\"correctionsPolicy\":\"https:\/\/hobierotikshop.com.tr\/website1\/mesafeli-satis-sozlesmesi\/\"}]}<\/script>\n<meta property=\"product:price:amount\" content=\"2528.00\" \/>\n<meta property=\"product:price:currency\" content=\"TRY\" \/>\n<meta property=\"og:availability\" content=\"out of stock\" \/>\n<meta property=\"product:availability\" content=\"out of stock\" \/>\n<meta property=\"product:retailer_item_id\" content=\"BDM1521S\" \/>\n<meta property=\"product:condition\" content=\"new\" \/>\n<!-- \/ Yoast SEO Premium plugin. -->","yoast_head_json":{"title":"24 Cm Et Dokulu Ger\u00e7ek\u00e7i \u00c7ift Katmanl\u0131 S\u00fcnnetsiz Silikon Zenci Penis - Bursa Erotik Shop","robots":{"index":"index","follow":"follow","max-snippet":"max-snippet:-1","max-image-preview":"max-image-preview:large","max-video-preview":"max-video-preview:-1"},"canonical":"https:\/\/hobierotikshop.com.tr\/website1\/erotik-shop-urun\/24-cm-et-dokulu-gercekci-cift-katmanli-sunnetsiz-silikon-zenci-penis\/","og_locale":"tr_TR","og_type":"article","og_title":"24 Cm Et Dokulu Ger\u00e7ek\u00e7i \u00c7ift Katmanl\u0131 S\u00fcnnetsiz Silikon Zenci Penis","og_description":"Ger\u00e7ek\u00e7i ve Etkileyici Bir Deneyim \u0130\u00e7in Tasarland\u0131! 24 cm Et Dokulu Ger\u00e7ek\u00e7i \u00c7ift Katmanl\u0131 S\u00fcnnetsiz Silikon Zenci Penis, e\u015fsiz tasar\u0131m\u0131 ve kaliteli malzemesiyle \u00f6ne \u00e7\u0131k\u0131yor. Y\u00fcksek kaliteli silikon malzeme ile \u00fcretilmi\u015f olan bu \u00fcr\u00fcn, her kullan\u0131mda m\u00fckemmel bir ger\u00e7ek\u00e7ilik ve konfor sunar. Su ge\u00e7irmez \u00f6zelli\u011fi sayesinde banyo veya du\u015f gibi alanlarda rahatl\u0131kla kullan\u0131labilir.","og_url":"https:\/\/hobierotikshop.com.tr\/website1\/erotik-shop-urun\/24-cm-et-dokulu-gercekci-cift-katmanli-sunnetsiz-silikon-zenci-penis\/","og_site_name":"Bursa Erotik Shop","article_modified_time":"2026-01-08T11:46:49+00:00","og_image":[{"width":455,"height":432,"url":"https:\/\/hobierotikshop.com.tr\/website1\/wp-content\/uploads\/2025\/04\/24-cm-et-dokulu-gercekci-cift-katmanli-cb5c9f.jpg","type":"image\/jpeg"}],"twitter_card":"summary_large_image","twitter_site":"@shopbursa","twitter_misc":{"Fiyat":"&#8378;2.528,00","Availability":"Out of stock"},"schema":{"@context":"https:\/\/schema.org","@graph":[{"@type":"WebPage","@id":"https:\/\/hobierotikshop.com.tr\/website1\/erotik-shop-urun\/24-cm-et-dokulu-gercekci-cift-katmanli-sunnetsiz-silikon-zenci-penis\/","url":"https:\/\/hobierotikshop.com.tr\/website1\/erotik-shop-urun\/24-cm-et-dokulu-gercekci-cift-katmanli-sunnetsiz-silikon-zenci-penis\/","name":"24 Cm Et Dokulu Ger\u00e7ek\u00e7i \u00c7ift Katmanl\u0131 S\u00fcnnetsiz Silikon Zenci Penis - Bursa Erotik Shop","isPartOf":{"@id":"https:\/\/hobierotikshop.com.tr\/website1\/#website"},"primaryImageOfPage":{"@id":"https:\/\/hobierotikshop.com.tr\/website1\/erotik-shop-urun\/24-cm-et-dokulu-gercekci-cift-katmanli-sunnetsiz-silikon-zenci-penis\/#primaryimage"},"image":{"@id":"https:\/\/hobierotikshop.com.tr\/website1\/erotik-shop-urun\/24-cm-et-dokulu-gercekci-cift-katmanli-sunnetsiz-silikon-zenci-penis\/#primaryimage"},"thumbnailUrl":"https:\/\/haremerotikshop.com\/site\/wp-content\/uploads\/2025\/04\/24-cm-et-dokulu-gercekci-cift-katmanli-cb5c9f.jpg","datePublished":"2025-04-26T14:12:50+00:00","dateModified":"2026-01-08T11:46:49+00:00","breadcrumb":{"@id":"https:\/\/hobierotikshop.com.tr\/website1\/erotik-shop-urun\/24-cm-et-dokulu-gercekci-cift-katmanli-sunnetsiz-silikon-zenci-penis\/#breadcrumb"},"inLanguage":"tr","potentialAction":[{"@type":"ReadAction","target":["https:\/\/hobierotikshop.com.tr\/website1\/erotik-shop-urun\/24-cm-et-dokulu-gercekci-cift-katmanli-sunnetsiz-silikon-zenci-penis\/"]}]},{"@type":"ImageObject","inLanguage":"tr","@id":"https:\/\/hobierotikshop.com.tr\/website1\/erotik-shop-urun\/24-cm-et-dokulu-gercekci-cift-katmanli-sunnetsiz-silikon-zenci-penis\/#primaryimage","url":"https:\/\/haremerotikshop.com\/site\/wp-content\/uploads\/2025\/04\/24-cm-et-dokulu-gercekci-cift-katmanli-cb5c9f.jpg","contentUrl":"https:\/\/haremerotikshop.com\/site\/wp-content\/uploads\/2025\/04\/24-cm-et-dokulu-gercekci-cift-katmanli-cb5c9f.jpg","width":455,"height":432},{"@type":"BreadcrumbList","@id":"https:\/\/hobierotikshop.com.tr\/website1\/erotik-shop-urun\/24-cm-et-dokulu-gercekci-cift-katmanli-sunnetsiz-silikon-zenci-penis\/#breadcrumb","itemListElement":[{"@type":"ListItem","position":1,"name":"Anasayfa","item":"https:\/\/hobierotikshop.com.tr\/website1\/"},{"@type":"ListItem","position":2,"name":"Erotik Shop \u00dcr\u00fcnleri","item":"https:\/\/hobierotikshop.com.tr\/website1\/shop\/"},{"@type":"ListItem","position":3,"name":"24 Cm Et Dokulu Ger\u00e7ek\u00e7i \u00c7ift Katmanl\u0131 S\u00fcnnetsiz Silikon Zenci Penis"}]},{"@type":"WebSite","@id":"https:\/\/hobierotikshop.com.tr\/website1\/#website","url":"https:\/\/hobierotikshop.com.tr\/website1\/","name":"Bursa Erotik Shop","description":"Bursa Erotik Shop ile g\u00fcvenli, gizli ve kaliteli yeti\u015fkin \u00fcr\u00fcnleri al\u0131\u015fveri\u015fi! Geni\u015f \u00fcr\u00fcn yelpazemizi ke\u015ffedin, hemen sipari\u015f verin","publisher":{"@id":"https:\/\/hobierotikshop.com.tr\/website1\/#organization"},"alternateName":"Erotik Shop","potentialAction":[{"@type":"SearchAction","target":{"@type":"EntryPoint","urlTemplate":"https:\/\/hobierotikshop.com.tr\/website1\/?s={search_term_string}"},"query-input":{"@type":"PropertyValueSpecification","valueRequired":true,"valueName":"search_term_string"}}],"inLanguage":"tr"},{"@type":"Organization","@id":"https:\/\/hobierotikshop.com.tr\/website1\/#organization","name":"Harem Bursa Erotik Shop","url":"https:\/\/hobierotikshop.com.tr\/website1\/","logo":{"@type":"ImageObject","inLanguage":"tr","@id":"https:\/\/hobierotikshop.com.tr\/website1\/#\/schema\/logo\/image\/","url":"https:\/\/haremerotikshop.com\/wp-content\/uploads\/2025\/03\/haremsexshop.png","contentUrl":"https:\/\/haremerotikshop.com\/wp-content\/uploads\/2025\/03\/haremsexshop.png","width":400,"height":100,"caption":"Harem Bursa Erotik Shop"},"image":{"@id":"https:\/\/hobierotikshop.com.tr\/website1\/#\/schema\/logo\/image\/"},"sameAs":["https:\/\/x.com\/shopbursa"],"publishingPrinciples":"https:\/\/hobierotikshop.com.tr\/website1\/mesafeli-satis-sozlesmesi\/","ownershipFundingInfo":"https:\/\/hobierotikshop.com.tr\/website1\/contact-us\/","actionableFeedbackPolicy":"https:\/\/hobierotikshop.com.tr\/website1\/contact-us\/","correctionsPolicy":"https:\/\/hobierotikshop.com.tr\/website1\/mesafeli-satis-sozlesmesi\/"}]},"product_price_amount":"2528.00","product_price_currency":"TRY","og_availability":"out of stock","product_availability":"out of stock","product_retailer_item_id":"BDM1521S","product_condition":"new"},"_links":{"self":[{"href":"https:\/\/haremerotikshop.com\/site\/wp-json\/wp\/v2\/product\/45275","targetHints":{"allow":["GET"]}}],"collection":[{"href":"https:\/\/haremerotikshop.com\/site\/wp-json\/wp\/v2\/product"}],"about":[{"href":"https:\/\/haremerotikshop.com\/site\/wp-json\/wp\/v2\/types\/product"}],"replies":[{"embeddable":true,"href":"https:\/\/haremerotikshop.com\/site\/wp-json\/wp\/v2\/comments?post=45275"}],"version-history":[{"count":0,"href":"https:\/\/haremerotikshop.com\/site\/wp-json\/wp\/v2\/product\/45275\/revisions"}],"wp:featuredmedia":[{"embeddable":true,"href":"https:\/\/haremerotikshop.com\/site\/wp-json\/wp\/v2\/media\/45277"}],"wp:attachment":[{"href":"https:\/\/haremerotikshop.com\/site\/wp-json\/wp\/v2\/media?parent=45275"}],"wp:term":[{"taxonomy":"product_brand","embeddable":true,"href":"https:\/\/haremerotikshop.com\/site\/wp-json\/wp\/v2\/product_brand?post=45275"},{"taxonomy":"product_cat","embeddable":true,"href":"https:\/\/haremerotikshop.com\/site\/wp-json\/wp\/v2\/product_cat?post=45275"},{"taxonomy":"product_tag","embeddable":true,"href":"https:\/\/haremerotikshop.com\/site\/wp-json\/wp\/v2\/product_tag?post=45275"}],"curies":[{"name":"wp","href":"https:\/\/api.w.org\/{rel}","templated":true}]}}