{"id":45281,"date":"2025-04-26T17:12:50","date_gmt":"2025-04-26T14:12:50","guid":{"rendered":"https:\/\/haremerotikshop.com\/site\/erotik-shop-urun\/belden-baglamali-24-cm-et-dokulu-gercekci-cift-katmanli-sunnetsiz-silikon-zenci-penis\/"},"modified":"2026-01-08T14:48:27","modified_gmt":"2026-01-08T11:48:27","slug":"belden-baglamali-24-cm-et-dokulu-gercekci-cift-katmanli-sunnetsiz-silikon-zenci-penis","status":"publish","type":"product","link":"https:\/\/haremerotikshop.com\/site\/erotik-shop-urun\/belden-baglamali-24-cm-et-dokulu-gercekci-cift-katmanli-sunnetsiz-silikon-zenci-penis\/","title":{"rendered":"Belden Ba\u011flamal\u0131 24 Cm Et Dokulu Ger\u00e7ek\u00e7i \u00c7ift Katmanl\u0131 S\u00fcnnetsiz Silikon Zenci Penis"},"content":{"rendered":"<h1 class=\"\" data-start=\"58\" data-end=\"149\"><strong data-start=\"60\" data-end=\"149\">Belden Ba\u011flamal\u0131 24 cm Et Dokulu Ger\u00e7ek\u00e7i \u00c7ift Katmanl\u0131 S\u00fcnnetsiz Silikon Zenci Penis<\/strong><\/h1>\n<p class=\"\" data-start=\"151\" data-end=\"461\">Y\u00fcksek kaliteyi, ger\u00e7ek\u00e7i g\u00f6r\u00fcn\u00fcm\u00fc ve konforu arayanlar i\u00e7in <strong data-start=\"212\" data-end=\"301\">Belden Ba\u011flamal\u0131 24 cm Et Dokulu Ger\u00e7ek\u00e7i \u00c7ift Katmanl\u0131 S\u00fcnnetsiz Silikon Zenci Penis<\/strong>, her detay\u0131nda m\u00fckemmel tasarlanm\u0131\u015f bir \u00fcr\u00fcnd\u00fcr. \u00d6zel silikon malzeme ile \u00fcretilmi\u015f bu \u00fcr\u00fcn, do\u011fal bir hisse sahip olup, kullan\u0131c\u0131s\u0131na e\u015fsiz bir deneyim sunar.<\/p>\n<h2 class=\"\" data-start=\"463\" data-end=\"487\"><strong data-start=\"466\" data-end=\"487\">\u00dcr\u00fcn \u00d6zellikleri:<\/strong><\/h2>\n<ul data-start=\"489\" data-end=\"1447\">\n<li class=\"\" data-start=\"489\" data-end=\"609\">\n<p class=\"\" data-start=\"491\" data-end=\"609\"><strong data-start=\"491\" data-end=\"518\">Ger\u00e7ek\u00e7i Zenci Tasar\u0131m\u0131<\/strong>: Efsanevi ger\u00e7ek\u00e7i g\u00f6r\u00fcn\u00fcm ve do\u011fal et dokusuyla, her a\u00e7\u0131dan etkileyici bir deneyim sunar.<\/p>\n<\/li>\n<li class=\"\" data-start=\"610\" data-end=\"773\">\n<p class=\"\" data-start=\"612\" data-end=\"773\"><strong data-start=\"612\" data-end=\"634\">S\u00fcper G\u00fc\u00e7l\u00fc Vantuz<\/strong>: \u00dcr\u00fcn\u00fcn alt k\u0131sm\u0131ndaki g\u00fc\u00e7l\u00fc vantuz, her t\u00fcrl\u00fc d\u00fcz y\u00fczeye kolayca tutunmas\u0131n\u0131 sa\u011flar. Bu sayede du\u015fta veya banyoda rahat\u00e7a kullan\u0131labilir.<\/p>\n<\/li>\n<li class=\"\" data-start=\"774\" data-end=\"901\">\n<p class=\"\" data-start=\"776\" data-end=\"901\"><strong data-start=\"776\" data-end=\"796\">Testisli Tasar\u0131m<\/strong>: Ger\u00e7ek\u00e7ili\u011fi art\u0131ran testisli tasar\u0131m, do\u011fal bir g\u00f6r\u00fcn\u00fcm sa\u011flar ve kullan\u0131c\u0131ya ekstra bir konfor sunar.<\/p>\n<\/li>\n<li class=\"\" data-start=\"902\" data-end=\"1088\">\n<p class=\"\" data-start=\"904\" data-end=\"1088\"><strong data-start=\"904\" data-end=\"920\">Silikon Yap\u0131<\/strong>: %100 kaliteli silikon malzemeden \u00fcretilmi\u015ftir, cilt dostudur ve g\u00fcvenli kullan\u0131m i\u00e7in idealdir. Ayr\u0131ca, su ge\u00e7irmez \u00f6zelli\u011fi sayesinde su alt\u0131nda bile kullan\u0131labilir.<\/p>\n<\/li>\n<li class=\"\" data-start=\"1089\" data-end=\"1242\">\n<p class=\"\" data-start=\"1091\" data-end=\"1242\"><strong data-start=\"1091\" data-end=\"1112\">Ger\u00e7ek\u00e7i Detaylar<\/strong>: Damarl\u0131 yap\u0131s\u0131 ve s\u00fcnnetsiz tasar\u0131m\u0131 ile ger\u00e7ek\u00e7ili\u011fi en \u00fcst d\u00fczeye \u00e7\u0131karan bu \u00fcr\u00fcn, her zaman tatmin edici bir deneyim ya\u015fat\u0131r.<\/p>\n<\/li>\n<li class=\"\" data-start=\"1243\" data-end=\"1340\">\n<p class=\"\" data-start=\"1245\" data-end=\"1260\"><strong data-start=\"1245\" data-end=\"1257\">Boyutlar<\/strong>:<\/p>\n<ul data-start=\"1263\" data-end=\"1340\">\n<li class=\"\" data-start=\"1263\" data-end=\"1281\">\n<p class=\"\" data-start=\"1265\" data-end=\"1281\">Uzunluk: 24 cm<\/p>\n<\/li>\n<li class=\"\" data-start=\"1284\" data-end=\"1319\">\n<p class=\"\" data-start=\"1286\" data-end=\"1319\">Kullan\u0131labilir Uzunluk: 18,5 cm<\/p>\n<\/li>\n<li class=\"\" data-start=\"1322\" data-end=\"1340\">\n<p class=\"\" data-start=\"1324\" data-end=\"1340\">Kal\u0131nl\u0131k: 4,3 cm<\/p>\n<\/li>\n<\/ul>\n<\/li>\n<li class=\"\" data-start=\"1341\" data-end=\"1447\">\n<p class=\"\" data-start=\"1343\" data-end=\"1447\"><strong data-start=\"1343\" data-end=\"1365\">Dayan\u0131kl\u0131 Kullan\u0131m<\/strong>: Y\u00fcksek kaliteli malzemeler sayesinde y\u0131llarca sorunsuz kullan\u0131m garantisi sunar.<\/p>\n<\/li>\n<\/ul>\n<hr class=\"\" data-start=\"1449\" data-end=\"1452\" \/>\n<h2 class=\"\" data-start=\"1454\" data-end=\"1472\"><strong data-start=\"1457\" data-end=\"1472\">Avantajlar:<\/strong><\/h2>\n<p class=\"\" data-start=\"1474\" data-end=\"2107\">\u2705 <strong data-start=\"1476\" data-end=\"1504\">Ger\u00e7ek\u00e7i Doku ve Tasar\u0131m<\/strong>: Et dokusu, damarl\u0131 yap\u0131s\u0131 ve testisli tasar\u0131m\u0131yla en ger\u00e7ek\u00e7i deneyimi sunar.<br data-start=\"1583\" data-end=\"1586\" \/>\u2705 <strong data-start=\"1588\" data-end=\"1603\">Su Ge\u00e7irmez<\/strong>: Du\u015fta veya banyo gibi su ile temas eden alanlarda rahat\u00e7a kullanabilirsiniz.<br data-start=\"1681\" data-end=\"1684\" \/>\u2705 <strong data-start=\"1686\" data-end=\"1702\">G\u00fc\u00e7l\u00fc Vantuz<\/strong>: Her y\u00fczeye kolayca tutunarak, kullan\u0131c\u0131s\u0131na maksimum rahatl\u0131k ve pratiklik sa\u011flar.<br data-start=\"1786\" data-end=\"1789\" \/>\u2705 <strong data-start=\"1791\" data-end=\"1810\">Silikon Malzeme<\/strong>: Y\u00fcksek kaliteli silikon ile \u00fcretilmi\u015f olup, cilt dostu ve sa\u011fl\u0131\u011fa zarars\u0131zd\u0131r.<br data-start=\"1890\" data-end=\"1893\" \/>\u2705 <strong data-start=\"1895\" data-end=\"1919\">Uzun S\u00fcreli Kullan\u0131m<\/strong>: Dayan\u0131kl\u0131 yap\u0131s\u0131 ve su ge\u00e7irmez \u00f6zellikleri ile uzun y\u0131llar sorunsuz kullan\u0131m sa\u011flar.<br data-start=\"2006\" data-end=\"2009\" \/>\u2705 <strong data-start=\"2011\" data-end=\"2032\">Konforlu Kullan\u0131m<\/strong>: Belden ba\u011flama kemeri ile daha fazla konfor ve kullan\u0131m kolayl\u0131\u011f\u0131 sa\u011flar.<\/p>\n<hr class=\"\" data-start=\"2109\" data-end=\"2112\" \/>\n<h2 class=\"\" data-start=\"2114\" data-end=\"2140\"><strong data-start=\"2117\" data-end=\"2140\">Kullan\u0131m \u00d6nerileri:<\/strong><\/h2>\n<ul data-start=\"2142\" data-end=\"2458\">\n<li class=\"\" data-start=\"2142\" data-end=\"2275\">\n<p class=\"\" data-start=\"2144\" data-end=\"2275\"><strong data-start=\"2144\" data-end=\"2173\">Kayganla\u015ft\u0131r\u0131c\u0131 Kullan\u0131m\u0131<\/strong>: Konforlu ve sorunsuz bir deneyim i\u00e7in kayganla\u015ft\u0131r\u0131c\u0131 jellerle birlikte kullan\u0131lmas\u0131 tavsiye edilir.<\/p>\n<\/li>\n<li class=\"\" data-start=\"2276\" data-end=\"2398\">\n<p class=\"\" data-start=\"2278\" data-end=\"2398\"><strong data-start=\"2278\" data-end=\"2290\">Temizlik<\/strong>: \u00dcr\u00fcn\u00fc her kullan\u0131mdan sonra \u0131l\u0131k su ve sabun ile temizleyin. Kimyasal temizleyiciler kullanmaktan ka\u00e7\u0131n\u0131n.<\/p>\n<\/li>\n<li class=\"\" data-start=\"2399\" data-end=\"2458\">\n<p class=\"\" data-start=\"2401\" data-end=\"2458\"><strong data-start=\"2401\" data-end=\"2412\">Saklama<\/strong>: \u00dcr\u00fcn\u00fc kuru ve temiz bir yerde muhafaza edin.<\/p>\n<\/li>\n<\/ul>\n<hr class=\"\" data-start=\"2460\" data-end=\"2463\" \/>\n<h2 class=\"\" data-start=\"2465\" data-end=\"2502\"><strong data-start=\"2468\" data-end=\"2502\">Sipari\u015f ve Teslimat Bilgileri:<\/strong><\/h2>\n<ul data-start=\"2504\" data-end=\"2892\">\n<li class=\"\" data-start=\"2504\" data-end=\"2647\">\n<p class=\"\" data-start=\"2506\" data-end=\"2647\"><strong data-start=\"2506\" data-end=\"2524\">G\u00f6nderim \u015eekli<\/strong>: Sipari\u015fler, i\u00e7eri\u011fi anla\u015f\u0131lmayacak \u015fekilde gizli ve kapal\u0131 kolilerle g\u00f6nderilir. Mahremiyetiniz bizim i\u00e7in \u00e7ok \u00f6nemlidir.<\/p>\n<\/li>\n<li class=\"\" data-start=\"2648\" data-end=\"2815\">\n<p class=\"\" data-start=\"2650\" data-end=\"2674\"><strong data-start=\"2650\" data-end=\"2671\">\u00d6deme Se\u00e7enekleri<\/strong>:<\/p>\n<ul data-start=\"2677\" data-end=\"2815\">\n<li class=\"\" data-start=\"2677\" data-end=\"2699\">\n<p class=\"\" data-start=\"2679\" data-end=\"2699\">Kap\u0131da nakit \u00f6deme<\/p>\n<\/li>\n<li class=\"\" data-start=\"2702\" data-end=\"2734\">\n<p class=\"\" data-start=\"2704\" data-end=\"2734\">Kap\u0131da kredi kart\u0131 ile \u00f6deme<\/p>\n<\/li>\n<li class=\"\" data-start=\"2737\" data-end=\"2769\">\n<p class=\"\" data-start=\"2739\" data-end=\"2769\">Banka havalesi\/EFT ile \u00f6deme<\/p>\n<\/li>\n<li class=\"\" data-start=\"2772\" data-end=\"2815\">\n<p class=\"\" data-start=\"2774\" data-end=\"2815\">Tek \u00e7ekim veya taksitli \u00f6deme se\u00e7enekleri<\/p>\n<\/li>\n<\/ul>\n<\/li>\n<li class=\"\" data-start=\"2816\" data-end=\"2892\">\n<p class=\"\" data-start=\"2818\" data-end=\"2845\"><strong data-start=\"2818\" data-end=\"2842\">Teslimat Se\u00e7enekleri<\/strong>:<\/p>\n<ul data-start=\"2848\" data-end=\"2892\">\n<li class=\"\" data-start=\"2848\" data-end=\"2865\">\n<p class=\"\" data-start=\"2850\" data-end=\"2865\">Adrese teslim<\/p>\n<\/li>\n<li class=\"\" data-start=\"2868\" data-end=\"2892\">\n<p class=\"\" data-start=\"2870\" data-end=\"2892\">\u015eube teslimat se\u00e7ene\u011fi<\/p>\n<\/li>\n<\/ul>\n<\/li>\n<\/ul>\n<p class=\"\" data-start=\"2894\" data-end=\"2999\"><strong data-start=\"2894\" data-end=\"2999\">T\u00fcm sipari\u015fler firmam\u0131z g\u00fcvencesiyle g\u00fcvenli bir \u015fekilde haz\u0131rlan\u0131r ve eksiksiz olarak teslim edilir.<\/strong><\/p>\n<p class=\"\" data-start=\"3001\" data-end=\"3142\">\u2728 <strong data-start=\"3003\" data-end=\"3039\">Kap\u0131da \u00d6deme &#8211; G\u00fcvenli Al\u0131\u015fveri\u015f<\/strong><br data-start=\"3039\" data-end=\"3042\" \/>\u2728 <strong data-start=\"3044\" data-end=\"3088\">H\u0131zl\u0131 G\u00f6nderim &#8211; Orijinal \u00dcr\u00fcn Garantisi<\/strong><br data-start=\"3088\" data-end=\"3091\" \/>\u2728 <strong data-start=\"3093\" data-end=\"3142\">Gizli Paketleme ile Mahremiyetinizi Koruyoruz<\/strong><\/p>\n<hr class=\"\" data-start=\"3144\" data-end=\"3147\" \/>\n<p class=\"\" data-start=\"3149\" data-end=\"3292\">\ud83c\udfaf <strong data-start=\"3152\" data-end=\"3292\">Yeni nesil, ger\u00e7ek\u00e7i ve kaliteli bir deneyim arayanlar i\u00e7in ideal se\u00e7im! \u015eimdi sipari\u015f verin ve benzersiz bir tatmin duygusunu ke\u015ffedin!<\/strong><\/p>\n<p>&nbsp;<\/p>\n<p>&nbsp;<\/p>\n<p>&nbsp;<\/p>\n","protected":false},"excerpt":{"rendered":"<p>Y\u00fcksek kaliteyi, ger\u00e7ek\u00e7i g\u00f6r\u00fcn\u00fcm\u00fc ve konforu arayanlar i\u00e7in <strong data-start=\"212\" data-end=\"301\">Belden Ba\u011flamal\u0131 24 cm Et Dokulu Ger\u00e7ek\u00e7i \u00c7ift Katmanl\u0131 S\u00fcnnetsiz Silikon Zenci Penis<\/strong>, her detay\u0131nda m\u00fckemmel tasarlanm\u0131\u015f bir \u00fcr\u00fcnd\u00fcr. \u00d6zel silikon malzeme ile \u00fcretilmi\u015f bu \u00fcr\u00fcn, do\u011fal bir hisse sahip olup, kullan\u0131c\u0131s\u0131na e\u015fsiz bir deneyim sunar.<\/p>\n","protected":false},"featured_media":45283,"comment_status":"closed","ping_status":"closed","template":"","meta":[],"product_brand":[],"product_cat":[498],"product_tag":[],"class_list":{"0":"post-45281","1":"product","2":"type-product","3":"status-publish","4":"has-post-thumbnail","6":"product_cat-belden-baglamali-penisler","8":"first","9":"outofstock","10":"purchasable","11":"product-type-simple"},"yoast_head":"<!-- This site is optimized with the Yoast SEO Premium plugin v24.4 (Yoast SEO v27.1.1) - https:\/\/yoast.com\/product\/yoast-seo-premium-wordpress\/ -->\n<title>Belden Ba\u011flamal\u0131 24 Cm Et Dokulu Ger\u00e7ek\u00e7i \u00c7ift Katmanl\u0131 S\u00fcnnetsiz Silikon Zenci Penis - Bursa Erotik Shop<\/title>\n<meta name=\"robots\" content=\"index, follow, max-snippet:-1, max-image-preview:large, max-video-preview:-1\" \/>\n<link rel=\"canonical\" href=\"https:\/\/hobierotikshop.com.tr\/website1\/erotik-shop-urun\/belden-baglamali-24-cm-et-dokulu-gercekci-cift-katmanli-sunnetsiz-silikon-zenci-penis\/\" \/>\n<meta property=\"og:locale\" content=\"tr_TR\" \/>\n<meta property=\"og:type\" content=\"article\" \/>\n<meta property=\"og:title\" content=\"Belden Ba\u011flamal\u0131 24 Cm Et Dokulu Ger\u00e7ek\u00e7i \u00c7ift Katmanl\u0131 S\u00fcnnetsiz Silikon Zenci Penis\" \/>\n<meta property=\"og:description\" content=\"Y\u00fcksek kaliteyi, ger\u00e7ek\u00e7i g\u00f6r\u00fcn\u00fcm\u00fc ve konforu arayanlar i\u00e7in Belden Ba\u011flamal\u0131 24 cm Et Dokulu Ger\u00e7ek\u00e7i \u00c7ift Katmanl\u0131 S\u00fcnnetsiz Silikon Zenci Penis, her detay\u0131nda m\u00fckemmel tasarlanm\u0131\u015f bir \u00fcr\u00fcnd\u00fcr. \u00d6zel silikon malzeme ile \u00fcretilmi\u015f bu \u00fcr\u00fcn, do\u011fal bir hisse sahip olup, kullan\u0131c\u0131s\u0131na e\u015fsiz bir deneyim sunar.\" \/>\n<meta property=\"og:url\" content=\"https:\/\/hobierotikshop.com.tr\/website1\/erotik-shop-urun\/belden-baglamali-24-cm-et-dokulu-gercekci-cift-katmanli-sunnetsiz-silikon-zenci-penis\/\" \/>\n<meta property=\"og:site_name\" content=\"Bursa Erotik Shop\" \/>\n<meta property=\"article:modified_time\" content=\"2026-01-08T11:48:27+00:00\" \/>\n<meta property=\"og:image\" content=\"https:\/\/hobierotikshop.com.tr\/website1\/wp-content\/uploads\/2025\/04\/belden-baglamali-24-cm-et-dokulu-gerce-9c01-e.jpg\" \/>\n\t<meta property=\"og:image:width\" content=\"455\" \/>\n\t<meta property=\"og:image:height\" content=\"463\" \/>\n\t<meta property=\"og:image:type\" content=\"image\/jpeg\" \/>\n<meta name=\"twitter:card\" content=\"summary_large_image\" \/>\n<meta name=\"twitter:site\" content=\"@shopbursa\" \/>\n<meta name=\"twitter:label1\" content=\"Fiyat\" \/>\n\t<meta name=\"twitter:data1\" content=\"&#8378;2.996,00\" \/>\n\t<meta name=\"twitter:label2\" content=\"Availability\" \/>\n\t<meta name=\"twitter:data2\" content=\"Out of stock\" \/>\n<script type=\"application\/ld+json\" class=\"yoast-schema-graph\">{\"@context\":\"https:\/\/schema.org\",\"@graph\":[{\"@type\":\"WebPage\",\"@id\":\"https:\/\/hobierotikshop.com.tr\/website1\/erotik-shop-urun\/belden-baglamali-24-cm-et-dokulu-gercekci-cift-katmanli-sunnetsiz-silikon-zenci-penis\/\",\"url\":\"https:\/\/hobierotikshop.com.tr\/website1\/erotik-shop-urun\/belden-baglamali-24-cm-et-dokulu-gercekci-cift-katmanli-sunnetsiz-silikon-zenci-penis\/\",\"name\":\"Belden Ba\u011flamal\u0131 24 Cm Et Dokulu Ger\u00e7ek\u00e7i \u00c7ift Katmanl\u0131 S\u00fcnnetsiz Silikon Zenci Penis - Bursa Erotik Shop\",\"isPartOf\":{\"@id\":\"https:\/\/hobierotikshop.com.tr\/website1\/#website\"},\"primaryImageOfPage\":{\"@id\":\"https:\/\/hobierotikshop.com.tr\/website1\/erotik-shop-urun\/belden-baglamali-24-cm-et-dokulu-gercekci-cift-katmanli-sunnetsiz-silikon-zenci-penis\/#primaryimage\"},\"image\":{\"@id\":\"https:\/\/hobierotikshop.com.tr\/website1\/erotik-shop-urun\/belden-baglamali-24-cm-et-dokulu-gercekci-cift-katmanli-sunnetsiz-silikon-zenci-penis\/#primaryimage\"},\"thumbnailUrl\":\"https:\/\/haremerotikshop.com\/site\/wp-content\/uploads\/2025\/04\/belden-baglamali-24-cm-et-dokulu-gerce-9c01-e.jpg\",\"datePublished\":\"2025-04-26T14:12:50+00:00\",\"dateModified\":\"2026-01-08T11:48:27+00:00\",\"breadcrumb\":{\"@id\":\"https:\/\/hobierotikshop.com.tr\/website1\/erotik-shop-urun\/belden-baglamali-24-cm-et-dokulu-gercekci-cift-katmanli-sunnetsiz-silikon-zenci-penis\/#breadcrumb\"},\"inLanguage\":\"tr\",\"potentialAction\":[{\"@type\":\"ReadAction\",\"target\":[\"https:\/\/hobierotikshop.com.tr\/website1\/erotik-shop-urun\/belden-baglamali-24-cm-et-dokulu-gercekci-cift-katmanli-sunnetsiz-silikon-zenci-penis\/\"]}]},{\"@type\":\"ImageObject\",\"inLanguage\":\"tr\",\"@id\":\"https:\/\/hobierotikshop.com.tr\/website1\/erotik-shop-urun\/belden-baglamali-24-cm-et-dokulu-gercekci-cift-katmanli-sunnetsiz-silikon-zenci-penis\/#primaryimage\",\"url\":\"https:\/\/haremerotikshop.com\/site\/wp-content\/uploads\/2025\/04\/belden-baglamali-24-cm-et-dokulu-gerce-9c01-e.jpg\",\"contentUrl\":\"https:\/\/haremerotikshop.com\/site\/wp-content\/uploads\/2025\/04\/belden-baglamali-24-cm-et-dokulu-gerce-9c01-e.jpg\",\"width\":455,\"height\":463},{\"@type\":\"BreadcrumbList\",\"@id\":\"https:\/\/hobierotikshop.com.tr\/website1\/erotik-shop-urun\/belden-baglamali-24-cm-et-dokulu-gercekci-cift-katmanli-sunnetsiz-silikon-zenci-penis\/#breadcrumb\",\"itemListElement\":[{\"@type\":\"ListItem\",\"position\":1,\"name\":\"Anasayfa\",\"item\":\"https:\/\/hobierotikshop.com.tr\/website1\/\"},{\"@type\":\"ListItem\",\"position\":2,\"name\":\"Erotik Shop \u00dcr\u00fcnleri\",\"item\":\"https:\/\/hobierotikshop.com.tr\/website1\/shop\/\"},{\"@type\":\"ListItem\",\"position\":3,\"name\":\"Belden Ba\u011flamal\u0131 24 Cm Et Dokulu Ger\u00e7ek\u00e7i \u00c7ift Katmanl\u0131 S\u00fcnnetsiz Silikon Zenci Penis\"}]},{\"@type\":\"WebSite\",\"@id\":\"https:\/\/hobierotikshop.com.tr\/website1\/#website\",\"url\":\"https:\/\/hobierotikshop.com.tr\/website1\/\",\"name\":\"Bursa Erotik Shop\",\"description\":\"Bursa Erotik Shop ile g\u00fcvenli, gizli ve kaliteli yeti\u015fkin \u00fcr\u00fcnleri al\u0131\u015fveri\u015fi! Geni\u015f \u00fcr\u00fcn yelpazemizi ke\u015ffedin, hemen sipari\u015f verin\",\"publisher\":{\"@id\":\"https:\/\/hobierotikshop.com.tr\/website1\/#organization\"},\"alternateName\":\"Erotik Shop\",\"potentialAction\":[{\"@type\":\"SearchAction\",\"target\":{\"@type\":\"EntryPoint\",\"urlTemplate\":\"https:\/\/hobierotikshop.com.tr\/website1\/?s={search_term_string}\"},\"query-input\":{\"@type\":\"PropertyValueSpecification\",\"valueRequired\":true,\"valueName\":\"search_term_string\"}}],\"inLanguage\":\"tr\"},{\"@type\":\"Organization\",\"@id\":\"https:\/\/hobierotikshop.com.tr\/website1\/#organization\",\"name\":\"Harem Bursa Erotik Shop\",\"url\":\"https:\/\/hobierotikshop.com.tr\/website1\/\",\"logo\":{\"@type\":\"ImageObject\",\"inLanguage\":\"tr\",\"@id\":\"https:\/\/hobierotikshop.com.tr\/website1\/#\/schema\/logo\/image\/\",\"url\":\"https:\/\/haremerotikshop.com\/site\/wp-content\/uploads\/2025\/03\/haremsexshop.png\",\"contentUrl\":\"https:\/\/haremerotikshop.com\/site\/wp-content\/uploads\/2025\/03\/haremsexshop.png\",\"width\":400,\"height\":100,\"caption\":\"Harem Bursa Erotik Shop\"},\"image\":{\"@id\":\"https:\/\/hobierotikshop.com.tr\/website1\/#\/schema\/logo\/image\/\"},\"sameAs\":[\"https:\/\/x.com\/shopbursa\"],\"publishingPrinciples\":\"https:\/\/hobierotikshop.com.tr\/website1\/mesafeli-satis-sozlesmesi\/\",\"ownershipFundingInfo\":\"https:\/\/hobierotikshop.com.tr\/website1\/contact-us\/\",\"actionableFeedbackPolicy\":\"https:\/\/hobierotikshop.com.tr\/website1\/contact-us\/\",\"correctionsPolicy\":\"https:\/\/hobierotikshop.com.tr\/website1\/mesafeli-satis-sozlesmesi\/\"}]}<\/script>\n<meta property=\"product:price:amount\" content=\"2996.00\" \/>\n<meta property=\"product:price:currency\" content=\"TRY\" \/>\n<meta property=\"og:availability\" content=\"out of stock\" \/>\n<meta property=\"product:availability\" content=\"out of stock\" \/>\n<meta property=\"product:retailer_item_id\" content=\"BDM1521SB\" \/>\n<meta property=\"product:condition\" content=\"new\" \/>\n<!-- \/ Yoast SEO Premium plugin. -->","yoast_head_json":{"title":"Belden Ba\u011flamal\u0131 24 Cm Et Dokulu Ger\u00e7ek\u00e7i \u00c7ift Katmanl\u0131 S\u00fcnnetsiz Silikon Zenci Penis - Bursa Erotik Shop","robots":{"index":"index","follow":"follow","max-snippet":"max-snippet:-1","max-image-preview":"max-image-preview:large","max-video-preview":"max-video-preview:-1"},"canonical":"https:\/\/hobierotikshop.com.tr\/website1\/erotik-shop-urun\/belden-baglamali-24-cm-et-dokulu-gercekci-cift-katmanli-sunnetsiz-silikon-zenci-penis\/","og_locale":"tr_TR","og_type":"article","og_title":"Belden Ba\u011flamal\u0131 24 Cm Et Dokulu Ger\u00e7ek\u00e7i \u00c7ift Katmanl\u0131 S\u00fcnnetsiz Silikon Zenci Penis","og_description":"Y\u00fcksek kaliteyi, ger\u00e7ek\u00e7i g\u00f6r\u00fcn\u00fcm\u00fc ve konforu arayanlar i\u00e7in Belden Ba\u011flamal\u0131 24 cm Et Dokulu Ger\u00e7ek\u00e7i \u00c7ift Katmanl\u0131 S\u00fcnnetsiz Silikon Zenci Penis, her detay\u0131nda m\u00fckemmel tasarlanm\u0131\u015f bir \u00fcr\u00fcnd\u00fcr. \u00d6zel silikon malzeme ile \u00fcretilmi\u015f bu \u00fcr\u00fcn, do\u011fal bir hisse sahip olup, kullan\u0131c\u0131s\u0131na e\u015fsiz bir deneyim sunar.","og_url":"https:\/\/hobierotikshop.com.tr\/website1\/erotik-shop-urun\/belden-baglamali-24-cm-et-dokulu-gercekci-cift-katmanli-sunnetsiz-silikon-zenci-penis\/","og_site_name":"Bursa Erotik Shop","article_modified_time":"2026-01-08T11:48:27+00:00","og_image":[{"width":455,"height":463,"url":"https:\/\/hobierotikshop.com.tr\/website1\/wp-content\/uploads\/2025\/04\/belden-baglamali-24-cm-et-dokulu-gerce-9c01-e.jpg","type":"image\/jpeg"}],"twitter_card":"summary_large_image","twitter_site":"@shopbursa","twitter_misc":{"Fiyat":"&#8378;2.996,00","Availability":"Out of stock"},"schema":{"@context":"https:\/\/schema.org","@graph":[{"@type":"WebPage","@id":"https:\/\/hobierotikshop.com.tr\/website1\/erotik-shop-urun\/belden-baglamali-24-cm-et-dokulu-gercekci-cift-katmanli-sunnetsiz-silikon-zenci-penis\/","url":"https:\/\/hobierotikshop.com.tr\/website1\/erotik-shop-urun\/belden-baglamali-24-cm-et-dokulu-gercekci-cift-katmanli-sunnetsiz-silikon-zenci-penis\/","name":"Belden Ba\u011flamal\u0131 24 Cm Et Dokulu Ger\u00e7ek\u00e7i \u00c7ift Katmanl\u0131 S\u00fcnnetsiz Silikon Zenci Penis - Bursa Erotik Shop","isPartOf":{"@id":"https:\/\/hobierotikshop.com.tr\/website1\/#website"},"primaryImageOfPage":{"@id":"https:\/\/hobierotikshop.com.tr\/website1\/erotik-shop-urun\/belden-baglamali-24-cm-et-dokulu-gercekci-cift-katmanli-sunnetsiz-silikon-zenci-penis\/#primaryimage"},"image":{"@id":"https:\/\/hobierotikshop.com.tr\/website1\/erotik-shop-urun\/belden-baglamali-24-cm-et-dokulu-gercekci-cift-katmanli-sunnetsiz-silikon-zenci-penis\/#primaryimage"},"thumbnailUrl":"https:\/\/haremerotikshop.com\/site\/wp-content\/uploads\/2025\/04\/belden-baglamali-24-cm-et-dokulu-gerce-9c01-e.jpg","datePublished":"2025-04-26T14:12:50+00:00","dateModified":"2026-01-08T11:48:27+00:00","breadcrumb":{"@id":"https:\/\/hobierotikshop.com.tr\/website1\/erotik-shop-urun\/belden-baglamali-24-cm-et-dokulu-gercekci-cift-katmanli-sunnetsiz-silikon-zenci-penis\/#breadcrumb"},"inLanguage":"tr","potentialAction":[{"@type":"ReadAction","target":["https:\/\/hobierotikshop.com.tr\/website1\/erotik-shop-urun\/belden-baglamali-24-cm-et-dokulu-gercekci-cift-katmanli-sunnetsiz-silikon-zenci-penis\/"]}]},{"@type":"ImageObject","inLanguage":"tr","@id":"https:\/\/hobierotikshop.com.tr\/website1\/erotik-shop-urun\/belden-baglamali-24-cm-et-dokulu-gercekci-cift-katmanli-sunnetsiz-silikon-zenci-penis\/#primaryimage","url":"https:\/\/haremerotikshop.com\/site\/wp-content\/uploads\/2025\/04\/belden-baglamali-24-cm-et-dokulu-gerce-9c01-e.jpg","contentUrl":"https:\/\/haremerotikshop.com\/site\/wp-content\/uploads\/2025\/04\/belden-baglamali-24-cm-et-dokulu-gerce-9c01-e.jpg","width":455,"height":463},{"@type":"BreadcrumbList","@id":"https:\/\/hobierotikshop.com.tr\/website1\/erotik-shop-urun\/belden-baglamali-24-cm-et-dokulu-gercekci-cift-katmanli-sunnetsiz-silikon-zenci-penis\/#breadcrumb","itemListElement":[{"@type":"ListItem","position":1,"name":"Anasayfa","item":"https:\/\/hobierotikshop.com.tr\/website1\/"},{"@type":"ListItem","position":2,"name":"Erotik Shop \u00dcr\u00fcnleri","item":"https:\/\/hobierotikshop.com.tr\/website1\/shop\/"},{"@type":"ListItem","position":3,"name":"Belden Ba\u011flamal\u0131 24 Cm Et Dokulu Ger\u00e7ek\u00e7i \u00c7ift Katmanl\u0131 S\u00fcnnetsiz Silikon Zenci Penis"}]},{"@type":"WebSite","@id":"https:\/\/hobierotikshop.com.tr\/website1\/#website","url":"https:\/\/hobierotikshop.com.tr\/website1\/","name":"Bursa Erotik Shop","description":"Bursa Erotik Shop ile g\u00fcvenli, gizli ve kaliteli yeti\u015fkin \u00fcr\u00fcnleri al\u0131\u015fveri\u015fi! Geni\u015f \u00fcr\u00fcn yelpazemizi ke\u015ffedin, hemen sipari\u015f verin","publisher":{"@id":"https:\/\/hobierotikshop.com.tr\/website1\/#organization"},"alternateName":"Erotik Shop","potentialAction":[{"@type":"SearchAction","target":{"@type":"EntryPoint","urlTemplate":"https:\/\/hobierotikshop.com.tr\/website1\/?s={search_term_string}"},"query-input":{"@type":"PropertyValueSpecification","valueRequired":true,"valueName":"search_term_string"}}],"inLanguage":"tr"},{"@type":"Organization","@id":"https:\/\/hobierotikshop.com.tr\/website1\/#organization","name":"Harem Bursa Erotik Shop","url":"https:\/\/hobierotikshop.com.tr\/website1\/","logo":{"@type":"ImageObject","inLanguage":"tr","@id":"https:\/\/hobierotikshop.com.tr\/website1\/#\/schema\/logo\/image\/","url":"https:\/\/haremerotikshop.com\/site\/wp-content\/uploads\/2025\/03\/haremsexshop.png","contentUrl":"https:\/\/haremerotikshop.com\/site\/wp-content\/uploads\/2025\/03\/haremsexshop.png","width":400,"height":100,"caption":"Harem Bursa Erotik Shop"},"image":{"@id":"https:\/\/hobierotikshop.com.tr\/website1\/#\/schema\/logo\/image\/"},"sameAs":["https:\/\/x.com\/shopbursa"],"publishingPrinciples":"https:\/\/hobierotikshop.com.tr\/website1\/mesafeli-satis-sozlesmesi\/","ownershipFundingInfo":"https:\/\/hobierotikshop.com.tr\/website1\/contact-us\/","actionableFeedbackPolicy":"https:\/\/hobierotikshop.com.tr\/website1\/contact-us\/","correctionsPolicy":"https:\/\/hobierotikshop.com.tr\/website1\/mesafeli-satis-sozlesmesi\/"}]},"product_price_amount":"2996.00","product_price_currency":"TRY","og_availability":"out of stock","product_availability":"out of stock","product_retailer_item_id":"BDM1521SB","product_condition":"new"},"_links":{"self":[{"href":"https:\/\/haremerotikshop.com\/site\/wp-json\/wp\/v2\/product\/45281","targetHints":{"allow":["GET"]}}],"collection":[{"href":"https:\/\/haremerotikshop.com\/site\/wp-json\/wp\/v2\/product"}],"about":[{"href":"https:\/\/haremerotikshop.com\/site\/wp-json\/wp\/v2\/types\/product"}],"replies":[{"embeddable":true,"href":"https:\/\/haremerotikshop.com\/site\/wp-json\/wp\/v2\/comments?post=45281"}],"version-history":[{"count":0,"href":"https:\/\/haremerotikshop.com\/site\/wp-json\/wp\/v2\/product\/45281\/revisions"}],"wp:featuredmedia":[{"embeddable":true,"href":"https:\/\/haremerotikshop.com\/site\/wp-json\/wp\/v2\/media\/45283"}],"wp:attachment":[{"href":"https:\/\/haremerotikshop.com\/site\/wp-json\/wp\/v2\/media?parent=45281"}],"wp:term":[{"taxonomy":"product_brand","embeddable":true,"href":"https:\/\/haremerotikshop.com\/site\/wp-json\/wp\/v2\/product_brand?post=45281"},{"taxonomy":"product_cat","embeddable":true,"href":"https:\/\/haremerotikshop.com\/site\/wp-json\/wp\/v2\/product_cat?post=45281"},{"taxonomy":"product_tag","embeddable":true,"href":"https:\/\/haremerotikshop.com\/site\/wp-json\/wp\/v2\/product_tag?post=45281"}],"curies":[{"name":"wp","href":"https:\/\/api.w.org\/{rel}","templated":true}]}}