{"id":45323,"date":"2025-04-26T17:13:53","date_gmt":"2025-04-26T14:13:53","guid":{"rendered":"https:\/\/haremerotikshop.com\/site\/erotik-shop-urun\/26-cm-belden-baglamali-cift-katmanli-gercekci-titresimli-dildo-vibrator-penis\/"},"modified":"2026-01-08T14:43:29","modified_gmt":"2026-01-08T11:43:29","slug":"26-cm-belden-baglamali-cift-katmanli-gercekci-titresimli-dildo-vibrator-penis","status":"publish","type":"product","link":"https:\/\/haremerotikshop.com\/site\/erotik-shop-urun\/26-cm-belden-baglamali-cift-katmanli-gercekci-titresimli-dildo-vibrator-penis\/","title":{"rendered":"26 Cm Belden Ba\u011flamal\u0131 \u00c7ift Katmanl\u0131 Ger\u00e7ek\u00e7i Titre\u015fimli Dildo Vibrat\u00f6r Penis"},"content":{"rendered":"<h1 class=\"\" data-start=\"115\" data-end=\"194\">26 cm Belden Ba\u011flamal\u0131 \u00c7ift Katmanl\u0131 Ger\u00e7ek\u00e7i Titre\u015fimli Dildo Vibrat\u00f6r Penis<\/h1>\n<p class=\"\" data-start=\"196\" data-end=\"537\">Ger\u00e7ek\u00e7i dokusu, g\u00fc\u00e7l\u00fc titre\u015fimleri ve \u00e7ift kullan\u0131m se\u00e7ene\u011fi ile cinsel deneyiminizi \u00fcst seviyeye ta\u015f\u0131yacak <strong data-start=\"305\" data-end=\"386\">26 cm Belden Ba\u011flamal\u0131 \u00c7ift Katmanl\u0131 Ger\u00e7ek\u00e7i Titre\u015fimli Dildo Vibrat\u00f6r Penis<\/strong>, hem bireysel hem de partnerli kullan\u0131mlar i\u00e7in m\u00fckemmel bir se\u00e7im! Y\u00fcksek kaliteli malzemesi ve ergonomik tasar\u0131m\u0131 sayesinde unutulmaz bir haz sunar.<\/p>\n<h2 class=\"\" data-start=\"539\" data-end=\"559\">\u00dcr\u00fcn \u00d6zellikleri:<\/h2>\n<ul data-start=\"561\" data-end=\"1403\">\n<li class=\"\" data-start=\"561\" data-end=\"647\">\n<p class=\"\" data-start=\"563\" data-end=\"647\"><strong data-start=\"563\" data-end=\"575\">Boyutlar<\/strong>: 26 cm toplam uzunluk, 19 cm kullan\u0131labilir uzunluk ve 5,5 cm kal\u0131nl\u0131k.<\/p>\n<\/li>\n<li class=\"\" data-start=\"648\" data-end=\"750\">\n<p class=\"\" data-start=\"650\" data-end=\"750\"><strong data-start=\"650\" data-end=\"671\">Titre\u015fim \u00d6zelli\u011fi<\/strong>: Ayarlanabilir g\u00fc\u00e7l\u00fc titre\u015fim h\u0131zlar\u0131 ile farkl\u0131 zevk seviyelerine hitap eder.<\/p>\n<\/li>\n<li class=\"\" data-start=\"751\" data-end=\"832\">\n<p class=\"\" data-start=\"753\" data-end=\"832\"><strong data-start=\"753\" data-end=\"764\">Malzeme<\/strong>: %100 Soft \u00e7ift katmanl\u0131, y\u00fcksek kaliteli, ipeksi y\u00fczeyli materyal.<\/p>\n<\/li>\n<li class=\"\" data-start=\"833\" data-end=\"930\">\n<p class=\"\" data-start=\"835\" data-end=\"930\"><strong data-start=\"835\" data-end=\"857\">V\u00fccut Is\u0131s\u0131na Uyum<\/strong>: Kullan\u0131m esnas\u0131nda v\u00fccut s\u0131cakl\u0131\u011f\u0131na ula\u015farak daha do\u011fal bir his verir.<\/p>\n<\/li>\n<li class=\"\" data-start=\"931\" data-end=\"1025\">\n<p class=\"\" data-start=\"933\" data-end=\"1025\"><strong data-start=\"933\" data-end=\"956\">Ger\u00e7ek\u00e7i Ten Dokusu<\/strong>: \u0130nan\u0131lmaz ger\u00e7ek\u00e7i yap\u0131 ve et dokusu sayesinde maksimum his sa\u011flar.<\/p>\n<\/li>\n<li class=\"\" data-start=\"1026\" data-end=\"1142\">\n<p class=\"\" data-start=\"1028\" data-end=\"1142\"><strong data-start=\"1028\" data-end=\"1047\">Vantuz \u00d6zelli\u011fi<\/strong>: G\u00fc\u00e7l\u00fc vantuz taban\u0131 sayesinde d\u00fcz y\u00fczeylere sabitlenerek eller serbest kullan\u0131m imk\u00e2n\u0131 sunar.<\/p>\n<\/li>\n<li class=\"\" data-start=\"1143\" data-end=\"1260\">\n<p class=\"\" data-start=\"1145\" data-end=\"1260\"><strong data-start=\"1145\" data-end=\"1174\">Belden Ba\u011flamal\u0131 Kullan\u0131m<\/strong>: Apart kemer ile birlikte, belden ba\u011flamal\u0131 \u015fekilde kullan\u0131labilir. (Strap-on uyumlu)<\/p>\n<\/li>\n<li class=\"\" data-start=\"1261\" data-end=\"1338\">\n<p class=\"\" data-start=\"1263\" data-end=\"1338\"><strong data-start=\"1263\" data-end=\"1285\">Cilt Dostu Malzeme<\/strong>: Pthalate Free, kolay temizlenebilir ve hijyeniktir.<\/p>\n<\/li>\n<li class=\"\" data-start=\"1339\" data-end=\"1403\">\n<p class=\"\" data-start=\"1341\" data-end=\"1403\"><strong data-start=\"1341\" data-end=\"1357\">Dayan\u0131kl\u0131l\u0131k<\/strong>: Uzun y\u0131llar boyunca ilk g\u00fcnk\u00fc formunu korur.<\/p>\n<\/li>\n<\/ul>\n<hr class=\"\" data-start=\"1405\" data-end=\"1408\" \/>\n<h2 class=\"\" data-start=\"1410\" data-end=\"1431\">Ekstra Avantajlar:<\/h2>\n<ul data-start=\"1433\" data-end=\"1710\">\n<li class=\"\" data-start=\"1433\" data-end=\"1521\">\n<p class=\"\" data-start=\"1435\" data-end=\"1521\">Ger\u00e7ek\u00e7i penis g\u00f6r\u00fcn\u00fcm\u00fc ve yumu\u015fak dokusuyla hem fiziksel hem de g\u00f6rsel tatmin sa\u011flar.<\/p>\n<\/li>\n<li class=\"\" data-start=\"1522\" data-end=\"1635\">\n<p class=\"\" data-start=\"1524\" data-end=\"1635\">Penis ba\u011flama kemeri ve kayganla\u015ft\u0131r\u0131c\u0131 ile birlikte set olarak kullan\u0131ld\u0131\u011f\u0131nda daha keyifli bir deneyim sunar.<\/p>\n<\/li>\n<li class=\"\" data-start=\"1636\" data-end=\"1710\">\n<p class=\"\" data-start=\"1638\" data-end=\"1710\">Esnek ve g\u00fc\u00e7l\u00fc tasar\u0131m\u0131 sayesinde hem solo hem de \u00e7iftler i\u00e7in uygundur.<\/p>\n<\/li>\n<\/ul>\n<hr class=\"\" data-start=\"1712\" data-end=\"1715\" \/>\n<h2 class=\"\" data-start=\"1717\" data-end=\"1735\">G\u00f6nderim \u015eekli:<\/h2>\n<ul data-start=\"1737\" data-end=\"1923\">\n<li class=\"\" data-start=\"1737\" data-end=\"1835\">\n<p class=\"\" data-start=\"1739\" data-end=\"1835\">T\u00fcm sipari\u015fleriniz gizli ve kapal\u0131 kolilerde, i\u00e7eri\u011fi belli olmayacak \u015fekilde \u00f6zenle paketlenir.<\/p>\n<\/li>\n<li class=\"\" data-start=\"1836\" data-end=\"1923\">\n<p class=\"\" data-start=\"1838\" data-end=\"1923\">H\u0131zl\u0131 ve g\u00fcvenli g\u00f6nderim s\u00fcre\u00e7lerimiz sayesinde \u00fcr\u00fcn\u00fcn\u00fcz k\u0131sa s\u00fcrede elinize ula\u015f\u0131r.<\/p>\n<\/li>\n<\/ul>\n<h2 class=\"\" data-start=\"1925\" data-end=\"1946\">\u00d6deme Se\u00e7enekleri:<\/h2>\n<ul data-start=\"1948\" data-end=\"2058\">\n<li class=\"\" data-start=\"1948\" data-end=\"1989\">\n<p class=\"\" data-start=\"1950\" data-end=\"1989\">Kap\u0131da nakit veya kredi kart\u0131 ile \u00f6deme<\/p>\n<\/li>\n<li class=\"\" data-start=\"1990\" data-end=\"2016\">\n<p class=\"\" data-start=\"1992\" data-end=\"2016\">Banka havalesi ile \u00f6deme<\/p>\n<\/li>\n<li class=\"\" data-start=\"2017\" data-end=\"2058\">\n<p class=\"\" data-start=\"2019\" data-end=\"2058\">Tek \u00e7ekim veya uygun taksit se\u00e7enekleri<\/p>\n<\/li>\n<\/ul>\n<h2 class=\"\" data-start=\"2060\" data-end=\"2078\">Teslimat \u015eekli:<\/h2>\n<ul data-start=\"2080\" data-end=\"2192\">\n<li class=\"\" data-start=\"2080\" data-end=\"2140\">\n<p class=\"\" data-start=\"2082\" data-end=\"2140\">Dilerseniz sipari\u015finizi do\u011frudan kap\u0131n\u0131za teslim ediyoruz,<\/p>\n<\/li>\n<li class=\"\" data-start=\"2141\" data-end=\"2192\">\n<p class=\"\" data-start=\"2143\" data-end=\"2192\">\u0130sterseniz kargo \u015fubesinden teslim alabilirsiniz.<\/p>\n<\/li>\n<\/ul>\n<hr class=\"\" data-start=\"2194\" data-end=\"2197\" \/>\n<h2 class=\"\" data-start=\"2199\" data-end=\"2272\">Neden 26 cm Belden Ba\u011flamal\u0131 Ger\u00e7ek\u00e7i Titre\u015fimli Dildo Vibrat\u00f6r Penis?<\/h2>\n<ul data-start=\"2274\" data-end=\"2763\">\n<li class=\"\" data-start=\"2274\" data-end=\"2375\">\n<p class=\"\" data-start=\"2276\" data-end=\"2375\"><strong data-start=\"2276\" data-end=\"2305\">\u00c7ift Fonksiyonlu Kullan\u0131m<\/strong>: Sabitleyerek veya belden ba\u011flamal\u0131 olarak farkl\u0131 deneyimler ya\u015fay\u0131n.<\/p>\n<\/li>\n<li class=\"\" data-start=\"2376\" data-end=\"2461\">\n<p class=\"\" data-start=\"2378\" data-end=\"2461\"><strong data-start=\"2378\" data-end=\"2401\">\u00dcst\u00fcn Titre\u015fim G\u00fcc\u00fc<\/strong>: Ayarlanabilir h\u0131zlar ile her an\u0131n\u0131za \u00f6zel ritim yakalay\u0131n.<\/p>\n<\/li>\n<li class=\"\" data-start=\"2462\" data-end=\"2558\">\n<p class=\"\" data-start=\"2464\" data-end=\"2558\"><strong data-start=\"2464\" data-end=\"2490\">Do\u011fal ve Ger\u00e7ek\u00e7i Doku<\/strong>: V\u00fccut \u0131s\u0131s\u0131na uyum sa\u011flayan yap\u0131s\u0131yla ger\u00e7ek hisse \u00e7ok daha yak\u0131n.<\/p>\n<\/li>\n<li class=\"\" data-start=\"2559\" data-end=\"2649\">\n<p class=\"\" data-start=\"2561\" data-end=\"2649\"><strong data-start=\"2561\" data-end=\"2584\">Hijyenik ve G\u00fcvenli<\/strong>: Kolay temizlenebilir, cilt dostu malzeme ile sa\u011fl\u0131\u011f\u0131n\u0131z\u0131 korur.<\/p>\n<\/li>\n<li class=\"\" data-start=\"2650\" data-end=\"2763\">\n<p class=\"\" data-start=\"2652\" data-end=\"2763\"><strong data-start=\"2652\" data-end=\"2689\">Gizli ve H\u0131zl\u0131 Al\u0131\u015fveri\u015f Deneyimi<\/strong>: Sipari\u015finiz gizlilik i\u00e7inde haz\u0131rlan\u0131r ve g\u00fcvenli \u015fekilde teslim edilir.<\/p>\n<\/li>\n<\/ul>\n<hr class=\"\" data-start=\"2765\" data-end=\"2768\" \/>\n<p class=\"\" data-start=\"2770\" data-end=\"2954\">\u2728 <strong data-start=\"2772\" data-end=\"2844\">Haz ve tutkuyu bir arada ya\u015famak isteyenler i\u00e7in m\u00fckemmel bir se\u00e7im!<\/strong><br data-start=\"2844\" data-end=\"2847\" \/><strong data-start=\"2847\" data-end=\"2870\">\u015eimdi sipari\u015f verin<\/strong>, \u00f6zel fiyat avantajlar\u0131, gizli kargo ve g\u00fcvenli al\u0131\u015fveri\u015f imkanlar\u0131ndan yararlan\u0131n!<\/p>\n<p class=\"\" data-start=\"2956\" data-end=\"3071\">\u2705 Kap\u0131da \u00d6deme Se\u00e7ene\u011fi<br data-start=\"2979\" data-end=\"2982\" \/>\u2705 H\u0131zl\u0131 G\u00f6nderim<br data-start=\"2998\" data-end=\"3001\" \/>\u2705 %100 Orijinal \u00dcr\u00fcn Garantisi<br data-start=\"3031\" data-end=\"3034\" \/>\u2705 Tam Gizlilik ve M\u00fc\u015fteri Memnuniyeti<\/p>\n<p>&nbsp;<\/p>\n<p>&nbsp;<\/p>\n<p>&nbsp;<\/p>\n<p><img decoding=\"async\" style=\"width: 400px;height: 400px\" src=\"https:\/\/static.ticimax.cloud\/32886\/\/uploads\/editoruploads\/bw-008103zr-1_02.gif\" alt=\"\" \/><\/p>\n","protected":false},"excerpt":{"rendered":"<p>Ger\u00e7ek\u00e7i dokusu, g\u00fc\u00e7l\u00fc titre\u015fimleri ve \u00e7ift kullan\u0131m se\u00e7ene\u011fi ile cinsel deneyiminizi \u00fcst seviyeye ta\u015f\u0131yacak <strong data-start=\"305\" data-end=\"386\">26 cm Belden Ba\u011flamal\u0131 \u00c7ift Katmanl\u0131 Ger\u00e7ek\u00e7i Titre\u015fimli Dildo Vibrat\u00f6r Penis<\/strong>, hem bireysel hem de partnerli kullan\u0131mlar i\u00e7in m\u00fckemmel bir se\u00e7im! Y\u00fcksek kaliteli malzemesi ve ergonomik tasar\u0131m\u0131 sayesinde unutulmaz bir haz sunar.<\/p>\n","protected":false},"featured_media":45325,"comment_status":"closed","ping_status":"closed","template":"","meta":[],"product_brand":[],"product_cat":[498],"product_tag":[],"class_list":{"0":"post-45323","1":"product","2":"type-product","3":"status-publish","4":"has-post-thumbnail","6":"product_cat-belden-baglamali-penisler","8":"first","9":"instock","10":"purchasable","11":"product-type-simple"},"yoast_head":"<!-- This site is optimized with the Yoast SEO Premium plugin v24.4 (Yoast SEO v27.1.1) - https:\/\/yoast.com\/product\/yoast-seo-premium-wordpress\/ -->\n<title>26 Cm Belden Ba\u011flamal\u0131 \u00c7ift Katmanl\u0131 Ger\u00e7ek\u00e7i Titre\u015fimli Dildo Vibrat\u00f6r Penis - Bursa Erotik Shop<\/title>\n<meta name=\"robots\" content=\"index, follow, max-snippet:-1, max-image-preview:large, max-video-preview:-1\" \/>\n<link rel=\"canonical\" href=\"https:\/\/hobierotikshop.com.tr\/website1\/erotik-shop-urun\/26-cm-belden-baglamali-cift-katmanli-gercekci-titresimli-dildo-vibrator-penis\/\" \/>\n<meta property=\"og:locale\" content=\"tr_TR\" \/>\n<meta property=\"og:type\" content=\"article\" \/>\n<meta property=\"og:title\" content=\"26 Cm Belden Ba\u011flamal\u0131 \u00c7ift Katmanl\u0131 Ger\u00e7ek\u00e7i Titre\u015fimli Dildo Vibrat\u00f6r Penis\" \/>\n<meta property=\"og:description\" content=\"Ger\u00e7ek\u00e7i dokusu, g\u00fc\u00e7l\u00fc titre\u015fimleri ve \u00e7ift kullan\u0131m se\u00e7ene\u011fi ile cinsel deneyiminizi \u00fcst seviyeye ta\u015f\u0131yacak 26 cm Belden Ba\u011flamal\u0131 \u00c7ift Katmanl\u0131 Ger\u00e7ek\u00e7i Titre\u015fimli Dildo Vibrat\u00f6r Penis, hem bireysel hem de partnerli kullan\u0131mlar i\u00e7in m\u00fckemmel bir se\u00e7im! Y\u00fcksek kaliteli malzemesi ve ergonomik tasar\u0131m\u0131 sayesinde unutulmaz bir haz sunar.\" \/>\n<meta property=\"og:url\" content=\"https:\/\/hobierotikshop.com.tr\/website1\/erotik-shop-urun\/26-cm-belden-baglamali-cift-katmanli-gercekci-titresimli-dildo-vibrator-penis\/\" \/>\n<meta property=\"og:site_name\" content=\"Bursa Erotik Shop\" \/>\n<meta property=\"article:modified_time\" content=\"2026-01-08T11:43:29+00:00\" \/>\n<meta property=\"og:image\" content=\"https:\/\/hobierotikshop.com.tr\/website1\/wp-content\/uploads\/2025\/04\/26-cm-belden-baglamali-cift-katmanli-g-f5-874.jpg\" \/>\n\t<meta property=\"og:image:width\" content=\"455\" \/>\n\t<meta property=\"og:image:height\" content=\"366\" \/>\n\t<meta property=\"og:image:type\" content=\"image\/jpeg\" \/>\n<meta name=\"twitter:card\" content=\"summary_large_image\" \/>\n<meta name=\"twitter:site\" content=\"@shopbursa\" \/>\n<meta name=\"twitter:label1\" content=\"Fiyat\" \/>\n\t<meta name=\"twitter:data1\" content=\"&#8378;3.800,00\" \/>\n\t<meta name=\"twitter:label2\" content=\"Availability\" \/>\n\t<meta name=\"twitter:data2\" content=\"In stock\" \/>\n<script type=\"application\/ld+json\" class=\"yoast-schema-graph\">{\"@context\":\"https:\/\/schema.org\",\"@graph\":[{\"@type\":\"WebPage\",\"@id\":\"https:\/\/hobierotikshop.com.tr\/website1\/erotik-shop-urun\/26-cm-belden-baglamali-cift-katmanli-gercekci-titresimli-dildo-vibrator-penis\/\",\"url\":\"https:\/\/hobierotikshop.com.tr\/website1\/erotik-shop-urun\/26-cm-belden-baglamali-cift-katmanli-gercekci-titresimli-dildo-vibrator-penis\/\",\"name\":\"26 Cm Belden Ba\u011flamal\u0131 \u00c7ift Katmanl\u0131 Ger\u00e7ek\u00e7i Titre\u015fimli Dildo Vibrat\u00f6r Penis - Bursa Erotik Shop\",\"isPartOf\":{\"@id\":\"https:\/\/hobierotikshop.com.tr\/website1\/#website\"},\"primaryImageOfPage\":{\"@id\":\"https:\/\/hobierotikshop.com.tr\/website1\/erotik-shop-urun\/26-cm-belden-baglamali-cift-katmanli-gercekci-titresimli-dildo-vibrator-penis\/#primaryimage\"},\"image\":{\"@id\":\"https:\/\/hobierotikshop.com.tr\/website1\/erotik-shop-urun\/26-cm-belden-baglamali-cift-katmanli-gercekci-titresimli-dildo-vibrator-penis\/#primaryimage\"},\"thumbnailUrl\":\"https:\/\/haremerotikshop.com\/site\/wp-content\/uploads\/2025\/04\/26-cm-belden-baglamali-cift-katmanli-g-f5-874.jpg\",\"datePublished\":\"2025-04-26T14:13:53+00:00\",\"dateModified\":\"2026-01-08T11:43:29+00:00\",\"breadcrumb\":{\"@id\":\"https:\/\/hobierotikshop.com.tr\/website1\/erotik-shop-urun\/26-cm-belden-baglamali-cift-katmanli-gercekci-titresimli-dildo-vibrator-penis\/#breadcrumb\"},\"inLanguage\":\"tr\",\"potentialAction\":[{\"@type\":\"ReadAction\",\"target\":[\"https:\/\/hobierotikshop.com.tr\/website1\/erotik-shop-urun\/26-cm-belden-baglamali-cift-katmanli-gercekci-titresimli-dildo-vibrator-penis\/\"]}]},{\"@type\":\"ImageObject\",\"inLanguage\":\"tr\",\"@id\":\"https:\/\/hobierotikshop.com.tr\/website1\/erotik-shop-urun\/26-cm-belden-baglamali-cift-katmanli-gercekci-titresimli-dildo-vibrator-penis\/#primaryimage\",\"url\":\"https:\/\/haremerotikshop.com\/site\/wp-content\/uploads\/2025\/04\/26-cm-belden-baglamali-cift-katmanli-g-f5-874.jpg\",\"contentUrl\":\"https:\/\/haremerotikshop.com\/site\/wp-content\/uploads\/2025\/04\/26-cm-belden-baglamali-cift-katmanli-g-f5-874.jpg\",\"width\":455,\"height\":366},{\"@type\":\"BreadcrumbList\",\"@id\":\"https:\/\/hobierotikshop.com.tr\/website1\/erotik-shop-urun\/26-cm-belden-baglamali-cift-katmanli-gercekci-titresimli-dildo-vibrator-penis\/#breadcrumb\",\"itemListElement\":[{\"@type\":\"ListItem\",\"position\":1,\"name\":\"Anasayfa\",\"item\":\"https:\/\/hobierotikshop.com.tr\/website1\/\"},{\"@type\":\"ListItem\",\"position\":2,\"name\":\"Erotik Shop \u00dcr\u00fcnleri\",\"item\":\"https:\/\/hobierotikshop.com.tr\/website1\/shop\/\"},{\"@type\":\"ListItem\",\"position\":3,\"name\":\"26 Cm Belden Ba\u011flamal\u0131 \u00c7ift Katmanl\u0131 Ger\u00e7ek\u00e7i Titre\u015fimli Dildo Vibrat\u00f6r Penis\"}]},{\"@type\":\"WebSite\",\"@id\":\"https:\/\/hobierotikshop.com.tr\/website1\/#website\",\"url\":\"https:\/\/hobierotikshop.com.tr\/website1\/\",\"name\":\"Bursa Erotik Shop\",\"description\":\"Bursa Erotik Shop ile g\u00fcvenli, gizli ve kaliteli yeti\u015fkin \u00fcr\u00fcnleri al\u0131\u015fveri\u015fi! Geni\u015f \u00fcr\u00fcn yelpazemizi ke\u015ffedin, hemen sipari\u015f verin\",\"publisher\":{\"@id\":\"https:\/\/hobierotikshop.com.tr\/website1\/#organization\"},\"alternateName\":\"Erotik Shop\",\"potentialAction\":[{\"@type\":\"SearchAction\",\"target\":{\"@type\":\"EntryPoint\",\"urlTemplate\":\"https:\/\/hobierotikshop.com.tr\/website1\/?s={search_term_string}\"},\"query-input\":{\"@type\":\"PropertyValueSpecification\",\"valueRequired\":true,\"valueName\":\"search_term_string\"}}],\"inLanguage\":\"tr\"},{\"@type\":\"Organization\",\"@id\":\"https:\/\/hobierotikshop.com.tr\/website1\/#organization\",\"name\":\"Harem Bursa Erotik Shop\",\"url\":\"https:\/\/hobierotikshop.com.tr\/website1\/\",\"logo\":{\"@type\":\"ImageObject\",\"inLanguage\":\"tr\",\"@id\":\"https:\/\/hobierotikshop.com.tr\/website1\/#\/schema\/logo\/image\/\",\"url\":\"https:\/\/haremerotikshop.com\/site\/wp-content\/uploads\/2025\/03\/haremsexshop.png\",\"contentUrl\":\"https:\/\/haremerotikshop.com\/site\/wp-content\/uploads\/2025\/03\/haremsexshop.png\",\"width\":400,\"height\":100,\"caption\":\"Harem Bursa Erotik Shop\"},\"image\":{\"@id\":\"https:\/\/hobierotikshop.com.tr\/website1\/#\/schema\/logo\/image\/\"},\"sameAs\":[\"https:\/\/x.com\/shopbursa\"],\"publishingPrinciples\":\"https:\/\/hobierotikshop.com.tr\/website1\/mesafeli-satis-sozlesmesi\/\",\"ownershipFundingInfo\":\"https:\/\/hobierotikshop.com.tr\/website1\/contact-us\/\",\"actionableFeedbackPolicy\":\"https:\/\/hobierotikshop.com.tr\/website1\/contact-us\/\",\"correctionsPolicy\":\"https:\/\/hobierotikshop.com.tr\/website1\/mesafeli-satis-sozlesmesi\/\"}]}<\/script>\n<meta property=\"product:price:amount\" content=\"3800.00\" \/>\n<meta property=\"product:price:currency\" content=\"TRY\" \/>\n<meta property=\"og:availability\" content=\"instock\" \/>\n<meta property=\"product:availability\" content=\"instock\" \/>\n<meta property=\"product:retailer_item_id\" content=\"BDM1368B\" \/>\n<meta property=\"product:condition\" content=\"new\" \/>\n<!-- \/ Yoast SEO Premium plugin. -->","yoast_head_json":{"title":"26 Cm Belden Ba\u011flamal\u0131 \u00c7ift Katmanl\u0131 Ger\u00e7ek\u00e7i Titre\u015fimli Dildo Vibrat\u00f6r Penis - Bursa Erotik Shop","robots":{"index":"index","follow":"follow","max-snippet":"max-snippet:-1","max-image-preview":"max-image-preview:large","max-video-preview":"max-video-preview:-1"},"canonical":"https:\/\/hobierotikshop.com.tr\/website1\/erotik-shop-urun\/26-cm-belden-baglamali-cift-katmanli-gercekci-titresimli-dildo-vibrator-penis\/","og_locale":"tr_TR","og_type":"article","og_title":"26 Cm Belden Ba\u011flamal\u0131 \u00c7ift Katmanl\u0131 Ger\u00e7ek\u00e7i Titre\u015fimli Dildo Vibrat\u00f6r Penis","og_description":"Ger\u00e7ek\u00e7i dokusu, g\u00fc\u00e7l\u00fc titre\u015fimleri ve \u00e7ift kullan\u0131m se\u00e7ene\u011fi ile cinsel deneyiminizi \u00fcst seviyeye ta\u015f\u0131yacak 26 cm Belden Ba\u011flamal\u0131 \u00c7ift Katmanl\u0131 Ger\u00e7ek\u00e7i Titre\u015fimli Dildo Vibrat\u00f6r Penis, hem bireysel hem de partnerli kullan\u0131mlar i\u00e7in m\u00fckemmel bir se\u00e7im! Y\u00fcksek kaliteli malzemesi ve ergonomik tasar\u0131m\u0131 sayesinde unutulmaz bir haz sunar.","og_url":"https:\/\/hobierotikshop.com.tr\/website1\/erotik-shop-urun\/26-cm-belden-baglamali-cift-katmanli-gercekci-titresimli-dildo-vibrator-penis\/","og_site_name":"Bursa Erotik Shop","article_modified_time":"2026-01-08T11:43:29+00:00","og_image":[{"width":455,"height":366,"url":"https:\/\/hobierotikshop.com.tr\/website1\/wp-content\/uploads\/2025\/04\/26-cm-belden-baglamali-cift-katmanli-g-f5-874.jpg","type":"image\/jpeg"}],"twitter_card":"summary_large_image","twitter_site":"@shopbursa","twitter_misc":{"Fiyat":"&#8378;3.800,00","Availability":"In stock"},"schema":{"@context":"https:\/\/schema.org","@graph":[{"@type":"WebPage","@id":"https:\/\/hobierotikshop.com.tr\/website1\/erotik-shop-urun\/26-cm-belden-baglamali-cift-katmanli-gercekci-titresimli-dildo-vibrator-penis\/","url":"https:\/\/hobierotikshop.com.tr\/website1\/erotik-shop-urun\/26-cm-belden-baglamali-cift-katmanli-gercekci-titresimli-dildo-vibrator-penis\/","name":"26 Cm Belden Ba\u011flamal\u0131 \u00c7ift Katmanl\u0131 Ger\u00e7ek\u00e7i Titre\u015fimli Dildo Vibrat\u00f6r Penis - Bursa Erotik Shop","isPartOf":{"@id":"https:\/\/hobierotikshop.com.tr\/website1\/#website"},"primaryImageOfPage":{"@id":"https:\/\/hobierotikshop.com.tr\/website1\/erotik-shop-urun\/26-cm-belden-baglamali-cift-katmanli-gercekci-titresimli-dildo-vibrator-penis\/#primaryimage"},"image":{"@id":"https:\/\/hobierotikshop.com.tr\/website1\/erotik-shop-urun\/26-cm-belden-baglamali-cift-katmanli-gercekci-titresimli-dildo-vibrator-penis\/#primaryimage"},"thumbnailUrl":"https:\/\/haremerotikshop.com\/site\/wp-content\/uploads\/2025\/04\/26-cm-belden-baglamali-cift-katmanli-g-f5-874.jpg","datePublished":"2025-04-26T14:13:53+00:00","dateModified":"2026-01-08T11:43:29+00:00","breadcrumb":{"@id":"https:\/\/hobierotikshop.com.tr\/website1\/erotik-shop-urun\/26-cm-belden-baglamali-cift-katmanli-gercekci-titresimli-dildo-vibrator-penis\/#breadcrumb"},"inLanguage":"tr","potentialAction":[{"@type":"ReadAction","target":["https:\/\/hobierotikshop.com.tr\/website1\/erotik-shop-urun\/26-cm-belden-baglamali-cift-katmanli-gercekci-titresimli-dildo-vibrator-penis\/"]}]},{"@type":"ImageObject","inLanguage":"tr","@id":"https:\/\/hobierotikshop.com.tr\/website1\/erotik-shop-urun\/26-cm-belden-baglamali-cift-katmanli-gercekci-titresimli-dildo-vibrator-penis\/#primaryimage","url":"https:\/\/haremerotikshop.com\/site\/wp-content\/uploads\/2025\/04\/26-cm-belden-baglamali-cift-katmanli-g-f5-874.jpg","contentUrl":"https:\/\/haremerotikshop.com\/site\/wp-content\/uploads\/2025\/04\/26-cm-belden-baglamali-cift-katmanli-g-f5-874.jpg","width":455,"height":366},{"@type":"BreadcrumbList","@id":"https:\/\/hobierotikshop.com.tr\/website1\/erotik-shop-urun\/26-cm-belden-baglamali-cift-katmanli-gercekci-titresimli-dildo-vibrator-penis\/#breadcrumb","itemListElement":[{"@type":"ListItem","position":1,"name":"Anasayfa","item":"https:\/\/hobierotikshop.com.tr\/website1\/"},{"@type":"ListItem","position":2,"name":"Erotik Shop \u00dcr\u00fcnleri","item":"https:\/\/hobierotikshop.com.tr\/website1\/shop\/"},{"@type":"ListItem","position":3,"name":"26 Cm Belden Ba\u011flamal\u0131 \u00c7ift Katmanl\u0131 Ger\u00e7ek\u00e7i Titre\u015fimli Dildo Vibrat\u00f6r Penis"}]},{"@type":"WebSite","@id":"https:\/\/hobierotikshop.com.tr\/website1\/#website","url":"https:\/\/hobierotikshop.com.tr\/website1\/","name":"Bursa Erotik Shop","description":"Bursa Erotik Shop ile g\u00fcvenli, gizli ve kaliteli yeti\u015fkin \u00fcr\u00fcnleri al\u0131\u015fveri\u015fi! Geni\u015f \u00fcr\u00fcn yelpazemizi ke\u015ffedin, hemen sipari\u015f verin","publisher":{"@id":"https:\/\/hobierotikshop.com.tr\/website1\/#organization"},"alternateName":"Erotik Shop","potentialAction":[{"@type":"SearchAction","target":{"@type":"EntryPoint","urlTemplate":"https:\/\/hobierotikshop.com.tr\/website1\/?s={search_term_string}"},"query-input":{"@type":"PropertyValueSpecification","valueRequired":true,"valueName":"search_term_string"}}],"inLanguage":"tr"},{"@type":"Organization","@id":"https:\/\/hobierotikshop.com.tr\/website1\/#organization","name":"Harem Bursa Erotik Shop","url":"https:\/\/hobierotikshop.com.tr\/website1\/","logo":{"@type":"ImageObject","inLanguage":"tr","@id":"https:\/\/hobierotikshop.com.tr\/website1\/#\/schema\/logo\/image\/","url":"https:\/\/haremerotikshop.com\/site\/wp-content\/uploads\/2025\/03\/haremsexshop.png","contentUrl":"https:\/\/haremerotikshop.com\/site\/wp-content\/uploads\/2025\/03\/haremsexshop.png","width":400,"height":100,"caption":"Harem Bursa Erotik Shop"},"image":{"@id":"https:\/\/hobierotikshop.com.tr\/website1\/#\/schema\/logo\/image\/"},"sameAs":["https:\/\/x.com\/shopbursa"],"publishingPrinciples":"https:\/\/hobierotikshop.com.tr\/website1\/mesafeli-satis-sozlesmesi\/","ownershipFundingInfo":"https:\/\/hobierotikshop.com.tr\/website1\/contact-us\/","actionableFeedbackPolicy":"https:\/\/hobierotikshop.com.tr\/website1\/contact-us\/","correctionsPolicy":"https:\/\/hobierotikshop.com.tr\/website1\/mesafeli-satis-sozlesmesi\/"}]},"product_price_amount":"3800.00","product_price_currency":"TRY","og_availability":"instock","product_availability":"instock","product_retailer_item_id":"BDM1368B","product_condition":"new"},"_links":{"self":[{"href":"https:\/\/haremerotikshop.com\/site\/wp-json\/wp\/v2\/product\/45323","targetHints":{"allow":["GET"]}}],"collection":[{"href":"https:\/\/haremerotikshop.com\/site\/wp-json\/wp\/v2\/product"}],"about":[{"href":"https:\/\/haremerotikshop.com\/site\/wp-json\/wp\/v2\/types\/product"}],"replies":[{"embeddable":true,"href":"https:\/\/haremerotikshop.com\/site\/wp-json\/wp\/v2\/comments?post=45323"}],"version-history":[{"count":0,"href":"https:\/\/haremerotikshop.com\/site\/wp-json\/wp\/v2\/product\/45323\/revisions"}],"wp:featuredmedia":[{"embeddable":true,"href":"https:\/\/haremerotikshop.com\/site\/wp-json\/wp\/v2\/media\/45325"}],"wp:attachment":[{"href":"https:\/\/haremerotikshop.com\/site\/wp-json\/wp\/v2\/media?parent=45323"}],"wp:term":[{"taxonomy":"product_brand","embeddable":true,"href":"https:\/\/haremerotikshop.com\/site\/wp-json\/wp\/v2\/product_brand?post=45323"},{"taxonomy":"product_cat","embeddable":true,"href":"https:\/\/haremerotikshop.com\/site\/wp-json\/wp\/v2\/product_cat?post=45323"},{"taxonomy":"product_tag","embeddable":true,"href":"https:\/\/haremerotikshop.com\/site\/wp-json\/wp\/v2\/product_tag?post=45323"}],"curies":[{"name":"wp","href":"https:\/\/api.w.org\/{rel}","templated":true}]}}