{"id":45337,"date":"2025-04-26T17:13:53","date_gmt":"2025-04-26T14:13:53","guid":{"rendered":"https:\/\/haremerotikshop.com\/site\/erotik-shop-urun\/194-cm-belden-baglamali-cift-katmanli-gercekci-titresimli-dildo-vibrator-penis\/"},"modified":"2026-01-18T17:56:07","modified_gmt":"2026-01-18T14:56:07","slug":"194-cm-belden-baglamali-cift-katmanli-gercekci-titresimli-dildo-vibrator-penis","status":"publish","type":"product","link":"https:\/\/haremerotikshop.com\/site\/erotik-shop-urun\/194-cm-belden-baglamali-cift-katmanli-gercekci-titresimli-dildo-vibrator-penis\/","title":{"rendered":"19,4 Cm Belden Ba\u011flamal\u0131 \u00c7ift Katmanl\u0131 Ger\u00e7ek\u00e7i Titre\u015fimli Dildo Vibrat\u00f6r Penis"},"content":{"rendered":"<p><span style=\"color: #e74c3c\"><span style=\"font-size: 20px\"><span style=\"font-family: Verdana,Geneva,sans-serif\">19,4 cm Belden Ba\u011flamal\u0131 \u00c7ift Katmanl\u0131 Ger\u00e7ek\u00e7i Titre\u015fimli Dildo<\/span><\/span><\/span><\/p>\n<h1 class=\"\" data-start=\"120\" data-end=\"179\">Vibrat\u00f6r Penis | Ger\u00e7ek\u00e7i Doku ve G\u00fc\u00e7l\u00fc Titre\u015fim Deneyimi<\/h1>\n<p class=\"\" data-start=\"181\" data-end=\"467\">Ger\u00e7ek\u00e7i his ve g\u00fc\u00e7l\u00fc titre\u015fimleri bir arada sunan <strong data-start=\"232\" data-end=\"250\">Vibrat\u00f6r Penis<\/strong>, size unutulmaz bir deneyim ya\u015fatmak i\u00e7in tasarland\u0131. Y\u00fcksek kaliteli malzemesi, v\u00fccut \u0131s\u0131s\u0131na uyum sa\u011flayan yap\u0131s\u0131 ve farkl\u0131 h\u0131z se\u00e7enekleriyle bu \u00fcr\u00fcn, hem yeni ba\u015flayanlar hem de deneyimli kullan\u0131c\u0131lar i\u00e7in ideal!<\/p>\n<h2 class=\"\" data-start=\"469\" data-end=\"489\">\u00dcr\u00fcn \u00d6zellikleri:<\/h2>\n<ul data-start=\"491\" data-end=\"1289\">\n<li class=\"\" data-start=\"491\" data-end=\"563\">\n<p class=\"\" data-start=\"493\" data-end=\"563\"><strong data-start=\"493\" data-end=\"505\">Boyutlar<\/strong>: 19,4 cm uzunluk ve 4,2 cm kal\u0131nl\u0131k ile ideal b\u00fcy\u00fckl\u00fckte.<\/p>\n<\/li>\n<li class=\"\" data-start=\"564\" data-end=\"689\">\n<p class=\"\" data-start=\"566\" data-end=\"689\"><strong data-start=\"566\" data-end=\"587\">Titre\u015fim \u00d6zelli\u011fi<\/strong>: Ayarlanabilir g\u00fc\u00e7l\u00fc titre\u015fim h\u0131zlar\u0131 sayesinde istedi\u011finiz yo\u011funlukta bir deneyim ya\u015faman\u0131z\u0131 sa\u011flar.<\/p>\n<\/li>\n<li class=\"\" data-start=\"690\" data-end=\"848\">\n<p class=\"\" data-start=\"692\" data-end=\"848\"><strong data-start=\"692\" data-end=\"712\">Ger\u00e7ek\u00e7i Malzeme<\/strong>: \u00c7ift katmanl\u0131 yap\u0131 ve ger\u00e7ek ten dokusuna yak\u0131n %100 Soft materyal kullan\u0131larak \u00fcretilmi\u015ftir. \u0130peksi y\u00fczeyi ile maksimum konfor sunar.<\/p>\n<\/li>\n<li class=\"\" data-start=\"849\" data-end=\"955\">\n<p class=\"\" data-start=\"851\" data-end=\"955\"><strong data-start=\"851\" data-end=\"873\">V\u00fccut Is\u0131s\u0131na Uyum<\/strong>: Kullan\u0131m s\u0131ras\u0131nda v\u00fccut s\u0131cakl\u0131\u011f\u0131na ula\u015farak daha do\u011fal ve s\u0131cak bir his verir.<\/p>\n<\/li>\n<li class=\"\" data-start=\"956\" data-end=\"1085\">\n<p class=\"\" data-start=\"958\" data-end=\"1085\"><strong data-start=\"958\" data-end=\"983\">Sabitlenebilir Vantuz<\/strong>: G\u00fc\u00e7l\u00fc vantuz taban\u0131 sayesinde d\u00fcz t\u00fcm y\u00fczeylere sabitlenebilir; eller serbest kullan\u0131m imk\u00e2n\u0131 sunar.<\/p>\n<\/li>\n<li class=\"\" data-start=\"1086\" data-end=\"1217\">\n<p class=\"\" data-start=\"1088\" data-end=\"1217\"><strong data-start=\"1088\" data-end=\"1111\">Cilt Dostu Materyal<\/strong>: Pthalate Free malzemeden \u00fcretilmi\u015f olup cildinizle tam uyumludur, kolayca temizlenebilir ve hijyeniktir.<\/p>\n<\/li>\n<li class=\"\" data-start=\"1218\" data-end=\"1289\">\n<p class=\"\" data-start=\"1220\" data-end=\"1289\"><strong data-start=\"1220\" data-end=\"1236\">Dayan\u0131kl\u0131l\u0131k<\/strong>: Sa\u011flam yap\u0131s\u0131 sayesinde uzun \u00f6m\u00fcrl\u00fc kullan\u0131m sunar.<\/p>\n<\/li>\n<\/ul>\n<h2 class=\"\" data-start=\"1291\" data-end=\"1312\">Ekstra \u00d6zellikler:<\/h2>\n<ul data-start=\"1313\" data-end=\"1511\">\n<li class=\"\" data-start=\"1313\" data-end=\"1401\">\n<p class=\"\" data-start=\"1315\" data-end=\"1401\">Ger\u00e7ek\u00e7i g\u00f6r\u00fcn\u00fcm ve hassas et dokusu sayesinde y\u0131llarca ilk g\u00fcnk\u00fc performans\u0131n\u0131 korur.<\/p>\n<\/li>\n<li class=\"\" data-start=\"1402\" data-end=\"1511\">\n<p class=\"\" data-start=\"1404\" data-end=\"1511\">Penis ba\u011flama kemeri ve kayganla\u015ft\u0131r\u0131c\u0131 ile birlikte kullan\u0131larak deneyiminiz daha da zenginle\u015ftirilebilir.<\/p>\n<\/li>\n<\/ul>\n<hr class=\"\" data-start=\"1513\" data-end=\"1516\" \/>\n<h2 class=\"\" data-start=\"1518\" data-end=\"1543\">G\u00f6nderim ve Paketleme:<\/h2>\n<ul data-start=\"1545\" data-end=\"1744\">\n<li class=\"\" data-start=\"1545\" data-end=\"1643\">\n<p class=\"\" data-start=\"1547\" data-end=\"1643\">Sipari\u015fleriniz tamamen <strong data-start=\"1570\" data-end=\"1589\">gizli paketleme<\/strong> y\u00f6ntemi ile haz\u0131rlan\u0131r. \u0130\u00e7eri\u011fi d\u0131\u015far\u0131dan anla\u015f\u0131lmaz.<\/p>\n<\/li>\n<li class=\"\" data-start=\"1644\" data-end=\"1744\">\n<p class=\"\" data-start=\"1646\" data-end=\"1744\">Disiplinli lojistik s\u00fcre\u00e7lerimiz sayesinde \u00fcr\u00fcnleriniz h\u0131zl\u0131 ve g\u00fcvenli bir \u015fekilde teslim edilir.<\/p>\n<\/li>\n<\/ul>\n<h2 class=\"\" data-start=\"1746\" data-end=\"1767\">\u00d6deme Se\u00e7enekleri:<\/h2>\n<ul data-start=\"1769\" data-end=\"1869\">\n<li class=\"\" data-start=\"1769\" data-end=\"1810\">\n<p class=\"\" data-start=\"1771\" data-end=\"1810\">Kap\u0131da nakit veya kredi kart\u0131 ile \u00f6deme<\/p>\n<\/li>\n<li class=\"\" data-start=\"1811\" data-end=\"1827\">\n<p class=\"\" data-start=\"1813\" data-end=\"1827\">Banka havalesi<\/p>\n<\/li>\n<li class=\"\" data-start=\"1828\" data-end=\"1869\">\n<p class=\"\" data-start=\"1830\" data-end=\"1869\">Tek \u00e7ekim veya taksitli \u00f6deme imk\u00e2nlar\u0131<\/p>\n<\/li>\n<\/ul>\n<h2 class=\"\" data-start=\"1871\" data-end=\"1889\">Teslimat \u015eekli:<\/h2>\n<ul data-start=\"1891\" data-end=\"2020\">\n<li class=\"\" data-start=\"1891\" data-end=\"1954\">\n<p class=\"\" data-start=\"1893\" data-end=\"1954\">\u0130sterseniz \u00fcr\u00fcn\u00fcn\u00fcz\u00fc do\u011frudan kap\u0131n\u0131za kadar teslim ediyoruz.<\/p>\n<\/li>\n<li class=\"\" data-start=\"1955\" data-end=\"2020\">\n<p class=\"\" data-start=\"1957\" data-end=\"2020\">Dilerseniz size en yak\u0131n kargo \u015fubesinden teslim alabilirsiniz.<\/p>\n<\/li>\n<\/ul>\n<hr class=\"\" data-start=\"2022\" data-end=\"2025\" \/>\n<h2 class=\"\" data-start=\"2027\" data-end=\"2070\">Neden Vibrat\u00f6r Penis Tercih Etmelisiniz?<\/h2>\n<ul data-start=\"2072\" data-end=\"2520\">\n<li class=\"\" data-start=\"2072\" data-end=\"2180\">\n<p class=\"\" data-start=\"2074\" data-end=\"2180\"><strong data-start=\"2074\" data-end=\"2104\">Ger\u00e7ek\u00e7i Doku ve Ten Hissi<\/strong>: Ger\u00e7ek bir cilt dokusu hissiyat\u0131 sunarak sizi bamba\u015fka bir deneyime ta\u015f\u0131r.<\/p>\n<\/li>\n<li class=\"\" data-start=\"2181\" data-end=\"2290\">\n<p class=\"\" data-start=\"2183\" data-end=\"2290\"><strong data-start=\"2183\" data-end=\"2214\">Ayarlanabilir Titre\u015fim G\u00fcc\u00fc<\/strong>: \u0130htiyac\u0131n\u0131za ve zevkinize g\u00f6re titre\u015fim h\u0131z\u0131n\u0131 kolayca ayarlayabilirsiniz.<\/p>\n<\/li>\n<li class=\"\" data-start=\"2291\" data-end=\"2389\">\n<p class=\"\" data-start=\"2293\" data-end=\"2389\"><strong data-start=\"2293\" data-end=\"2319\">Hijyen ve Dayan\u0131kl\u0131l\u0131k<\/strong>: Cilt dostu, uzun \u00f6m\u00fcrl\u00fc ve kolay temizlenebilir yap\u0131s\u0131yla \u00f6ne \u00e7\u0131kar.<\/p>\n<\/li>\n<li class=\"\" data-start=\"2390\" data-end=\"2520\">\n<p class=\"\" data-start=\"2392\" data-end=\"2520\"><strong data-start=\"2392\" data-end=\"2416\">Gizlilik ve G\u00fcvenlik<\/strong>: T\u00fcm al\u0131\u015fveri\u015f s\u00fcrecinizde gizlili\u011finiz korunur ve \u00fcr\u00fcnlerimiz orijinal, fatural\u0131 olarak teslim edilir.<\/p>\n<\/li>\n<\/ul>\n<hr class=\"\" data-start=\"2522\" data-end=\"2525\" \/>\n<p class=\"\" data-start=\"2527\" data-end=\"2717\">\u2728 <strong data-start=\"2529\" data-end=\"2606\">Vibrat\u00f6r Penis ile her seferinde ba\u015ftan \u00e7\u0131kar\u0131c\u0131 bir deneyime haz\u0131r olun!<\/strong><br data-start=\"2606\" data-end=\"2609\" \/><strong data-start=\"2609\" data-end=\"2632\">\u015eimdi sipari\u015f verin<\/strong>, gizli paketleme, g\u00fcvenli al\u0131\u015fveri\u015f ve h\u0131zl\u0131 g\u00f6nderim ayr\u0131cal\u0131klar\u0131n\u0131 hemen ya\u015fay\u0131n.<\/p>\n<p class=\"\" data-start=\"2719\" data-end=\"2824\">\u2705 Kap\u0131da \u00d6deme Se\u00e7ene\u011fi<br data-start=\"2742\" data-end=\"2745\" \/>\u2705 H\u0131zl\u0131 ve Gizli Kargo<br data-start=\"2767\" data-end=\"2770\" \/>\u2705 Orijinal \u00dcr\u00fcn Garantisi<br data-start=\"2795\" data-end=\"2798\" \/>\u2705 %100 M\u00fc\u015fteri Memnuniyeti<\/p>\n<p>&nbsp;<\/p>\n<p>&nbsp;<\/p>\n<p>&nbsp;<\/p>\n<p><img decoding=\"async\" style=\"width: 300px;height: 300px\" src=\"https:\/\/static.ticimax.cloud\/32886\/\/uploads\/editoruploads\/bw-008108zr-1_03.gif\" alt=\"\" \/><img decoding=\"async\" style=\"width: 300px;height: 300px\" src=\"https:\/\/static.ticimax.cloud\/32886\/\/uploads\/editoruploads\/bw-008108zr-1_02.gif\" alt=\"\" \/><\/p>\n","protected":false},"excerpt":{"rendered":"<p>Ger\u00e7ek\u00e7i his ve g\u00fc\u00e7l\u00fc titre\u015fimleri bir arada sunan <strong data-start=\"232\" data-end=\"250\">Vibrat\u00f6r Penis<\/strong>, size unutulmaz bir deneyim ya\u015fatmak i\u00e7in tasarland\u0131. Y\u00fcksek kaliteli malzemesi, v\u00fccut \u0131s\u0131s\u0131na uyum sa\u011flayan yap\u0131s\u0131 ve farkl\u0131 h\u0131z se\u00e7enekleriyle bu \u00fcr\u00fcn, hem yeni ba\u015flayanlar hem de deneyimli kullan\u0131c\u0131lar i\u00e7in ideal!<\/p>\n","protected":false},"featured_media":45339,"comment_status":"closed","ping_status":"closed","template":"","meta":[],"product_brand":[],"product_cat":[498],"product_tag":[],"class_list":{"0":"post-45337","1":"product","2":"type-product","3":"status-publish","4":"has-post-thumbnail","6":"product_cat-belden-baglamali-penisler","8":"first","9":"instock","10":"purchasable","11":"product-type-simple"},"yoast_head":"<!-- This site is optimized with the Yoast SEO Premium plugin v24.4 (Yoast SEO v27.1.1) - https:\/\/yoast.com\/product\/yoast-seo-premium-wordpress\/ -->\n<title>19,4 Cm Belden Ba\u011flamal\u0131 \u00c7ift Katmanl\u0131 Ger\u00e7ek\u00e7i Titre\u015fimli Dildo Vibrat\u00f6r Penis - Bursa Erotik Shop<\/title>\n<meta name=\"robots\" content=\"index, follow, max-snippet:-1, max-image-preview:large, max-video-preview:-1\" \/>\n<link rel=\"canonical\" href=\"https:\/\/hobierotikshop.com.tr\/website1\/erotik-shop-urun\/194-cm-belden-baglamali-cift-katmanli-gercekci-titresimli-dildo-vibrator-penis\/\" \/>\n<meta property=\"og:locale\" content=\"tr_TR\" \/>\n<meta property=\"og:type\" content=\"article\" \/>\n<meta property=\"og:title\" content=\"19,4 Cm Belden Ba\u011flamal\u0131 \u00c7ift Katmanl\u0131 Ger\u00e7ek\u00e7i Titre\u015fimli Dildo Vibrat\u00f6r Penis\" \/>\n<meta property=\"og:description\" content=\"Ger\u00e7ek\u00e7i his ve g\u00fc\u00e7l\u00fc titre\u015fimleri bir arada sunan Vibrat\u00f6r Penis, size unutulmaz bir deneyim ya\u015fatmak i\u00e7in tasarland\u0131. Y\u00fcksek kaliteli malzemesi, v\u00fccut \u0131s\u0131s\u0131na uyum sa\u011flayan yap\u0131s\u0131 ve farkl\u0131 h\u0131z se\u00e7enekleriyle bu \u00fcr\u00fcn, hem yeni ba\u015flayanlar hem de deneyimli kullan\u0131c\u0131lar i\u00e7in ideal!\" \/>\n<meta property=\"og:url\" content=\"https:\/\/hobierotikshop.com.tr\/website1\/erotik-shop-urun\/194-cm-belden-baglamali-cift-katmanli-gercekci-titresimli-dildo-vibrator-penis\/\" \/>\n<meta property=\"og:site_name\" content=\"Bursa Erotik Shop\" \/>\n<meta property=\"article:modified_time\" content=\"2026-01-18T14:56:07+00:00\" \/>\n<meta property=\"og:image\" content=\"https:\/\/hobierotikshop.com.tr\/website1\/wp-content\/uploads\/2025\/04\/194-cm-belden-baglamali-cift-katmanli-d102a9.jpg\" \/>\n\t<meta property=\"og:image:width\" content=\"455\" \/>\n\t<meta property=\"og:image:height\" content=\"434\" \/>\n\t<meta property=\"og:image:type\" content=\"image\/jpeg\" \/>\n<meta name=\"twitter:card\" content=\"summary_large_image\" \/>\n<meta name=\"twitter:site\" content=\"@shopbursa\" \/>\n<meta name=\"twitter:label1\" content=\"Fiyat\" \/>\n\t<meta name=\"twitter:data1\" content=\"&#8378;3.000,00\" \/>\n\t<meta name=\"twitter:label2\" content=\"Availability\" \/>\n\t<meta name=\"twitter:data2\" content=\"In stock\" \/>\n<script type=\"application\/ld+json\" class=\"yoast-schema-graph\">{\"@context\":\"https:\/\/schema.org\",\"@graph\":[{\"@type\":\"WebPage\",\"@id\":\"https:\/\/hobierotikshop.com.tr\/website1\/erotik-shop-urun\/194-cm-belden-baglamali-cift-katmanli-gercekci-titresimli-dildo-vibrator-penis\/\",\"url\":\"https:\/\/hobierotikshop.com.tr\/website1\/erotik-shop-urun\/194-cm-belden-baglamali-cift-katmanli-gercekci-titresimli-dildo-vibrator-penis\/\",\"name\":\"19,4 Cm Belden Ba\u011flamal\u0131 \u00c7ift Katmanl\u0131 Ger\u00e7ek\u00e7i Titre\u015fimli Dildo Vibrat\u00f6r Penis - Bursa Erotik Shop\",\"isPartOf\":{\"@id\":\"https:\/\/hobierotikshop.com.tr\/website1\/#website\"},\"primaryImageOfPage\":{\"@id\":\"https:\/\/hobierotikshop.com.tr\/website1\/erotik-shop-urun\/194-cm-belden-baglamali-cift-katmanli-gercekci-titresimli-dildo-vibrator-penis\/#primaryimage\"},\"image\":{\"@id\":\"https:\/\/hobierotikshop.com.tr\/website1\/erotik-shop-urun\/194-cm-belden-baglamali-cift-katmanli-gercekci-titresimli-dildo-vibrator-penis\/#primaryimage\"},\"thumbnailUrl\":\"https:\/\/haremerotikshop.com\/site\/wp-content\/uploads\/2025\/04\/194-cm-belden-baglamali-cift-katmanli-d102a9.jpg\",\"datePublished\":\"2025-04-26T14:13:53+00:00\",\"dateModified\":\"2026-01-18T14:56:07+00:00\",\"breadcrumb\":{\"@id\":\"https:\/\/hobierotikshop.com.tr\/website1\/erotik-shop-urun\/194-cm-belden-baglamali-cift-katmanli-gercekci-titresimli-dildo-vibrator-penis\/#breadcrumb\"},\"inLanguage\":\"tr\",\"potentialAction\":[{\"@type\":\"ReadAction\",\"target\":[\"https:\/\/hobierotikshop.com.tr\/website1\/erotik-shop-urun\/194-cm-belden-baglamali-cift-katmanli-gercekci-titresimli-dildo-vibrator-penis\/\"]}]},{\"@type\":\"ImageObject\",\"inLanguage\":\"tr\",\"@id\":\"https:\/\/hobierotikshop.com.tr\/website1\/erotik-shop-urun\/194-cm-belden-baglamali-cift-katmanli-gercekci-titresimli-dildo-vibrator-penis\/#primaryimage\",\"url\":\"https:\/\/haremerotikshop.com\/site\/wp-content\/uploads\/2025\/04\/194-cm-belden-baglamali-cift-katmanli-d102a9.jpg\",\"contentUrl\":\"https:\/\/haremerotikshop.com\/site\/wp-content\/uploads\/2025\/04\/194-cm-belden-baglamali-cift-katmanli-d102a9.jpg\",\"width\":455,\"height\":434},{\"@type\":\"BreadcrumbList\",\"@id\":\"https:\/\/hobierotikshop.com.tr\/website1\/erotik-shop-urun\/194-cm-belden-baglamali-cift-katmanli-gercekci-titresimli-dildo-vibrator-penis\/#breadcrumb\",\"itemListElement\":[{\"@type\":\"ListItem\",\"position\":1,\"name\":\"Anasayfa\",\"item\":\"https:\/\/hobierotikshop.com.tr\/website1\/\"},{\"@type\":\"ListItem\",\"position\":2,\"name\":\"Erotik Shop \u00dcr\u00fcnleri\",\"item\":\"https:\/\/hobierotikshop.com.tr\/website1\/shop\/\"},{\"@type\":\"ListItem\",\"position\":3,\"name\":\"19,4 Cm Belden Ba\u011flamal\u0131 \u00c7ift Katmanl\u0131 Ger\u00e7ek\u00e7i Titre\u015fimli Dildo Vibrat\u00f6r Penis\"}]},{\"@type\":\"WebSite\",\"@id\":\"https:\/\/hobierotikshop.com.tr\/website1\/#website\",\"url\":\"https:\/\/hobierotikshop.com.tr\/website1\/\",\"name\":\"Bursa Erotik Shop\",\"description\":\"Bursa Erotik Shop ile g\u00fcvenli, gizli ve kaliteli yeti\u015fkin \u00fcr\u00fcnleri al\u0131\u015fveri\u015fi! Geni\u015f \u00fcr\u00fcn yelpazemizi ke\u015ffedin, hemen sipari\u015f verin\",\"publisher\":{\"@id\":\"https:\/\/hobierotikshop.com.tr\/website1\/#organization\"},\"alternateName\":\"Erotik Shop\",\"potentialAction\":[{\"@type\":\"SearchAction\",\"target\":{\"@type\":\"EntryPoint\",\"urlTemplate\":\"https:\/\/hobierotikshop.com.tr\/website1\/?s={search_term_string}\"},\"query-input\":{\"@type\":\"PropertyValueSpecification\",\"valueRequired\":true,\"valueName\":\"search_term_string\"}}],\"inLanguage\":\"tr\"},{\"@type\":\"Organization\",\"@id\":\"https:\/\/hobierotikshop.com.tr\/website1\/#organization\",\"name\":\"Harem Bursa Erotik Shop\",\"url\":\"https:\/\/hobierotikshop.com.tr\/website1\/\",\"logo\":{\"@type\":\"ImageObject\",\"inLanguage\":\"tr\",\"@id\":\"https:\/\/hobierotikshop.com.tr\/website1\/#\/schema\/logo\/image\/\",\"url\":\"https:\/\/haremerotikshop.com\/site\/wp-content\/uploads\/2025\/03\/haremsexshop.png\",\"contentUrl\":\"https:\/\/haremerotikshop.com\/site\/wp-content\/uploads\/2025\/03\/haremsexshop.png\",\"width\":400,\"height\":100,\"caption\":\"Harem Bursa Erotik Shop\"},\"image\":{\"@id\":\"https:\/\/hobierotikshop.com.tr\/website1\/#\/schema\/logo\/image\/\"},\"sameAs\":[\"https:\/\/x.com\/shopbursa\"],\"publishingPrinciples\":\"https:\/\/hobierotikshop.com.tr\/website1\/mesafeli-satis-sozlesmesi\/\",\"ownershipFundingInfo\":\"https:\/\/hobierotikshop.com.tr\/website1\/contact-us\/\",\"actionableFeedbackPolicy\":\"https:\/\/hobierotikshop.com.tr\/website1\/contact-us\/\",\"correctionsPolicy\":\"https:\/\/hobierotikshop.com.tr\/website1\/mesafeli-satis-sozlesmesi\/\"}]}<\/script>\n<meta property=\"product:price:amount\" content=\"3000.00\" \/>\n<meta property=\"product:price:currency\" content=\"TRY\" \/>\n<meta property=\"og:availability\" content=\"instock\" \/>\n<meta property=\"product:availability\" content=\"instock\" \/>\n<meta property=\"product:retailer_item_id\" content=\"BDM1369B\" \/>\n<meta property=\"product:condition\" content=\"new\" \/>\n<!-- \/ Yoast SEO Premium plugin. -->","yoast_head_json":{"title":"19,4 Cm Belden Ba\u011flamal\u0131 \u00c7ift Katmanl\u0131 Ger\u00e7ek\u00e7i Titre\u015fimli Dildo Vibrat\u00f6r Penis - Bursa Erotik Shop","robots":{"index":"index","follow":"follow","max-snippet":"max-snippet:-1","max-image-preview":"max-image-preview:large","max-video-preview":"max-video-preview:-1"},"canonical":"https:\/\/hobierotikshop.com.tr\/website1\/erotik-shop-urun\/194-cm-belden-baglamali-cift-katmanli-gercekci-titresimli-dildo-vibrator-penis\/","og_locale":"tr_TR","og_type":"article","og_title":"19,4 Cm Belden Ba\u011flamal\u0131 \u00c7ift Katmanl\u0131 Ger\u00e7ek\u00e7i Titre\u015fimli Dildo Vibrat\u00f6r Penis","og_description":"Ger\u00e7ek\u00e7i his ve g\u00fc\u00e7l\u00fc titre\u015fimleri bir arada sunan Vibrat\u00f6r Penis, size unutulmaz bir deneyim ya\u015fatmak i\u00e7in tasarland\u0131. Y\u00fcksek kaliteli malzemesi, v\u00fccut \u0131s\u0131s\u0131na uyum sa\u011flayan yap\u0131s\u0131 ve farkl\u0131 h\u0131z se\u00e7enekleriyle bu \u00fcr\u00fcn, hem yeni ba\u015flayanlar hem de deneyimli kullan\u0131c\u0131lar i\u00e7in ideal!","og_url":"https:\/\/hobierotikshop.com.tr\/website1\/erotik-shop-urun\/194-cm-belden-baglamali-cift-katmanli-gercekci-titresimli-dildo-vibrator-penis\/","og_site_name":"Bursa Erotik Shop","article_modified_time":"2026-01-18T14:56:07+00:00","og_image":[{"width":455,"height":434,"url":"https:\/\/hobierotikshop.com.tr\/website1\/wp-content\/uploads\/2025\/04\/194-cm-belden-baglamali-cift-katmanli-d102a9.jpg","type":"image\/jpeg"}],"twitter_card":"summary_large_image","twitter_site":"@shopbursa","twitter_misc":{"Fiyat":"&#8378;3.000,00","Availability":"In stock"},"schema":{"@context":"https:\/\/schema.org","@graph":[{"@type":"WebPage","@id":"https:\/\/hobierotikshop.com.tr\/website1\/erotik-shop-urun\/194-cm-belden-baglamali-cift-katmanli-gercekci-titresimli-dildo-vibrator-penis\/","url":"https:\/\/hobierotikshop.com.tr\/website1\/erotik-shop-urun\/194-cm-belden-baglamali-cift-katmanli-gercekci-titresimli-dildo-vibrator-penis\/","name":"19,4 Cm Belden Ba\u011flamal\u0131 \u00c7ift Katmanl\u0131 Ger\u00e7ek\u00e7i Titre\u015fimli Dildo Vibrat\u00f6r Penis - Bursa Erotik Shop","isPartOf":{"@id":"https:\/\/hobierotikshop.com.tr\/website1\/#website"},"primaryImageOfPage":{"@id":"https:\/\/hobierotikshop.com.tr\/website1\/erotik-shop-urun\/194-cm-belden-baglamali-cift-katmanli-gercekci-titresimli-dildo-vibrator-penis\/#primaryimage"},"image":{"@id":"https:\/\/hobierotikshop.com.tr\/website1\/erotik-shop-urun\/194-cm-belden-baglamali-cift-katmanli-gercekci-titresimli-dildo-vibrator-penis\/#primaryimage"},"thumbnailUrl":"https:\/\/haremerotikshop.com\/site\/wp-content\/uploads\/2025\/04\/194-cm-belden-baglamali-cift-katmanli-d102a9.jpg","datePublished":"2025-04-26T14:13:53+00:00","dateModified":"2026-01-18T14:56:07+00:00","breadcrumb":{"@id":"https:\/\/hobierotikshop.com.tr\/website1\/erotik-shop-urun\/194-cm-belden-baglamali-cift-katmanli-gercekci-titresimli-dildo-vibrator-penis\/#breadcrumb"},"inLanguage":"tr","potentialAction":[{"@type":"ReadAction","target":["https:\/\/hobierotikshop.com.tr\/website1\/erotik-shop-urun\/194-cm-belden-baglamali-cift-katmanli-gercekci-titresimli-dildo-vibrator-penis\/"]}]},{"@type":"ImageObject","inLanguage":"tr","@id":"https:\/\/hobierotikshop.com.tr\/website1\/erotik-shop-urun\/194-cm-belden-baglamali-cift-katmanli-gercekci-titresimli-dildo-vibrator-penis\/#primaryimage","url":"https:\/\/haremerotikshop.com\/site\/wp-content\/uploads\/2025\/04\/194-cm-belden-baglamali-cift-katmanli-d102a9.jpg","contentUrl":"https:\/\/haremerotikshop.com\/site\/wp-content\/uploads\/2025\/04\/194-cm-belden-baglamali-cift-katmanli-d102a9.jpg","width":455,"height":434},{"@type":"BreadcrumbList","@id":"https:\/\/hobierotikshop.com.tr\/website1\/erotik-shop-urun\/194-cm-belden-baglamali-cift-katmanli-gercekci-titresimli-dildo-vibrator-penis\/#breadcrumb","itemListElement":[{"@type":"ListItem","position":1,"name":"Anasayfa","item":"https:\/\/hobierotikshop.com.tr\/website1\/"},{"@type":"ListItem","position":2,"name":"Erotik Shop \u00dcr\u00fcnleri","item":"https:\/\/hobierotikshop.com.tr\/website1\/shop\/"},{"@type":"ListItem","position":3,"name":"19,4 Cm Belden Ba\u011flamal\u0131 \u00c7ift Katmanl\u0131 Ger\u00e7ek\u00e7i Titre\u015fimli Dildo Vibrat\u00f6r Penis"}]},{"@type":"WebSite","@id":"https:\/\/hobierotikshop.com.tr\/website1\/#website","url":"https:\/\/hobierotikshop.com.tr\/website1\/","name":"Bursa Erotik Shop","description":"Bursa Erotik Shop ile g\u00fcvenli, gizli ve kaliteli yeti\u015fkin \u00fcr\u00fcnleri al\u0131\u015fveri\u015fi! Geni\u015f \u00fcr\u00fcn yelpazemizi ke\u015ffedin, hemen sipari\u015f verin","publisher":{"@id":"https:\/\/hobierotikshop.com.tr\/website1\/#organization"},"alternateName":"Erotik Shop","potentialAction":[{"@type":"SearchAction","target":{"@type":"EntryPoint","urlTemplate":"https:\/\/hobierotikshop.com.tr\/website1\/?s={search_term_string}"},"query-input":{"@type":"PropertyValueSpecification","valueRequired":true,"valueName":"search_term_string"}}],"inLanguage":"tr"},{"@type":"Organization","@id":"https:\/\/hobierotikshop.com.tr\/website1\/#organization","name":"Harem Bursa Erotik Shop","url":"https:\/\/hobierotikshop.com.tr\/website1\/","logo":{"@type":"ImageObject","inLanguage":"tr","@id":"https:\/\/hobierotikshop.com.tr\/website1\/#\/schema\/logo\/image\/","url":"https:\/\/haremerotikshop.com\/site\/wp-content\/uploads\/2025\/03\/haremsexshop.png","contentUrl":"https:\/\/haremerotikshop.com\/site\/wp-content\/uploads\/2025\/03\/haremsexshop.png","width":400,"height":100,"caption":"Harem Bursa Erotik Shop"},"image":{"@id":"https:\/\/hobierotikshop.com.tr\/website1\/#\/schema\/logo\/image\/"},"sameAs":["https:\/\/x.com\/shopbursa"],"publishingPrinciples":"https:\/\/hobierotikshop.com.tr\/website1\/mesafeli-satis-sozlesmesi\/","ownershipFundingInfo":"https:\/\/hobierotikshop.com.tr\/website1\/contact-us\/","actionableFeedbackPolicy":"https:\/\/hobierotikshop.com.tr\/website1\/contact-us\/","correctionsPolicy":"https:\/\/hobierotikshop.com.tr\/website1\/mesafeli-satis-sozlesmesi\/"}]},"product_price_amount":"3000.00","product_price_currency":"TRY","og_availability":"instock","product_availability":"instock","product_retailer_item_id":"BDM1369B","product_condition":"new"},"_links":{"self":[{"href":"https:\/\/haremerotikshop.com\/site\/wp-json\/wp\/v2\/product\/45337","targetHints":{"allow":["GET"]}}],"collection":[{"href":"https:\/\/haremerotikshop.com\/site\/wp-json\/wp\/v2\/product"}],"about":[{"href":"https:\/\/haremerotikshop.com\/site\/wp-json\/wp\/v2\/types\/product"}],"replies":[{"embeddable":true,"href":"https:\/\/haremerotikshop.com\/site\/wp-json\/wp\/v2\/comments?post=45337"}],"version-history":[{"count":0,"href":"https:\/\/haremerotikshop.com\/site\/wp-json\/wp\/v2\/product\/45337\/revisions"}],"wp:featuredmedia":[{"embeddable":true,"href":"https:\/\/haremerotikshop.com\/site\/wp-json\/wp\/v2\/media\/45339"}],"wp:attachment":[{"href":"https:\/\/haremerotikshop.com\/site\/wp-json\/wp\/v2\/media?parent=45337"}],"wp:term":[{"taxonomy":"product_brand","embeddable":true,"href":"https:\/\/haremerotikshop.com\/site\/wp-json\/wp\/v2\/product_brand?post=45337"},{"taxonomy":"product_cat","embeddable":true,"href":"https:\/\/haremerotikshop.com\/site\/wp-json\/wp\/v2\/product_cat?post=45337"},{"taxonomy":"product_tag","embeddable":true,"href":"https:\/\/haremerotikshop.com\/site\/wp-json\/wp\/v2\/product_tag?post=45337"}],"curies":[{"name":"wp","href":"https:\/\/api.w.org\/{rel}","templated":true}]}}