{"id":45344,"date":"2025-04-26T17:13:53","date_gmt":"2025-04-26T14:13:53","guid":{"rendered":"https:\/\/haremerotikshop.com\/site\/erotik-shop-urun\/usb-sarjli-7-titresim-elektro-soklu-klitoris-uyaricili-titresimli-parmak-vibratoru\/"},"modified":"2026-01-09T02:57:46","modified_gmt":"2026-01-08T23:57:46","slug":"usb-sarjli-7-titresim-elektro-soklu-klitoris-uyaricili-titresimli-parmak-vibratoru","status":"publish","type":"product","link":"https:\/\/haremerotikshop.com\/site\/erotik-shop-urun\/usb-sarjli-7-titresim-elektro-soklu-klitoris-uyaricili-titresimli-parmak-vibratoru\/","title":{"rendered":"Usb \u015earjl\u0131 7 Titre\u015fim &Amp; Elektro \u015eoklu Klitoris Uyar\u0131c\u0131l\u0131 Titre\u015fimli Parmak Vibrat\u00f6r\u00fc"},"content":{"rendered":"<h1 class=\"\" data-start=\"84\" data-end=\"170\">USB \u015earjl\u0131 7 Titre\u015fim &amp; Elektro \u015eoklu Klitoris Uyar\u0131c\u0131l\u0131 Titre\u015fimli Parmak Vibrat\u00f6r\u00fc<\/h1>\n<p class=\"\" data-start=\"172\" data-end=\"429\"><strong data-start=\"172\" data-end=\"219\">Zevkin s\u0131n\u0131rlar\u0131n\u0131 zorlamaya haz\u0131r m\u0131s\u0131n\u0131z?<\/strong><br data-start=\"219\" data-end=\"222\" \/>Yenilik\u00e7i tasar\u0131m\u0131 ve g\u00fc\u00e7l\u00fc fonksiyonlar\u0131yla <strong data-start=\"267\" data-end=\"355\">USB \u015earjl\u0131 7 Titre\u015fim &amp; Elektro \u015eoklu Klitoris Uyar\u0131c\u0131l\u0131 Titre\u015fimli Parmak Vibrat\u00f6r\u00fc<\/strong>, hem solo hem de partnerle kullan\u0131mda benzersiz bir haz deneyimi sunuyor.<\/p>\n<h2 class=\"\" data-start=\"431\" data-end=\"451\">\u00dcr\u00fcn \u00d6zellikleri:<\/h2>\n<ul data-start=\"453\" data-end=\"1194\">\n<li class=\"\" data-start=\"453\" data-end=\"554\">\n<p class=\"\" data-start=\"455\" data-end=\"554\"><strong data-start=\"455\" data-end=\"487\">7 Farkl\u0131 Titre\u015fim Fonksiyonu<\/strong>: \u0130htiyac\u0131n\u0131za g\u00f6re ayarlanabilir, farkl\u0131 h\u0131z ve ritim se\u00e7enekleri.<\/p>\n<\/li>\n<li class=\"\" data-start=\"555\" data-end=\"704\">\n<p class=\"\" data-start=\"557\" data-end=\"704\"><strong data-start=\"557\" data-end=\"602\">18K Alt\u0131n Kaplama Elektro \u015eok Teknolojisi<\/strong>: Elektro \u015fok \u00f6zelli\u011fiyle erojen b\u00f6lgeleri daha yo\u011fun bir \u015fekilde uyar\u0131r, benzersiz bir deneyim sunar.<\/p>\n<\/li>\n<li class=\"\" data-start=\"705\" data-end=\"802\">\n<p class=\"\" data-start=\"707\" data-end=\"802\"><strong data-start=\"707\" data-end=\"737\">Ultra Yumu\u015fak Silikon Yap\u0131<\/strong>: Ten hassasiyetinde, v\u00fccut dostu ve ipeksi dokunu\u015f hissi sa\u011flar.<\/p>\n<\/li>\n<li class=\"\" data-start=\"803\" data-end=\"895\">\n<p class=\"\" data-start=\"805\" data-end=\"895\"><strong data-start=\"805\" data-end=\"837\">Kompakt ve Ergonomik Tasar\u0131m<\/strong>: Parmakla kolayca kullan\u0131labilir, v\u00fccuda tam uyum sa\u011flar.<\/p>\n<\/li>\n<li class=\"\" data-start=\"896\" data-end=\"998\">\n<p class=\"\" data-start=\"898\" data-end=\"998\"><strong data-start=\"898\" data-end=\"913\">G\u00fc\u00e7l\u00fc Motor<\/strong>: Maksimum titre\u015fim g\u00fcc\u00fc ile klitoris ve di\u011fer hassas b\u00f6lgelerde yo\u011fun uyar\u0131m sa\u011flar.<\/p>\n<\/li>\n<li class=\"\" data-start=\"999\" data-end=\"1068\">\n<p class=\"\" data-start=\"1001\" data-end=\"1068\"><strong data-start=\"1001\" data-end=\"1015\">USB \u015earjl\u0131<\/strong>: Pratik \u015farj imkan\u0131 sunar, pil de\u011fi\u015ftirme derdi yok.<\/p>\n<\/li>\n<li class=\"\" data-start=\"1069\" data-end=\"1108\">\n<p class=\"\" data-start=\"1071\" data-end=\"1108\"><strong data-start=\"1071\" data-end=\"1079\">Renk<\/strong>: \u015e\u0131k ve zarif siyah tasar\u0131m.<\/p>\n<\/li>\n<li class=\"\" data-start=\"1109\" data-end=\"1194\">\n<p class=\"\" data-start=\"1111\" data-end=\"1131\"><strong data-start=\"1111\" data-end=\"1128\">\u00dcr\u00fcn \u00d6l\u00e7\u00fcleri<\/strong>:<\/p>\n<ul data-start=\"1134\" data-end=\"1194\">\n<li class=\"\" data-start=\"1134\" data-end=\"1154\">\n<p class=\"\" data-start=\"1136\" data-end=\"1154\">Uzunluk: 10,5 cm<\/p>\n<\/li>\n<li class=\"\" data-start=\"1157\" data-end=\"1175\">\n<p class=\"\" data-start=\"1159\" data-end=\"1175\">Kal\u0131nl\u0131k: 3 cm<\/p>\n<\/li>\n<li class=\"\" data-start=\"1178\" data-end=\"1194\">\n<p class=\"\" data-start=\"1180\" data-end=\"1194\">A\u011f\u0131rl\u0131k: 66 gr<\/p>\n<\/li>\n<\/ul>\n<\/li>\n<\/ul>\n<hr class=\"\" data-start=\"1196\" data-end=\"1199\" \/>\n<h2 class=\"\" data-start=\"1201\" data-end=\"1216\">Avantajlar\u0131:<\/h2>\n<p class=\"\" data-start=\"1218\" data-end=\"1482\">\u2705 Klitoris ve t\u00fcm erojen b\u00f6lgelerde etkili kullan\u0131m<br data-start=\"1269\" data-end=\"1272\" \/>\u2705 18K alt\u0131n kaplama elektro \u015fok teknolojisi ile farkl\u0131 bir his<br data-start=\"1334\" data-end=\"1337\" \/>\u2705 V\u00fccuda dost silikon yap\u0131<br data-start=\"1363\" data-end=\"1366\" \/>\u2705 Kolay ta\u015f\u0131nabilir ve pratik kullan\u0131m<br data-start=\"1404\" data-end=\"1407\" \/>\u2705 \u015earjl\u0131 yap\u0131s\u0131yla kesintisiz keyif<br data-start=\"1442\" data-end=\"1445\" \/>\u2705 Partnerli veya solo kullan\u0131ma uygun<\/p>\n<hr class=\"\" data-start=\"1484\" data-end=\"1487\" \/>\n<h2 class=\"\" data-start=\"1489\" data-end=\"1513\">Kullan\u0131m Tavsiyeleri:<\/h2>\n<ul data-start=\"1515\" data-end=\"1809\">\n<li class=\"\" data-start=\"1515\" data-end=\"1599\">\n<p class=\"\" data-start=\"1517\" data-end=\"1599\">\u0130lk kullan\u0131mdan \u00f6nce ve her kullan\u0131mdan sonra \u00fcr\u00fcn\u00fc \u0131l\u0131k su ve sabunla temizleyin.<\/p>\n<\/li>\n<li class=\"\" data-start=\"1600\" data-end=\"1674\">\n<p class=\"\" data-start=\"1602\" data-end=\"1674\">Kayganla\u015ft\u0131r\u0131c\u0131 kullanarak daha konforlu bir deneyim elde edebilirsiniz.<\/p>\n<\/li>\n<li class=\"\" data-start=\"1675\" data-end=\"1751\">\n<p class=\"\" data-start=\"1677\" data-end=\"1751\">Elektro \u015fok \u00f6zelli\u011fini hassas b\u00f6lgelerde nazik\u00e7e kullanmaya \u00f6zen g\u00f6sterin.<\/p>\n<\/li>\n<li class=\"\" data-start=\"1752\" data-end=\"1809\">\n<p class=\"\" data-start=\"1754\" data-end=\"1809\">Tam \u015farjl\u0131 \u015fekilde kullanarak maksimum performans al\u0131n.<\/p>\n<\/li>\n<\/ul>\n<hr class=\"\" data-start=\"1811\" data-end=\"1814\" \/>\n<h2 class=\"\" data-start=\"1816\" data-end=\"1849\">Sipari\u015f ve Teslimat Bilgileri:<\/h2>\n<ul data-start=\"1851\" data-end=\"2194\">\n<li class=\"\" data-start=\"1851\" data-end=\"1957\">\n<p class=\"\" data-start=\"1853\" data-end=\"1957\"><strong data-start=\"1853\" data-end=\"1871\">G\u00f6nderim \u015eekli<\/strong>: Sipari\u015fler gizlilik esas\u0131na uygun, kapal\u0131 ve anla\u015f\u0131lmayacak ambalajlarda g\u00f6nderilir.<\/p>\n<\/li>\n<li class=\"\" data-start=\"1958\" data-end=\"2117\">\n<p class=\"\" data-start=\"1960\" data-end=\"1984\"><strong data-start=\"1960\" data-end=\"1981\">\u00d6deme Se\u00e7enekleri<\/strong>:<\/p>\n<ul data-start=\"1987\" data-end=\"2117\">\n<li class=\"\" data-start=\"1987\" data-end=\"2009\">\n<p class=\"\" data-start=\"1989\" data-end=\"2009\">Kap\u0131da nakit \u00f6deme<\/p>\n<\/li>\n<li class=\"\" data-start=\"2012\" data-end=\"2044\">\n<p class=\"\" data-start=\"2014\" data-end=\"2044\">Kap\u0131da kredi kart\u0131 ile \u00f6deme<\/p>\n<\/li>\n<li class=\"\" data-start=\"2047\" data-end=\"2079\">\n<p class=\"\" data-start=\"2049\" data-end=\"2079\">Banka havalesi\/EFT ile \u00f6deme<\/p>\n<\/li>\n<li class=\"\" data-start=\"2082\" data-end=\"2117\">\n<p class=\"\" data-start=\"2084\" data-end=\"2117\">Tek \u00e7ekim veya taksit se\u00e7enekleri<\/p>\n<\/li>\n<\/ul>\n<\/li>\n<li class=\"\" data-start=\"2118\" data-end=\"2194\">\n<p class=\"\" data-start=\"2120\" data-end=\"2147\"><strong data-start=\"2120\" data-end=\"2144\">Teslimat Se\u00e7enekleri<\/strong>:<\/p>\n<ul data-start=\"2150\" data-end=\"2194\">\n<li class=\"\" data-start=\"2150\" data-end=\"2167\">\n<p class=\"\" data-start=\"2152\" data-end=\"2167\">Adrese teslim<\/p>\n<\/li>\n<li class=\"\" data-start=\"2170\" data-end=\"2194\">\n<p class=\"\" data-start=\"2172\" data-end=\"2194\">\u015eube teslimat se\u00e7ene\u011fi<\/p>\n<\/li>\n<\/ul>\n<\/li>\n<\/ul>\n<p class=\"\" data-start=\"2196\" data-end=\"2301\"><strong data-start=\"2196\" data-end=\"2301\">T\u00fcm sipari\u015fler firmam\u0131z g\u00fcvencesiyle g\u00fcvenli bir \u015fekilde haz\u0131rlan\u0131r ve eksiksiz olarak teslim edilir.<\/strong><\/p>\n<p class=\"\" data-start=\"2303\" data-end=\"2444\">\u2728 <strong data-start=\"2305\" data-end=\"2341\">Kap\u0131da \u00d6deme &#8211; G\u00fcvenli Al\u0131\u015fveri\u015f<\/strong><br data-start=\"2341\" data-end=\"2344\" \/>\u2728 <strong data-start=\"2346\" data-end=\"2390\">H\u0131zl\u0131 G\u00f6nderim &#8211; Orijinal \u00dcr\u00fcn Garantisi<\/strong><br data-start=\"2390\" data-end=\"2393\" \/>\u2728 <strong data-start=\"2395\" data-end=\"2444\">Gizli Paketleme ile Mahremiyetinizi Koruyoruz<\/strong><\/p>\n<hr class=\"\" data-start=\"2446\" data-end=\"2449\" \/>\n<p class=\"\" data-start=\"2451\" data-end=\"2610\">\ud83c\udfaf <strong data-start=\"2454\" data-end=\"2610\">S\u0131radan titre\u015fim cihazlar\u0131ndan s\u0131k\u0131ld\u0131ysan\u0131z, farkl\u0131 bir deneyim ya\u015famak i\u00e7in \u015fimdi USB \u015earjl\u0131 7 Titre\u015fim &amp; Elektro \u015eoklu Parmak Vibrat\u00f6r\u00fc sipari\u015f edin!<\/strong><\/p>\n<p>&nbsp;<\/p>\n<p>&nbsp;<\/p>\n<p>&nbsp;<\/p>\n<p><img decoding=\"async\" style=\"width: 400px;height: 400px\" src=\"https:\/\/static.ticimax.cloud\/32886\/\/uploads\/editoruploads\/bi-014755_07.gif\" alt=\"\" \/><\/p>\n","protected":false},"excerpt":{"rendered":"<p><strong data-start=\"172\" data-end=\"219\">Zevkin s\u0131n\u0131rlar\u0131n\u0131 zorlamaya haz\u0131r m\u0131s\u0131n\u0131z?<\/strong><br data-start=\"219\" data-end=\"222\" \/>Yenilik\u00e7i tasar\u0131m\u0131 ve g\u00fc\u00e7l\u00fc fonksiyonlar\u0131yla <strong data-start=\"267\" data-end=\"355\">USB \u015earjl\u0131 7 Titre\u015fim &amp; Elektro \u015eoklu Klitoris Uyar\u0131c\u0131l\u0131 Titre\u015fimli Parmak Vibrat\u00f6r\u00fc<\/strong>, hem solo hem de partnerle kullan\u0131mda benzersiz bir haz deneyimi sunuyor.<\/p>\n","protected":false},"featured_media":45346,"comment_status":"closed","ping_status":"closed","template":"","meta":[],"product_brand":[],"product_cat":[496],"product_tag":[],"class_list":{"0":"post-45344","1":"product","2":"type-product","3":"status-publish","4":"has-post-thumbnail","6":"product_cat-vibrator-cesitleri","8":"first","9":"instock","10":"purchasable","11":"product-type-simple"},"yoast_head":"<!-- This site is optimized with the Yoast SEO Premium plugin v24.4 (Yoast SEO v27.1.1) - https:\/\/yoast.com\/product\/yoast-seo-premium-wordpress\/ -->\n<title>Usb \u015earjl\u0131 7 Titre\u015fim &amp;Amp; Elektro \u015eoklu Klitoris Uyar\u0131c\u0131l\u0131 Titre\u015fimli Parmak Vibrat\u00f6r\u00fc - Bursa Erotik Shop<\/title>\n<meta name=\"robots\" content=\"index, follow, max-snippet:-1, max-image-preview:large, max-video-preview:-1\" \/>\n<link rel=\"canonical\" href=\"https:\/\/hobierotikshop.com.tr\/website1\/erotik-shop-urun\/usb-sarjli-7-titresim-elektro-soklu-klitoris-uyaricili-titresimli-parmak-vibratoru\/\" \/>\n<meta property=\"og:locale\" content=\"tr_TR\" \/>\n<meta property=\"og:type\" content=\"article\" \/>\n<meta property=\"og:title\" content=\"Usb \u015earjl\u0131 7 Titre\u015fim &amp;Amp; Elektro \u015eoklu Klitoris Uyar\u0131c\u0131l\u0131 Titre\u015fimli Parmak Vibrat\u00f6r\u00fc\" \/>\n<meta property=\"og:description\" content=\"Zevkin s\u0131n\u0131rlar\u0131n\u0131 zorlamaya haz\u0131r m\u0131s\u0131n\u0131z?Yenilik\u00e7i tasar\u0131m\u0131 ve g\u00fc\u00e7l\u00fc fonksiyonlar\u0131yla USB \u015earjl\u0131 7 Titre\u015fim &amp; Elektro \u015eoklu Klitoris Uyar\u0131c\u0131l\u0131 Titre\u015fimli Parmak Vibrat\u00f6r\u00fc, hem solo hem de partnerle kullan\u0131mda benzersiz bir haz deneyimi sunuyor.\" \/>\n<meta property=\"og:url\" content=\"https:\/\/hobierotikshop.com.tr\/website1\/erotik-shop-urun\/usb-sarjli-7-titresim-elektro-soklu-klitoris-uyaricili-titresimli-parmak-vibratoru\/\" \/>\n<meta property=\"og:site_name\" content=\"Bursa Erotik Shop\" \/>\n<meta property=\"article:modified_time\" content=\"2026-01-08T23:57:46+00:00\" \/>\n<meta property=\"og:image\" content=\"https:\/\/hobierotikshop.com.tr\/website1\/wp-content\/uploads\/2025\/04\/usb-sarjli-7-titresim-elektro-soklu-kl-5cc8-.jpg\" \/>\n\t<meta property=\"og:image:width\" content=\"455\" \/>\n\t<meta property=\"og:image:height\" content=\"455\" \/>\n\t<meta property=\"og:image:type\" content=\"image\/jpeg\" \/>\n<meta name=\"twitter:card\" content=\"summary_large_image\" \/>\n<meta name=\"twitter:site\" content=\"@shopbursa\" \/>\n<meta name=\"twitter:label1\" content=\"Fiyat\" \/>\n\t<meta name=\"twitter:data1\" content=\"&#8378;4.000,00\" \/>\n\t<meta name=\"twitter:label2\" content=\"Availability\" \/>\n\t<meta name=\"twitter:data2\" content=\"In stock\" \/>\n<script type=\"application\/ld+json\" class=\"yoast-schema-graph\">{\"@context\":\"https:\/\/schema.org\",\"@graph\":[{\"@type\":\"WebPage\",\"@id\":\"https:\/\/hobierotikshop.com.tr\/website1\/erotik-shop-urun\/usb-sarjli-7-titresim-elektro-soklu-klitoris-uyaricili-titresimli-parmak-vibratoru\/\",\"url\":\"https:\/\/hobierotikshop.com.tr\/website1\/erotik-shop-urun\/usb-sarjli-7-titresim-elektro-soklu-klitoris-uyaricili-titresimli-parmak-vibratoru\/\",\"name\":\"Usb \u015earjl\u0131 7 Titre\u015fim &Amp; Elektro \u015eoklu Klitoris Uyar\u0131c\u0131l\u0131 Titre\u015fimli Parmak Vibrat\u00f6r\u00fc - Bursa Erotik Shop\",\"isPartOf\":{\"@id\":\"https:\/\/hobierotikshop.com.tr\/website1\/#website\"},\"primaryImageOfPage\":{\"@id\":\"https:\/\/hobierotikshop.com.tr\/website1\/erotik-shop-urun\/usb-sarjli-7-titresim-elektro-soklu-klitoris-uyaricili-titresimli-parmak-vibratoru\/#primaryimage\"},\"image\":{\"@id\":\"https:\/\/hobierotikshop.com.tr\/website1\/erotik-shop-urun\/usb-sarjli-7-titresim-elektro-soklu-klitoris-uyaricili-titresimli-parmak-vibratoru\/#primaryimage\"},\"thumbnailUrl\":\"https:\/\/haremerotikshop.com\/site\/wp-content\/uploads\/2025\/04\/usb-sarjli-7-titresim-elektro-soklu-kl-5cc8-.jpg\",\"datePublished\":\"2025-04-26T14:13:53+00:00\",\"dateModified\":\"2026-01-08T23:57:46+00:00\",\"breadcrumb\":{\"@id\":\"https:\/\/hobierotikshop.com.tr\/website1\/erotik-shop-urun\/usb-sarjli-7-titresim-elektro-soklu-klitoris-uyaricili-titresimli-parmak-vibratoru\/#breadcrumb\"},\"inLanguage\":\"tr\",\"potentialAction\":[{\"@type\":\"ReadAction\",\"target\":[\"https:\/\/hobierotikshop.com.tr\/website1\/erotik-shop-urun\/usb-sarjli-7-titresim-elektro-soklu-klitoris-uyaricili-titresimli-parmak-vibratoru\/\"]}]},{\"@type\":\"ImageObject\",\"inLanguage\":\"tr\",\"@id\":\"https:\/\/hobierotikshop.com.tr\/website1\/erotik-shop-urun\/usb-sarjli-7-titresim-elektro-soklu-klitoris-uyaricili-titresimli-parmak-vibratoru\/#primaryimage\",\"url\":\"https:\/\/haremerotikshop.com\/site\/wp-content\/uploads\/2025\/04\/usb-sarjli-7-titresim-elektro-soklu-kl-5cc8-.jpg\",\"contentUrl\":\"https:\/\/haremerotikshop.com\/site\/wp-content\/uploads\/2025\/04\/usb-sarjli-7-titresim-elektro-soklu-kl-5cc8-.jpg\",\"width\":455,\"height\":455},{\"@type\":\"BreadcrumbList\",\"@id\":\"https:\/\/hobierotikshop.com.tr\/website1\/erotik-shop-urun\/usb-sarjli-7-titresim-elektro-soklu-klitoris-uyaricili-titresimli-parmak-vibratoru\/#breadcrumb\",\"itemListElement\":[{\"@type\":\"ListItem\",\"position\":1,\"name\":\"Anasayfa\",\"item\":\"https:\/\/hobierotikshop.com.tr\/website1\/\"},{\"@type\":\"ListItem\",\"position\":2,\"name\":\"Erotik Shop \u00dcr\u00fcnleri\",\"item\":\"https:\/\/hobierotikshop.com.tr\/website1\/shop\/\"},{\"@type\":\"ListItem\",\"position\":3,\"name\":\"Usb \u015earjl\u0131 7 Titre\u015fim &Amp; Elektro \u015eoklu Klitoris Uyar\u0131c\u0131l\u0131 Titre\u015fimli Parmak Vibrat\u00f6r\u00fc\"}]},{\"@type\":\"WebSite\",\"@id\":\"https:\/\/hobierotikshop.com.tr\/website1\/#website\",\"url\":\"https:\/\/hobierotikshop.com.tr\/website1\/\",\"name\":\"Bursa Erotik Shop\",\"description\":\"Bursa Erotik Shop ile g\u00fcvenli, gizli ve kaliteli yeti\u015fkin \u00fcr\u00fcnleri al\u0131\u015fveri\u015fi! Geni\u015f \u00fcr\u00fcn yelpazemizi ke\u015ffedin, hemen sipari\u015f verin\",\"publisher\":{\"@id\":\"https:\/\/hobierotikshop.com.tr\/website1\/#organization\"},\"alternateName\":\"Erotik Shop\",\"potentialAction\":[{\"@type\":\"SearchAction\",\"target\":{\"@type\":\"EntryPoint\",\"urlTemplate\":\"https:\/\/hobierotikshop.com.tr\/website1\/?s={search_term_string}\"},\"query-input\":{\"@type\":\"PropertyValueSpecification\",\"valueRequired\":true,\"valueName\":\"search_term_string\"}}],\"inLanguage\":\"tr\"},{\"@type\":\"Organization\",\"@id\":\"https:\/\/hobierotikshop.com.tr\/website1\/#organization\",\"name\":\"Harem Bursa Erotik Shop\",\"url\":\"https:\/\/hobierotikshop.com.tr\/website1\/\",\"logo\":{\"@type\":\"ImageObject\",\"inLanguage\":\"tr\",\"@id\":\"https:\/\/hobierotikshop.com.tr\/website1\/#\/schema\/logo\/image\/\",\"url\":\"https:\/\/haremerotikshop.com\/site\/wp-content\/uploads\/2025\/03\/haremsexshop.png\",\"contentUrl\":\"https:\/\/haremerotikshop.com\/site\/wp-content\/uploads\/2025\/03\/haremsexshop.png\",\"width\":400,\"height\":100,\"caption\":\"Harem Bursa Erotik Shop\"},\"image\":{\"@id\":\"https:\/\/hobierotikshop.com.tr\/website1\/#\/schema\/logo\/image\/\"},\"sameAs\":[\"https:\/\/x.com\/shopbursa\"],\"publishingPrinciples\":\"https:\/\/hobierotikshop.com.tr\/website1\/mesafeli-satis-sozlesmesi\/\",\"ownershipFundingInfo\":\"https:\/\/hobierotikshop.com.tr\/website1\/contact-us\/\",\"actionableFeedbackPolicy\":\"https:\/\/hobierotikshop.com.tr\/website1\/contact-us\/\",\"correctionsPolicy\":\"https:\/\/hobierotikshop.com.tr\/website1\/mesafeli-satis-sozlesmesi\/\"}]}<\/script>\n<meta property=\"product:price:amount\" content=\"4000.00\" \/>\n<meta property=\"product:price:currency\" content=\"TRY\" \/>\n<meta property=\"og:availability\" content=\"instock\" \/>\n<meta property=\"product:availability\" content=\"instock\" \/>\n<meta property=\"product:retailer_item_id\" content=\"BDM1370\" \/>\n<meta property=\"product:condition\" content=\"new\" \/>\n<!-- \/ Yoast SEO Premium plugin. -->","yoast_head_json":{"title":"Usb \u015earjl\u0131 7 Titre\u015fim &Amp; Elektro \u015eoklu Klitoris Uyar\u0131c\u0131l\u0131 Titre\u015fimli Parmak Vibrat\u00f6r\u00fc - Bursa Erotik Shop","robots":{"index":"index","follow":"follow","max-snippet":"max-snippet:-1","max-image-preview":"max-image-preview:large","max-video-preview":"max-video-preview:-1"},"canonical":"https:\/\/hobierotikshop.com.tr\/website1\/erotik-shop-urun\/usb-sarjli-7-titresim-elektro-soklu-klitoris-uyaricili-titresimli-parmak-vibratoru\/","og_locale":"tr_TR","og_type":"article","og_title":"Usb \u015earjl\u0131 7 Titre\u015fim &Amp; Elektro \u015eoklu Klitoris Uyar\u0131c\u0131l\u0131 Titre\u015fimli Parmak Vibrat\u00f6r\u00fc","og_description":"Zevkin s\u0131n\u0131rlar\u0131n\u0131 zorlamaya haz\u0131r m\u0131s\u0131n\u0131z?Yenilik\u00e7i tasar\u0131m\u0131 ve g\u00fc\u00e7l\u00fc fonksiyonlar\u0131yla USB \u015earjl\u0131 7 Titre\u015fim &amp; Elektro \u015eoklu Klitoris Uyar\u0131c\u0131l\u0131 Titre\u015fimli Parmak Vibrat\u00f6r\u00fc, hem solo hem de partnerle kullan\u0131mda benzersiz bir haz deneyimi sunuyor.","og_url":"https:\/\/hobierotikshop.com.tr\/website1\/erotik-shop-urun\/usb-sarjli-7-titresim-elektro-soklu-klitoris-uyaricili-titresimli-parmak-vibratoru\/","og_site_name":"Bursa Erotik Shop","article_modified_time":"2026-01-08T23:57:46+00:00","og_image":[{"width":455,"height":455,"url":"https:\/\/hobierotikshop.com.tr\/website1\/wp-content\/uploads\/2025\/04\/usb-sarjli-7-titresim-elektro-soklu-kl-5cc8-.jpg","type":"image\/jpeg"}],"twitter_card":"summary_large_image","twitter_site":"@shopbursa","twitter_misc":{"Fiyat":"&#8378;4.000,00","Availability":"In stock"},"schema":{"@context":"https:\/\/schema.org","@graph":[{"@type":"WebPage","@id":"https:\/\/hobierotikshop.com.tr\/website1\/erotik-shop-urun\/usb-sarjli-7-titresim-elektro-soklu-klitoris-uyaricili-titresimli-parmak-vibratoru\/","url":"https:\/\/hobierotikshop.com.tr\/website1\/erotik-shop-urun\/usb-sarjli-7-titresim-elektro-soklu-klitoris-uyaricili-titresimli-parmak-vibratoru\/","name":"Usb \u015earjl\u0131 7 Titre\u015fim &Amp; Elektro \u015eoklu Klitoris Uyar\u0131c\u0131l\u0131 Titre\u015fimli Parmak Vibrat\u00f6r\u00fc - Bursa Erotik Shop","isPartOf":{"@id":"https:\/\/hobierotikshop.com.tr\/website1\/#website"},"primaryImageOfPage":{"@id":"https:\/\/hobierotikshop.com.tr\/website1\/erotik-shop-urun\/usb-sarjli-7-titresim-elektro-soklu-klitoris-uyaricili-titresimli-parmak-vibratoru\/#primaryimage"},"image":{"@id":"https:\/\/hobierotikshop.com.tr\/website1\/erotik-shop-urun\/usb-sarjli-7-titresim-elektro-soklu-klitoris-uyaricili-titresimli-parmak-vibratoru\/#primaryimage"},"thumbnailUrl":"https:\/\/haremerotikshop.com\/site\/wp-content\/uploads\/2025\/04\/usb-sarjli-7-titresim-elektro-soklu-kl-5cc8-.jpg","datePublished":"2025-04-26T14:13:53+00:00","dateModified":"2026-01-08T23:57:46+00:00","breadcrumb":{"@id":"https:\/\/hobierotikshop.com.tr\/website1\/erotik-shop-urun\/usb-sarjli-7-titresim-elektro-soklu-klitoris-uyaricili-titresimli-parmak-vibratoru\/#breadcrumb"},"inLanguage":"tr","potentialAction":[{"@type":"ReadAction","target":["https:\/\/hobierotikshop.com.tr\/website1\/erotik-shop-urun\/usb-sarjli-7-titresim-elektro-soklu-klitoris-uyaricili-titresimli-parmak-vibratoru\/"]}]},{"@type":"ImageObject","inLanguage":"tr","@id":"https:\/\/hobierotikshop.com.tr\/website1\/erotik-shop-urun\/usb-sarjli-7-titresim-elektro-soklu-klitoris-uyaricili-titresimli-parmak-vibratoru\/#primaryimage","url":"https:\/\/haremerotikshop.com\/site\/wp-content\/uploads\/2025\/04\/usb-sarjli-7-titresim-elektro-soklu-kl-5cc8-.jpg","contentUrl":"https:\/\/haremerotikshop.com\/site\/wp-content\/uploads\/2025\/04\/usb-sarjli-7-titresim-elektro-soklu-kl-5cc8-.jpg","width":455,"height":455},{"@type":"BreadcrumbList","@id":"https:\/\/hobierotikshop.com.tr\/website1\/erotik-shop-urun\/usb-sarjli-7-titresim-elektro-soklu-klitoris-uyaricili-titresimli-parmak-vibratoru\/#breadcrumb","itemListElement":[{"@type":"ListItem","position":1,"name":"Anasayfa","item":"https:\/\/hobierotikshop.com.tr\/website1\/"},{"@type":"ListItem","position":2,"name":"Erotik Shop \u00dcr\u00fcnleri","item":"https:\/\/hobierotikshop.com.tr\/website1\/shop\/"},{"@type":"ListItem","position":3,"name":"Usb \u015earjl\u0131 7 Titre\u015fim &Amp; Elektro \u015eoklu Klitoris Uyar\u0131c\u0131l\u0131 Titre\u015fimli Parmak Vibrat\u00f6r\u00fc"}]},{"@type":"WebSite","@id":"https:\/\/hobierotikshop.com.tr\/website1\/#website","url":"https:\/\/hobierotikshop.com.tr\/website1\/","name":"Bursa Erotik Shop","description":"Bursa Erotik Shop ile g\u00fcvenli, gizli ve kaliteli yeti\u015fkin \u00fcr\u00fcnleri al\u0131\u015fveri\u015fi! Geni\u015f \u00fcr\u00fcn yelpazemizi ke\u015ffedin, hemen sipari\u015f verin","publisher":{"@id":"https:\/\/hobierotikshop.com.tr\/website1\/#organization"},"alternateName":"Erotik Shop","potentialAction":[{"@type":"SearchAction","target":{"@type":"EntryPoint","urlTemplate":"https:\/\/hobierotikshop.com.tr\/website1\/?s={search_term_string}"},"query-input":{"@type":"PropertyValueSpecification","valueRequired":true,"valueName":"search_term_string"}}],"inLanguage":"tr"},{"@type":"Organization","@id":"https:\/\/hobierotikshop.com.tr\/website1\/#organization","name":"Harem Bursa Erotik Shop","url":"https:\/\/hobierotikshop.com.tr\/website1\/","logo":{"@type":"ImageObject","inLanguage":"tr","@id":"https:\/\/hobierotikshop.com.tr\/website1\/#\/schema\/logo\/image\/","url":"https:\/\/haremerotikshop.com\/site\/wp-content\/uploads\/2025\/03\/haremsexshop.png","contentUrl":"https:\/\/haremerotikshop.com\/site\/wp-content\/uploads\/2025\/03\/haremsexshop.png","width":400,"height":100,"caption":"Harem Bursa Erotik Shop"},"image":{"@id":"https:\/\/hobierotikshop.com.tr\/website1\/#\/schema\/logo\/image\/"},"sameAs":["https:\/\/x.com\/shopbursa"],"publishingPrinciples":"https:\/\/hobierotikshop.com.tr\/website1\/mesafeli-satis-sozlesmesi\/","ownershipFundingInfo":"https:\/\/hobierotikshop.com.tr\/website1\/contact-us\/","actionableFeedbackPolicy":"https:\/\/hobierotikshop.com.tr\/website1\/contact-us\/","correctionsPolicy":"https:\/\/hobierotikshop.com.tr\/website1\/mesafeli-satis-sozlesmesi\/"}]},"product_price_amount":"4000.00","product_price_currency":"TRY","og_availability":"instock","product_availability":"instock","product_retailer_item_id":"BDM1370","product_condition":"new"},"_links":{"self":[{"href":"https:\/\/haremerotikshop.com\/site\/wp-json\/wp\/v2\/product\/45344","targetHints":{"allow":["GET"]}}],"collection":[{"href":"https:\/\/haremerotikshop.com\/site\/wp-json\/wp\/v2\/product"}],"about":[{"href":"https:\/\/haremerotikshop.com\/site\/wp-json\/wp\/v2\/types\/product"}],"replies":[{"embeddable":true,"href":"https:\/\/haremerotikshop.com\/site\/wp-json\/wp\/v2\/comments?post=45344"}],"version-history":[{"count":0,"href":"https:\/\/haremerotikshop.com\/site\/wp-json\/wp\/v2\/product\/45344\/revisions"}],"wp:featuredmedia":[{"embeddable":true,"href":"https:\/\/haremerotikshop.com\/site\/wp-json\/wp\/v2\/media\/45346"}],"wp:attachment":[{"href":"https:\/\/haremerotikshop.com\/site\/wp-json\/wp\/v2\/media?parent=45344"}],"wp:term":[{"taxonomy":"product_brand","embeddable":true,"href":"https:\/\/haremerotikshop.com\/site\/wp-json\/wp\/v2\/product_brand?post=45344"},{"taxonomy":"product_cat","embeddable":true,"href":"https:\/\/haremerotikshop.com\/site\/wp-json\/wp\/v2\/product_cat?post=45344"},{"taxonomy":"product_tag","embeddable":true,"href":"https:\/\/haremerotikshop.com\/site\/wp-json\/wp\/v2\/product_tag?post=45344"}],"curies":[{"name":"wp","href":"https:\/\/api.w.org\/{rel}","templated":true}]}}