{"id":45365,"date":"2025-04-26T17:13:53","date_gmt":"2025-04-26T14:13:53","guid":{"rendered":"https:\/\/haremerotikshop.com\/site\/erotik-shop-urun\/2-islevli-realistik-173-cm-penisli-anal-girisli-erkek-kalca-rhyne\/"},"modified":"2026-01-09T02:57:43","modified_gmt":"2026-01-08T23:57:43","slug":"2-islevli-realistik-173-cm-penisli-anal-girisli-erkek-kalca-rhyne","status":"publish","type":"product","link":"https:\/\/haremerotikshop.com\/site\/erotik-shop-urun\/2-islevli-realistik-173-cm-penisli-anal-girisli-erkek-kalca-rhyne\/","title":{"rendered":"2 I\u0307\u015flevli Realistik 17,3 Cm Penisli Anal Giri\u015fli Erkek Kal\u00e7a &#8211; Rhyne"},"content":{"rendered":"<h1 class=\"\" data-start=\"108\" data-end=\"178\">2 \u0130\u015flevli Realistik 17,3 cm Penisli Anal Giri\u015fli Erkek Kal\u00e7a &#8211; Rhyne<\/h1>\n<p class=\"\" data-start=\"180\" data-end=\"505\">Ger\u00e7ek\u00e7i tasar\u0131m\u0131 ve \u00fcst\u00fcn performans\u0131 ile \u00f6n plana \u00e7\u0131kan <strong data-start=\"238\" data-end=\"310\">2 \u0130\u015flevli Realistik 17,3 cm Penisli Anal Giri\u015fli Erkek Kal\u00e7a &#8211; Rhyne<\/strong>, arad\u0131\u011f\u0131n\u0131z ultra ger\u00e7ek\u00e7i deneyimi sunuyor. Geli\u015fmi\u015f TPR silikon teknolojisiyle \u00fcretilen bu yar\u0131m kal\u00e7a masturbat\u00f6r, hem g\u00f6rsel hem de fiziksel olarak maksimum haz sa\u011flamak i\u00e7in tasarlanm\u0131\u015ft\u0131r.<\/p>\n<h2 class=\"\" data-start=\"507\" data-end=\"527\">\u00dcr\u00fcn \u00d6zellikleri:<\/h2>\n<ul data-start=\"529\" data-end=\"1322\">\n<li class=\"\" data-start=\"529\" data-end=\"585\">\n<p class=\"\" data-start=\"531\" data-end=\"585\"><strong data-start=\"531\" data-end=\"542\">Malzeme<\/strong>: %100 y\u0131kanabilir, cilt dostu TPR silikon.<\/p>\n<\/li>\n<li class=\"\" data-start=\"586\" data-end=\"665\">\n<p class=\"\" data-start=\"588\" data-end=\"665\"><strong data-start=\"588\" data-end=\"605\">Ger\u00e7ek\u00e7i Doku<\/strong>: Et dokusuna birebir benzeyen \u00f6zel materyal kullan\u0131lm\u0131\u015ft\u0131r.<\/p>\n<\/li>\n<li class=\"\" data-start=\"666\" data-end=\"816\">\n<p class=\"\" data-start=\"668\" data-end=\"692\"><strong data-start=\"668\" data-end=\"689\">Penis \u00d6zellikleri<\/strong>:<\/p>\n<ul data-start=\"695\" data-end=\"816\">\n<li class=\"\" data-start=\"695\" data-end=\"718\">\n<p class=\"\" data-start=\"697\" data-end=\"718\">17,3 cm uzunlu\u011funda<\/p>\n<\/li>\n<li class=\"\" data-start=\"721\" data-end=\"744\">\n<p class=\"\" data-start=\"723\" data-end=\"744\">4,4 cm kal\u0131nl\u0131\u011f\u0131nda<\/p>\n<\/li>\n<li class=\"\" data-start=\"747\" data-end=\"816\">\n<p class=\"\" data-start=\"749\" data-end=\"816\">K\u0131k\u0131rdakl\u0131 ve b\u00fck\u00fclebilir yap\u0131 ile farkl\u0131 pozisyonlara uyum sa\u011flar.<\/p>\n<\/li>\n<\/ul>\n<\/li>\n<li class=\"\" data-start=\"817\" data-end=\"920\">\n<p class=\"\" data-start=\"819\" data-end=\"920\"><strong data-start=\"819\" data-end=\"834\">\u0130\u015flevsellik<\/strong>: 2 farkl\u0131 ili\u015fki se\u00e7ene\u011fi sunar \u2013 hem penetrasyon hem de anal kullan\u0131m i\u00e7in uygundur.<\/p>\n<\/li>\n<li class=\"\" data-start=\"921\" data-end=\"1002\">\n<p class=\"\" data-start=\"923\" data-end=\"1002\"><strong data-start=\"923\" data-end=\"945\">Ultra Yumu\u015fak Yap\u0131<\/strong>: Ger\u00e7ek ten hissi veren kadifemsi ve esnek silikon doku.<\/p>\n<\/li>\n<li class=\"\" data-start=\"1003\" data-end=\"1087\">\n<p class=\"\" data-start=\"1005\" data-end=\"1019\"><strong data-start=\"1005\" data-end=\"1016\">\u00d6l\u00e7\u00fcler<\/strong>:<\/p>\n<ul data-start=\"1022\" data-end=\"1087\">\n<li class=\"\" data-start=\"1022\" data-end=\"1042\">\n<p class=\"\" data-start=\"1024\" data-end=\"1042\">A\u011f\u0131rl\u0131k: 2,43 kg<\/p>\n<\/li>\n<li class=\"\" data-start=\"1045\" data-end=\"1065\">\n<p class=\"\" data-start=\"1047\" data-end=\"1065\">Uzunluk: 24,6 cm<\/p>\n<\/li>\n<li class=\"\" data-start=\"1068\" data-end=\"1087\">\n<p class=\"\" data-start=\"1070\" data-end=\"1087\">Geni\u015flik: 23,7 cm<\/p>\n<\/li>\n<\/ul>\n<\/li>\n<li class=\"\" data-start=\"1088\" data-end=\"1189\">\n<p class=\"\" data-start=\"1090\" data-end=\"1189\"><strong data-start=\"1090\" data-end=\"1114\">\u0130skeletli \u0130\u00e7 Tasar\u0131m<\/strong>: Daha stabil kullan\u0131m ve dayan\u0131kl\u0131l\u0131k i\u00e7in \u00f6zel iskelet yap\u0131s\u0131na sahiptir.<\/p>\n<\/li>\n<li class=\"\" data-start=\"1190\" data-end=\"1260\">\n<p class=\"\" data-start=\"1192\" data-end=\"1260\"><strong data-start=\"1192\" data-end=\"1210\">Kolay Temizlik<\/strong>: Il\u0131k su ve hafif sabunla kolayca temizlenebilir.<\/p>\n<\/li>\n<li class=\"\" data-start=\"1261\" data-end=\"1322\">\n<p class=\"\" data-start=\"1263\" data-end=\"1322\"><strong data-start=\"1263\" data-end=\"1279\">Dayan\u0131kl\u0131l\u0131k<\/strong>: Uzun \u00f6m\u00fcrl\u00fc kullan\u0131m i\u00e7in tasarlanm\u0131\u015ft\u0131r.<\/p>\n<\/li>\n<\/ul>\n<hr class=\"\" data-start=\"1324\" data-end=\"1327\" \/>\n<h2 class=\"\" data-start=\"1329\" data-end=\"1394\">Neden 2 \u0130\u015flevli Realistik Erkek Kal\u00e7a &#8211; Rhyne Tercih Edilmeli?<\/h2>\n<ul data-start=\"1396\" data-end=\"1905\">\n<li class=\"\" data-start=\"1396\" data-end=\"1500\">\n<p class=\"\" data-start=\"1398\" data-end=\"1500\"><strong data-start=\"1398\" data-end=\"1416\">\u00c7ift Fonksiyon<\/strong>: Hem anal hem de vajinal giri\u015f deneyimi ya\u015famak isteyenler i\u00e7in m\u00fckemmel bir se\u00e7im.<\/p>\n<\/li>\n<li class=\"\" data-start=\"1501\" data-end=\"1600\">\n<p class=\"\" data-start=\"1503\" data-end=\"1600\"><strong data-start=\"1503\" data-end=\"1519\">Ger\u00e7ek\u00e7i His<\/strong>: Ultra yumu\u015fak silikon ve birebir ten dokusu ile s\u0131n\u0131rlar\u0131 zorlayan bir deneyim.<\/p>\n<\/li>\n<li class=\"\" data-start=\"1601\" data-end=\"1705\">\n<p class=\"\" data-start=\"1603\" data-end=\"1705\"><strong data-start=\"1603\" data-end=\"1621\">Esnek Kullan\u0131m<\/strong>: B\u00fck\u00fclebilir penis yap\u0131s\u0131 sayesinde farkl\u0131 a\u00e7\u0131lar ve pozisyonlar ke\u015ffedebilirsiniz.<\/p>\n<\/li>\n<li class=\"\" data-start=\"1706\" data-end=\"1797\">\n<p class=\"\" data-start=\"1708\" data-end=\"1797\"><strong data-start=\"1708\" data-end=\"1728\">Hijyen ve Sa\u011fl\u0131k<\/strong>: Cilt dostu, pthalate i\u00e7ermeyen malzeme ile g\u00fcvenli kullan\u0131m sa\u011flar.<\/p>\n<\/li>\n<li class=\"\" data-start=\"1798\" data-end=\"1905\">\n<p class=\"\" data-start=\"1800\" data-end=\"1905\"><strong data-start=\"1800\" data-end=\"1822\">Gizlilik Garantisi<\/strong>: Sipari\u015finiz gizli paketleme ile kimse taraf\u0131ndan i\u00e7eri\u011fi anla\u015f\u0131lmadan g\u00f6nderilir.<\/p>\n<\/li>\n<\/ul>\n<hr class=\"\" data-start=\"1907\" data-end=\"1910\" \/>\n<h2 class=\"\" data-start=\"1912\" data-end=\"1936\">G\u00f6nderim ve Teslimat:<\/h2>\n<ul data-start=\"1938\" data-end=\"2175\">\n<li class=\"\" data-start=\"1938\" data-end=\"2002\">\n<p class=\"\" data-start=\"1940\" data-end=\"2002\">T\u00fcm sipari\u015fler <strong data-start=\"1955\" data-end=\"1979\">gizli ve kapal\u0131 koli<\/strong> ile \u00f6zenle paketlenir.<\/p>\n<\/li>\n<li class=\"\" data-start=\"2003\" data-end=\"2105\">\n<p class=\"\" data-start=\"2005\" data-end=\"2105\">Sipari\u015flerinizi ister kap\u0131n\u0131za teslim alabilir, ister kargo \u015fubesinden g\u00fcvenle teslim alabilirsiniz.<\/p>\n<\/li>\n<li class=\"\" data-start=\"2106\" data-end=\"2175\">\n<p class=\"\" data-start=\"2108\" data-end=\"2175\">Sipari\u015ften teslimata kadar t\u00fcm s\u00fcre\u00e7 firmam\u0131z g\u00fcvencesi alt\u0131ndad\u0131r.<\/p>\n<\/li>\n<\/ul>\n<h2 class=\"\" data-start=\"2177\" data-end=\"2198\">\u00d6deme Se\u00e7enekleri:<\/h2>\n<ul data-start=\"2200\" data-end=\"2307\">\n<li class=\"\" data-start=\"2200\" data-end=\"2241\">\n<p class=\"\" data-start=\"2202\" data-end=\"2241\">Kap\u0131da nakit veya kredi kart\u0131 ile \u00f6deme<\/p>\n<\/li>\n<li class=\"\" data-start=\"2242\" data-end=\"2280\">\n<p class=\"\" data-start=\"2244\" data-end=\"2280\">Tek \u00e7ekim veya taksitli \u00f6deme imkan\u0131<\/p>\n<\/li>\n<li class=\"\" data-start=\"2281\" data-end=\"2307\">\n<p class=\"\" data-start=\"2283\" data-end=\"2307\">Banka havalesi ile \u00f6deme<\/p>\n<\/li>\n<\/ul>\n<hr class=\"\" data-start=\"2309\" data-end=\"2312\" \/>\n<h2 class=\"\" data-start=\"2314\" data-end=\"2340\">Sat\u0131n Al\u0131m Avantajlar\u0131:<\/h2>\n<p class=\"\" data-start=\"2342\" data-end=\"2492\">\u2705 %100 Orijinal \u00dcr\u00fcn Garantisi<br data-start=\"2372\" data-end=\"2375\" \/>\u2705 Kap\u0131da G\u00fcvenli \u00d6deme<br data-start=\"2397\" data-end=\"2400\" \/>\u2705 H\u0131zl\u0131 ve Gizli G\u00f6nderim<br data-start=\"2425\" data-end=\"2428\" \/>\u2705 M\u00fc\u015fteri Memnuniyeti Odakl\u0131 Hizmet<br data-start=\"2463\" data-end=\"2466\" \/>\u2705 Tam Gizlilik ve G\u00fcvenlik<\/p>\n<hr class=\"\" data-start=\"2494\" data-end=\"2497\" \/>\n<p class=\"\" data-start=\"2499\" data-end=\"2646\">\u2728 <strong data-start=\"2501\" data-end=\"2572\">Haz ve tutkuyu bir \u00fcst seviyeye ta\u015f\u0131mak isteyenler i\u00e7in tasarland\u0131!<\/strong><br data-start=\"2572\" data-end=\"2575\" \/>\u015eimdi sipari\u015f verin, kaliteli ve ger\u00e7ek\u00e7i bir deneyimin tad\u0131n\u0131 \u00e7\u0131kar\u0131n.<\/p>\n<p>&nbsp;<\/p>\n<p>&nbsp;<\/p>\n<p>&nbsp;<\/p>\n<p><img decoding=\"async\" style=\"width: 300px;height: 300px\" src=\"https:\/\/static.ticimax.cloud\/32886\/\/uploads\/editoruploads\/bm-009250ng_08.gif\" alt=\"\" \/><img decoding=\"async\" style=\"width: 300px;height: 300px\" src=\"https:\/\/static.ticimax.cloud\/32886\/\/uploads\/editoruploads\/bm-009250ng_09.gif\" alt=\"\" \/><\/p>\n","protected":false},"excerpt":{"rendered":"<p>Ger\u00e7ek\u00e7i tasar\u0131m\u0131 ve \u00fcst\u00fcn performans\u0131 ile \u00f6n plana \u00e7\u0131kan <strong data-start=\"238\" data-end=\"310\">2 \u0130\u015flevli Realistik 17,3 cm Penisli Anal Giri\u015fli Erkek Kal\u00e7a &#8211; Rhyne<\/strong>, arad\u0131\u011f\u0131n\u0131z ultra ger\u00e7ek\u00e7i deneyimi sunuyor. Geli\u015fmi\u015f TPR silikon teknolojisiyle \u00fcretilen bu yar\u0131m kal\u00e7a masturbat\u00f6r, hem g\u00f6rsel hem de fiziksel olarak maksimum haz sa\u011flamak i\u00e7in tasarlanm\u0131\u015ft\u0131r.<\/p>\n","protected":false},"featured_media":45367,"comment_status":"closed","ping_status":"closed","template":"","meta":[],"product_brand":[],"product_cat":[502],"product_tag":[],"class_list":{"0":"post-45365","1":"product","2":"type-product","3":"status-publish","4":"has-post-thumbnail","6":"product_cat-kalca-ve-yarim-vucut-masturbator","8":"first","9":"instock","10":"purchasable","11":"product-type-simple"},"yoast_head":"<!-- This site is optimized with the Yoast SEO Premium plugin v24.4 (Yoast SEO v27.1.1) - https:\/\/yoast.com\/product\/yoast-seo-premium-wordpress\/ -->\n<title>2 I\u0307\u015flevli Realistik 17,3 Cm Penisli Anal Giri\u015fli Erkek Kal\u00e7a - Rhyne - Bursa Erotik Shop<\/title>\n<meta name=\"robots\" content=\"index, follow, max-snippet:-1, max-image-preview:large, max-video-preview:-1\" \/>\n<link rel=\"canonical\" href=\"https:\/\/hobierotikshop.com.tr\/website1\/erotik-shop-urun\/2-islevli-realistik-173-cm-penisli-anal-girisli-erkek-kalca-rhyne\/\" \/>\n<meta property=\"og:locale\" content=\"tr_TR\" \/>\n<meta property=\"og:type\" content=\"article\" \/>\n<meta property=\"og:title\" content=\"2 I\u0307\u015flevli Realistik 17,3 Cm Penisli Anal Giri\u015fli Erkek Kal\u00e7a - Rhyne\" \/>\n<meta property=\"og:description\" content=\"Ger\u00e7ek\u00e7i tasar\u0131m\u0131 ve \u00fcst\u00fcn performans\u0131 ile \u00f6n plana \u00e7\u0131kan 2 \u0130\u015flevli Realistik 17,3 cm Penisli Anal Giri\u015fli Erkek Kal\u00e7a - Rhyne, arad\u0131\u011f\u0131n\u0131z ultra ger\u00e7ek\u00e7i deneyimi sunuyor. Geli\u015fmi\u015f TPR silikon teknolojisiyle \u00fcretilen bu yar\u0131m kal\u00e7a masturbat\u00f6r, hem g\u00f6rsel hem de fiziksel olarak maksimum haz sa\u011flamak i\u00e7in tasarlanm\u0131\u015ft\u0131r.\" \/>\n<meta property=\"og:url\" content=\"https:\/\/hobierotikshop.com.tr\/website1\/erotik-shop-urun\/2-islevli-realistik-173-cm-penisli-anal-girisli-erkek-kalca-rhyne\/\" \/>\n<meta property=\"og:site_name\" content=\"Bursa Erotik Shop\" \/>\n<meta property=\"article:modified_time\" content=\"2026-01-08T23:57:43+00:00\" \/>\n<meta property=\"og:image\" content=\"https:\/\/hobierotikshop.com.tr\/website1\/wp-content\/uploads\/2025\/04\/2-islevli-realistik-173-cm-penisli-ana-5-b952.jpg\" \/>\n\t<meta property=\"og:image:width\" content=\"455\" \/>\n\t<meta property=\"og:image:height\" content=\"455\" \/>\n\t<meta property=\"og:image:type\" content=\"image\/jpeg\" \/>\n<meta name=\"twitter:card\" content=\"summary_large_image\" \/>\n<meta name=\"twitter:site\" content=\"@shopbursa\" \/>\n<meta name=\"twitter:label1\" content=\"Fiyat\" \/>\n\t<meta name=\"twitter:data1\" content=\"&#8378;7.800,00\" \/>\n\t<meta name=\"twitter:label2\" content=\"Availability\" \/>\n\t<meta name=\"twitter:data2\" content=\"In stock\" \/>\n<script type=\"application\/ld+json\" class=\"yoast-schema-graph\">{\"@context\":\"https:\/\/schema.org\",\"@graph\":[{\"@type\":\"WebPage\",\"@id\":\"https:\/\/hobierotikshop.com.tr\/website1\/erotik-shop-urun\/2-islevli-realistik-173-cm-penisli-anal-girisli-erkek-kalca-rhyne\/\",\"url\":\"https:\/\/hobierotikshop.com.tr\/website1\/erotik-shop-urun\/2-islevli-realistik-173-cm-penisli-anal-girisli-erkek-kalca-rhyne\/\",\"name\":\"2 I\u0307\u015flevli Realistik 17,3 Cm Penisli Anal Giri\u015fli Erkek Kal\u00e7a - Rhyne - Bursa Erotik Shop\",\"isPartOf\":{\"@id\":\"https:\/\/hobierotikshop.com.tr\/website1\/#website\"},\"primaryImageOfPage\":{\"@id\":\"https:\/\/hobierotikshop.com.tr\/website1\/erotik-shop-urun\/2-islevli-realistik-173-cm-penisli-anal-girisli-erkek-kalca-rhyne\/#primaryimage\"},\"image\":{\"@id\":\"https:\/\/hobierotikshop.com.tr\/website1\/erotik-shop-urun\/2-islevli-realistik-173-cm-penisli-anal-girisli-erkek-kalca-rhyne\/#primaryimage\"},\"thumbnailUrl\":\"https:\/\/haremerotikshop.com\/site\/wp-content\/uploads\/2025\/04\/2-islevli-realistik-173-cm-penisli-ana-5-b952.jpg\",\"datePublished\":\"2025-04-26T14:13:53+00:00\",\"dateModified\":\"2026-01-08T23:57:43+00:00\",\"breadcrumb\":{\"@id\":\"https:\/\/hobierotikshop.com.tr\/website1\/erotik-shop-urun\/2-islevli-realistik-173-cm-penisli-anal-girisli-erkek-kalca-rhyne\/#breadcrumb\"},\"inLanguage\":\"tr\",\"potentialAction\":[{\"@type\":\"ReadAction\",\"target\":[\"https:\/\/hobierotikshop.com.tr\/website1\/erotik-shop-urun\/2-islevli-realistik-173-cm-penisli-anal-girisli-erkek-kalca-rhyne\/\"]}]},{\"@type\":\"ImageObject\",\"inLanguage\":\"tr\",\"@id\":\"https:\/\/hobierotikshop.com.tr\/website1\/erotik-shop-urun\/2-islevli-realistik-173-cm-penisli-anal-girisli-erkek-kalca-rhyne\/#primaryimage\",\"url\":\"https:\/\/haremerotikshop.com\/site\/wp-content\/uploads\/2025\/04\/2-islevli-realistik-173-cm-penisli-ana-5-b952.jpg\",\"contentUrl\":\"https:\/\/haremerotikshop.com\/site\/wp-content\/uploads\/2025\/04\/2-islevli-realistik-173-cm-penisli-ana-5-b952.jpg\",\"width\":455,\"height\":455},{\"@type\":\"BreadcrumbList\",\"@id\":\"https:\/\/hobierotikshop.com.tr\/website1\/erotik-shop-urun\/2-islevli-realistik-173-cm-penisli-anal-girisli-erkek-kalca-rhyne\/#breadcrumb\",\"itemListElement\":[{\"@type\":\"ListItem\",\"position\":1,\"name\":\"Anasayfa\",\"item\":\"https:\/\/hobierotikshop.com.tr\/website1\/\"},{\"@type\":\"ListItem\",\"position\":2,\"name\":\"Erotik Shop \u00dcr\u00fcnleri\",\"item\":\"https:\/\/hobierotikshop.com.tr\/website1\/shop\/\"},{\"@type\":\"ListItem\",\"position\":3,\"name\":\"2 I\u0307\u015flevli Realistik 17,3 Cm Penisli Anal Giri\u015fli Erkek Kal\u00e7a &#8211; Rhyne\"}]},{\"@type\":\"WebSite\",\"@id\":\"https:\/\/hobierotikshop.com.tr\/website1\/#website\",\"url\":\"https:\/\/hobierotikshop.com.tr\/website1\/\",\"name\":\"Bursa Erotik Shop\",\"description\":\"Bursa Erotik Shop ile g\u00fcvenli, gizli ve kaliteli yeti\u015fkin \u00fcr\u00fcnleri al\u0131\u015fveri\u015fi! Geni\u015f \u00fcr\u00fcn yelpazemizi ke\u015ffedin, hemen sipari\u015f verin\",\"publisher\":{\"@id\":\"https:\/\/hobierotikshop.com.tr\/website1\/#organization\"},\"alternateName\":\"Erotik Shop\",\"potentialAction\":[{\"@type\":\"SearchAction\",\"target\":{\"@type\":\"EntryPoint\",\"urlTemplate\":\"https:\/\/hobierotikshop.com.tr\/website1\/?s={search_term_string}\"},\"query-input\":{\"@type\":\"PropertyValueSpecification\",\"valueRequired\":true,\"valueName\":\"search_term_string\"}}],\"inLanguage\":\"tr\"},{\"@type\":\"Organization\",\"@id\":\"https:\/\/hobierotikshop.com.tr\/website1\/#organization\",\"name\":\"Harem Bursa Erotik Shop\",\"url\":\"https:\/\/hobierotikshop.com.tr\/website1\/\",\"logo\":{\"@type\":\"ImageObject\",\"inLanguage\":\"tr\",\"@id\":\"https:\/\/hobierotikshop.com.tr\/website1\/#\/schema\/logo\/image\/\",\"url\":\"https:\/\/haremerotikshop.com\/site\/wp-content\/uploads\/2025\/03\/haremsexshop.png\",\"contentUrl\":\"https:\/\/haremerotikshop.com\/site\/wp-content\/uploads\/2025\/03\/haremsexshop.png\",\"width\":400,\"height\":100,\"caption\":\"Harem Bursa Erotik Shop\"},\"image\":{\"@id\":\"https:\/\/hobierotikshop.com.tr\/website1\/#\/schema\/logo\/image\/\"},\"sameAs\":[\"https:\/\/x.com\/shopbursa\"],\"publishingPrinciples\":\"https:\/\/hobierotikshop.com.tr\/website1\/mesafeli-satis-sozlesmesi\/\",\"ownershipFundingInfo\":\"https:\/\/hobierotikshop.com.tr\/website1\/contact-us\/\",\"actionableFeedbackPolicy\":\"https:\/\/hobierotikshop.com.tr\/website1\/contact-us\/\",\"correctionsPolicy\":\"https:\/\/hobierotikshop.com.tr\/website1\/mesafeli-satis-sozlesmesi\/\"}]}<\/script>\n<meta property=\"product:price:amount\" content=\"7800.00\" \/>\n<meta property=\"product:price:currency\" content=\"TRY\" \/>\n<meta property=\"og:availability\" content=\"instock\" \/>\n<meta property=\"product:availability\" content=\"instock\" \/>\n<meta property=\"product:retailer_item_id\" content=\"BDM1373\" \/>\n<meta property=\"product:condition\" content=\"new\" \/>\n<!-- \/ Yoast SEO Premium plugin. -->","yoast_head_json":{"title":"2 I\u0307\u015flevli Realistik 17,3 Cm Penisli Anal Giri\u015fli Erkek Kal\u00e7a - Rhyne - Bursa Erotik Shop","robots":{"index":"index","follow":"follow","max-snippet":"max-snippet:-1","max-image-preview":"max-image-preview:large","max-video-preview":"max-video-preview:-1"},"canonical":"https:\/\/hobierotikshop.com.tr\/website1\/erotik-shop-urun\/2-islevli-realistik-173-cm-penisli-anal-girisli-erkek-kalca-rhyne\/","og_locale":"tr_TR","og_type":"article","og_title":"2 I\u0307\u015flevli Realistik 17,3 Cm Penisli Anal Giri\u015fli Erkek Kal\u00e7a - Rhyne","og_description":"Ger\u00e7ek\u00e7i tasar\u0131m\u0131 ve \u00fcst\u00fcn performans\u0131 ile \u00f6n plana \u00e7\u0131kan 2 \u0130\u015flevli Realistik 17,3 cm Penisli Anal Giri\u015fli Erkek Kal\u00e7a - Rhyne, arad\u0131\u011f\u0131n\u0131z ultra ger\u00e7ek\u00e7i deneyimi sunuyor. Geli\u015fmi\u015f TPR silikon teknolojisiyle \u00fcretilen bu yar\u0131m kal\u00e7a masturbat\u00f6r, hem g\u00f6rsel hem de fiziksel olarak maksimum haz sa\u011flamak i\u00e7in tasarlanm\u0131\u015ft\u0131r.","og_url":"https:\/\/hobierotikshop.com.tr\/website1\/erotik-shop-urun\/2-islevli-realistik-173-cm-penisli-anal-girisli-erkek-kalca-rhyne\/","og_site_name":"Bursa Erotik Shop","article_modified_time":"2026-01-08T23:57:43+00:00","og_image":[{"width":455,"height":455,"url":"https:\/\/hobierotikshop.com.tr\/website1\/wp-content\/uploads\/2025\/04\/2-islevli-realistik-173-cm-penisli-ana-5-b952.jpg","type":"image\/jpeg"}],"twitter_card":"summary_large_image","twitter_site":"@shopbursa","twitter_misc":{"Fiyat":"&#8378;7.800,00","Availability":"In stock"},"schema":{"@context":"https:\/\/schema.org","@graph":[{"@type":"WebPage","@id":"https:\/\/hobierotikshop.com.tr\/website1\/erotik-shop-urun\/2-islevli-realistik-173-cm-penisli-anal-girisli-erkek-kalca-rhyne\/","url":"https:\/\/hobierotikshop.com.tr\/website1\/erotik-shop-urun\/2-islevli-realistik-173-cm-penisli-anal-girisli-erkek-kalca-rhyne\/","name":"2 I\u0307\u015flevli Realistik 17,3 Cm Penisli Anal Giri\u015fli Erkek Kal\u00e7a - Rhyne - Bursa Erotik Shop","isPartOf":{"@id":"https:\/\/hobierotikshop.com.tr\/website1\/#website"},"primaryImageOfPage":{"@id":"https:\/\/hobierotikshop.com.tr\/website1\/erotik-shop-urun\/2-islevli-realistik-173-cm-penisli-anal-girisli-erkek-kalca-rhyne\/#primaryimage"},"image":{"@id":"https:\/\/hobierotikshop.com.tr\/website1\/erotik-shop-urun\/2-islevli-realistik-173-cm-penisli-anal-girisli-erkek-kalca-rhyne\/#primaryimage"},"thumbnailUrl":"https:\/\/haremerotikshop.com\/site\/wp-content\/uploads\/2025\/04\/2-islevli-realistik-173-cm-penisli-ana-5-b952.jpg","datePublished":"2025-04-26T14:13:53+00:00","dateModified":"2026-01-08T23:57:43+00:00","breadcrumb":{"@id":"https:\/\/hobierotikshop.com.tr\/website1\/erotik-shop-urun\/2-islevli-realistik-173-cm-penisli-anal-girisli-erkek-kalca-rhyne\/#breadcrumb"},"inLanguage":"tr","potentialAction":[{"@type":"ReadAction","target":["https:\/\/hobierotikshop.com.tr\/website1\/erotik-shop-urun\/2-islevli-realistik-173-cm-penisli-anal-girisli-erkek-kalca-rhyne\/"]}]},{"@type":"ImageObject","inLanguage":"tr","@id":"https:\/\/hobierotikshop.com.tr\/website1\/erotik-shop-urun\/2-islevli-realistik-173-cm-penisli-anal-girisli-erkek-kalca-rhyne\/#primaryimage","url":"https:\/\/haremerotikshop.com\/site\/wp-content\/uploads\/2025\/04\/2-islevli-realistik-173-cm-penisli-ana-5-b952.jpg","contentUrl":"https:\/\/haremerotikshop.com\/site\/wp-content\/uploads\/2025\/04\/2-islevli-realistik-173-cm-penisli-ana-5-b952.jpg","width":455,"height":455},{"@type":"BreadcrumbList","@id":"https:\/\/hobierotikshop.com.tr\/website1\/erotik-shop-urun\/2-islevli-realistik-173-cm-penisli-anal-girisli-erkek-kalca-rhyne\/#breadcrumb","itemListElement":[{"@type":"ListItem","position":1,"name":"Anasayfa","item":"https:\/\/hobierotikshop.com.tr\/website1\/"},{"@type":"ListItem","position":2,"name":"Erotik Shop \u00dcr\u00fcnleri","item":"https:\/\/hobierotikshop.com.tr\/website1\/shop\/"},{"@type":"ListItem","position":3,"name":"2 I\u0307\u015flevli Realistik 17,3 Cm Penisli Anal Giri\u015fli Erkek Kal\u00e7a &#8211; Rhyne"}]},{"@type":"WebSite","@id":"https:\/\/hobierotikshop.com.tr\/website1\/#website","url":"https:\/\/hobierotikshop.com.tr\/website1\/","name":"Bursa Erotik Shop","description":"Bursa Erotik Shop ile g\u00fcvenli, gizli ve kaliteli yeti\u015fkin \u00fcr\u00fcnleri al\u0131\u015fveri\u015fi! Geni\u015f \u00fcr\u00fcn yelpazemizi ke\u015ffedin, hemen sipari\u015f verin","publisher":{"@id":"https:\/\/hobierotikshop.com.tr\/website1\/#organization"},"alternateName":"Erotik Shop","potentialAction":[{"@type":"SearchAction","target":{"@type":"EntryPoint","urlTemplate":"https:\/\/hobierotikshop.com.tr\/website1\/?s={search_term_string}"},"query-input":{"@type":"PropertyValueSpecification","valueRequired":true,"valueName":"search_term_string"}}],"inLanguage":"tr"},{"@type":"Organization","@id":"https:\/\/hobierotikshop.com.tr\/website1\/#organization","name":"Harem Bursa Erotik Shop","url":"https:\/\/hobierotikshop.com.tr\/website1\/","logo":{"@type":"ImageObject","inLanguage":"tr","@id":"https:\/\/hobierotikshop.com.tr\/website1\/#\/schema\/logo\/image\/","url":"https:\/\/haremerotikshop.com\/site\/wp-content\/uploads\/2025\/03\/haremsexshop.png","contentUrl":"https:\/\/haremerotikshop.com\/site\/wp-content\/uploads\/2025\/03\/haremsexshop.png","width":400,"height":100,"caption":"Harem Bursa Erotik Shop"},"image":{"@id":"https:\/\/hobierotikshop.com.tr\/website1\/#\/schema\/logo\/image\/"},"sameAs":["https:\/\/x.com\/shopbursa"],"publishingPrinciples":"https:\/\/hobierotikshop.com.tr\/website1\/mesafeli-satis-sozlesmesi\/","ownershipFundingInfo":"https:\/\/hobierotikshop.com.tr\/website1\/contact-us\/","actionableFeedbackPolicy":"https:\/\/hobierotikshop.com.tr\/website1\/contact-us\/","correctionsPolicy":"https:\/\/hobierotikshop.com.tr\/website1\/mesafeli-satis-sozlesmesi\/"}]},"product_price_amount":"7800.00","product_price_currency":"TRY","og_availability":"instock","product_availability":"instock","product_retailer_item_id":"BDM1373","product_condition":"new"},"_links":{"self":[{"href":"https:\/\/haremerotikshop.com\/site\/wp-json\/wp\/v2\/product\/45365","targetHints":{"allow":["GET"]}}],"collection":[{"href":"https:\/\/haremerotikshop.com\/site\/wp-json\/wp\/v2\/product"}],"about":[{"href":"https:\/\/haremerotikshop.com\/site\/wp-json\/wp\/v2\/types\/product"}],"replies":[{"embeddable":true,"href":"https:\/\/haremerotikshop.com\/site\/wp-json\/wp\/v2\/comments?post=45365"}],"version-history":[{"count":0,"href":"https:\/\/haremerotikshop.com\/site\/wp-json\/wp\/v2\/product\/45365\/revisions"}],"wp:featuredmedia":[{"embeddable":true,"href":"https:\/\/haremerotikshop.com\/site\/wp-json\/wp\/v2\/media\/45367"}],"wp:attachment":[{"href":"https:\/\/haremerotikshop.com\/site\/wp-json\/wp\/v2\/media?parent=45365"}],"wp:term":[{"taxonomy":"product_brand","embeddable":true,"href":"https:\/\/haremerotikshop.com\/site\/wp-json\/wp\/v2\/product_brand?post=45365"},{"taxonomy":"product_cat","embeddable":true,"href":"https:\/\/haremerotikshop.com\/site\/wp-json\/wp\/v2\/product_cat?post=45365"},{"taxonomy":"product_tag","embeddable":true,"href":"https:\/\/haremerotikshop.com\/site\/wp-json\/wp\/v2\/product_tag?post=45365"}],"curies":[{"name":"wp","href":"https:\/\/api.w.org\/{rel}","templated":true}]}}