{"id":45582,"date":"2025-04-26T17:17:07","date_gmt":"2025-04-26T14:17:07","guid":{"rendered":"https:\/\/haremerotikshop.com\/site\/erotik-shop-urun\/25-cm-dolgulu-premium-melez-rengi-silikon-penis-kilifi-nile\/"},"modified":"2026-01-08T10:51:22","modified_gmt":"2026-01-08T07:51:22","slug":"25-cm-dolgulu-premium-melez-rengi-silikon-penis-kilifi-nile","status":"publish","type":"product","link":"https:\/\/haremerotikshop.com\/site\/erotik-shop-urun\/25-cm-dolgulu-premium-melez-rengi-silikon-penis-kilifi-nile\/","title":{"rendered":"2,5 Cm Dolgulu Premium Melez Rengi\u00a0Silikon\u00a0Penis K\u0131l\u0131f\u0131 &#8211; Nile"},"content":{"rendered":"<h1 class=\"\" data-start=\"140\" data-end=\"204\">2,5 cm Dolgulu Premium Melez Rengi Silikon Penis K\u0131l\u0131f\u0131 &#8211; Nile<\/h1>\n<p class=\"\" data-start=\"206\" data-end=\"438\"><strong data-start=\"206\" data-end=\"280\">Performans\u0131n\u0131z\u0131 art\u0131rmak ve e\u015fsiz bir deneyim ya\u015famak m\u0131 istiyorsunuz?<\/strong><br data-start=\"280\" data-end=\"283\" \/>Yeni nesil teknolojilerle \u00fcretilmi\u015f <strong data-start=\"319\" data-end=\"371\">Nile 2,5 cm Dolgulu Premium Silikon Penis K\u0131l\u0131f\u0131<\/strong>, konforu, dayan\u0131kl\u0131l\u0131\u011f\u0131 ve ger\u00e7ek\u00e7i hissiyat\u0131 bir araya getiriyor!<\/p>\n<hr class=\"\" data-start=\"440\" data-end=\"443\" \/>\n<h2 class=\"\" data-start=\"445\" data-end=\"464\">\u00dcr\u00fcn \u00d6zellikleri<\/h2>\n<ul data-start=\"466\" data-end=\"1551\">\n<li class=\"\" data-start=\"466\" data-end=\"547\">\n<p class=\"\" data-start=\"468\" data-end=\"547\"><strong data-start=\"468\" data-end=\"485\">Y\u00fcksek Kalite<\/strong>: \u00c7ok y\u00fcksek kaliteli premium silikon malzemeden \u00fcretilmi\u015ftir.<\/p>\n<\/li>\n<li class=\"\" data-start=\"548\" data-end=\"614\">\n<p class=\"\" data-start=\"550\" data-end=\"614\"><strong data-start=\"550\" data-end=\"573\">Ger\u00e7ek\u00e7i Melez Renk<\/strong>: Do\u011fal g\u00f6r\u00fcn\u00fcme en yak\u0131n \u00f6zel renk tonu.<\/p>\n<\/li>\n<li class=\"\" data-start=\"615\" data-end=\"691\">\n<p class=\"\" data-start=\"617\" data-end=\"691\"><strong data-start=\"617\" data-end=\"641\">Uzun \u00d6m\u00fcrl\u00fc Kullan\u0131m<\/strong>: Defalarca kullan\u0131ma uygun, esnek ve sa\u011flam yap\u0131.<\/p>\n<\/li>\n<li class=\"\" data-start=\"692\" data-end=\"781\">\n<p class=\"\" data-start=\"694\" data-end=\"781\"><strong data-start=\"694\" data-end=\"721\">Maksimum Konfor ve Uyum<\/strong>: U\u00e7 k\u0131sm\u0131 k\u0131vr\u0131l\u0131p katlanabilir, penise tam kavrama sa\u011flar.<\/p>\n<\/li>\n<li class=\"\" data-start=\"782\" data-end=\"907\">\n<p class=\"\" data-start=\"784\" data-end=\"907\"><strong data-start=\"784\" data-end=\"802\">Realistik Yap\u0131<\/strong>: S\u00fcper esnek ve ger\u00e7ek\u00e7i dokusu sayesinde her erke\u011fin rahatl\u0131kla kullanabilece\u011fi \u015fekilde tasarlanm\u0131\u015ft\u0131r.<\/p>\n<\/li>\n<li class=\"\" data-start=\"908\" data-end=\"1030\">\n<p class=\"\" data-start=\"910\" data-end=\"932\"><strong data-start=\"910\" data-end=\"931\">Performans Art\u0131\u015f\u0131<\/strong>:<\/p>\n<ul data-start=\"935\" data-end=\"1030\">\n<li class=\"\" data-start=\"935\" data-end=\"972\">\n<p class=\"\" data-start=\"937\" data-end=\"972\">Penis uzunlu\u011funu <strong data-start=\"954\" data-end=\"964\">2,5 cm<\/strong> uzat\u0131r.<\/p>\n<\/li>\n<li class=\"\" data-start=\"975\" data-end=\"1030\">\n<p class=\"\" data-start=\"977\" data-end=\"1030\">Penis kal\u0131nl\u0131\u011f\u0131n\u0131 yakla\u015f\u0131k <strong data-start=\"1004\" data-end=\"1020\">%35 oran\u0131nda<\/strong> artt\u0131r\u0131r.<\/p>\n<\/li>\n<\/ul>\n<\/li>\n<li class=\"\" data-start=\"1031\" data-end=\"1151\">\n<p class=\"\" data-start=\"1033\" data-end=\"1151\"><strong data-start=\"1033\" data-end=\"1051\">Kolay Temizlik<\/strong>: Kullan\u0131m sonras\u0131 su ve hafif sabun ile temizlenebilir, pudralayarak hijyenik \u015fekilde saklanabilir.<\/p>\n<\/li>\n<li class=\"\" data-start=\"1152\" data-end=\"1271\">\n<p class=\"\" data-start=\"1154\" data-end=\"1177\"><strong data-start=\"1154\" data-end=\"1176\">\u00c7ok Y\u00f6nl\u00fc Kullan\u0131m<\/strong>:<\/p>\n<ul data-start=\"1180\" data-end=\"1271\">\n<li class=\"\" data-start=\"1180\" data-end=\"1208\">\n<p class=\"\" data-start=\"1182\" data-end=\"1208\">Tek ba\u015f\u0131na kullan\u0131labilir.<\/p>\n<\/li>\n<li class=\"\" data-start=\"1211\" data-end=\"1271\">\n<p class=\"\" data-start=\"1213\" data-end=\"1271\">\u0130stenirse \u00fczerine prezervatif tak\u0131larak da kullan\u0131labilir.<\/p>\n<\/li>\n<\/ul>\n<\/li>\n<li class=\"\" data-start=\"1272\" data-end=\"1376\">\n<p class=\"\" data-start=\"1274\" data-end=\"1376\"><strong data-start=\"1274\" data-end=\"1305\">T\u00fcm Penis Boylar\u0131yla Uyumlu<\/strong>: Y\u00fcksek esnekli\u011fi sayesinde farkl\u0131 ebatlardaki penisler i\u00e7in uygundur.<\/p>\n<\/li>\n<li class=\"\" data-start=\"1377\" data-end=\"1459\">\n<p class=\"\" data-start=\"1379\" data-end=\"1459\"><strong data-start=\"1379\" data-end=\"1401\">Cilt Dostu Malzeme<\/strong>: Phthalate ve lateks i\u00e7ermez, cilt tahri\u015fine sebep olmaz.<\/p>\n<\/li>\n<li class=\"\" data-start=\"1460\" data-end=\"1548\">\n<p class=\"\" data-start=\"1462\" data-end=\"1548\"><strong data-start=\"1462\" data-end=\"1480\">Su Ge\u00e7irmezlik<\/strong>: %100 su ge\u00e7irmez \u00f6zelli\u011fi ile hijyenik ve g\u00fcvenli kullan\u0131m sa\u011flar.<\/p>\n<\/li>\n<\/ul>\n<h3 class=\"\" data-start=\"1552\" data-end=\"1573\">Teknik \u00d6zellikler<\/h3>\n<ul data-start=\"1575\" data-end=\"1637\">\n<li class=\"\" data-start=\"1575\" data-end=\"1606\">\n<p class=\"\" data-start=\"1577\" data-end=\"1606\"><strong data-start=\"1577\" data-end=\"1595\">Toplam Uzunluk<\/strong>: 16,5 cm<\/p>\n<\/li>\n<li class=\"\" data-start=\"1607\" data-end=\"1637\">\n<p class=\"\" data-start=\"1609\" data-end=\"1637\"><strong data-start=\"1609\" data-end=\"1627\">U\u00e7 Dolgu K\u0131sm\u0131<\/strong>: 3,8 cm<\/p>\n<\/li>\n<\/ul>\n<hr class=\"\" data-start=\"1639\" data-end=\"1642\" \/>\n<h2 class=\"\" data-start=\"1644\" data-end=\"1703\">Nile Premium Silikon Penis K\u0131l\u0131f\u0131 Neden Tercih Edilmeli?<\/h2>\n<ul data-start=\"1705\" data-end=\"2028\">\n<li class=\"\" data-start=\"1705\" data-end=\"1775\">\n<p class=\"\" data-start=\"1707\" data-end=\"1775\"><strong data-start=\"1707\" data-end=\"1746\">Ger\u00e7ek\u00e7i Dokunu\u015f ve Y\u00fcksek Esneklik<\/strong>: Her santimde do\u011fal bir his.<\/p>\n<\/li>\n<li class=\"\" data-start=\"1776\" data-end=\"1869\">\n<p class=\"\" data-start=\"1778\" data-end=\"1869\"><strong data-start=\"1778\" data-end=\"1810\">Daha Dolu, Daha Uzun G\u00f6r\u00fcn\u00fcm<\/strong>: Hem kal\u0131nl\u0131k hem de uzunlukta g\u00f6zle g\u00f6r\u00fcl\u00fcr fark yarat\u0131r.<\/p>\n<\/li>\n<li class=\"\" data-start=\"1870\" data-end=\"1945\">\n<p class=\"\" data-start=\"1872\" data-end=\"1945\"><strong data-start=\"1872\" data-end=\"1898\">Dayan\u0131kl\u0131l\u0131k ve Hijyen<\/strong>: Kolay temizlenir, uzun \u00f6m\u00fcrl\u00fc kullan\u0131m sunar.<\/p>\n<\/li>\n<li class=\"\" data-start=\"1946\" data-end=\"2028\">\n<p class=\"\" data-start=\"1948\" data-end=\"2028\"><strong data-start=\"1948\" data-end=\"1981\">\u00c7iftler \u0130\u00e7in M\u00fckemmel Deneyim<\/strong>: Kar\u015f\u0131 taraf\u0131n ald\u0131\u011f\u0131 zevki maksimuma \u00e7\u0131kar\u0131r.<\/p>\n<\/li>\n<\/ul>\n<hr class=\"\" data-start=\"2030\" data-end=\"2033\" \/>\n<h2 class=\"\" data-start=\"2035\" data-end=\"2067\">Sipari\u015f ve Teslimat Bilgileri<\/h2>\n<ul data-start=\"2069\" data-end=\"2432\">\n<li class=\"\" data-start=\"2069\" data-end=\"2158\">\n<p class=\"\" data-start=\"2071\" data-end=\"2158\"><strong data-start=\"2071\" data-end=\"2086\">Gizli Kargo<\/strong>: \u00dcr\u00fcnler, i\u00e7eri\u011fi belli olmayacak \u015fekilde kapal\u0131 paketlerde g\u00f6nderilir.<\/p>\n<\/li>\n<li class=\"\" data-start=\"2159\" data-end=\"2326\">\n<p class=\"\" data-start=\"2161\" data-end=\"2183\"><strong data-start=\"2161\" data-end=\"2182\">\u00d6deme Se\u00e7enekleri<\/strong>:<\/p>\n<ul data-start=\"2186\" data-end=\"2326\">\n<li class=\"\" data-start=\"2186\" data-end=\"2227\">\n<p class=\"\" data-start=\"2188\" data-end=\"2227\">Kap\u0131da nakit veya kredi kart\u0131 ile \u00f6deme<\/p>\n<\/li>\n<li class=\"\" data-start=\"2230\" data-end=\"2252\">\n<p class=\"\" data-start=\"2232\" data-end=\"2252\">\u015eubeden \u00f6deme imk\u00e2n\u0131<\/p>\n<\/li>\n<li class=\"\" data-start=\"2255\" data-end=\"2280\">\n<p class=\"\" data-start=\"2257\" data-end=\"2280\">Banka havalesi se\u00e7ene\u011fi<\/p>\n<\/li>\n<li class=\"\" data-start=\"2283\" data-end=\"2326\">\n<p class=\"\" data-start=\"2285\" data-end=\"2326\">Tek \u00e7ekim veya taksitli \u00f6deme se\u00e7enekleri<\/p>\n<\/li>\n<\/ul>\n<\/li>\n<li class=\"\" data-start=\"2327\" data-end=\"2432\">\n<p class=\"\" data-start=\"2329\" data-end=\"2353\"><strong data-start=\"2329\" data-end=\"2352\">Teslimat Y\u00f6ntemleri<\/strong>:<\/p>\n<ul data-start=\"2356\" data-end=\"2432\">\n<li class=\"\" data-start=\"2356\" data-end=\"2381\">\n<p class=\"\" data-start=\"2358\" data-end=\"2381\">Kap\u0131n\u0131za kadar teslimat<\/p>\n<\/li>\n<li class=\"\" data-start=\"2384\" data-end=\"2432\">\n<p class=\"\" data-start=\"2386\" data-end=\"2432\">Dilerseniz kargo \u015fubesinden teslim alma imkan\u0131<\/p>\n<\/li>\n<\/ul>\n<\/li>\n<\/ul>\n<hr class=\"\" data-start=\"2434\" data-end=\"2437\" \/>\n<p class=\"\" data-start=\"2439\" data-end=\"2591\">\u2705 <strong data-start=\"2441\" data-end=\"2475\">Kap\u0131da \u00d6deme G\u00fcvenli Al\u0131\u015fveri\u015f<\/strong><br data-start=\"2475\" data-end=\"2478\" \/>\u2705 <strong data-start=\"2480\" data-end=\"2507\">Orijinal \u00dcr\u00fcn Garantisi<\/strong><br data-start=\"2507\" data-end=\"2510\" \/>\u2705 <strong data-start=\"2512\" data-end=\"2539\">H\u0131zl\u0131 Kargo ve Teslimat<\/strong><br data-start=\"2539\" data-end=\"2542\" \/>\u2705 <strong data-start=\"2544\" data-end=\"2591\">Gizli Paketleme ve Y\u00fcksek M\u00fc\u015fteri Gizlili\u011fi<\/strong><\/p>\n<hr class=\"\" data-start=\"2593\" data-end=\"2596\" \/>\n<h3 class=\"\" data-start=\"2598\" data-end=\"2717\">Performans\u0131n\u0131z\u0131 bir \u00fcst seviyeye ta\u015f\u0131mak i\u00e7in <strong data-start=\"2648\" data-end=\"2700\">Nile 2,5 cm Dolgulu Premium Silikon Penis K\u0131l\u0131f\u0131<\/strong> tam size g\u00f6re!<\/h3>\n<p class=\"\" data-start=\"2718\" data-end=\"2775\">\u015eimdi sipari\u015f verin, ger\u00e7ek deneyimin keyfini ya\u015fay\u0131n! \ud83d\udd25<\/p>\n<p>&nbsp;<\/p>\n<p>&nbsp;<\/p>\n<p><img decoding=\"async\" style=\"width: 300px;height: 300px\" src=\"https:\/\/static.ticimax.cloud\/32886\/\/uploads\/editoruploads\/bi-026252-1_07.jpg\" alt=\"\" \/><img decoding=\"async\" style=\"width: 300px;height: 300px\" src=\"https:\/\/static.ticimax.cloud\/32886\/\/uploads\/editoruploads\/bi-026252-1_06.gif\" alt=\"\" \/><\/p>\n","protected":false},"excerpt":{"rendered":"<p><strong data-start=\"206\" data-end=\"280\">Performans\u0131n\u0131z\u0131 art\u0131rmak ve e\u015fsiz bir deneyim ya\u015famak m\u0131 istiyorsunuz?<\/strong><br data-start=\"280\" data-end=\"283\" \/>Yeni nesil teknolojilerle \u00fcretilmi\u015f <strong data-start=\"319\" data-end=\"371\">Nile 2,5 cm Dolgulu Premium Silikon Penis K\u0131l\u0131f\u0131<\/strong>, konforu, dayan\u0131kl\u0131l\u0131\u011f\u0131 ve ger\u00e7ek\u00e7i hissiyat\u0131 bir araya getiriyor!<\/p>\n","protected":false},"featured_media":45584,"comment_status":"closed","ping_status":"closed","template":"","meta":[],"product_brand":[],"product_cat":[505],"product_tag":[],"class_list":{"0":"post-45582","1":"product","2":"type-product","3":"status-publish","4":"has-post-thumbnail","6":"product_cat-penis-kiliflari-halkalari","8":"first","9":"instock","10":"purchasable","11":"product-type-simple"},"yoast_head":"<!-- This site is optimized with the Yoast SEO Premium plugin v24.4 (Yoast SEO v27.1.1) - https:\/\/yoast.com\/product\/yoast-seo-premium-wordpress\/ -->\n<title>2,5 Cm Dolgulu Premium Melez Rengi\u00a0Silikon\u00a0Penis K\u0131l\u0131f\u0131 - Nile - Bursa Erotik Shop<\/title>\n<meta name=\"robots\" content=\"index, follow, max-snippet:-1, max-image-preview:large, max-video-preview:-1\" \/>\n<link rel=\"canonical\" href=\"https:\/\/hobierotikshop.com.tr\/website1\/erotik-shop-urun\/25-cm-dolgulu-premium-melez-rengi-silikon-penis-kilifi-nile\/\" \/>\n<meta property=\"og:locale\" content=\"tr_TR\" \/>\n<meta property=\"og:type\" content=\"article\" \/>\n<meta property=\"og:title\" content=\"2,5 Cm Dolgulu Premium Melez Rengi\u00a0Silikon\u00a0Penis K\u0131l\u0131f\u0131 - Nile\" \/>\n<meta property=\"og:description\" content=\"Performans\u0131n\u0131z\u0131 art\u0131rmak ve e\u015fsiz bir deneyim ya\u015famak m\u0131 istiyorsunuz?Yeni nesil teknolojilerle \u00fcretilmi\u015f Nile 2,5 cm Dolgulu Premium Silikon Penis K\u0131l\u0131f\u0131, konforu, dayan\u0131kl\u0131l\u0131\u011f\u0131 ve ger\u00e7ek\u00e7i hissiyat\u0131 bir araya getiriyor!\" \/>\n<meta property=\"og:url\" content=\"https:\/\/hobierotikshop.com.tr\/website1\/erotik-shop-urun\/25-cm-dolgulu-premium-melez-rengi-silikon-penis-kilifi-nile\/\" \/>\n<meta property=\"og:site_name\" content=\"Bursa Erotik Shop\" \/>\n<meta property=\"article:modified_time\" content=\"2026-01-08T07:51:22+00:00\" \/>\n<meta property=\"og:image\" content=\"https:\/\/hobierotikshop.com.tr\/website1\/wp-content\/uploads\/2025\/04\/25-cm-dolgulu-premium-melez-rengi-sili-50dbc.jpg\" \/>\n\t<meta property=\"og:image:width\" content=\"455\" \/>\n\t<meta property=\"og:image:height\" content=\"455\" \/>\n\t<meta property=\"og:image:type\" content=\"image\/jpeg\" \/>\n<meta name=\"twitter:card\" content=\"summary_large_image\" \/>\n<meta name=\"twitter:site\" content=\"@shopbursa\" \/>\n<meta name=\"twitter:label1\" content=\"Fiyat\" \/>\n\t<meta name=\"twitter:data1\" content=\"&#8378;1.685,00\" \/>\n\t<meta name=\"twitter:label2\" content=\"Availability\" \/>\n\t<meta name=\"twitter:data2\" content=\"In stock\" \/>\n<script type=\"application\/ld+json\" class=\"yoast-schema-graph\">{\"@context\":\"https:\/\/schema.org\",\"@graph\":[{\"@type\":\"WebPage\",\"@id\":\"https:\/\/hobierotikshop.com.tr\/website1\/erotik-shop-urun\/25-cm-dolgulu-premium-melez-rengi-silikon-penis-kilifi-nile\/\",\"url\":\"https:\/\/hobierotikshop.com.tr\/website1\/erotik-shop-urun\/25-cm-dolgulu-premium-melez-rengi-silikon-penis-kilifi-nile\/\",\"name\":\"2,5 Cm Dolgulu Premium Melez Rengi\u00a0Silikon\u00a0Penis K\u0131l\u0131f\u0131 - Nile - Bursa Erotik Shop\",\"isPartOf\":{\"@id\":\"https:\/\/hobierotikshop.com.tr\/website1\/#website\"},\"primaryImageOfPage\":{\"@id\":\"https:\/\/hobierotikshop.com.tr\/website1\/erotik-shop-urun\/25-cm-dolgulu-premium-melez-rengi-silikon-penis-kilifi-nile\/#primaryimage\"},\"image\":{\"@id\":\"https:\/\/hobierotikshop.com.tr\/website1\/erotik-shop-urun\/25-cm-dolgulu-premium-melez-rengi-silikon-penis-kilifi-nile\/#primaryimage\"},\"thumbnailUrl\":\"https:\/\/haremerotikshop.com\/site\/wp-content\/uploads\/2025\/04\/25-cm-dolgulu-premium-melez-rengi-sili-50dbc.jpg\",\"datePublished\":\"2025-04-26T14:17:07+00:00\",\"dateModified\":\"2026-01-08T07:51:22+00:00\",\"breadcrumb\":{\"@id\":\"https:\/\/hobierotikshop.com.tr\/website1\/erotik-shop-urun\/25-cm-dolgulu-premium-melez-rengi-silikon-penis-kilifi-nile\/#breadcrumb\"},\"inLanguage\":\"tr\",\"potentialAction\":[{\"@type\":\"ReadAction\",\"target\":[\"https:\/\/hobierotikshop.com.tr\/website1\/erotik-shop-urun\/25-cm-dolgulu-premium-melez-rengi-silikon-penis-kilifi-nile\/\"]}]},{\"@type\":\"ImageObject\",\"inLanguage\":\"tr\",\"@id\":\"https:\/\/hobierotikshop.com.tr\/website1\/erotik-shop-urun\/25-cm-dolgulu-premium-melez-rengi-silikon-penis-kilifi-nile\/#primaryimage\",\"url\":\"https:\/\/haremerotikshop.com\/site\/wp-content\/uploads\/2025\/04\/25-cm-dolgulu-premium-melez-rengi-sili-50dbc.jpg\",\"contentUrl\":\"https:\/\/haremerotikshop.com\/site\/wp-content\/uploads\/2025\/04\/25-cm-dolgulu-premium-melez-rengi-sili-50dbc.jpg\",\"width\":455,\"height\":455},{\"@type\":\"BreadcrumbList\",\"@id\":\"https:\/\/hobierotikshop.com.tr\/website1\/erotik-shop-urun\/25-cm-dolgulu-premium-melez-rengi-silikon-penis-kilifi-nile\/#breadcrumb\",\"itemListElement\":[{\"@type\":\"ListItem\",\"position\":1,\"name\":\"Anasayfa\",\"item\":\"https:\/\/hobierotikshop.com.tr\/website1\/\"},{\"@type\":\"ListItem\",\"position\":2,\"name\":\"Erotik Shop \u00dcr\u00fcnleri\",\"item\":\"https:\/\/hobierotikshop.com.tr\/website1\/shop\/\"},{\"@type\":\"ListItem\",\"position\":3,\"name\":\"2,5 Cm Dolgulu Premium Melez Rengi\u00a0Silikon\u00a0Penis K\u0131l\u0131f\u0131 &#8211; Nile\"}]},{\"@type\":\"WebSite\",\"@id\":\"https:\/\/hobierotikshop.com.tr\/website1\/#website\",\"url\":\"https:\/\/hobierotikshop.com.tr\/website1\/\",\"name\":\"Bursa Erotik Shop\",\"description\":\"Bursa Erotik Shop ile g\u00fcvenli, gizli ve kaliteli yeti\u015fkin \u00fcr\u00fcnleri al\u0131\u015fveri\u015fi! Geni\u015f \u00fcr\u00fcn yelpazemizi ke\u015ffedin, hemen sipari\u015f verin\",\"publisher\":{\"@id\":\"https:\/\/hobierotikshop.com.tr\/website1\/#organization\"},\"alternateName\":\"Erotik Shop\",\"potentialAction\":[{\"@type\":\"SearchAction\",\"target\":{\"@type\":\"EntryPoint\",\"urlTemplate\":\"https:\/\/hobierotikshop.com.tr\/website1\/?s={search_term_string}\"},\"query-input\":{\"@type\":\"PropertyValueSpecification\",\"valueRequired\":true,\"valueName\":\"search_term_string\"}}],\"inLanguage\":\"tr\"},{\"@type\":\"Organization\",\"@id\":\"https:\/\/hobierotikshop.com.tr\/website1\/#organization\",\"name\":\"Harem Bursa Erotik Shop\",\"url\":\"https:\/\/hobierotikshop.com.tr\/website1\/\",\"logo\":{\"@type\":\"ImageObject\",\"inLanguage\":\"tr\",\"@id\":\"https:\/\/hobierotikshop.com.tr\/website1\/#\/schema\/logo\/image\/\",\"url\":\"https:\/\/haremerotikshop.com\/site\/wp-content\/uploads\/2025\/03\/haremsexshop.png\",\"contentUrl\":\"https:\/\/haremerotikshop.com\/site\/wp-content\/uploads\/2025\/03\/haremsexshop.png\",\"width\":400,\"height\":100,\"caption\":\"Harem Bursa Erotik Shop\"},\"image\":{\"@id\":\"https:\/\/hobierotikshop.com.tr\/website1\/#\/schema\/logo\/image\/\"},\"sameAs\":[\"https:\/\/x.com\/shopbursa\"],\"publishingPrinciples\":\"https:\/\/hobierotikshop.com.tr\/website1\/mesafeli-satis-sozlesmesi\/\",\"ownershipFundingInfo\":\"https:\/\/hobierotikshop.com.tr\/website1\/contact-us\/\",\"actionableFeedbackPolicy\":\"https:\/\/hobierotikshop.com.tr\/website1\/contact-us\/\",\"correctionsPolicy\":\"https:\/\/hobierotikshop.com.tr\/website1\/mesafeli-satis-sozlesmesi\/\"}]}<\/script>\n<meta property=\"product:price:amount\" content=\"1685.00\" \/>\n<meta property=\"product:price:currency\" content=\"TRY\" \/>\n<meta property=\"og:availability\" content=\"instock\" \/>\n<meta property=\"product:availability\" content=\"instock\" \/>\n<meta property=\"product:retailer_item_id\" content=\"BDM1400\" \/>\n<meta property=\"product:condition\" content=\"new\" \/>\n<!-- \/ Yoast SEO Premium plugin. -->","yoast_head_json":{"title":"2,5 Cm Dolgulu Premium Melez Rengi\u00a0Silikon\u00a0Penis K\u0131l\u0131f\u0131 - Nile - Bursa Erotik Shop","robots":{"index":"index","follow":"follow","max-snippet":"max-snippet:-1","max-image-preview":"max-image-preview:large","max-video-preview":"max-video-preview:-1"},"canonical":"https:\/\/hobierotikshop.com.tr\/website1\/erotik-shop-urun\/25-cm-dolgulu-premium-melez-rengi-silikon-penis-kilifi-nile\/","og_locale":"tr_TR","og_type":"article","og_title":"2,5 Cm Dolgulu Premium Melez Rengi\u00a0Silikon\u00a0Penis K\u0131l\u0131f\u0131 - Nile","og_description":"Performans\u0131n\u0131z\u0131 art\u0131rmak ve e\u015fsiz bir deneyim ya\u015famak m\u0131 istiyorsunuz?Yeni nesil teknolojilerle \u00fcretilmi\u015f Nile 2,5 cm Dolgulu Premium Silikon Penis K\u0131l\u0131f\u0131, konforu, dayan\u0131kl\u0131l\u0131\u011f\u0131 ve ger\u00e7ek\u00e7i hissiyat\u0131 bir araya getiriyor!","og_url":"https:\/\/hobierotikshop.com.tr\/website1\/erotik-shop-urun\/25-cm-dolgulu-premium-melez-rengi-silikon-penis-kilifi-nile\/","og_site_name":"Bursa Erotik Shop","article_modified_time":"2026-01-08T07:51:22+00:00","og_image":[{"width":455,"height":455,"url":"https:\/\/hobierotikshop.com.tr\/website1\/wp-content\/uploads\/2025\/04\/25-cm-dolgulu-premium-melez-rengi-sili-50dbc.jpg","type":"image\/jpeg"}],"twitter_card":"summary_large_image","twitter_site":"@shopbursa","twitter_misc":{"Fiyat":"&#8378;1.685,00","Availability":"In stock"},"schema":{"@context":"https:\/\/schema.org","@graph":[{"@type":"WebPage","@id":"https:\/\/hobierotikshop.com.tr\/website1\/erotik-shop-urun\/25-cm-dolgulu-premium-melez-rengi-silikon-penis-kilifi-nile\/","url":"https:\/\/hobierotikshop.com.tr\/website1\/erotik-shop-urun\/25-cm-dolgulu-premium-melez-rengi-silikon-penis-kilifi-nile\/","name":"2,5 Cm Dolgulu Premium Melez Rengi\u00a0Silikon\u00a0Penis K\u0131l\u0131f\u0131 - Nile - Bursa Erotik Shop","isPartOf":{"@id":"https:\/\/hobierotikshop.com.tr\/website1\/#website"},"primaryImageOfPage":{"@id":"https:\/\/hobierotikshop.com.tr\/website1\/erotik-shop-urun\/25-cm-dolgulu-premium-melez-rengi-silikon-penis-kilifi-nile\/#primaryimage"},"image":{"@id":"https:\/\/hobierotikshop.com.tr\/website1\/erotik-shop-urun\/25-cm-dolgulu-premium-melez-rengi-silikon-penis-kilifi-nile\/#primaryimage"},"thumbnailUrl":"https:\/\/haremerotikshop.com\/site\/wp-content\/uploads\/2025\/04\/25-cm-dolgulu-premium-melez-rengi-sili-50dbc.jpg","datePublished":"2025-04-26T14:17:07+00:00","dateModified":"2026-01-08T07:51:22+00:00","breadcrumb":{"@id":"https:\/\/hobierotikshop.com.tr\/website1\/erotik-shop-urun\/25-cm-dolgulu-premium-melez-rengi-silikon-penis-kilifi-nile\/#breadcrumb"},"inLanguage":"tr","potentialAction":[{"@type":"ReadAction","target":["https:\/\/hobierotikshop.com.tr\/website1\/erotik-shop-urun\/25-cm-dolgulu-premium-melez-rengi-silikon-penis-kilifi-nile\/"]}]},{"@type":"ImageObject","inLanguage":"tr","@id":"https:\/\/hobierotikshop.com.tr\/website1\/erotik-shop-urun\/25-cm-dolgulu-premium-melez-rengi-silikon-penis-kilifi-nile\/#primaryimage","url":"https:\/\/haremerotikshop.com\/site\/wp-content\/uploads\/2025\/04\/25-cm-dolgulu-premium-melez-rengi-sili-50dbc.jpg","contentUrl":"https:\/\/haremerotikshop.com\/site\/wp-content\/uploads\/2025\/04\/25-cm-dolgulu-premium-melez-rengi-sili-50dbc.jpg","width":455,"height":455},{"@type":"BreadcrumbList","@id":"https:\/\/hobierotikshop.com.tr\/website1\/erotik-shop-urun\/25-cm-dolgulu-premium-melez-rengi-silikon-penis-kilifi-nile\/#breadcrumb","itemListElement":[{"@type":"ListItem","position":1,"name":"Anasayfa","item":"https:\/\/hobierotikshop.com.tr\/website1\/"},{"@type":"ListItem","position":2,"name":"Erotik Shop \u00dcr\u00fcnleri","item":"https:\/\/hobierotikshop.com.tr\/website1\/shop\/"},{"@type":"ListItem","position":3,"name":"2,5 Cm Dolgulu Premium Melez Rengi\u00a0Silikon\u00a0Penis K\u0131l\u0131f\u0131 &#8211; Nile"}]},{"@type":"WebSite","@id":"https:\/\/hobierotikshop.com.tr\/website1\/#website","url":"https:\/\/hobierotikshop.com.tr\/website1\/","name":"Bursa Erotik Shop","description":"Bursa Erotik Shop ile g\u00fcvenli, gizli ve kaliteli yeti\u015fkin \u00fcr\u00fcnleri al\u0131\u015fveri\u015fi! Geni\u015f \u00fcr\u00fcn yelpazemizi ke\u015ffedin, hemen sipari\u015f verin","publisher":{"@id":"https:\/\/hobierotikshop.com.tr\/website1\/#organization"},"alternateName":"Erotik Shop","potentialAction":[{"@type":"SearchAction","target":{"@type":"EntryPoint","urlTemplate":"https:\/\/hobierotikshop.com.tr\/website1\/?s={search_term_string}"},"query-input":{"@type":"PropertyValueSpecification","valueRequired":true,"valueName":"search_term_string"}}],"inLanguage":"tr"},{"@type":"Organization","@id":"https:\/\/hobierotikshop.com.tr\/website1\/#organization","name":"Harem Bursa Erotik Shop","url":"https:\/\/hobierotikshop.com.tr\/website1\/","logo":{"@type":"ImageObject","inLanguage":"tr","@id":"https:\/\/hobierotikshop.com.tr\/website1\/#\/schema\/logo\/image\/","url":"https:\/\/haremerotikshop.com\/site\/wp-content\/uploads\/2025\/03\/haremsexshop.png","contentUrl":"https:\/\/haremerotikshop.com\/site\/wp-content\/uploads\/2025\/03\/haremsexshop.png","width":400,"height":100,"caption":"Harem Bursa Erotik Shop"},"image":{"@id":"https:\/\/hobierotikshop.com.tr\/website1\/#\/schema\/logo\/image\/"},"sameAs":["https:\/\/x.com\/shopbursa"],"publishingPrinciples":"https:\/\/hobierotikshop.com.tr\/website1\/mesafeli-satis-sozlesmesi\/","ownershipFundingInfo":"https:\/\/hobierotikshop.com.tr\/website1\/contact-us\/","actionableFeedbackPolicy":"https:\/\/hobierotikshop.com.tr\/website1\/contact-us\/","correctionsPolicy":"https:\/\/hobierotikshop.com.tr\/website1\/mesafeli-satis-sozlesmesi\/"}]},"product_price_amount":"1685.00","product_price_currency":"TRY","og_availability":"instock","product_availability":"instock","product_retailer_item_id":"BDM1400","product_condition":"new"},"_links":{"self":[{"href":"https:\/\/haremerotikshop.com\/site\/wp-json\/wp\/v2\/product\/45582","targetHints":{"allow":["GET"]}}],"collection":[{"href":"https:\/\/haremerotikshop.com\/site\/wp-json\/wp\/v2\/product"}],"about":[{"href":"https:\/\/haremerotikshop.com\/site\/wp-json\/wp\/v2\/types\/product"}],"replies":[{"embeddable":true,"href":"https:\/\/haremerotikshop.com\/site\/wp-json\/wp\/v2\/comments?post=45582"}],"version-history":[{"count":0,"href":"https:\/\/haremerotikshop.com\/site\/wp-json\/wp\/v2\/product\/45582\/revisions"}],"wp:featuredmedia":[{"embeddable":true,"href":"https:\/\/haremerotikshop.com\/site\/wp-json\/wp\/v2\/media\/45584"}],"wp:attachment":[{"href":"https:\/\/haremerotikshop.com\/site\/wp-json\/wp\/v2\/media?parent=45582"}],"wp:term":[{"taxonomy":"product_brand","embeddable":true,"href":"https:\/\/haremerotikshop.com\/site\/wp-json\/wp\/v2\/product_brand?post=45582"},{"taxonomy":"product_cat","embeddable":true,"href":"https:\/\/haremerotikshop.com\/site\/wp-json\/wp\/v2\/product_cat?post=45582"},{"taxonomy":"product_tag","embeddable":true,"href":"https:\/\/haremerotikshop.com\/site\/wp-json\/wp\/v2\/product_tag?post=45582"}],"curies":[{"name":"wp","href":"https:\/\/api.w.org\/{rel}","templated":true}]}}