{"id":45631,"date":"2025-04-26T17:18:14","date_gmt":"2025-04-26T14:18:14","guid":{"rendered":"https:\/\/haremerotikshop.com\/site\/erotik-shop-urun\/2-islevli-titresimli-suni-vajinal-ve-anal-masturbator-kylie\/"},"modified":"2026-01-09T02:57:33","modified_gmt":"2026-01-08T23:57:33","slug":"2-islevli-titresimli-suni-vajinal-ve-anal-masturbator-kylie","status":"publish","type":"product","link":"https:\/\/haremerotikshop.com\/site\/erotik-shop-urun\/2-islevli-titresimli-suni-vajinal-ve-anal-masturbator-kylie\/","title":{"rendered":"2 I\u0307\u015flevli Titre\u015fimli Suni Vajinal Ve Anal Masturbat\u00f6r &#8211; Kylie"},"content":{"rendered":"<h1 class=\"\" data-start=\"139\" data-end=\"202\">2 \u0130\u015flevli Titre\u015fimli Suni Vajinal ve Anal Mast\u00fcrbat\u00f6r &#8211; Kylie<\/h1>\n<p class=\"\" data-start=\"204\" data-end=\"587\">Cinsel hayat\u0131n\u0131za heyecan katmak ve yaln\u0131z kald\u0131\u011f\u0131n\u0131z anlarda e\u015fsiz bir deneyim ya\u015famak i\u00e7in tasarlanan <strong data-start=\"308\" data-end=\"350\">Kylie 2 \u0130\u015flevli Titre\u015fimli Mast\u00fcrbat\u00f6r<\/strong>, ger\u00e7ek\u00e7i dokusu ve g\u00fc\u00e7l\u00fc titre\u015fim modlar\u0131yla beklentilerinizin \u00e7ok \u00f6tesine ge\u00e7iyor. Hem <strong data-start=\"440\" data-end=\"451\">vajinal<\/strong> hem de <strong data-start=\"459\" data-end=\"476\">anal kullan\u0131m<\/strong> i\u00e7in \u00f6zel olarak geli\u015ftirilen Kylie, ultra yumu\u015fak yap\u0131s\u0131 ve detayl\u0131 i\u00e7 tasar\u0131m\u0131yla size ger\u00e7ek bir his sunar.<\/p>\n<hr class=\"\" data-start=\"589\" data-end=\"592\" \/>\n<h2 class=\"\" data-start=\"594\" data-end=\"613\">\u00dcr\u00fcn \u00d6zellikleri<\/h2>\n<ul data-start=\"615\" data-end=\"1539\">\n<li class=\"\" data-start=\"615\" data-end=\"807\">\n<p class=\"\" data-start=\"617\" data-end=\"807\"><strong data-start=\"617\" data-end=\"652\">Ultra Yumu\u015fak Ger\u00e7ek Ten Dokusu<\/strong>: Kylie, insan derisine en yak\u0131n hissiyat\u0131 sunan \u00f6zel malzeme kullan\u0131larak \u00fcretilmi\u015ftir. P\u00fcr\u00fczs\u00fcz y\u00fczeyi ile temas an\u0131nda ger\u00e7ek bir dokunu\u015f hissedersiniz.<\/p>\n<\/li>\n<li class=\"\" data-start=\"808\" data-end=\"931\">\n<p class=\"\" data-start=\"810\" data-end=\"931\"><strong data-start=\"810\" data-end=\"831\">2 \u0130\u015flevli Tasar\u0131m<\/strong>: Hem <strong data-start=\"837\" data-end=\"848\">vajinal<\/strong> hem de <strong data-start=\"856\" data-end=\"870\">anal giri\u015f<\/strong> opsiyonlar\u0131 ile iki farkl\u0131 deneyim ya\u015faman\u0131za olanak sa\u011flar.<\/p>\n<\/li>\n<li class=\"\" data-start=\"932\" data-end=\"1069\">\n<p class=\"\" data-start=\"934\" data-end=\"1069\"><strong data-start=\"934\" data-end=\"954\">Ger\u00e7ek\u00e7i \u0130\u00e7 Yap\u0131<\/strong>: \u0130\u00e7 k\u0131sm\u0131 t\u0131rt\u0131kl\u0131 ve nod\u00fcll\u00fc tasar\u0131m\u0131 sayesinde ekstra uyar\u0131m sa\u011flar ve her hareketinizde yo\u011fun bir zevk ya\u015fat\u0131r.<\/p>\n<\/li>\n<li class=\"\" data-start=\"1070\" data-end=\"1249\">\n<p class=\"\" data-start=\"1072\" data-end=\"1249\"><strong data-start=\"1072\" data-end=\"1100\">G\u00fc\u00e7l\u00fc Titre\u015fim Mod\u00fclleri<\/strong>: \u0130\u00e7erisinde yer alan 2 adet g\u00fc\u00e7l\u00fc titre\u015fim motoru sayesinde farkl\u0131 titre\u015fim modlar\u0131 aras\u0131nda ge\u00e7i\u015f yapabilir, deneyiminizi ki\u015fiselle\u015ftirebilirsiniz.<\/p>\n<\/li>\n<li class=\"\" data-start=\"1250\" data-end=\"1348\">\n<p class=\"\" data-start=\"1252\" data-end=\"1348\"><strong data-start=\"1252\" data-end=\"1278\">Her Ebat Penise Uyumlu<\/strong>: Esnek yap\u0131s\u0131 sayesinde farkl\u0131 penis boyutlar\u0131na rahat\u00e7a uyum sa\u011flar.<\/p>\n<\/li>\n<li class=\"\" data-start=\"1349\" data-end=\"1460\">\n<p class=\"\" data-start=\"1351\" data-end=\"1460\"><strong data-start=\"1351\" data-end=\"1384\">Hijyenik ve Dayan\u0131kl\u0131 Malzeme<\/strong>: Kullan\u0131m sonras\u0131 kolayl\u0131kla y\u0131kanabilir ve elastikiyetini uzun s\u00fcre korur.<\/p>\n<\/li>\n<li class=\"\" data-start=\"1461\" data-end=\"1539\">\n<p class=\"\" data-start=\"1463\" data-end=\"1539\"><strong data-start=\"1463\" data-end=\"1481\">Kolay Temizlik<\/strong>: Su ve hafif bir temizleyici ile h\u0131zl\u0131ca hijyen sa\u011flan\u0131r.<\/p>\n<\/li>\n<\/ul>\n<hr class=\"\" data-start=\"1541\" data-end=\"1544\" \/>\n<h2 class=\"\" data-start=\"1546\" data-end=\"1564\">Teknik Bilgiler<\/h2>\n<ul data-start=\"1566\" data-end=\"1753\">\n<li class=\"\" data-start=\"1566\" data-end=\"1590\">\n<p class=\"\" data-start=\"1568\" data-end=\"1590\"><strong data-start=\"1568\" data-end=\"1579\">Uzunluk<\/strong>: 14,8 cm<\/p>\n<\/li>\n<li class=\"\" data-start=\"1591\" data-end=\"1616\">\n<p class=\"\" data-start=\"1593\" data-end=\"1616\"><strong data-start=\"1593\" data-end=\"1605\">Geni\u015flik<\/strong>: 14,1 cm<\/p>\n<\/li>\n<li class=\"\" data-start=\"1617\" data-end=\"1641\">\n<p class=\"\" data-start=\"1619\" data-end=\"1641\"><strong data-start=\"1619\" data-end=\"1632\">Y\u00fckseklik<\/strong>: 15 cm<\/p>\n<\/li>\n<li class=\"\" data-start=\"1642\" data-end=\"1665\">\n<p class=\"\" data-start=\"1644\" data-end=\"1665\"><strong data-start=\"1644\" data-end=\"1655\">A\u011f\u0131rl\u0131k<\/strong>: 848 gr<\/p>\n<\/li>\n<li class=\"\" data-start=\"1666\" data-end=\"1710\">\n<p class=\"\" data-start=\"1668\" data-end=\"1710\"><strong data-start=\"1668\" data-end=\"1680\">Titre\u015fim<\/strong>: 2 farkl\u0131 modda g\u00fc\u00e7l\u00fc motor<\/p>\n<\/li>\n<li class=\"\" data-start=\"1711\" data-end=\"1753\">\n<p class=\"\" data-start=\"1713\" data-end=\"1753\"><strong data-start=\"1713\" data-end=\"1724\">Malzeme<\/strong>: Ultra yumu\u015fak ger\u00e7ek\u00e7i doku<\/p>\n<\/li>\n<\/ul>\n<hr class=\"\" data-start=\"1755\" data-end=\"1758\" \/>\n<h2 class=\"\" data-start=\"1760\" data-end=\"1803\">Kylie Mast\u00fcrbat\u00f6r Neden Tercih Edilmeli?<\/h2>\n<ul data-start=\"1805\" data-end=\"2313\">\n<li class=\"\" data-start=\"1805\" data-end=\"1895\">\n<p class=\"\" data-start=\"1807\" data-end=\"1895\"><strong data-start=\"1807\" data-end=\"1827\">Ger\u00e7ek\u00e7i Deneyim<\/strong>: Ger\u00e7ek deri hissine en yak\u0131n tasar\u0131m\u0131 ile do\u011fal bir deneyim sunar.<\/p>\n<\/li>\n<li class=\"\" data-start=\"1896\" data-end=\"1987\">\n<p class=\"\" data-start=\"1898\" data-end=\"1987\"><strong data-start=\"1898\" data-end=\"1923\">\u00c7ift Giri\u015fli Kullan\u0131m<\/strong>: Tek \u00fcr\u00fcnde hem anal hem vajinal deneyimi bir arada ya\u015fars\u0131n\u0131z.<\/p>\n<\/li>\n<li class=\"\" data-start=\"1988\" data-end=\"2123\">\n<p class=\"\" data-start=\"1990\" data-end=\"2123\"><strong data-start=\"1990\" data-end=\"2030\">Titre\u015fim \u00d6zelli\u011fi ile Zirveye Ula\u015f\u0131n<\/strong>: G\u00fc\u00e7l\u00fc motorlar\u0131 sayesinde s\u0131radan mast\u00fcrbat\u00f6r deneyimlerinin \u00e7ok \u00f6tesinde bir keyif sa\u011flar.<\/p>\n<\/li>\n<li class=\"\" data-start=\"2124\" data-end=\"2243\">\n<p class=\"\" data-start=\"2126\" data-end=\"2243\"><strong data-start=\"2126\" data-end=\"2150\">Uzun \u00d6m\u00fcrl\u00fc Kullan\u0131m<\/strong>: Dayan\u0131kl\u0131 malzemesi ve kolay temizlenebilir yap\u0131s\u0131 ile uzun s\u00fcre g\u00fcvenle kullanabilirsiniz.<\/p>\n<\/li>\n<li class=\"\" data-start=\"2244\" data-end=\"2313\">\n<p class=\"\" data-start=\"2246\" data-end=\"2313\"><strong data-start=\"2246\" data-end=\"2271\">Her Kullan\u0131c\u0131ya Uygun<\/strong>: T\u00fcm penis boylar\u0131na rahat\u00e7a uyum sa\u011flar.<\/p>\n<\/li>\n<\/ul>\n<hr class=\"\" data-start=\"2315\" data-end=\"2318\" \/>\n<h2 class=\"\" data-start=\"2320\" data-end=\"2359\">Sipari\u015f, G\u00f6nderim ve \u00d6deme Bilgileri<\/h2>\n<ul data-start=\"2361\" data-end=\"2803\">\n<li class=\"\" data-start=\"2361\" data-end=\"2497\">\n<p class=\"\" data-start=\"2363\" data-end=\"2497\"><strong data-start=\"2363\" data-end=\"2385\">Gizlilik Garantisi<\/strong>: T\u00fcm sipari\u015fleriniz i\u00e7eri\u011fi anla\u015f\u0131lmayacak \u015fekilde \u00f6zel paketlerde ve gizlilik esas\u0131na uygun olarak g\u00f6nderilir.<\/p>\n<\/li>\n<li class=\"\" data-start=\"2498\" data-end=\"2693\">\n<p class=\"\" data-start=\"2500\" data-end=\"2522\"><strong data-start=\"2500\" data-end=\"2521\">\u00d6deme Se\u00e7enekleri<\/strong>:<\/p>\n<ul data-start=\"2525\" data-end=\"2693\">\n<li class=\"\" data-start=\"2525\" data-end=\"2570\">\n<p class=\"\" data-start=\"2527\" data-end=\"2570\"><strong data-start=\"2527\" data-end=\"2570\">Kap\u0131da nakit veya kredi kart\u0131 ile \u00f6deme<\/strong><\/p>\n<\/li>\n<li class=\"\" data-start=\"2573\" data-end=\"2600\">\n<p class=\"\" data-start=\"2575\" data-end=\"2600\"><strong data-start=\"2575\" data-end=\"2600\">\u015eubede \u00f6deme se\u00e7ene\u011fi<\/strong><\/p>\n<\/li>\n<li class=\"\" data-start=\"2603\" data-end=\"2640\">\n<p class=\"\" data-start=\"2605\" data-end=\"2640\"><strong data-start=\"2605\" data-end=\"2623\">Banka havalesi<\/strong> ile \u00f6deme imkan\u0131<\/p>\n<\/li>\n<li class=\"\" data-start=\"2643\" data-end=\"2693\">\n<p class=\"\" data-start=\"2645\" data-end=\"2693\"><strong data-start=\"2645\" data-end=\"2678\">Tek \u00e7ekim veya taksitli \u00f6deme<\/strong> alternatifleri<\/p>\n<\/li>\n<\/ul>\n<\/li>\n<li class=\"\" data-start=\"2694\" data-end=\"2803\">\n<p class=\"\" data-start=\"2696\" data-end=\"2721\"><strong data-start=\"2696\" data-end=\"2720\">Teslimat Se\u00e7enekleri<\/strong>:<\/p>\n<ul data-start=\"2724\" data-end=\"2803\">\n<li class=\"\" data-start=\"2724\" data-end=\"2749\">\n<p class=\"\" data-start=\"2726\" data-end=\"2749\">Kap\u0131n\u0131za kadar teslimat<\/p>\n<\/li>\n<li class=\"\" data-start=\"2752\" data-end=\"2803\">\n<p class=\"\" data-start=\"2754\" data-end=\"2803\">\u0130sterseniz anla\u015fmal\u0131 kargo \u015fubesinden teslim alma<\/p>\n<\/li>\n<\/ul>\n<\/li>\n<\/ul>\n<hr class=\"\" data-start=\"2805\" data-end=\"2808\" \/>\n<p class=\"\" data-start=\"2810\" data-end=\"2967\">\u2705 <strong data-start=\"2812\" data-end=\"2835\">Kap\u0131da \u00d6deme \u0130mkan\u0131<\/strong><br data-start=\"2835\" data-end=\"2838\" \/>\u2705 <strong data-start=\"2840\" data-end=\"2867\">Orijinal \u00dcr\u00fcn Garantisi<\/strong><br data-start=\"2867\" data-end=\"2870\" \/>\u2705 <strong data-start=\"2872\" data-end=\"2901\">H\u0131zl\u0131 ve G\u00fcvenli G\u00f6nderim<\/strong><br data-start=\"2901\" data-end=\"2904\" \/>\u2705 <strong data-start=\"2906\" data-end=\"2934\">Gizli Paketleme ve Kargo<\/strong><br data-start=\"2934\" data-end=\"2937\" \/>\u2705 <strong data-start=\"2939\" data-end=\"2967\">%100 M\u00fc\u015fteri Memnuniyeti<\/strong><\/p>\n<hr class=\"\" data-start=\"2969\" data-end=\"2972\" \/>\n<p class=\"\" data-start=\"2974\" data-end=\"3157\"><strong data-start=\"2974\" data-end=\"3037\">Kylie 2 \u0130\u015flevli Titre\u015fimli Suni Vajinal ve Anal Mast\u00fcrbat\u00f6r<\/strong> ile zevkin doruklar\u0131na ula\u015fmaya haz\u0131r olun!<br data-start=\"3081\" data-end=\"3084\" \/>\u015eimdi sipari\u015f verin, yaln\u0131z anlar\u0131n\u0131z\u0131 unutulmaz bir deneyime d\u00f6n\u00fc\u015ft\u00fcr\u00fcn!<\/p>\n<p>&nbsp;<\/p>\n<p>&nbsp;<\/p>\n<p>&nbsp;<\/p>\n<p><img decoding=\"async\" style=\"width: 300px;height: 300px\" src=\"https:\/\/static.ticimax.cloud\/32886\/\/uploads\/editoruploads\/bm-009246z-1_02.gif\" alt=\"\" \/><img decoding=\"async\" style=\"width: 300px;height: 300px\" src=\"https:\/\/static.ticimax.cloud\/32886\/\/uploads\/editoruploads\/bm-009246z-1_07.gif\" alt=\"\" \/><\/p>\n","protected":false},"excerpt":{"rendered":"<p>Cinsel hayat\u0131n\u0131za heyecan katmak ve yaln\u0131z kald\u0131\u011f\u0131n\u0131z anlarda e\u015fsiz bir deneyim ya\u015famak i\u00e7in tasarlanan <strong data-start=\"308\" data-end=\"350\">Kylie 2 \u0130\u015flevli Titre\u015fimli Mast\u00fcrbat\u00f6r<\/strong>, ger\u00e7ek\u00e7i dokusu ve g\u00fc\u00e7l\u00fc titre\u015fim modlar\u0131yla beklentilerinizin \u00e7ok \u00f6tesine ge\u00e7iyor. Hem <strong data-start=\"440\" data-end=\"451\">vajinal<\/strong> hem de <strong data-start=\"459\" data-end=\"476\">anal kullan\u0131m<\/strong> i\u00e7in \u00f6zel olarak geli\u015ftirilen Kylie, ultra yumu\u015fak yap\u0131s\u0131 ve detayl\u0131 i\u00e7 tasar\u0131m\u0131yla size ger\u00e7ek bir his sunar.<\/p>\n","protected":false},"featured_media":45633,"comment_status":"closed","ping_status":"closed","template":"","meta":[],"product_brand":[],"product_cat":[503],"product_tag":[],"class_list":{"0":"post-45631","1":"product","2":"type-product","3":"status-publish","4":"has-post-thumbnail","6":"product_cat-vajina-ve-masturbator","8":"first","9":"outofstock","10":"purchasable","11":"product-type-simple"},"yoast_head":"<!-- This site is optimized with the Yoast SEO Premium plugin v24.4 (Yoast SEO v27.1.1) - https:\/\/yoast.com\/product\/yoast-seo-premium-wordpress\/ -->\n<title>2 I\u0307\u015flevli Titre\u015fimli Suni Vajinal Ve Anal Masturbat\u00f6r - Kylie - Bursa Erotik Shop<\/title>\n<meta name=\"robots\" content=\"index, follow, max-snippet:-1, max-image-preview:large, max-video-preview:-1\" \/>\n<link rel=\"canonical\" href=\"https:\/\/hobierotikshop.com.tr\/website1\/erotik-shop-urun\/2-islevli-titresimli-suni-vajinal-ve-anal-masturbator-kylie\/\" \/>\n<meta property=\"og:locale\" content=\"tr_TR\" \/>\n<meta property=\"og:type\" content=\"article\" \/>\n<meta property=\"og:title\" content=\"2 I\u0307\u015flevli Titre\u015fimli Suni Vajinal Ve Anal Masturbat\u00f6r - Kylie\" \/>\n<meta property=\"og:description\" content=\"Cinsel hayat\u0131n\u0131za heyecan katmak ve yaln\u0131z kald\u0131\u011f\u0131n\u0131z anlarda e\u015fsiz bir deneyim ya\u015famak i\u00e7in tasarlanan Kylie 2 \u0130\u015flevli Titre\u015fimli Mast\u00fcrbat\u00f6r, ger\u00e7ek\u00e7i dokusu ve g\u00fc\u00e7l\u00fc titre\u015fim modlar\u0131yla beklentilerinizin \u00e7ok \u00f6tesine ge\u00e7iyor. Hem vajinal hem de anal kullan\u0131m i\u00e7in \u00f6zel olarak geli\u015ftirilen Kylie, ultra yumu\u015fak yap\u0131s\u0131 ve detayl\u0131 i\u00e7 tasar\u0131m\u0131yla size ger\u00e7ek bir his sunar.\" \/>\n<meta property=\"og:url\" content=\"https:\/\/hobierotikshop.com.tr\/website1\/erotik-shop-urun\/2-islevli-titresimli-suni-vajinal-ve-anal-masturbator-kylie\/\" \/>\n<meta property=\"og:site_name\" content=\"Bursa Erotik Shop\" \/>\n<meta property=\"article:modified_time\" content=\"2026-01-08T23:57:33+00:00\" \/>\n<meta property=\"og:image\" content=\"https:\/\/hobierotikshop.com.tr\/website1\/wp-content\/uploads\/2025\/04\/2-islevli-titresimli-suni-vajinal-ve-a-7a673.jpg\" \/>\n\t<meta property=\"og:image:width\" content=\"455\" \/>\n\t<meta property=\"og:image:height\" content=\"455\" \/>\n\t<meta property=\"og:image:type\" content=\"image\/jpeg\" \/>\n<meta name=\"twitter:card\" content=\"summary_large_image\" \/>\n<meta name=\"twitter:site\" content=\"@shopbursa\" \/>\n<meta name=\"twitter:label1\" content=\"Fiyat\" \/>\n\t<meta name=\"twitter:data1\" content=\"&#8378;5.460,00\" \/>\n\t<meta name=\"twitter:label2\" content=\"Availability\" \/>\n\t<meta name=\"twitter:data2\" content=\"Out of stock\" \/>\n<script type=\"application\/ld+json\" class=\"yoast-schema-graph\">{\"@context\":\"https:\/\/schema.org\",\"@graph\":[{\"@type\":\"WebPage\",\"@id\":\"https:\/\/hobierotikshop.com.tr\/website1\/erotik-shop-urun\/2-islevli-titresimli-suni-vajinal-ve-anal-masturbator-kylie\/\",\"url\":\"https:\/\/hobierotikshop.com.tr\/website1\/erotik-shop-urun\/2-islevli-titresimli-suni-vajinal-ve-anal-masturbator-kylie\/\",\"name\":\"2 I\u0307\u015flevli Titre\u015fimli Suni Vajinal Ve Anal Masturbat\u00f6r - Kylie - Bursa Erotik Shop\",\"isPartOf\":{\"@id\":\"https:\/\/hobierotikshop.com.tr\/website1\/#website\"},\"primaryImageOfPage\":{\"@id\":\"https:\/\/hobierotikshop.com.tr\/website1\/erotik-shop-urun\/2-islevli-titresimli-suni-vajinal-ve-anal-masturbator-kylie\/#primaryimage\"},\"image\":{\"@id\":\"https:\/\/hobierotikshop.com.tr\/website1\/erotik-shop-urun\/2-islevli-titresimli-suni-vajinal-ve-anal-masturbator-kylie\/#primaryimage\"},\"thumbnailUrl\":\"https:\/\/haremerotikshop.com\/site\/wp-content\/uploads\/2025\/04\/2-islevli-titresimli-suni-vajinal-ve-a-7a673.jpg\",\"datePublished\":\"2025-04-26T14:18:14+00:00\",\"dateModified\":\"2026-01-08T23:57:33+00:00\",\"breadcrumb\":{\"@id\":\"https:\/\/hobierotikshop.com.tr\/website1\/erotik-shop-urun\/2-islevli-titresimli-suni-vajinal-ve-anal-masturbator-kylie\/#breadcrumb\"},\"inLanguage\":\"tr\",\"potentialAction\":[{\"@type\":\"ReadAction\",\"target\":[\"https:\/\/hobierotikshop.com.tr\/website1\/erotik-shop-urun\/2-islevli-titresimli-suni-vajinal-ve-anal-masturbator-kylie\/\"]}]},{\"@type\":\"ImageObject\",\"inLanguage\":\"tr\",\"@id\":\"https:\/\/hobierotikshop.com.tr\/website1\/erotik-shop-urun\/2-islevli-titresimli-suni-vajinal-ve-anal-masturbator-kylie\/#primaryimage\",\"url\":\"https:\/\/haremerotikshop.com\/site\/wp-content\/uploads\/2025\/04\/2-islevli-titresimli-suni-vajinal-ve-a-7a673.jpg\",\"contentUrl\":\"https:\/\/haremerotikshop.com\/site\/wp-content\/uploads\/2025\/04\/2-islevli-titresimli-suni-vajinal-ve-a-7a673.jpg\",\"width\":455,\"height\":455},{\"@type\":\"BreadcrumbList\",\"@id\":\"https:\/\/hobierotikshop.com.tr\/website1\/erotik-shop-urun\/2-islevli-titresimli-suni-vajinal-ve-anal-masturbator-kylie\/#breadcrumb\",\"itemListElement\":[{\"@type\":\"ListItem\",\"position\":1,\"name\":\"Anasayfa\",\"item\":\"https:\/\/hobierotikshop.com.tr\/website1\/\"},{\"@type\":\"ListItem\",\"position\":2,\"name\":\"Erotik Shop \u00dcr\u00fcnleri\",\"item\":\"https:\/\/hobierotikshop.com.tr\/website1\/shop\/\"},{\"@type\":\"ListItem\",\"position\":3,\"name\":\"2 I\u0307\u015flevli Titre\u015fimli Suni Vajinal Ve Anal Masturbat\u00f6r &#8211; Kylie\"}]},{\"@type\":\"WebSite\",\"@id\":\"https:\/\/hobierotikshop.com.tr\/website1\/#website\",\"url\":\"https:\/\/hobierotikshop.com.tr\/website1\/\",\"name\":\"Bursa Erotik Shop\",\"description\":\"Bursa Erotik Shop ile g\u00fcvenli, gizli ve kaliteli yeti\u015fkin \u00fcr\u00fcnleri al\u0131\u015fveri\u015fi! Geni\u015f \u00fcr\u00fcn yelpazemizi ke\u015ffedin, hemen sipari\u015f verin\",\"publisher\":{\"@id\":\"https:\/\/hobierotikshop.com.tr\/website1\/#organization\"},\"alternateName\":\"Erotik Shop\",\"potentialAction\":[{\"@type\":\"SearchAction\",\"target\":{\"@type\":\"EntryPoint\",\"urlTemplate\":\"https:\/\/hobierotikshop.com.tr\/website1\/?s={search_term_string}\"},\"query-input\":{\"@type\":\"PropertyValueSpecification\",\"valueRequired\":true,\"valueName\":\"search_term_string\"}}],\"inLanguage\":\"tr\"},{\"@type\":\"Organization\",\"@id\":\"https:\/\/hobierotikshop.com.tr\/website1\/#organization\",\"name\":\"Harem Bursa Erotik Shop\",\"url\":\"https:\/\/hobierotikshop.com.tr\/website1\/\",\"logo\":{\"@type\":\"ImageObject\",\"inLanguage\":\"tr\",\"@id\":\"https:\/\/hobierotikshop.com.tr\/website1\/#\/schema\/logo\/image\/\",\"url\":\"https:\/\/haremerotikshop.com\/site\/wp-content\/uploads\/2025\/03\/haremsexshop.png\",\"contentUrl\":\"https:\/\/haremerotikshop.com\/site\/wp-content\/uploads\/2025\/03\/haremsexshop.png\",\"width\":400,\"height\":100,\"caption\":\"Harem Bursa Erotik Shop\"},\"image\":{\"@id\":\"https:\/\/hobierotikshop.com.tr\/website1\/#\/schema\/logo\/image\/\"},\"sameAs\":[\"https:\/\/x.com\/shopbursa\"],\"publishingPrinciples\":\"https:\/\/hobierotikshop.com.tr\/website1\/mesafeli-satis-sozlesmesi\/\",\"ownershipFundingInfo\":\"https:\/\/hobierotikshop.com.tr\/website1\/contact-us\/\",\"actionableFeedbackPolicy\":\"https:\/\/hobierotikshop.com.tr\/website1\/contact-us\/\",\"correctionsPolicy\":\"https:\/\/hobierotikshop.com.tr\/website1\/mesafeli-satis-sozlesmesi\/\"}]}<\/script>\n<meta property=\"product:price:amount\" content=\"5460.00\" \/>\n<meta property=\"product:price:currency\" content=\"TRY\" \/>\n<meta property=\"og:availability\" content=\"out of stock\" \/>\n<meta property=\"product:availability\" content=\"out of stock\" \/>\n<meta property=\"product:retailer_item_id\" content=\"BDM1407\" \/>\n<meta property=\"product:condition\" content=\"new\" \/>\n<!-- \/ Yoast SEO Premium plugin. -->","yoast_head_json":{"title":"2 I\u0307\u015flevli Titre\u015fimli Suni Vajinal Ve Anal Masturbat\u00f6r - Kylie - Bursa Erotik Shop","robots":{"index":"index","follow":"follow","max-snippet":"max-snippet:-1","max-image-preview":"max-image-preview:large","max-video-preview":"max-video-preview:-1"},"canonical":"https:\/\/hobierotikshop.com.tr\/website1\/erotik-shop-urun\/2-islevli-titresimli-suni-vajinal-ve-anal-masturbator-kylie\/","og_locale":"tr_TR","og_type":"article","og_title":"2 I\u0307\u015flevli Titre\u015fimli Suni Vajinal Ve Anal Masturbat\u00f6r - Kylie","og_description":"Cinsel hayat\u0131n\u0131za heyecan katmak ve yaln\u0131z kald\u0131\u011f\u0131n\u0131z anlarda e\u015fsiz bir deneyim ya\u015famak i\u00e7in tasarlanan Kylie 2 \u0130\u015flevli Titre\u015fimli Mast\u00fcrbat\u00f6r, ger\u00e7ek\u00e7i dokusu ve g\u00fc\u00e7l\u00fc titre\u015fim modlar\u0131yla beklentilerinizin \u00e7ok \u00f6tesine ge\u00e7iyor. Hem vajinal hem de anal kullan\u0131m i\u00e7in \u00f6zel olarak geli\u015ftirilen Kylie, ultra yumu\u015fak yap\u0131s\u0131 ve detayl\u0131 i\u00e7 tasar\u0131m\u0131yla size ger\u00e7ek bir his sunar.","og_url":"https:\/\/hobierotikshop.com.tr\/website1\/erotik-shop-urun\/2-islevli-titresimli-suni-vajinal-ve-anal-masturbator-kylie\/","og_site_name":"Bursa Erotik Shop","article_modified_time":"2026-01-08T23:57:33+00:00","og_image":[{"width":455,"height":455,"url":"https:\/\/hobierotikshop.com.tr\/website1\/wp-content\/uploads\/2025\/04\/2-islevli-titresimli-suni-vajinal-ve-a-7a673.jpg","type":"image\/jpeg"}],"twitter_card":"summary_large_image","twitter_site":"@shopbursa","twitter_misc":{"Fiyat":"&#8378;5.460,00","Availability":"Out of stock"},"schema":{"@context":"https:\/\/schema.org","@graph":[{"@type":"WebPage","@id":"https:\/\/hobierotikshop.com.tr\/website1\/erotik-shop-urun\/2-islevli-titresimli-suni-vajinal-ve-anal-masturbator-kylie\/","url":"https:\/\/hobierotikshop.com.tr\/website1\/erotik-shop-urun\/2-islevli-titresimli-suni-vajinal-ve-anal-masturbator-kylie\/","name":"2 I\u0307\u015flevli Titre\u015fimli Suni Vajinal Ve Anal Masturbat\u00f6r - Kylie - Bursa Erotik Shop","isPartOf":{"@id":"https:\/\/hobierotikshop.com.tr\/website1\/#website"},"primaryImageOfPage":{"@id":"https:\/\/hobierotikshop.com.tr\/website1\/erotik-shop-urun\/2-islevli-titresimli-suni-vajinal-ve-anal-masturbator-kylie\/#primaryimage"},"image":{"@id":"https:\/\/hobierotikshop.com.tr\/website1\/erotik-shop-urun\/2-islevli-titresimli-suni-vajinal-ve-anal-masturbator-kylie\/#primaryimage"},"thumbnailUrl":"https:\/\/haremerotikshop.com\/site\/wp-content\/uploads\/2025\/04\/2-islevli-titresimli-suni-vajinal-ve-a-7a673.jpg","datePublished":"2025-04-26T14:18:14+00:00","dateModified":"2026-01-08T23:57:33+00:00","breadcrumb":{"@id":"https:\/\/hobierotikshop.com.tr\/website1\/erotik-shop-urun\/2-islevli-titresimli-suni-vajinal-ve-anal-masturbator-kylie\/#breadcrumb"},"inLanguage":"tr","potentialAction":[{"@type":"ReadAction","target":["https:\/\/hobierotikshop.com.tr\/website1\/erotik-shop-urun\/2-islevli-titresimli-suni-vajinal-ve-anal-masturbator-kylie\/"]}]},{"@type":"ImageObject","inLanguage":"tr","@id":"https:\/\/hobierotikshop.com.tr\/website1\/erotik-shop-urun\/2-islevli-titresimli-suni-vajinal-ve-anal-masturbator-kylie\/#primaryimage","url":"https:\/\/haremerotikshop.com\/site\/wp-content\/uploads\/2025\/04\/2-islevli-titresimli-suni-vajinal-ve-a-7a673.jpg","contentUrl":"https:\/\/haremerotikshop.com\/site\/wp-content\/uploads\/2025\/04\/2-islevli-titresimli-suni-vajinal-ve-a-7a673.jpg","width":455,"height":455},{"@type":"BreadcrumbList","@id":"https:\/\/hobierotikshop.com.tr\/website1\/erotik-shop-urun\/2-islevli-titresimli-suni-vajinal-ve-anal-masturbator-kylie\/#breadcrumb","itemListElement":[{"@type":"ListItem","position":1,"name":"Anasayfa","item":"https:\/\/hobierotikshop.com.tr\/website1\/"},{"@type":"ListItem","position":2,"name":"Erotik Shop \u00dcr\u00fcnleri","item":"https:\/\/hobierotikshop.com.tr\/website1\/shop\/"},{"@type":"ListItem","position":3,"name":"2 I\u0307\u015flevli Titre\u015fimli Suni Vajinal Ve Anal Masturbat\u00f6r &#8211; Kylie"}]},{"@type":"WebSite","@id":"https:\/\/hobierotikshop.com.tr\/website1\/#website","url":"https:\/\/hobierotikshop.com.tr\/website1\/","name":"Bursa Erotik Shop","description":"Bursa Erotik Shop ile g\u00fcvenli, gizli ve kaliteli yeti\u015fkin \u00fcr\u00fcnleri al\u0131\u015fveri\u015fi! Geni\u015f \u00fcr\u00fcn yelpazemizi ke\u015ffedin, hemen sipari\u015f verin","publisher":{"@id":"https:\/\/hobierotikshop.com.tr\/website1\/#organization"},"alternateName":"Erotik Shop","potentialAction":[{"@type":"SearchAction","target":{"@type":"EntryPoint","urlTemplate":"https:\/\/hobierotikshop.com.tr\/website1\/?s={search_term_string}"},"query-input":{"@type":"PropertyValueSpecification","valueRequired":true,"valueName":"search_term_string"}}],"inLanguage":"tr"},{"@type":"Organization","@id":"https:\/\/hobierotikshop.com.tr\/website1\/#organization","name":"Harem Bursa Erotik Shop","url":"https:\/\/hobierotikshop.com.tr\/website1\/","logo":{"@type":"ImageObject","inLanguage":"tr","@id":"https:\/\/hobierotikshop.com.tr\/website1\/#\/schema\/logo\/image\/","url":"https:\/\/haremerotikshop.com\/site\/wp-content\/uploads\/2025\/03\/haremsexshop.png","contentUrl":"https:\/\/haremerotikshop.com\/site\/wp-content\/uploads\/2025\/03\/haremsexshop.png","width":400,"height":100,"caption":"Harem Bursa Erotik Shop"},"image":{"@id":"https:\/\/hobierotikshop.com.tr\/website1\/#\/schema\/logo\/image\/"},"sameAs":["https:\/\/x.com\/shopbursa"],"publishingPrinciples":"https:\/\/hobierotikshop.com.tr\/website1\/mesafeli-satis-sozlesmesi\/","ownershipFundingInfo":"https:\/\/hobierotikshop.com.tr\/website1\/contact-us\/","actionableFeedbackPolicy":"https:\/\/hobierotikshop.com.tr\/website1\/contact-us\/","correctionsPolicy":"https:\/\/hobierotikshop.com.tr\/website1\/mesafeli-satis-sozlesmesi\/"}]},"product_price_amount":"5460.00","product_price_currency":"TRY","og_availability":"out of stock","product_availability":"out of stock","product_retailer_item_id":"BDM1407","product_condition":"new"},"_links":{"self":[{"href":"https:\/\/haremerotikshop.com\/site\/wp-json\/wp\/v2\/product\/45631","targetHints":{"allow":["GET"]}}],"collection":[{"href":"https:\/\/haremerotikshop.com\/site\/wp-json\/wp\/v2\/product"}],"about":[{"href":"https:\/\/haremerotikshop.com\/site\/wp-json\/wp\/v2\/types\/product"}],"replies":[{"embeddable":true,"href":"https:\/\/haremerotikshop.com\/site\/wp-json\/wp\/v2\/comments?post=45631"}],"version-history":[{"count":0,"href":"https:\/\/haremerotikshop.com\/site\/wp-json\/wp\/v2\/product\/45631\/revisions"}],"wp:featuredmedia":[{"embeddable":true,"href":"https:\/\/haremerotikshop.com\/site\/wp-json\/wp\/v2\/media\/45633"}],"wp:attachment":[{"href":"https:\/\/haremerotikshop.com\/site\/wp-json\/wp\/v2\/media?parent=45631"}],"wp:term":[{"taxonomy":"product_brand","embeddable":true,"href":"https:\/\/haremerotikshop.com\/site\/wp-json\/wp\/v2\/product_brand?post=45631"},{"taxonomy":"product_cat","embeddable":true,"href":"https:\/\/haremerotikshop.com\/site\/wp-json\/wp\/v2\/product_cat?post=45631"},{"taxonomy":"product_tag","embeddable":true,"href":"https:\/\/haremerotikshop.com\/site\/wp-json\/wp\/v2\/product_tag?post=45631"}],"curies":[{"name":"wp","href":"https:\/\/api.w.org\/{rel}","templated":true}]}}