{"id":45687,"date":"2025-04-26T17:19:21","date_gmt":"2025-04-26T14:19:21","guid":{"rendered":"https:\/\/haremerotikshop.com\/site\/erotik-shop-urun\/hava-yastikli-premium-melez-rengi-silikon-penis-kilifi-tyronn\/"},"modified":"2025-04-26T18:31:35","modified_gmt":"2025-04-26T15:31:35","slug":"hava-yastikli-premium-melez-rengi-silikon-penis-kilifi-tyronn","status":"publish","type":"product","link":"https:\/\/haremerotikshop.com\/site\/erotik-shop-urun\/hava-yastikli-premium-melez-rengi-silikon-penis-kilifi-tyronn\/","title":{"rendered":"Hava Yast\u0131kl\u0131 Premium Melez Rengi\u00a0Silikon\u00a0Penis K\u0131l\u0131f\u0131 &#8211; Tyronn"},"content":{"rendered":"<h1 class=\"\" data-start=\"141\" data-end=\"206\">Hava Yast\u0131kl\u0131 Premium Melez Rengi Silikon Penis K\u0131l\u0131f\u0131 &#8211; Tyronn<\/h1>\n<p class=\"\" data-start=\"208\" data-end=\"512\">Cinsel deneyiminizi \u00fcst seviyeye ta\u015f\u0131yacak son teknoloji bir \u00fcr\u00fcnle tan\u0131\u015f\u0131n: <strong data-start=\"285\" data-end=\"352\">Hava Yast\u0131kl\u0131 Premium Melez Rengi Silikon Penis K\u0131l\u0131f\u0131 \u2013 Tyronn<\/strong>.<br data-start=\"353\" data-end=\"356\" \/>Y\u00fcksek kaliteli, bas\u0131n\u00e7 alt\u0131nda geni\u015fleyebilen premium silikon malzemeden \u00fcretilmi\u015f bu \u00f6zel k\u0131l\u0131f, her kullan\u0131mda ger\u00e7ek bir his ve maksimum konfor sunuyor.<\/p>\n<p class=\"\" data-start=\"514\" data-end=\"980\"><strong data-start=\"514\" data-end=\"537\">Tyronn Penis K\u0131l\u0131f\u0131<\/strong>, penisinize birebir uyum sa\u011flayarak hem rahat bir kavray\u0131\u015f hem de do\u011fal bir his sa\u011flar. Esnek yap\u0131s\u0131 sayesinde her erke\u011fin kolayl\u0131kla kullanabilece\u011fi bu k\u0131l\u0131f, u\u00e7 k\u0131sm\u0131n\u0131n k\u0131vr\u0131l\u0131p katlanabilmesi ve testisleri destekleyen b\u00f6l\u00fcm\u00fc ile tam bir g\u00fcvenlik sa\u011flar.<br data-start=\"795\" data-end=\"798\" \/>\u0130li\u015fki s\u0131ras\u0131nda s\u0131k\u0131 formunu koruyarak rahat hareket imk\u00e2n\u0131 sunar ve <strong data-start=\"868\" data-end=\"925\">hava yast\u0131kl\u0131 yap\u0131s\u0131 sayesinde klitorise ekstra bask\u0131<\/strong> sa\u011flayarak kar\u015f\u0131 taraf\u0131n hazz\u0131n\u0131 b\u00fcy\u00fck \u00f6l\u00e7\u00fcde art\u0131r\u0131r.<\/p>\n<blockquote data-start=\"982\" data-end=\"1370\">\n<p class=\"\" data-start=\"984\" data-end=\"1005\"><strong data-start=\"984\" data-end=\"1005\">\u00dcr\u00fcn \u00d6zellikleri:<\/strong><\/p>\n<ul data-start=\"1008\" data-end=\"1370\">\n<li class=\"\" data-start=\"1008\" data-end=\"1050\">\n<p class=\"\" data-start=\"1010\" data-end=\"1050\">Premium kalitede hava yast\u0131kl\u0131 silikon<\/p>\n<\/li>\n<li class=\"\" data-start=\"1053\" data-end=\"1078\">\n<p class=\"\" data-start=\"1055\" data-end=\"1078\">Melez do\u011fal ten rengi<\/p>\n<\/li>\n<li class=\"\" data-start=\"1081\" data-end=\"1114\">\n<p class=\"\" data-start=\"1083\" data-end=\"1114\">S\u00fcper esnek ve realistik doku<\/p>\n<\/li>\n<li class=\"\" data-start=\"1117\" data-end=\"1163\">\n<p class=\"\" data-start=\"1119\" data-end=\"1163\">Klitorise ekstra bask\u0131 ile art\u0131r\u0131lm\u0131\u015f zevk<\/p>\n<\/li>\n<li class=\"\" data-start=\"1166\" data-end=\"1204\">\n<p class=\"\" data-start=\"1168\" data-end=\"1204\">Penise tam uyum ve g\u00fcvenli kavrama<\/p>\n<\/li>\n<li class=\"\" data-start=\"1207\" data-end=\"1259\">\n<p class=\"\" data-start=\"1209\" data-end=\"1259\">Tek ba\u015f\u0131na ya da prezervatifle kullan\u0131m se\u00e7ene\u011fi<\/p>\n<\/li>\n<li class=\"\" data-start=\"1262\" data-end=\"1282\">\n<p class=\"\" data-start=\"1264\" data-end=\"1282\">%100 su ge\u00e7irmez<\/p>\n<\/li>\n<li class=\"\" data-start=\"1285\" data-end=\"1316\">\n<p class=\"\" data-start=\"1287\" data-end=\"1316\">Phthalate ve lateks i\u00e7ermez<\/p>\n<\/li>\n<li class=\"\" data-start=\"1319\" data-end=\"1341\">\n<p class=\"\" data-start=\"1321\" data-end=\"1341\">Cildi tahri\u015f etmez<\/p>\n<\/li>\n<li class=\"\" data-start=\"1344\" data-end=\"1370\">\n<p class=\"\" data-start=\"1346\" data-end=\"1370\">Defalarca kullan\u0131labilir<\/p>\n<\/li>\n<\/ul>\n<\/blockquote>\n<hr class=\"\" data-start=\"1372\" data-end=\"1375\" \/>\n<h3 class=\"\" data-start=\"1377\" data-end=\"1399\">Teknik \u00d6zellikler:<\/h3>\n<ul data-start=\"1400\" data-end=\"1515\">\n<li class=\"\" data-start=\"1400\" data-end=\"1431\">\n<p class=\"\" data-start=\"1402\" data-end=\"1431\"><strong data-start=\"1402\" data-end=\"1421\">Toplam Uzunluk:<\/strong> 16,1 cm<\/p>\n<\/li>\n<li class=\"\" data-start=\"1432\" data-end=\"1462\">\n<p class=\"\" data-start=\"1434\" data-end=\"1462\"><strong data-start=\"1434\" data-end=\"1453\">U\u00e7 Dolgu K\u0131sm\u0131:<\/strong> 4,4 cm<\/p>\n<\/li>\n<li class=\"\" data-start=\"1463\" data-end=\"1515\">\n<p class=\"\" data-start=\"1465\" data-end=\"1515\"><strong data-start=\"1465\" data-end=\"1489\">Kullan\u0131m Uyumlulu\u011fu:<\/strong> T\u00fcm penis boylar\u0131na uygun<\/p>\n<\/li>\n<\/ul>\n<hr class=\"\" data-start=\"1517\" data-end=\"1520\" \/>\n<h3 class=\"\" data-start=\"1522\" data-end=\"1552\">Kullan\u0131m ve Bak\u0131m Talimat\u0131<\/h3>\n<p class=\"\" data-start=\"1554\" data-end=\"1753\">Her kullan\u0131mdan sonra \u0131l\u0131k su ve hafif sabunla temizleyiniz. Tamamen kuruduktan sonra silikon \u00fcr\u00fcnlere \u00f6zel pudra kullanarak saklay\u0131n\u0131z.<br data-start=\"1690\" data-end=\"1693\" \/>Uzun \u00f6m\u00fcrl\u00fc ve hijyenik kullan\u0131m i\u00e7in do\u011fru bak\u0131m \u00f6nemlidir.<\/p>\n<hr class=\"\" data-start=\"1755\" data-end=\"1758\" \/>\n<h3 class=\"\" data-start=\"1760\" data-end=\"1793\">G\u00f6nderim ve \u00d6deme Se\u00e7enekleri<\/h3>\n<ul data-start=\"1795\" data-end=\"2065\">\n<li class=\"\" data-start=\"1795\" data-end=\"1893\">\n<p class=\"\" data-start=\"1797\" data-end=\"1893\"><strong data-start=\"1797\" data-end=\"1816\">Gizli G\u00f6nderim:<\/strong> Sipari\u015fleriniz sade, kapal\u0131 ve i\u00e7eri\u011fi belli olmayacak \u015fekilde paketlenir.<\/p>\n<\/li>\n<li class=\"\" data-start=\"1894\" data-end=\"1984\">\n<p class=\"\" data-start=\"1896\" data-end=\"1984\"><strong data-start=\"1896\" data-end=\"1918\">\u00d6deme Se\u00e7enekleri:<\/strong> Kap\u0131da nakit veya kredi kart\u0131 ile \u00f6deme, banka havalesi imk\u00e2n\u0131.<\/p>\n<\/li>\n<li class=\"\" data-start=\"1985\" data-end=\"2065\">\n<p class=\"\" data-start=\"1987\" data-end=\"2065\"><strong data-start=\"1987\" data-end=\"2000\">Teslimat:<\/strong> Kap\u0131ya teslim veya \u015fubeden teslim alma se\u00e7ene\u011fi ile h\u0131zl\u0131 kargo.<\/p>\n<\/li>\n<\/ul>\n<p class=\"\" data-start=\"2067\" data-end=\"2204\">\u2705 <strong data-start=\"2069\" data-end=\"2093\">Kap\u0131da G\u00fcvenli \u00d6deme<\/strong><br data-start=\"2093\" data-end=\"2096\" \/>\u2705 <strong data-start=\"2098\" data-end=\"2127\">T\u00fcm \u00dcr\u00fcnlerde H\u0131zl\u0131 Kargo<\/strong><br data-start=\"2127\" data-end=\"2130\" \/>\u2705 <strong data-start=\"2132\" data-end=\"2159\">Orijinal \u00dcr\u00fcn Garantisi<\/strong><br data-start=\"2159\" data-end=\"2162\" \/>\u2705 <strong data-start=\"2164\" data-end=\"2204\">Gizli Paketleme ve Maksimum Gizlilik<\/strong><\/p>\n<hr class=\"\" data-start=\"2206\" data-end=\"2209\" \/>\n<p class=\"\" data-start=\"2211\" data-end=\"2318\"><strong data-start=\"2211\" data-end=\"2234\">\u015eimdi sipari\u015f verin<\/strong>, Tyronn\u2019un sundu\u011fu ger\u00e7ek\u00e7i dokunu\u015fla cinsel deneyiminizi bir \u00fcst seviyeye ta\u015f\u0131y\u0131n!<\/p>\n<p>&nbsp;<\/p>\n<p>&nbsp;<\/p>\n<p>&nbsp;<\/p>\n<p><img decoding=\"async\" style=\"width: 300px;height: 300px\" src=\"https:\/\/static.ticimax.cloud\/32886\/\/uploads\/editoruploads\/bi-026260q_02.gif\" alt=\"\" \/><img decoding=\"async\" style=\"width: 300px;height: 300px\" src=\"https:\/\/static.ticimax.cloud\/32886\/\/uploads\/editoruploads\/bi-026260q_11.gif\" alt=\"\" \/><\/p>\n<p><img decoding=\"async\" style=\"width: 300px;height: 300px\" src=\"https:\/\/static.ticimax.cloud\/32886\/\/uploads\/editoruploads\/bi-026260q_12.gif\" alt=\"\" \/><img decoding=\"async\" style=\"width: 300px;height: 300px\" src=\"https:\/\/static.ticimax.cloud\/32886\/\/uploads\/editoruploads\/bi-026260q_13.gif\" alt=\"\" \/><\/p>\n","protected":false},"excerpt":{"rendered":"<p>Cinsel deneyiminizi \u00fcst seviyeye ta\u015f\u0131yacak son teknoloji bir \u00fcr\u00fcnle tan\u0131\u015f\u0131n: <strong data-start=\"285\" data-end=\"352\">Hava Yast\u0131kl\u0131 Premium Melez Rengi Silikon Penis K\u0131l\u0131f\u0131 \u2013 Tyronn<\/strong>.<br data-start=\"353\" data-end=\"356\" \/>Y\u00fcksek kaliteli, bas\u0131n\u00e7 alt\u0131nda geni\u015fleyebilen premium silikon malzemeden \u00fcretilmi\u015f bu \u00f6zel k\u0131l\u0131f, her kullan\u0131mda ger\u00e7ek bir his ve maksimum konfor sunuyor.<\/p>\n","protected":false},"featured_media":45689,"comment_status":"closed","ping_status":"closed","template":"","meta":[],"product_brand":[],"product_cat":[505],"product_tag":[],"class_list":{"0":"post-45687","1":"product","2":"type-product","3":"status-publish","4":"has-post-thumbnail","6":"product_cat-penis-kiliflari-halkalari","8":"first","9":"instock","10":"purchasable","11":"product-type-simple"},"yoast_head":"<!-- This site is optimized with the Yoast SEO Premium plugin v24.4 (Yoast SEO v27.1.1) - https:\/\/yoast.com\/product\/yoast-seo-premium-wordpress\/ -->\n<title>Hava Yast\u0131kl\u0131 Premium Melez Rengi\u00a0Silikon\u00a0Penis K\u0131l\u0131f\u0131 - Tyronn - Bursa Erotik Shop<\/title>\n<meta name=\"robots\" content=\"index, follow, max-snippet:-1, max-image-preview:large, max-video-preview:-1\" \/>\n<link rel=\"canonical\" href=\"https:\/\/hobierotikshop.com.tr\/website1\/erotik-shop-urun\/hava-yastikli-premium-melez-rengi-silikon-penis-kilifi-tyronn\/\" \/>\n<meta property=\"og:locale\" content=\"tr_TR\" \/>\n<meta property=\"og:type\" content=\"article\" \/>\n<meta property=\"og:title\" content=\"Hava Yast\u0131kl\u0131 Premium Melez Rengi\u00a0Silikon\u00a0Penis K\u0131l\u0131f\u0131 - Tyronn\" \/>\n<meta property=\"og:description\" content=\"Cinsel deneyiminizi \u00fcst seviyeye ta\u015f\u0131yacak son teknoloji bir \u00fcr\u00fcnle tan\u0131\u015f\u0131n: Hava Yast\u0131kl\u0131 Premium Melez Rengi Silikon Penis K\u0131l\u0131f\u0131 \u2013 Tyronn.Y\u00fcksek kaliteli, bas\u0131n\u00e7 alt\u0131nda geni\u015fleyebilen premium silikon malzemeden \u00fcretilmi\u015f bu \u00f6zel k\u0131l\u0131f, her kullan\u0131mda ger\u00e7ek bir his ve maksimum konfor sunuyor.\" \/>\n<meta property=\"og:url\" content=\"https:\/\/hobierotikshop.com.tr\/website1\/erotik-shop-urun\/hava-yastikli-premium-melez-rengi-silikon-penis-kilifi-tyronn\/\" \/>\n<meta property=\"og:site_name\" content=\"Bursa Erotik Shop\" \/>\n<meta property=\"article:modified_time\" content=\"2025-04-26T15:31:35+00:00\" \/>\n<meta property=\"og:image\" content=\"https:\/\/hobierotikshop.com.tr\/website1\/wp-content\/uploads\/2025\/04\/hava-yastikli-premium-melez-rengi-sili-902097.jpg\" \/>\n\t<meta property=\"og:image:width\" content=\"455\" \/>\n\t<meta property=\"og:image:height\" content=\"455\" \/>\n\t<meta property=\"og:image:type\" content=\"image\/jpeg\" \/>\n<meta name=\"twitter:card\" content=\"summary_large_image\" \/>\n<meta name=\"twitter:site\" content=\"@shopbursa\" \/>\n<meta name=\"twitter:label1\" content=\"Fiyat\" \/>\n\t<meta name=\"twitter:data1\" content=\"&#8378;1.680,00\" \/>\n\t<meta name=\"twitter:label2\" content=\"Availability\" \/>\n\t<meta name=\"twitter:data2\" content=\"In stock\" \/>\n<script type=\"application\/ld+json\" class=\"yoast-schema-graph\">{\"@context\":\"https:\/\/schema.org\",\"@graph\":[{\"@type\":\"WebPage\",\"@id\":\"https:\/\/hobierotikshop.com.tr\/website1\/erotik-shop-urun\/hava-yastikli-premium-melez-rengi-silikon-penis-kilifi-tyronn\/\",\"url\":\"https:\/\/hobierotikshop.com.tr\/website1\/erotik-shop-urun\/hava-yastikli-premium-melez-rengi-silikon-penis-kilifi-tyronn\/\",\"name\":\"Hava Yast\u0131kl\u0131 Premium Melez Rengi\u00a0Silikon\u00a0Penis K\u0131l\u0131f\u0131 - Tyronn - Bursa Erotik Shop\",\"isPartOf\":{\"@id\":\"https:\/\/hobierotikshop.com.tr\/website1\/#website\"},\"primaryImageOfPage\":{\"@id\":\"https:\/\/hobierotikshop.com.tr\/website1\/erotik-shop-urun\/hava-yastikli-premium-melez-rengi-silikon-penis-kilifi-tyronn\/#primaryimage\"},\"image\":{\"@id\":\"https:\/\/hobierotikshop.com.tr\/website1\/erotik-shop-urun\/hava-yastikli-premium-melez-rengi-silikon-penis-kilifi-tyronn\/#primaryimage\"},\"thumbnailUrl\":\"https:\/\/haremerotikshop.com\/site\/wp-content\/uploads\/2025\/04\/hava-yastikli-premium-melez-rengi-sili-902097.jpg\",\"datePublished\":\"2025-04-26T14:19:21+00:00\",\"dateModified\":\"2025-04-26T15:31:35+00:00\",\"breadcrumb\":{\"@id\":\"https:\/\/hobierotikshop.com.tr\/website1\/erotik-shop-urun\/hava-yastikli-premium-melez-rengi-silikon-penis-kilifi-tyronn\/#breadcrumb\"},\"inLanguage\":\"tr\",\"potentialAction\":[{\"@type\":\"ReadAction\",\"target\":[\"https:\/\/hobierotikshop.com.tr\/website1\/erotik-shop-urun\/hava-yastikli-premium-melez-rengi-silikon-penis-kilifi-tyronn\/\"]}]},{\"@type\":\"ImageObject\",\"inLanguage\":\"tr\",\"@id\":\"https:\/\/hobierotikshop.com.tr\/website1\/erotik-shop-urun\/hava-yastikli-premium-melez-rengi-silikon-penis-kilifi-tyronn\/#primaryimage\",\"url\":\"https:\/\/haremerotikshop.com\/site\/wp-content\/uploads\/2025\/04\/hava-yastikli-premium-melez-rengi-sili-902097.jpg\",\"contentUrl\":\"https:\/\/haremerotikshop.com\/site\/wp-content\/uploads\/2025\/04\/hava-yastikli-premium-melez-rengi-sili-902097.jpg\",\"width\":455,\"height\":455},{\"@type\":\"BreadcrumbList\",\"@id\":\"https:\/\/hobierotikshop.com.tr\/website1\/erotik-shop-urun\/hava-yastikli-premium-melez-rengi-silikon-penis-kilifi-tyronn\/#breadcrumb\",\"itemListElement\":[{\"@type\":\"ListItem\",\"position\":1,\"name\":\"Anasayfa\",\"item\":\"https:\/\/hobierotikshop.com.tr\/website1\/\"},{\"@type\":\"ListItem\",\"position\":2,\"name\":\"Erotik Shop \u00dcr\u00fcnleri\",\"item\":\"https:\/\/hobierotikshop.com.tr\/website1\/shop\/\"},{\"@type\":\"ListItem\",\"position\":3,\"name\":\"Hava Yast\u0131kl\u0131 Premium Melez Rengi\u00a0Silikon\u00a0Penis K\u0131l\u0131f\u0131 &#8211; Tyronn\"}]},{\"@type\":\"WebSite\",\"@id\":\"https:\/\/hobierotikshop.com.tr\/website1\/#website\",\"url\":\"https:\/\/hobierotikshop.com.tr\/website1\/\",\"name\":\"Bursa Erotik Shop\",\"description\":\"Bursa Erotik Shop ile g\u00fcvenli, gizli ve kaliteli yeti\u015fkin \u00fcr\u00fcnleri al\u0131\u015fveri\u015fi! Geni\u015f \u00fcr\u00fcn yelpazemizi ke\u015ffedin, hemen sipari\u015f verin\",\"publisher\":{\"@id\":\"https:\/\/hobierotikshop.com.tr\/website1\/#organization\"},\"alternateName\":\"Erotik Shop\",\"potentialAction\":[{\"@type\":\"SearchAction\",\"target\":{\"@type\":\"EntryPoint\",\"urlTemplate\":\"https:\/\/hobierotikshop.com.tr\/website1\/?s={search_term_string}\"},\"query-input\":{\"@type\":\"PropertyValueSpecification\",\"valueRequired\":true,\"valueName\":\"search_term_string\"}}],\"inLanguage\":\"tr\"},{\"@type\":\"Organization\",\"@id\":\"https:\/\/hobierotikshop.com.tr\/website1\/#organization\",\"name\":\"Harem Bursa Erotik Shop\",\"url\":\"https:\/\/hobierotikshop.com.tr\/website1\/\",\"logo\":{\"@type\":\"ImageObject\",\"inLanguage\":\"tr\",\"@id\":\"https:\/\/hobierotikshop.com.tr\/website1\/#\/schema\/logo\/image\/\",\"url\":\"https:\/\/haremerotikshop.com\/site\/wp-content\/uploads\/2025\/03\/haremsexshop.png\",\"contentUrl\":\"https:\/\/haremerotikshop.com\/site\/wp-content\/uploads\/2025\/03\/haremsexshop.png\",\"width\":400,\"height\":100,\"caption\":\"Harem Bursa Erotik Shop\"},\"image\":{\"@id\":\"https:\/\/hobierotikshop.com.tr\/website1\/#\/schema\/logo\/image\/\"},\"sameAs\":[\"https:\/\/x.com\/shopbursa\"],\"publishingPrinciples\":\"https:\/\/hobierotikshop.com.tr\/website1\/mesafeli-satis-sozlesmesi\/\",\"ownershipFundingInfo\":\"https:\/\/hobierotikshop.com.tr\/website1\/contact-us\/\",\"actionableFeedbackPolicy\":\"https:\/\/hobierotikshop.com.tr\/website1\/contact-us\/\",\"correctionsPolicy\":\"https:\/\/hobierotikshop.com.tr\/website1\/mesafeli-satis-sozlesmesi\/\"}]}<\/script>\n<meta property=\"product:price:amount\" content=\"1680.00\" \/>\n<meta property=\"product:price:currency\" content=\"TRY\" \/>\n<meta property=\"og:availability\" content=\"instock\" \/>\n<meta property=\"product:availability\" content=\"instock\" \/>\n<meta property=\"product:retailer_item_id\" content=\"BDM1417\" \/>\n<meta property=\"product:condition\" content=\"new\" \/>\n<!-- \/ Yoast SEO Premium plugin. -->","yoast_head_json":{"title":"Hava Yast\u0131kl\u0131 Premium Melez Rengi\u00a0Silikon\u00a0Penis K\u0131l\u0131f\u0131 - Tyronn - Bursa Erotik Shop","robots":{"index":"index","follow":"follow","max-snippet":"max-snippet:-1","max-image-preview":"max-image-preview:large","max-video-preview":"max-video-preview:-1"},"canonical":"https:\/\/hobierotikshop.com.tr\/website1\/erotik-shop-urun\/hava-yastikli-premium-melez-rengi-silikon-penis-kilifi-tyronn\/","og_locale":"tr_TR","og_type":"article","og_title":"Hava Yast\u0131kl\u0131 Premium Melez Rengi\u00a0Silikon\u00a0Penis K\u0131l\u0131f\u0131 - Tyronn","og_description":"Cinsel deneyiminizi \u00fcst seviyeye ta\u015f\u0131yacak son teknoloji bir \u00fcr\u00fcnle tan\u0131\u015f\u0131n: Hava Yast\u0131kl\u0131 Premium Melez Rengi Silikon Penis K\u0131l\u0131f\u0131 \u2013 Tyronn.Y\u00fcksek kaliteli, bas\u0131n\u00e7 alt\u0131nda geni\u015fleyebilen premium silikon malzemeden \u00fcretilmi\u015f bu \u00f6zel k\u0131l\u0131f, her kullan\u0131mda ger\u00e7ek bir his ve maksimum konfor sunuyor.","og_url":"https:\/\/hobierotikshop.com.tr\/website1\/erotik-shop-urun\/hava-yastikli-premium-melez-rengi-silikon-penis-kilifi-tyronn\/","og_site_name":"Bursa Erotik Shop","article_modified_time":"2025-04-26T15:31:35+00:00","og_image":[{"width":455,"height":455,"url":"https:\/\/hobierotikshop.com.tr\/website1\/wp-content\/uploads\/2025\/04\/hava-yastikli-premium-melez-rengi-sili-902097.jpg","type":"image\/jpeg"}],"twitter_card":"summary_large_image","twitter_site":"@shopbursa","twitter_misc":{"Fiyat":"&#8378;1.680,00","Availability":"In stock"},"schema":{"@context":"https:\/\/schema.org","@graph":[{"@type":"WebPage","@id":"https:\/\/hobierotikshop.com.tr\/website1\/erotik-shop-urun\/hava-yastikli-premium-melez-rengi-silikon-penis-kilifi-tyronn\/","url":"https:\/\/hobierotikshop.com.tr\/website1\/erotik-shop-urun\/hava-yastikli-premium-melez-rengi-silikon-penis-kilifi-tyronn\/","name":"Hava Yast\u0131kl\u0131 Premium Melez Rengi\u00a0Silikon\u00a0Penis K\u0131l\u0131f\u0131 - Tyronn - Bursa Erotik Shop","isPartOf":{"@id":"https:\/\/hobierotikshop.com.tr\/website1\/#website"},"primaryImageOfPage":{"@id":"https:\/\/hobierotikshop.com.tr\/website1\/erotik-shop-urun\/hava-yastikli-premium-melez-rengi-silikon-penis-kilifi-tyronn\/#primaryimage"},"image":{"@id":"https:\/\/hobierotikshop.com.tr\/website1\/erotik-shop-urun\/hava-yastikli-premium-melez-rengi-silikon-penis-kilifi-tyronn\/#primaryimage"},"thumbnailUrl":"https:\/\/haremerotikshop.com\/site\/wp-content\/uploads\/2025\/04\/hava-yastikli-premium-melez-rengi-sili-902097.jpg","datePublished":"2025-04-26T14:19:21+00:00","dateModified":"2025-04-26T15:31:35+00:00","breadcrumb":{"@id":"https:\/\/hobierotikshop.com.tr\/website1\/erotik-shop-urun\/hava-yastikli-premium-melez-rengi-silikon-penis-kilifi-tyronn\/#breadcrumb"},"inLanguage":"tr","potentialAction":[{"@type":"ReadAction","target":["https:\/\/hobierotikshop.com.tr\/website1\/erotik-shop-urun\/hava-yastikli-premium-melez-rengi-silikon-penis-kilifi-tyronn\/"]}]},{"@type":"ImageObject","inLanguage":"tr","@id":"https:\/\/hobierotikshop.com.tr\/website1\/erotik-shop-urun\/hava-yastikli-premium-melez-rengi-silikon-penis-kilifi-tyronn\/#primaryimage","url":"https:\/\/haremerotikshop.com\/site\/wp-content\/uploads\/2025\/04\/hava-yastikli-premium-melez-rengi-sili-902097.jpg","contentUrl":"https:\/\/haremerotikshop.com\/site\/wp-content\/uploads\/2025\/04\/hava-yastikli-premium-melez-rengi-sili-902097.jpg","width":455,"height":455},{"@type":"BreadcrumbList","@id":"https:\/\/hobierotikshop.com.tr\/website1\/erotik-shop-urun\/hava-yastikli-premium-melez-rengi-silikon-penis-kilifi-tyronn\/#breadcrumb","itemListElement":[{"@type":"ListItem","position":1,"name":"Anasayfa","item":"https:\/\/hobierotikshop.com.tr\/website1\/"},{"@type":"ListItem","position":2,"name":"Erotik Shop \u00dcr\u00fcnleri","item":"https:\/\/hobierotikshop.com.tr\/website1\/shop\/"},{"@type":"ListItem","position":3,"name":"Hava Yast\u0131kl\u0131 Premium Melez Rengi\u00a0Silikon\u00a0Penis K\u0131l\u0131f\u0131 &#8211; Tyronn"}]},{"@type":"WebSite","@id":"https:\/\/hobierotikshop.com.tr\/website1\/#website","url":"https:\/\/hobierotikshop.com.tr\/website1\/","name":"Bursa Erotik Shop","description":"Bursa Erotik Shop ile g\u00fcvenli, gizli ve kaliteli yeti\u015fkin \u00fcr\u00fcnleri al\u0131\u015fveri\u015fi! Geni\u015f \u00fcr\u00fcn yelpazemizi ke\u015ffedin, hemen sipari\u015f verin","publisher":{"@id":"https:\/\/hobierotikshop.com.tr\/website1\/#organization"},"alternateName":"Erotik Shop","potentialAction":[{"@type":"SearchAction","target":{"@type":"EntryPoint","urlTemplate":"https:\/\/hobierotikshop.com.tr\/website1\/?s={search_term_string}"},"query-input":{"@type":"PropertyValueSpecification","valueRequired":true,"valueName":"search_term_string"}}],"inLanguage":"tr"},{"@type":"Organization","@id":"https:\/\/hobierotikshop.com.tr\/website1\/#organization","name":"Harem Bursa Erotik Shop","url":"https:\/\/hobierotikshop.com.tr\/website1\/","logo":{"@type":"ImageObject","inLanguage":"tr","@id":"https:\/\/hobierotikshop.com.tr\/website1\/#\/schema\/logo\/image\/","url":"https:\/\/haremerotikshop.com\/site\/wp-content\/uploads\/2025\/03\/haremsexshop.png","contentUrl":"https:\/\/haremerotikshop.com\/site\/wp-content\/uploads\/2025\/03\/haremsexshop.png","width":400,"height":100,"caption":"Harem Bursa Erotik Shop"},"image":{"@id":"https:\/\/hobierotikshop.com.tr\/website1\/#\/schema\/logo\/image\/"},"sameAs":["https:\/\/x.com\/shopbursa"],"publishingPrinciples":"https:\/\/hobierotikshop.com.tr\/website1\/mesafeli-satis-sozlesmesi\/","ownershipFundingInfo":"https:\/\/hobierotikshop.com.tr\/website1\/contact-us\/","actionableFeedbackPolicy":"https:\/\/hobierotikshop.com.tr\/website1\/contact-us\/","correctionsPolicy":"https:\/\/hobierotikshop.com.tr\/website1\/mesafeli-satis-sozlesmesi\/"}]},"product_price_amount":"1680.00","product_price_currency":"TRY","og_availability":"instock","product_availability":"instock","product_retailer_item_id":"BDM1417","product_condition":"new"},"_links":{"self":[{"href":"https:\/\/haremerotikshop.com\/site\/wp-json\/wp\/v2\/product\/45687","targetHints":{"allow":["GET"]}}],"collection":[{"href":"https:\/\/haremerotikshop.com\/site\/wp-json\/wp\/v2\/product"}],"about":[{"href":"https:\/\/haremerotikshop.com\/site\/wp-json\/wp\/v2\/types\/product"}],"replies":[{"embeddable":true,"href":"https:\/\/haremerotikshop.com\/site\/wp-json\/wp\/v2\/comments?post=45687"}],"version-history":[{"count":0,"href":"https:\/\/haremerotikshop.com\/site\/wp-json\/wp\/v2\/product\/45687\/revisions"}],"wp:featuredmedia":[{"embeddable":true,"href":"https:\/\/haremerotikshop.com\/site\/wp-json\/wp\/v2\/media\/45689"}],"wp:attachment":[{"href":"https:\/\/haremerotikshop.com\/site\/wp-json\/wp\/v2\/media?parent=45687"}],"wp:term":[{"taxonomy":"product_brand","embeddable":true,"href":"https:\/\/haremerotikshop.com\/site\/wp-json\/wp\/v2\/product_brand?post=45687"},{"taxonomy":"product_cat","embeddable":true,"href":"https:\/\/haremerotikshop.com\/site\/wp-json\/wp\/v2\/product_cat?post=45687"},{"taxonomy":"product_tag","embeddable":true,"href":"https:\/\/haremerotikshop.com\/site\/wp-json\/wp\/v2\/product_tag?post=45687"}],"curies":[{"name":"wp","href":"https:\/\/api.w.org\/{rel}","templated":true}]}}