{"id":45708,"date":"2025-04-26T17:19:21","date_gmt":"2025-04-26T14:19:21","guid":{"rendered":"https:\/\/haremerotikshop.com\/site\/erotik-shop-urun\/4-cm-uzatmali-ciftli-ici-bos-175-cm-catal-dildo-penis-kilifi-yairon\/"},"modified":"2026-01-09T02:57:32","modified_gmt":"2026-01-08T23:57:32","slug":"4-cm-uzatmali-ciftli-ici-bos-175-cm-catal-dildo-penis-kilifi-yairon","status":"publish","type":"product","link":"https:\/\/haremerotikshop.com\/site\/erotik-shop-urun\/4-cm-uzatmali-ciftli-ici-bos-175-cm-catal-dildo-penis-kilifi-yairon\/","title":{"rendered":"4 Cm Uzatmal\u0131 \u00c7iftli I\u0307\u00e7i Bo\u015f 17,5 Cm \u00c7atal Dildo Penis K\u0131l\u0131f\u0131 &#8211; Yairon"},"content":{"rendered":"<h1 class=\"\" data-start=\"148\" data-end=\"220\">4 cm Uzatmal\u0131 \u00c7iftli \u0130\u00e7i Bo\u015f 17,5 cm \u00c7atal Dildo Penis K\u0131l\u0131f\u0131 &#8211; Yairon<\/h1>\n<p class=\"\" data-start=\"222\" data-end=\"519\"><strong data-start=\"222\" data-end=\"274\">Yairon 4 cm Uzatmal\u0131 \u00c7iftli \u0130\u00e7i Bo\u015f Penis K\u0131l\u0131f\u0131<\/strong>, cinsel hayat\u0131n\u0131za yepyeni ve s\u0131ra d\u0131\u015f\u0131 bir deneyim katmak isteyenler i\u00e7in \u00f6zel olarak tasarland\u0131. \u0130li\u015fkinize ekstra boyut ve yo\u011fun haz kazand\u0131racak bu \u00fcr\u00fcn, \u00e7ift dildo tasar\u0131m\u0131 ile hem vajinal hem anal uyar\u0131m\u0131 ayn\u0131 anda ya\u015fama f\u0131rsat\u0131 sunuyor.<\/p>\n<p class=\"\" data-start=\"521\" data-end=\"807\">Ger\u00e7ek\u00e7i dokulu ve yumu\u015fak silikon malzemeden \u00fcretilen <strong data-start=\"576\" data-end=\"598\">Yairon \u00c7atal Dildo<\/strong>, v\u00fccuda m\u00fckemmel uyum sa\u011flar. \u0130\u00e7i bo\u015f ana dildo, penis boyunuzu <strong data-start=\"663\" data-end=\"671\">4 cm<\/strong> uzatarak daha derin ve dolgun bir his yarat\u0131r. Alt k\u0131s\u0131mda yer alan ikinci dildo ise ek uyar\u0131m sa\u011flar ve \u00e7ift y\u00f6nl\u00fc haz deneyimi sunar.<\/p>\n<p class=\"\" data-start=\"809\" data-end=\"1053\">Testis kavrama halkas\u0131, hem g\u00fcvenli kullan\u0131m sa\u011flar hem de \u00fcr\u00fcn\u00fcn kaymas\u0131n\u0131 \u00f6nleyerek ili\u015fkinin daha rahat ve \u00f6zg\u00fcrce ya\u015fanmas\u0131n\u0131 destekler. Kullan\u0131m s\u0131ras\u0131nda daha ger\u00e7ek\u00e7i ve kaygan bir his i\u00e7in su bazl\u0131 kayganla\u015ft\u0131r\u0131c\u0131 kullan\u0131lmas\u0131 \u00f6nerilir.<\/p>\n<blockquote data-start=\"1055\" data-end=\"1570\">\n<p class=\"\" data-start=\"1057\" data-end=\"1082\"><strong data-start=\"1057\" data-end=\"1082\">\u00d6ne \u00c7\u0131kan \u00d6zellikler:<\/strong><\/p>\n<ul data-start=\"1085\" data-end=\"1570\">\n<li class=\"\" data-start=\"1085\" data-end=\"1134\">\n<p class=\"\" data-start=\"1087\" data-end=\"1134\"><strong data-start=\"1087\" data-end=\"1099\">Malzeme:<\/strong> Yumu\u015fak ve ger\u00e7ek\u00e7i silikon yap\u0131<\/p>\n<\/li>\n<li class=\"\" data-start=\"1137\" data-end=\"1172\">\n<p class=\"\" data-start=\"1139\" data-end=\"1172\"><strong data-start=\"1139\" data-end=\"1162\">Ana Dildo Uzunlu\u011fu:<\/strong> 17,5 cm<\/p>\n<\/li>\n<li class=\"\" data-start=\"1175\" data-end=\"1205\">\n<p class=\"\" data-start=\"1177\" data-end=\"1205\"><strong data-start=\"1177\" data-end=\"1196\">Ana Dildo \u00c7ap\u0131:<\/strong> 4,2 cm<\/p>\n<\/li>\n<li class=\"\" data-start=\"1208\" data-end=\"1241\">\n<p class=\"\" data-start=\"1210\" data-end=\"1241\"><strong data-start=\"1210\" data-end=\"1233\">Alt Dildo Uzunlu\u011fu:<\/strong> 16 cm<\/p>\n<\/li>\n<li class=\"\" data-start=\"1244\" data-end=\"1274\">\n<p class=\"\" data-start=\"1246\" data-end=\"1274\"><strong data-start=\"1246\" data-end=\"1265\">Alt Dildo \u00c7ap\u0131:<\/strong> 2,5 cm<\/p>\n<\/li>\n<li class=\"\" data-start=\"1277\" data-end=\"1331\">\n<p class=\"\" data-start=\"1279\" data-end=\"1331\"><strong data-start=\"1279\" data-end=\"1292\">Kullan\u0131m:<\/strong> Vajinal ve anal ili\u015fki i\u00e7in uygundur<\/p>\n<\/li>\n<li class=\"\" data-start=\"1334\" data-end=\"1387\">\n<p class=\"\" data-start=\"1336\" data-end=\"1387\"><strong data-start=\"1336\" data-end=\"1350\">Fonksiyon:<\/strong> 4 cm uzatma ve kal\u0131nl\u0131k kazand\u0131rma<\/p>\n<\/li>\n<li class=\"\" data-start=\"1390\" data-end=\"1439\">\n<p class=\"\" data-start=\"1392\" data-end=\"1439\"><strong data-start=\"1392\" data-end=\"1405\">Esneklik:<\/strong> Penisi tam kavrayan kaymaz yap\u0131<\/p>\n<\/li>\n<li class=\"\" data-start=\"1442\" data-end=\"1496\">\n<p class=\"\" data-start=\"1444\" data-end=\"1496\"><strong data-start=\"1444\" data-end=\"1457\">Temizlik:<\/strong> Kolay y\u0131kanabilir, hijyenik kullan\u0131m<\/p>\n<\/li>\n<li class=\"\" data-start=\"1499\" data-end=\"1570\">\n<p class=\"\" data-start=\"1501\" data-end=\"1570\"><strong data-start=\"1501\" data-end=\"1513\">Tavsiye:<\/strong> Daha iyi bir deneyim i\u00e7in kayganla\u015ft\u0131r\u0131c\u0131 ile kullan\u0131n\u0131z<\/p>\n<\/li>\n<\/ul>\n<\/blockquote>\n<h3 class=\"\" data-start=\"1572\" data-end=\"1614\">Kolay Temizlik ve Uzun S\u00fcreli Kullan\u0131m<\/h3>\n<p class=\"\" data-start=\"1616\" data-end=\"1764\">\u00dcr\u00fcn\u00fc her kullan\u0131m sonras\u0131 \u0131l\u0131k su ve hafif sabunla temizleyerek hijyenini sa\u011flayabilirsiniz. Uzun \u00f6m\u00fcrl\u00fc kullan\u0131m i\u00e7in kuru bir ortamda saklay\u0131n\u0131z.<\/p>\n<hr class=\"\" data-start=\"1766\" data-end=\"1769\" \/>\n<h3 class=\"\" data-start=\"1771\" data-end=\"1812\">Gizlilik, \u00d6deme ve Teslimat Bilgileri<\/h3>\n<ul data-start=\"1814\" data-end=\"2253\">\n<li class=\"\" data-start=\"1814\" data-end=\"1922\">\n<p class=\"\" data-start=\"1816\" data-end=\"1922\"><strong data-start=\"1816\" data-end=\"1836\">Gizli Paketleme:<\/strong> Sipari\u015fleriniz i\u00e7erik belli olmayacak \u015fekilde, gizli ve kapal\u0131 koli ile g\u00f6nderilir.<\/p>\n<\/li>\n<li class=\"\" data-start=\"1923\" data-end=\"2064\">\n<p class=\"\" data-start=\"1925\" data-end=\"2064\"><strong data-start=\"1925\" data-end=\"1947\">\u00d6deme Se\u00e7enekleri:<\/strong> Kap\u0131da nakit veya kredi kart\u0131 ile \u00f6deme yapabilir, dilerseniz banka havalesi ile de i\u015flem ger\u00e7ekle\u015ftirebilirsiniz.<\/p>\n<\/li>\n<li class=\"\" data-start=\"2065\" data-end=\"2163\">\n<p class=\"\" data-start=\"2067\" data-end=\"2163\"><strong data-start=\"2067\" data-end=\"2092\">Teslimat Se\u00e7enekleri:<\/strong> Dilerseniz kap\u0131n\u0131za gelsin, dilerseniz en yak\u0131n \u015fubeden teslim al\u0131n.<\/p>\n<\/li>\n<li class=\"\" data-start=\"2164\" data-end=\"2253\">\n<p class=\"\" data-start=\"2166\" data-end=\"2253\"><strong data-start=\"2166\" data-end=\"2178\">G\u00fcvence:<\/strong> T\u00fcm \u00fcr\u00fcnlerimiz, sipari\u015ften teslimata kadar firmam\u0131z g\u00fcvencesi alt\u0131ndad\u0131r.<\/p>\n<\/li>\n<\/ul>\n<p class=\"\" data-start=\"2255\" data-end=\"2401\">\u2705 <strong data-start=\"2257\" data-end=\"2281\">Kap\u0131da G\u00fcvenli \u00d6deme<\/strong><br data-start=\"2281\" data-end=\"2284\" \/>\u2705 <strong data-start=\"2286\" data-end=\"2313\">Orijinal \u00dcr\u00fcn Garantisi<\/strong><br data-start=\"2313\" data-end=\"2316\" \/>\u2705 <strong data-start=\"2318\" data-end=\"2359\">T\u00fcm \u00dcr\u00fcnlerde H\u0131zl\u0131 ve Gizli G\u00f6nderim<\/strong><br data-start=\"2359\" data-end=\"2362\" \/>\u2705 <strong data-start=\"2364\" data-end=\"2401\">Gizlili\u011finize %100 \u00d6nem Veriyoruz<\/strong><\/p>\n<hr class=\"\" data-start=\"2403\" data-end=\"2406\" \/>\n<p class=\"\" data-start=\"2408\" data-end=\"2546\"><strong data-start=\"2408\" data-end=\"2473\">\u015eimdi Yairon ile cinsel ya\u015fam\u0131n\u0131za yeni bir boyut kazand\u0131r\u0131n!<\/strong><br data-start=\"2473\" data-end=\"2476\" \/>Ger\u00e7ek\u00e7i his, yo\u011fun haz ve \u00e7ift tarafl\u0131 uyar\u0131m deneyimi sizi bekliyor.<\/p>\n<p>&nbsp;<\/p>\n<p>&nbsp;<\/p>\n<p>&nbsp;<\/p>\n","protected":false},"excerpt":{"rendered":"<p><strong data-start=\"222\" data-end=\"274\">Yairon 4 cm Uzatmal\u0131 \u00c7iftli \u0130\u00e7i Bo\u015f Penis K\u0131l\u0131f\u0131<\/strong>, cinsel hayat\u0131n\u0131za yepyeni ve s\u0131ra d\u0131\u015f\u0131 bir deneyim katmak isteyenler i\u00e7in \u00f6zel olarak tasarland\u0131. \u0130li\u015fkinize ekstra boyut ve yo\u011fun haz kazand\u0131racak bu \u00fcr\u00fcn, \u00e7ift dildo tasar\u0131m\u0131 ile hem vajinal hem anal uyar\u0131m\u0131 ayn\u0131 anda ya\u015fama f\u0131rsat\u0131 sunuyor.<\/p>\n","protected":false},"featured_media":45710,"comment_status":"closed","ping_status":"closed","template":"","meta":[],"product_brand":[],"product_cat":[505],"product_tag":[],"class_list":{"0":"post-45708","1":"product","2":"type-product","3":"status-publish","4":"has-post-thumbnail","6":"product_cat-penis-kiliflari-halkalari","8":"first","9":"instock","10":"purchasable","11":"product-type-simple"},"yoast_head":"<!-- This site is optimized with the Yoast SEO Premium plugin v24.4 (Yoast SEO v27.1.1) - https:\/\/yoast.com\/product\/yoast-seo-premium-wordpress\/ -->\n<title>4 Cm Uzatmal\u0131 \u00c7iftli I\u0307\u00e7i Bo\u015f 17,5 Cm \u00c7atal Dildo Penis K\u0131l\u0131f\u0131 - Yairon - Bursa Erotik Shop<\/title>\n<meta name=\"robots\" content=\"index, follow, max-snippet:-1, max-image-preview:large, max-video-preview:-1\" \/>\n<link rel=\"canonical\" href=\"https:\/\/hobierotikshop.com.tr\/website1\/erotik-shop-urun\/4-cm-uzatmali-ciftli-ici-bos-175-cm-catal-dildo-penis-kilifi-yairon\/\" \/>\n<meta property=\"og:locale\" content=\"tr_TR\" \/>\n<meta property=\"og:type\" content=\"article\" \/>\n<meta property=\"og:title\" content=\"4 Cm Uzatmal\u0131 \u00c7iftli I\u0307\u00e7i Bo\u015f 17,5 Cm \u00c7atal Dildo Penis K\u0131l\u0131f\u0131 - Yairon\" \/>\n<meta property=\"og:description\" content=\"Yairon 4 cm Uzatmal\u0131 \u00c7iftli \u0130\u00e7i Bo\u015f Penis K\u0131l\u0131f\u0131, cinsel hayat\u0131n\u0131za yepyeni ve s\u0131ra d\u0131\u015f\u0131 bir deneyim katmak isteyenler i\u00e7in \u00f6zel olarak tasarland\u0131. \u0130li\u015fkinize ekstra boyut ve yo\u011fun haz kazand\u0131racak bu \u00fcr\u00fcn, \u00e7ift dildo tasar\u0131m\u0131 ile hem vajinal hem anal uyar\u0131m\u0131 ayn\u0131 anda ya\u015fama f\u0131rsat\u0131 sunuyor.\" \/>\n<meta property=\"og:url\" content=\"https:\/\/hobierotikshop.com.tr\/website1\/erotik-shop-urun\/4-cm-uzatmali-ciftli-ici-bos-175-cm-catal-dildo-penis-kilifi-yairon\/\" \/>\n<meta property=\"og:site_name\" content=\"Bursa Erotik Shop\" \/>\n<meta property=\"article:modified_time\" content=\"2026-01-08T23:57:32+00:00\" \/>\n<meta property=\"og:image\" content=\"https:\/\/hobierotikshop.com.tr\/website1\/wp-content\/uploads\/2025\/04\/4-cm-uzatmali-ciftli-ici-bos-175-cm-ca-a1-768.jpg\" \/>\n\t<meta property=\"og:image:width\" content=\"455\" \/>\n\t<meta property=\"og:image:height\" content=\"455\" \/>\n\t<meta property=\"og:image:type\" content=\"image\/jpeg\" \/>\n<meta name=\"twitter:card\" content=\"summary_large_image\" \/>\n<meta name=\"twitter:site\" content=\"@shopbursa\" \/>\n<meta name=\"twitter:label1\" content=\"Fiyat\" \/>\n\t<meta name=\"twitter:data1\" content=\"&#8378;1.685,00\" \/>\n\t<meta name=\"twitter:label2\" content=\"Availability\" \/>\n\t<meta name=\"twitter:data2\" content=\"In stock\" \/>\n<script type=\"application\/ld+json\" class=\"yoast-schema-graph\">{\"@context\":\"https:\/\/schema.org\",\"@graph\":[{\"@type\":\"WebPage\",\"@id\":\"https:\/\/hobierotikshop.com.tr\/website1\/erotik-shop-urun\/4-cm-uzatmali-ciftli-ici-bos-175-cm-catal-dildo-penis-kilifi-yairon\/\",\"url\":\"https:\/\/hobierotikshop.com.tr\/website1\/erotik-shop-urun\/4-cm-uzatmali-ciftli-ici-bos-175-cm-catal-dildo-penis-kilifi-yairon\/\",\"name\":\"4 Cm Uzatmal\u0131 \u00c7iftli I\u0307\u00e7i Bo\u015f 17,5 Cm \u00c7atal Dildo Penis K\u0131l\u0131f\u0131 - Yairon - Bursa Erotik Shop\",\"isPartOf\":{\"@id\":\"https:\/\/hobierotikshop.com.tr\/website1\/#website\"},\"primaryImageOfPage\":{\"@id\":\"https:\/\/hobierotikshop.com.tr\/website1\/erotik-shop-urun\/4-cm-uzatmali-ciftli-ici-bos-175-cm-catal-dildo-penis-kilifi-yairon\/#primaryimage\"},\"image\":{\"@id\":\"https:\/\/hobierotikshop.com.tr\/website1\/erotik-shop-urun\/4-cm-uzatmali-ciftli-ici-bos-175-cm-catal-dildo-penis-kilifi-yairon\/#primaryimage\"},\"thumbnailUrl\":\"https:\/\/haremerotikshop.com\/site\/wp-content\/uploads\/2025\/04\/4-cm-uzatmali-ciftli-ici-bos-175-cm-ca-a1-768.jpg\",\"datePublished\":\"2025-04-26T14:19:21+00:00\",\"dateModified\":\"2026-01-08T23:57:32+00:00\",\"breadcrumb\":{\"@id\":\"https:\/\/hobierotikshop.com.tr\/website1\/erotik-shop-urun\/4-cm-uzatmali-ciftli-ici-bos-175-cm-catal-dildo-penis-kilifi-yairon\/#breadcrumb\"},\"inLanguage\":\"tr\",\"potentialAction\":[{\"@type\":\"ReadAction\",\"target\":[\"https:\/\/hobierotikshop.com.tr\/website1\/erotik-shop-urun\/4-cm-uzatmali-ciftli-ici-bos-175-cm-catal-dildo-penis-kilifi-yairon\/\"]}]},{\"@type\":\"ImageObject\",\"inLanguage\":\"tr\",\"@id\":\"https:\/\/hobierotikshop.com.tr\/website1\/erotik-shop-urun\/4-cm-uzatmali-ciftli-ici-bos-175-cm-catal-dildo-penis-kilifi-yairon\/#primaryimage\",\"url\":\"https:\/\/haremerotikshop.com\/site\/wp-content\/uploads\/2025\/04\/4-cm-uzatmali-ciftli-ici-bos-175-cm-ca-a1-768.jpg\",\"contentUrl\":\"https:\/\/haremerotikshop.com\/site\/wp-content\/uploads\/2025\/04\/4-cm-uzatmali-ciftli-ici-bos-175-cm-ca-a1-768.jpg\",\"width\":455,\"height\":455},{\"@type\":\"BreadcrumbList\",\"@id\":\"https:\/\/hobierotikshop.com.tr\/website1\/erotik-shop-urun\/4-cm-uzatmali-ciftli-ici-bos-175-cm-catal-dildo-penis-kilifi-yairon\/#breadcrumb\",\"itemListElement\":[{\"@type\":\"ListItem\",\"position\":1,\"name\":\"Anasayfa\",\"item\":\"https:\/\/hobierotikshop.com.tr\/website1\/\"},{\"@type\":\"ListItem\",\"position\":2,\"name\":\"Erotik Shop \u00dcr\u00fcnleri\",\"item\":\"https:\/\/hobierotikshop.com.tr\/website1\/shop\/\"},{\"@type\":\"ListItem\",\"position\":3,\"name\":\"4 Cm Uzatmal\u0131 \u00c7iftli I\u0307\u00e7i Bo\u015f 17,5 Cm \u00c7atal Dildo Penis K\u0131l\u0131f\u0131 &#8211; Yairon\"}]},{\"@type\":\"WebSite\",\"@id\":\"https:\/\/hobierotikshop.com.tr\/website1\/#website\",\"url\":\"https:\/\/hobierotikshop.com.tr\/website1\/\",\"name\":\"Bursa Erotik Shop\",\"description\":\"Bursa Erotik Shop ile g\u00fcvenli, gizli ve kaliteli yeti\u015fkin \u00fcr\u00fcnleri al\u0131\u015fveri\u015fi! Geni\u015f \u00fcr\u00fcn yelpazemizi ke\u015ffedin, hemen sipari\u015f verin\",\"publisher\":{\"@id\":\"https:\/\/hobierotikshop.com.tr\/website1\/#organization\"},\"alternateName\":\"Erotik Shop\",\"potentialAction\":[{\"@type\":\"SearchAction\",\"target\":{\"@type\":\"EntryPoint\",\"urlTemplate\":\"https:\/\/hobierotikshop.com.tr\/website1\/?s={search_term_string}\"},\"query-input\":{\"@type\":\"PropertyValueSpecification\",\"valueRequired\":true,\"valueName\":\"search_term_string\"}}],\"inLanguage\":\"tr\"},{\"@type\":\"Organization\",\"@id\":\"https:\/\/hobierotikshop.com.tr\/website1\/#organization\",\"name\":\"Harem Bursa Erotik Shop\",\"url\":\"https:\/\/hobierotikshop.com.tr\/website1\/\",\"logo\":{\"@type\":\"ImageObject\",\"inLanguage\":\"tr\",\"@id\":\"https:\/\/hobierotikshop.com.tr\/website1\/#\/schema\/logo\/image\/\",\"url\":\"https:\/\/haremerotikshop.com\/wp-content\/uploads\/2025\/03\/haremsexshop.png\",\"contentUrl\":\"https:\/\/haremerotikshop.com\/wp-content\/uploads\/2025\/03\/haremsexshop.png\",\"width\":400,\"height\":100,\"caption\":\"Harem Bursa Erotik Shop\"},\"image\":{\"@id\":\"https:\/\/hobierotikshop.com.tr\/website1\/#\/schema\/logo\/image\/\"},\"sameAs\":[\"https:\/\/x.com\/shopbursa\"],\"publishingPrinciples\":\"https:\/\/hobierotikshop.com.tr\/website1\/mesafeli-satis-sozlesmesi\/\",\"ownershipFundingInfo\":\"https:\/\/hobierotikshop.com.tr\/website1\/contact-us\/\",\"actionableFeedbackPolicy\":\"https:\/\/hobierotikshop.com.tr\/website1\/contact-us\/\",\"correctionsPolicy\":\"https:\/\/hobierotikshop.com.tr\/website1\/mesafeli-satis-sozlesmesi\/\"}]}<\/script>\n<meta property=\"product:price:amount\" content=\"1685.00\" \/>\n<meta property=\"product:price:currency\" content=\"TRY\" \/>\n<meta property=\"og:availability\" content=\"instock\" \/>\n<meta property=\"product:availability\" content=\"instock\" \/>\n<meta property=\"product:retailer_item_id\" content=\"BDM1430\" \/>\n<meta property=\"product:condition\" content=\"new\" \/>\n<!-- \/ Yoast SEO Premium plugin. -->","yoast_head_json":{"title":"4 Cm Uzatmal\u0131 \u00c7iftli I\u0307\u00e7i Bo\u015f 17,5 Cm \u00c7atal Dildo Penis K\u0131l\u0131f\u0131 - Yairon - Bursa Erotik Shop","robots":{"index":"index","follow":"follow","max-snippet":"max-snippet:-1","max-image-preview":"max-image-preview:large","max-video-preview":"max-video-preview:-1"},"canonical":"https:\/\/hobierotikshop.com.tr\/website1\/erotik-shop-urun\/4-cm-uzatmali-ciftli-ici-bos-175-cm-catal-dildo-penis-kilifi-yairon\/","og_locale":"tr_TR","og_type":"article","og_title":"4 Cm Uzatmal\u0131 \u00c7iftli I\u0307\u00e7i Bo\u015f 17,5 Cm \u00c7atal Dildo Penis K\u0131l\u0131f\u0131 - Yairon","og_description":"Yairon 4 cm Uzatmal\u0131 \u00c7iftli \u0130\u00e7i Bo\u015f Penis K\u0131l\u0131f\u0131, cinsel hayat\u0131n\u0131za yepyeni ve s\u0131ra d\u0131\u015f\u0131 bir deneyim katmak isteyenler i\u00e7in \u00f6zel olarak tasarland\u0131. \u0130li\u015fkinize ekstra boyut ve yo\u011fun haz kazand\u0131racak bu \u00fcr\u00fcn, \u00e7ift dildo tasar\u0131m\u0131 ile hem vajinal hem anal uyar\u0131m\u0131 ayn\u0131 anda ya\u015fama f\u0131rsat\u0131 sunuyor.","og_url":"https:\/\/hobierotikshop.com.tr\/website1\/erotik-shop-urun\/4-cm-uzatmali-ciftli-ici-bos-175-cm-catal-dildo-penis-kilifi-yairon\/","og_site_name":"Bursa Erotik Shop","article_modified_time":"2026-01-08T23:57:32+00:00","og_image":[{"width":455,"height":455,"url":"https:\/\/hobierotikshop.com.tr\/website1\/wp-content\/uploads\/2025\/04\/4-cm-uzatmali-ciftli-ici-bos-175-cm-ca-a1-768.jpg","type":"image\/jpeg"}],"twitter_card":"summary_large_image","twitter_site":"@shopbursa","twitter_misc":{"Fiyat":"&#8378;1.685,00","Availability":"In stock"},"schema":{"@context":"https:\/\/schema.org","@graph":[{"@type":"WebPage","@id":"https:\/\/hobierotikshop.com.tr\/website1\/erotik-shop-urun\/4-cm-uzatmali-ciftli-ici-bos-175-cm-catal-dildo-penis-kilifi-yairon\/","url":"https:\/\/hobierotikshop.com.tr\/website1\/erotik-shop-urun\/4-cm-uzatmali-ciftli-ici-bos-175-cm-catal-dildo-penis-kilifi-yairon\/","name":"4 Cm Uzatmal\u0131 \u00c7iftli I\u0307\u00e7i Bo\u015f 17,5 Cm \u00c7atal Dildo Penis K\u0131l\u0131f\u0131 - Yairon - Bursa Erotik Shop","isPartOf":{"@id":"https:\/\/hobierotikshop.com.tr\/website1\/#website"},"primaryImageOfPage":{"@id":"https:\/\/hobierotikshop.com.tr\/website1\/erotik-shop-urun\/4-cm-uzatmali-ciftli-ici-bos-175-cm-catal-dildo-penis-kilifi-yairon\/#primaryimage"},"image":{"@id":"https:\/\/hobierotikshop.com.tr\/website1\/erotik-shop-urun\/4-cm-uzatmali-ciftli-ici-bos-175-cm-catal-dildo-penis-kilifi-yairon\/#primaryimage"},"thumbnailUrl":"https:\/\/haremerotikshop.com\/site\/wp-content\/uploads\/2025\/04\/4-cm-uzatmali-ciftli-ici-bos-175-cm-ca-a1-768.jpg","datePublished":"2025-04-26T14:19:21+00:00","dateModified":"2026-01-08T23:57:32+00:00","breadcrumb":{"@id":"https:\/\/hobierotikshop.com.tr\/website1\/erotik-shop-urun\/4-cm-uzatmali-ciftli-ici-bos-175-cm-catal-dildo-penis-kilifi-yairon\/#breadcrumb"},"inLanguage":"tr","potentialAction":[{"@type":"ReadAction","target":["https:\/\/hobierotikshop.com.tr\/website1\/erotik-shop-urun\/4-cm-uzatmali-ciftli-ici-bos-175-cm-catal-dildo-penis-kilifi-yairon\/"]}]},{"@type":"ImageObject","inLanguage":"tr","@id":"https:\/\/hobierotikshop.com.tr\/website1\/erotik-shop-urun\/4-cm-uzatmali-ciftli-ici-bos-175-cm-catal-dildo-penis-kilifi-yairon\/#primaryimage","url":"https:\/\/haremerotikshop.com\/site\/wp-content\/uploads\/2025\/04\/4-cm-uzatmali-ciftli-ici-bos-175-cm-ca-a1-768.jpg","contentUrl":"https:\/\/haremerotikshop.com\/site\/wp-content\/uploads\/2025\/04\/4-cm-uzatmali-ciftli-ici-bos-175-cm-ca-a1-768.jpg","width":455,"height":455},{"@type":"BreadcrumbList","@id":"https:\/\/hobierotikshop.com.tr\/website1\/erotik-shop-urun\/4-cm-uzatmali-ciftli-ici-bos-175-cm-catal-dildo-penis-kilifi-yairon\/#breadcrumb","itemListElement":[{"@type":"ListItem","position":1,"name":"Anasayfa","item":"https:\/\/hobierotikshop.com.tr\/website1\/"},{"@type":"ListItem","position":2,"name":"Erotik Shop \u00dcr\u00fcnleri","item":"https:\/\/hobierotikshop.com.tr\/website1\/shop\/"},{"@type":"ListItem","position":3,"name":"4 Cm Uzatmal\u0131 \u00c7iftli I\u0307\u00e7i Bo\u015f 17,5 Cm \u00c7atal Dildo Penis K\u0131l\u0131f\u0131 &#8211; Yairon"}]},{"@type":"WebSite","@id":"https:\/\/hobierotikshop.com.tr\/website1\/#website","url":"https:\/\/hobierotikshop.com.tr\/website1\/","name":"Bursa Erotik Shop","description":"Bursa Erotik Shop ile g\u00fcvenli, gizli ve kaliteli yeti\u015fkin \u00fcr\u00fcnleri al\u0131\u015fveri\u015fi! Geni\u015f \u00fcr\u00fcn yelpazemizi ke\u015ffedin, hemen sipari\u015f verin","publisher":{"@id":"https:\/\/hobierotikshop.com.tr\/website1\/#organization"},"alternateName":"Erotik Shop","potentialAction":[{"@type":"SearchAction","target":{"@type":"EntryPoint","urlTemplate":"https:\/\/hobierotikshop.com.tr\/website1\/?s={search_term_string}"},"query-input":{"@type":"PropertyValueSpecification","valueRequired":true,"valueName":"search_term_string"}}],"inLanguage":"tr"},{"@type":"Organization","@id":"https:\/\/hobierotikshop.com.tr\/website1\/#organization","name":"Harem Bursa Erotik Shop","url":"https:\/\/hobierotikshop.com.tr\/website1\/","logo":{"@type":"ImageObject","inLanguage":"tr","@id":"https:\/\/hobierotikshop.com.tr\/website1\/#\/schema\/logo\/image\/","url":"https:\/\/haremerotikshop.com\/wp-content\/uploads\/2025\/03\/haremsexshop.png","contentUrl":"https:\/\/haremerotikshop.com\/wp-content\/uploads\/2025\/03\/haremsexshop.png","width":400,"height":100,"caption":"Harem Bursa Erotik Shop"},"image":{"@id":"https:\/\/hobierotikshop.com.tr\/website1\/#\/schema\/logo\/image\/"},"sameAs":["https:\/\/x.com\/shopbursa"],"publishingPrinciples":"https:\/\/hobierotikshop.com.tr\/website1\/mesafeli-satis-sozlesmesi\/","ownershipFundingInfo":"https:\/\/hobierotikshop.com.tr\/website1\/contact-us\/","actionableFeedbackPolicy":"https:\/\/hobierotikshop.com.tr\/website1\/contact-us\/","correctionsPolicy":"https:\/\/hobierotikshop.com.tr\/website1\/mesafeli-satis-sozlesmesi\/"}]},"product_price_amount":"1685.00","product_price_currency":"TRY","og_availability":"instock","product_availability":"instock","product_retailer_item_id":"BDM1430","product_condition":"new"},"_links":{"self":[{"href":"https:\/\/haremerotikshop.com\/site\/wp-json\/wp\/v2\/product\/45708","targetHints":{"allow":["GET"]}}],"collection":[{"href":"https:\/\/haremerotikshop.com\/site\/wp-json\/wp\/v2\/product"}],"about":[{"href":"https:\/\/haremerotikshop.com\/site\/wp-json\/wp\/v2\/types\/product"}],"replies":[{"embeddable":true,"href":"https:\/\/haremerotikshop.com\/site\/wp-json\/wp\/v2\/comments?post=45708"}],"version-history":[{"count":0,"href":"https:\/\/haremerotikshop.com\/site\/wp-json\/wp\/v2\/product\/45708\/revisions"}],"wp:featuredmedia":[{"embeddable":true,"href":"https:\/\/haremerotikshop.com\/site\/wp-json\/wp\/v2\/media\/45710"}],"wp:attachment":[{"href":"https:\/\/haremerotikshop.com\/site\/wp-json\/wp\/v2\/media?parent=45708"}],"wp:term":[{"taxonomy":"product_brand","embeddable":true,"href":"https:\/\/haremerotikshop.com\/site\/wp-json\/wp\/v2\/product_brand?post=45708"},{"taxonomy":"product_cat","embeddable":true,"href":"https:\/\/haremerotikshop.com\/site\/wp-json\/wp\/v2\/product_cat?post=45708"},{"taxonomy":"product_tag","embeddable":true,"href":"https:\/\/haremerotikshop.com\/site\/wp-json\/wp\/v2\/product_tag?post=45708"}],"curies":[{"name":"wp","href":"https:\/\/api.w.org\/{rel}","templated":true}]}}