{"id":49258,"date":"2026-01-08T17:25:19","date_gmt":"2026-01-08T14:25:19","guid":{"rendered":"https:\/\/hobierotikshop.com.tr\/website1\/erotik-shop-urun\/carol-doll-yellow\/"},"modified":"2026-01-09T02:57:13","modified_gmt":"2026-01-08T23:57:13","slug":"carol-doll-yellow","status":"publish","type":"product","link":"https:\/\/haremerotikshop.com\/site\/erotik-shop-urun\/carol-doll-yellow\/","title":{"rendered":"Carol Doll Yellow"},"content":{"rendered":"<p><span dir=\"auto\" style=\"vertical-align: inherit;\"><span dir=\"auto\" style=\"vertical-align: inherit;\"><\/p>\n<div open=\"\" style=\"font-size: 13px; border-top-color: currentColor; border-top-width: 0px; border-top-style: none;\"><span style=\"margin: 0px; padding: 0px; outline: 0px; border: 0px currentColor; font-family: verdana, geneva, sans-serif; font-size: 13px; vertical-align: baseline;\">* CAROL Sa\u00e7l\u0131 Titre\u015fimli \u015ei\u015fme Manken<\/span><\/div>\n<div open=\"\" style=\"font-size: 13px; border-top-color: currentColor; border-top-width: 0px; border-top-style: none;\"><span style=\"margin: 0px; padding: 0px; outline: 0px; border: 0px currentColor; font-family: verdana, geneva, sans-serif; font-size: 13px; vertical-align: baseline;\">* Uzun Sar\u0131 D\u00fcz Sa\u00e7l\u0131<\/span><\/div>\n<div open=\"\" style=\"font-size: 13px; border-top-color: currentColor; border-top-width: 0px; border-top-style: none;\"><span style=\"margin: 0px; padding: 0px; outline: 0px; border: 0px currentColor; font-family: verdana, geneva, sans-serif; font-size: 13px; vertical-align: baseline;\">* Ger\u00e7ek insan boyunda<\/span><\/div>\n<div open=\"\" style=\"font-size: 13px; border-top-color: currentColor; border-top-width: 0px; border-top-style: none;\"><span style=\"margin: 0px; padding: 0px; outline: 0px; border: 0px currentColor; font-family: verdana, geneva, sans-serif; font-size: 13px; vertical-align: baseline;\">*&nbsp;3 i\u015flevli ili\u015fki \u00f6zelli\u011fi<\/span><\/div>\n<div open=\"\" style=\"font-size: 13px; border-top-color: currentColor; border-top-width: 0px; border-top-style: none;\"><span style=\"margin: 0px; padding: 0px; outline: 0px; border: 0px currentColor; font-family: verdana, geneva, sans-serif; font-size: 13px; vertical-align: baseline;\">* Yumu\u015fak soft ili\u015fki b\u00f6l\u00fcmleri<\/span><\/div>\n<div open=\"\" style=\"font-size: 13px; border-top-color: currentColor; border-top-width: 0px; border-top-style: none;\"><span style=\"margin: 0px; padding: 0px; outline: 0px; border: 0px currentColor; font-family: verdana, geneva, sans-serif; font-size: 13px; vertical-align: baseline;\">* Titre\u015fim&nbsp;\u00f6zelli\u011fi<\/span><\/div>\n<div open=\"\" style=\"font-size: 13px; border-top-color: currentColor; border-top-width: 0px; border-top-style: none;\"><span style=\"margin: 0px; padding: 0px; outline: 0px; border: 0px currentColor; font-family: verdana, geneva, sans-serif; font-size: 13px; vertical-align: baseline;\">* \u015ei\u015firme pompas\u0131 <\/span><\/div>\n<div open=\"\" style=\"font-size: 13px; border-top-color: currentColor; border-top-width: 0px; border-top-style: none;\"><span style=\"margin: 0px; padding: 0px; outline: 0px; border: 0px currentColor; font-family: verdana, geneva, sans-serif; font-size: 13px; vertical-align: baseline;\">* Kaliteli s\u00fcper \u015fi\u015fme manken<\/span><\/div>\n<p><\/span><\/span><\/p>\n","protected":false},"excerpt":{"rendered":"<p>* CAROL Sa\u00e7l\u0131 Titre\u015fimli \u015ei\u015fme Manken * Uzun Sar\u0131 D\u00fcz Sa\u00e7l\u0131 * Ger\u00e7ek insan boyunda *&nbsp;3 i\u015flevli ili\u015fki \u00f6zelli\u011fi *<\/p>\n","protected":false},"featured_media":49260,"comment_status":"closed","ping_status":"open","template":"elementor_canvas","meta":[],"product_brand":[],"product_cat":[513],"product_tag":[],"class_list":{"0":"post-49258","1":"product","2":"type-product","3":"status-publish","4":"has-post-thumbnail","6":"product_cat-sisme-bebekler","8":"first","9":"instock","10":"purchasable","11":"product-type-simple"},"yoast_head":"<!-- This site is optimized with the Yoast SEO Premium plugin v24.4 (Yoast SEO v27.1.1) - https:\/\/yoast.com\/product\/yoast-seo-premium-wordpress\/ -->\n<title>Carol Doll Yellow - Bursa Erotik Shop<\/title>\n<meta name=\"robots\" content=\"index, follow, max-snippet:-1, max-image-preview:large, max-video-preview:-1\" \/>\n<link rel=\"canonical\" href=\"https:\/\/hobierotikshop.com.tr\/website1\/erotik-shop-urun\/carol-doll-yellow\/\" \/>\n<meta property=\"og:locale\" content=\"tr_TR\" \/>\n<meta property=\"og:type\" content=\"article\" \/>\n<meta property=\"og:title\" content=\"Carol Doll Yellow\" \/>\n<meta property=\"og:description\" content=\"* CAROL Sa\u00e7l\u0131 Titre\u015fimli \u015ei\u015fme Manken * Uzun Sar\u0131 D\u00fcz Sa\u00e7l\u0131 * Ger\u00e7ek insan boyunda *&nbsp;3 i\u015flevli ili\u015fki \u00f6zelli\u011fi *\" \/>\n<meta property=\"og:url\" content=\"https:\/\/hobierotikshop.com.tr\/website1\/erotik-shop-urun\/carol-doll-yellow\/\" \/>\n<meta property=\"og:site_name\" content=\"Bursa Erotik Shop\" \/>\n<meta property=\"article:modified_time\" content=\"2026-01-08T23:57:13+00:00\" \/>\n<meta property=\"og:image\" content=\"https:\/\/hobierotikshop.com.tr\/website1\/wp-content\/uploads\/2026\/01\/CAROL-DOLL-YELLOW-resim-249.jpg\" \/>\n\t<meta property=\"og:image:width\" content=\"475\" \/>\n\t<meta property=\"og:image:height\" content=\"475\" \/>\n\t<meta property=\"og:image:type\" content=\"image\/jpeg\" \/>\n<meta name=\"twitter:card\" content=\"summary_large_image\" \/>\n<meta name=\"twitter:site\" content=\"@shopbursa\" \/>\n<meta name=\"twitter:label1\" content=\"Fiyat\" \/>\n\t<meta name=\"twitter:data1\" content=\"&#8378;770,63\" \/>\n\t<meta name=\"twitter:label2\" content=\"Availability\" \/>\n\t<meta name=\"twitter:data2\" content=\"In stock\" \/>\n<script type=\"application\/ld+json\" class=\"yoast-schema-graph\">{\"@context\":\"https:\/\/schema.org\",\"@graph\":[{\"@type\":\"WebPage\",\"@id\":\"https:\/\/hobierotikshop.com.tr\/website1\/erotik-shop-urun\/carol-doll-yellow\/\",\"url\":\"https:\/\/hobierotikshop.com.tr\/website1\/erotik-shop-urun\/carol-doll-yellow\/\",\"name\":\"Carol Doll Yellow - Bursa Erotik Shop\",\"isPartOf\":{\"@id\":\"https:\/\/hobierotikshop.com.tr\/website1\/#website\"},\"primaryImageOfPage\":{\"@id\":\"https:\/\/hobierotikshop.com.tr\/website1\/erotik-shop-urun\/carol-doll-yellow\/#primaryimage\"},\"image\":{\"@id\":\"https:\/\/hobierotikshop.com.tr\/website1\/erotik-shop-urun\/carol-doll-yellow\/#primaryimage\"},\"thumbnailUrl\":\"https:\/\/haremerotikshop.com\/site\/wp-content\/uploads\/2026\/01\/CAROL-DOLL-YELLOW-resim-249.jpg\",\"datePublished\":\"2026-01-08T14:25:19+00:00\",\"dateModified\":\"2026-01-08T23:57:13+00:00\",\"breadcrumb\":{\"@id\":\"https:\/\/hobierotikshop.com.tr\/website1\/erotik-shop-urun\/carol-doll-yellow\/#breadcrumb\"},\"inLanguage\":\"tr\",\"potentialAction\":[{\"@type\":\"ReadAction\",\"target\":[\"https:\/\/hobierotikshop.com.tr\/website1\/erotik-shop-urun\/carol-doll-yellow\/\"]}]},{\"@type\":\"ImageObject\",\"inLanguage\":\"tr\",\"@id\":\"https:\/\/hobierotikshop.com.tr\/website1\/erotik-shop-urun\/carol-doll-yellow\/#primaryimage\",\"url\":\"https:\/\/haremerotikshop.com\/site\/wp-content\/uploads\/2026\/01\/CAROL-DOLL-YELLOW-resim-249.jpg\",\"contentUrl\":\"https:\/\/haremerotikshop.com\/site\/wp-content\/uploads\/2026\/01\/CAROL-DOLL-YELLOW-resim-249.jpg\",\"width\":475,\"height\":475},{\"@type\":\"BreadcrumbList\",\"@id\":\"https:\/\/hobierotikshop.com.tr\/website1\/erotik-shop-urun\/carol-doll-yellow\/#breadcrumb\",\"itemListElement\":[{\"@type\":\"ListItem\",\"position\":1,\"name\":\"Anasayfa\",\"item\":\"https:\/\/hobierotikshop.com.tr\/website1\/\"},{\"@type\":\"ListItem\",\"position\":2,\"name\":\"Erotik Shop \u00dcr\u00fcnleri\",\"item\":\"https:\/\/hobierotikshop.com.tr\/website1\/shop\/\"},{\"@type\":\"ListItem\",\"position\":3,\"name\":\"Carol Doll Yellow\"}]},{\"@type\":\"WebSite\",\"@id\":\"https:\/\/hobierotikshop.com.tr\/website1\/#website\",\"url\":\"https:\/\/hobierotikshop.com.tr\/website1\/\",\"name\":\"Bursa Erotik Shop\",\"description\":\"Bursa Erotik Shop ile g\u00fcvenli, gizli ve kaliteli yeti\u015fkin \u00fcr\u00fcnleri al\u0131\u015fveri\u015fi! Geni\u015f \u00fcr\u00fcn yelpazemizi ke\u015ffedin, hemen sipari\u015f verin\",\"publisher\":{\"@id\":\"https:\/\/hobierotikshop.com.tr\/website1\/#organization\"},\"alternateName\":\"Erotik Shop\",\"potentialAction\":[{\"@type\":\"SearchAction\",\"target\":{\"@type\":\"EntryPoint\",\"urlTemplate\":\"https:\/\/hobierotikshop.com.tr\/website1\/?s={search_term_string}\"},\"query-input\":{\"@type\":\"PropertyValueSpecification\",\"valueRequired\":true,\"valueName\":\"search_term_string\"}}],\"inLanguage\":\"tr\"},{\"@type\":\"Organization\",\"@id\":\"https:\/\/hobierotikshop.com.tr\/website1\/#organization\",\"name\":\"Harem Bursa Erotik Shop\",\"url\":\"https:\/\/hobierotikshop.com.tr\/website1\/\",\"logo\":{\"@type\":\"ImageObject\",\"inLanguage\":\"tr\",\"@id\":\"https:\/\/hobierotikshop.com.tr\/website1\/#\/schema\/logo\/image\/\",\"url\":\"https:\/\/haremerotikshop.com\/site\/wp-content\/uploads\/2025\/03\/haremsexshop.png\",\"contentUrl\":\"https:\/\/haremerotikshop.com\/site\/wp-content\/uploads\/2025\/03\/haremsexshop.png\",\"width\":400,\"height\":100,\"caption\":\"Harem Bursa Erotik Shop\"},\"image\":{\"@id\":\"https:\/\/hobierotikshop.com.tr\/website1\/#\/schema\/logo\/image\/\"},\"sameAs\":[\"https:\/\/x.com\/shopbursa\"],\"publishingPrinciples\":\"https:\/\/hobierotikshop.com.tr\/website1\/mesafeli-satis-sozlesmesi\/\",\"ownershipFundingInfo\":\"https:\/\/hobierotikshop.com.tr\/website1\/contact-us\/\",\"actionableFeedbackPolicy\":\"https:\/\/hobierotikshop.com.tr\/website1\/contact-us\/\",\"correctionsPolicy\":\"https:\/\/hobierotikshop.com.tr\/website1\/mesafeli-satis-sozlesmesi\/\"}]}<\/script>\n<meta property=\"product:price:amount\" content=\"770.63\" \/>\n<meta property=\"product:price:currency\" content=\"TRY\" \/>\n<meta property=\"og:availability\" content=\"instock\" \/>\n<meta property=\"product:availability\" content=\"instock\" \/>\n<meta property=\"product:retailer_item_id\" content=\"8003-1\" \/>\n<meta property=\"product:condition\" content=\"new\" \/>\n<!-- \/ Yoast SEO Premium plugin. -->","yoast_head_json":{"title":"Carol Doll Yellow - Bursa Erotik Shop","robots":{"index":"index","follow":"follow","max-snippet":"max-snippet:-1","max-image-preview":"max-image-preview:large","max-video-preview":"max-video-preview:-1"},"canonical":"https:\/\/hobierotikshop.com.tr\/website1\/erotik-shop-urun\/carol-doll-yellow\/","og_locale":"tr_TR","og_type":"article","og_title":"Carol Doll Yellow","og_description":"* CAROL Sa\u00e7l\u0131 Titre\u015fimli \u015ei\u015fme Manken * Uzun Sar\u0131 D\u00fcz Sa\u00e7l\u0131 * Ger\u00e7ek insan boyunda *&nbsp;3 i\u015flevli ili\u015fki \u00f6zelli\u011fi *","og_url":"https:\/\/hobierotikshop.com.tr\/website1\/erotik-shop-urun\/carol-doll-yellow\/","og_site_name":"Bursa Erotik Shop","article_modified_time":"2026-01-08T23:57:13+00:00","og_image":[{"width":475,"height":475,"url":"https:\/\/hobierotikshop.com.tr\/website1\/wp-content\/uploads\/2026\/01\/CAROL-DOLL-YELLOW-resim-249.jpg","type":"image\/jpeg"}],"twitter_card":"summary_large_image","twitter_site":"@shopbursa","twitter_misc":{"Fiyat":"&#8378;770,63","Availability":"In stock"},"schema":{"@context":"https:\/\/schema.org","@graph":[{"@type":"WebPage","@id":"https:\/\/hobierotikshop.com.tr\/website1\/erotik-shop-urun\/carol-doll-yellow\/","url":"https:\/\/hobierotikshop.com.tr\/website1\/erotik-shop-urun\/carol-doll-yellow\/","name":"Carol Doll Yellow - Bursa Erotik Shop","isPartOf":{"@id":"https:\/\/hobierotikshop.com.tr\/website1\/#website"},"primaryImageOfPage":{"@id":"https:\/\/hobierotikshop.com.tr\/website1\/erotik-shop-urun\/carol-doll-yellow\/#primaryimage"},"image":{"@id":"https:\/\/hobierotikshop.com.tr\/website1\/erotik-shop-urun\/carol-doll-yellow\/#primaryimage"},"thumbnailUrl":"https:\/\/haremerotikshop.com\/site\/wp-content\/uploads\/2026\/01\/CAROL-DOLL-YELLOW-resim-249.jpg","datePublished":"2026-01-08T14:25:19+00:00","dateModified":"2026-01-08T23:57:13+00:00","breadcrumb":{"@id":"https:\/\/hobierotikshop.com.tr\/website1\/erotik-shop-urun\/carol-doll-yellow\/#breadcrumb"},"inLanguage":"tr","potentialAction":[{"@type":"ReadAction","target":["https:\/\/hobierotikshop.com.tr\/website1\/erotik-shop-urun\/carol-doll-yellow\/"]}]},{"@type":"ImageObject","inLanguage":"tr","@id":"https:\/\/hobierotikshop.com.tr\/website1\/erotik-shop-urun\/carol-doll-yellow\/#primaryimage","url":"https:\/\/haremerotikshop.com\/site\/wp-content\/uploads\/2026\/01\/CAROL-DOLL-YELLOW-resim-249.jpg","contentUrl":"https:\/\/haremerotikshop.com\/site\/wp-content\/uploads\/2026\/01\/CAROL-DOLL-YELLOW-resim-249.jpg","width":475,"height":475},{"@type":"BreadcrumbList","@id":"https:\/\/hobierotikshop.com.tr\/website1\/erotik-shop-urun\/carol-doll-yellow\/#breadcrumb","itemListElement":[{"@type":"ListItem","position":1,"name":"Anasayfa","item":"https:\/\/hobierotikshop.com.tr\/website1\/"},{"@type":"ListItem","position":2,"name":"Erotik Shop \u00dcr\u00fcnleri","item":"https:\/\/hobierotikshop.com.tr\/website1\/shop\/"},{"@type":"ListItem","position":3,"name":"Carol Doll Yellow"}]},{"@type":"WebSite","@id":"https:\/\/hobierotikshop.com.tr\/website1\/#website","url":"https:\/\/hobierotikshop.com.tr\/website1\/","name":"Bursa Erotik Shop","description":"Bursa Erotik Shop ile g\u00fcvenli, gizli ve kaliteli yeti\u015fkin \u00fcr\u00fcnleri al\u0131\u015fveri\u015fi! Geni\u015f \u00fcr\u00fcn yelpazemizi ke\u015ffedin, hemen sipari\u015f verin","publisher":{"@id":"https:\/\/hobierotikshop.com.tr\/website1\/#organization"},"alternateName":"Erotik Shop","potentialAction":[{"@type":"SearchAction","target":{"@type":"EntryPoint","urlTemplate":"https:\/\/hobierotikshop.com.tr\/website1\/?s={search_term_string}"},"query-input":{"@type":"PropertyValueSpecification","valueRequired":true,"valueName":"search_term_string"}}],"inLanguage":"tr"},{"@type":"Organization","@id":"https:\/\/hobierotikshop.com.tr\/website1\/#organization","name":"Harem Bursa Erotik Shop","url":"https:\/\/hobierotikshop.com.tr\/website1\/","logo":{"@type":"ImageObject","inLanguage":"tr","@id":"https:\/\/hobierotikshop.com.tr\/website1\/#\/schema\/logo\/image\/","url":"https:\/\/haremerotikshop.com\/site\/wp-content\/uploads\/2025\/03\/haremsexshop.png","contentUrl":"https:\/\/haremerotikshop.com\/site\/wp-content\/uploads\/2025\/03\/haremsexshop.png","width":400,"height":100,"caption":"Harem Bursa Erotik Shop"},"image":{"@id":"https:\/\/hobierotikshop.com.tr\/website1\/#\/schema\/logo\/image\/"},"sameAs":["https:\/\/x.com\/shopbursa"],"publishingPrinciples":"https:\/\/hobierotikshop.com.tr\/website1\/mesafeli-satis-sozlesmesi\/","ownershipFundingInfo":"https:\/\/hobierotikshop.com.tr\/website1\/contact-us\/","actionableFeedbackPolicy":"https:\/\/hobierotikshop.com.tr\/website1\/contact-us\/","correctionsPolicy":"https:\/\/hobierotikshop.com.tr\/website1\/mesafeli-satis-sozlesmesi\/"}]},"product_price_amount":"770.63","product_price_currency":"TRY","og_availability":"instock","product_availability":"instock","product_retailer_item_id":"8003-1","product_condition":"new"},"_links":{"self":[{"href":"https:\/\/haremerotikshop.com\/site\/wp-json\/wp\/v2\/product\/49258","targetHints":{"allow":["GET"]}}],"collection":[{"href":"https:\/\/haremerotikshop.com\/site\/wp-json\/wp\/v2\/product"}],"about":[{"href":"https:\/\/haremerotikshop.com\/site\/wp-json\/wp\/v2\/types\/product"}],"replies":[{"embeddable":true,"href":"https:\/\/haremerotikshop.com\/site\/wp-json\/wp\/v2\/comments?post=49258"}],"version-history":[{"count":0,"href":"https:\/\/haremerotikshop.com\/site\/wp-json\/wp\/v2\/product\/49258\/revisions"}],"wp:featuredmedia":[{"embeddable":true,"href":"https:\/\/haremerotikshop.com\/site\/wp-json\/wp\/v2\/media\/49260"}],"wp:attachment":[{"href":"https:\/\/haremerotikshop.com\/site\/wp-json\/wp\/v2\/media?parent=49258"}],"wp:term":[{"taxonomy":"product_brand","embeddable":true,"href":"https:\/\/haremerotikshop.com\/site\/wp-json\/wp\/v2\/product_brand?post=49258"},{"taxonomy":"product_cat","embeddable":true,"href":"https:\/\/haremerotikshop.com\/site\/wp-json\/wp\/v2\/product_cat?post=49258"},{"taxonomy":"product_tag","embeddable":true,"href":"https:\/\/haremerotikshop.com\/site\/wp-json\/wp\/v2\/product_tag?post=49258"}],"curies":[{"name":"wp","href":"https:\/\/api.w.org\/{rel}","templated":true}]}}