{"id":50828,"date":"2026-01-08T17:54:22","date_gmt":"2026-01-08T14:54:22","guid":{"rendered":"https:\/\/hobierotikshop.com.tr\/website1\/erotik-shop-urun\/princess-butt\/"},"modified":"2026-01-16T13:19:00","modified_gmt":"2026-01-16T10:19:00","slug":"princess-butt","status":"publish","type":"product","link":"https:\/\/haremerotikshop.com\/site\/erotik-shop-urun\/princess-butt\/","title":{"rendered":"Pri\u0307ncess Butt"},"content":{"rendered":"<p><span dir=\"auto\" style=\"vertical-align: inherit\"><span dir=\"auto\" style=\"vertical-align: inherit\"><\/p>\n<p><span style=\"font-family: verdana, geneva, sans-serif;vertical-align: baseline;padding-bottom: 0px;padding-top: 0px;padding-left: 0px;margin: 0px;padding-right: 0px\"><span style=\"font-family: verdana, geneva, sans-serif;vertical-align: baseline;padding-bottom: 0px;padding-top: 0px;padding-left: 0px;margin: 0px;padding-right: 0px\">*&nbsp;Titre\u015fimli Ger\u00e7ek\u00e7i Realistik Kal\u00e7a<\/span><\/span><\/p>\n<p><span style=\"font-family: verdana, geneva, sans-serif;vertical-align: baseline;padding-bottom: 0px;padding-top: 0px;padding-left: 0px;margin: 0px;padding-right: 0px\"><span style=\"font-family: verdana, geneva, sans-serif;vertical-align: baseline;padding-bottom: 0px;padding-top: 0px;padding-left: 0px;margin: 0px;padding-right: 0px\">* B\u00fcy\u00fck boy ger\u00e7ek\u00e7i ebatlarda<\/span><\/span><\/p>\n<div style=\"font-size: 13px\"><span style=\"font-family: verdana, geneva, sans-serif;vertical-align: baseline;padding-bottom: 0px;padding-top: 0px;padding-left: 0px;margin: 0px;padding-right: 0px\"><span style=\"font-family: verdana, geneva, sans-serif;vertical-align: baseline;padding-bottom: 0px;padding-top: 0px;padding-left: 0px;margin: 0px;padding-right: 0px\">* 2 \u0130\u015flevli ili\u015fki \u00f6zelli\u011fi<\/span><\/span><\/div>\n<div style=\"font-size: 13px\">&nbsp;<\/div>\n<div style=\"font-size: 13px\"><span style=\"font-family: verdana, geneva, sans-serif;vertical-align: baseline;padding-bottom: 0px;padding-top: 0px;padding-left: 0px;margin: 0px;padding-right: 0px\"><span style=\"font-family: verdana, geneva, sans-serif;vertical-align: baseline;padding-bottom: 0px;padding-top: 0px;padding-left: 0px;margin: 0px;padding-right: 0px\">* Realistik vajina-an\u00fcs<\/span><\/span><\/div>\n<div style=\"font-size: 13px\">&nbsp;<\/div>\n<div style=\"font-size: 13px\"><span style=\"font-family: verdana, geneva, sans-serif;vertical-align: baseline;padding-bottom: 0px;padding-top: 0px;padding-left: 0px;margin: 0px;padding-right: 0px\"><span style=\"font-family: verdana, geneva, sans-serif;vertical-align: baseline;padding-bottom: 0px;padding-top: 0px;padding-left: 0px;margin: 0px;padding-right: 0px\">* Ger\u00e7ek\u00e7i ten dokusunda tam realistik<\/span><\/span><\/div>\n<div style=\"font-size: 13px\">\n<div style=\"font-size: 13px\">&nbsp;<\/div>\n<div style=\"font-size: 13px\"><span style=\"font-family: verdana, geneva, sans-serif;vertical-align: baseline;padding-bottom: 0px;padding-top: 0px;padding-left: 0px;margin: 0px;padding-right: 0px\"><span style=\"font-family: verdana, geneva, sans-serif;vertical-align: baseline;padding-bottom: 0px;padding-top: 0px;padding-left: 0px;margin: 0px;padding-right: 0px\"><span style=\"font-family: verdana, geneva, sans-serif;vertical-align: baseline;padding-bottom: 0px;padding-top: 0px;padding-left: 0px;margin: 0px;padding-right: 0px\">*&nbsp;20cm uzunluk, 24cm geni\u015flik,&nbsp;7 cm derinlik<\/span><\/span><\/span><\/div>\n<div style=\"font-size: 13px\">&nbsp;<\/div>\n<div style=\"font-size: 13px\"><span style=\"font-family: verdana, geneva, sans-serif;vertical-align: baseline;padding-bottom: 0px;padding-top: 0px;padding-left: 0px;margin: 0px;padding-right: 0px\"><span style=\"font-family: verdana, geneva, sans-serif;vertical-align: baseline;padding-bottom: 0px;padding-top: 0px;padding-left: 0px;margin: 0px;padding-right: 0px\"><span style=\"font-family: verdana, geneva, sans-serif;vertical-align: baseline;padding-bottom: 0px;padding-top: 0px;padding-left: 0px;margin: 0px;padding-right: 0px\">* 1500 gr a\u011f\u0131rl\u0131\u011f\u0131nda kal\u00e7a<\/span><\/span><\/span><\/div>\n<\/div>\n<p>&nbsp;<\/p>\n<p><\/span><\/span><\/p>\n","protected":false},"excerpt":{"rendered":"<p>*&nbsp;Titre\u015fimli Ger\u00e7ek\u00e7i Realistik Kal\u00e7a * B\u00fcy\u00fck boy ger\u00e7ek\u00e7i ebatlarda * 2 \u0130\u015flevli ili\u015fki \u00f6zelli\u011fi &nbsp; * Realistik vajina-an\u00fcs &nbsp; *<\/p>\n","protected":false},"featured_media":50830,"comment_status":"closed","ping_status":"closed","template":"elementor_canvas","meta":[],"product_brand":[],"product_cat":[521],"product_tag":[],"class_list":{"0":"post-50828","1":"product","2":"type-product","3":"status-publish","4":"has-post-thumbnail","6":"product_cat-vajinalar","8":"first","9":"outofstock","10":"purchasable","11":"product-type-simple"},"yoast_head":"<!-- This site is optimized with the Yoast SEO Premium plugin v24.4 (Yoast SEO v27.1.1) - https:\/\/yoast.com\/product\/yoast-seo-premium-wordpress\/ -->\n<title>Pri\u0307ncess Butt - Bursa Erotik Shop<\/title>\n<meta name=\"robots\" content=\"index, follow, max-snippet:-1, max-image-preview:large, max-video-preview:-1\" \/>\n<link rel=\"canonical\" href=\"https:\/\/hobierotikshop.com.tr\/website1\/erotik-shop-urun\/princess-butt\/\" \/>\n<meta property=\"og:locale\" content=\"tr_TR\" \/>\n<meta property=\"og:type\" content=\"article\" \/>\n<meta property=\"og:title\" content=\"Pri\u0307ncess Butt\" \/>\n<meta property=\"og:description\" content=\"*&nbsp;Titre\u015fimli Ger\u00e7ek\u00e7i Realistik Kal\u00e7a * B\u00fcy\u00fck boy ger\u00e7ek\u00e7i ebatlarda * 2 \u0130\u015flevli ili\u015fki \u00f6zelli\u011fi &nbsp; * Realistik vajina-an\u00fcs &nbsp; *\" \/>\n<meta property=\"og:url\" content=\"https:\/\/hobierotikshop.com.tr\/website1\/erotik-shop-urun\/princess-butt\/\" \/>\n<meta property=\"og:site_name\" content=\"Bursa Erotik Shop\" \/>\n<meta property=\"article:modified_time\" content=\"2026-01-16T10:19:00+00:00\" \/>\n<meta property=\"og:image\" content=\"https:\/\/hobierotikshop.com.tr\/website1\/wp-content\/uploads\/2026\/01\/011-941-941.jpg\" \/>\n\t<meta property=\"og:image:width\" content=\"400\" \/>\n\t<meta property=\"og:image:height\" content=\"420\" \/>\n\t<meta property=\"og:image:type\" content=\"image\/jpeg\" \/>\n<meta name=\"twitter:card\" content=\"summary_large_image\" \/>\n<meta name=\"twitter:site\" content=\"@shopbursa\" \/>\n<meta name=\"twitter:label1\" content=\"Fiyat\" \/>\n\t<meta name=\"twitter:data1\" content=\"&#8378;1.119,34\" \/>\n\t<meta name=\"twitter:label2\" content=\"Availability\" \/>\n\t<meta name=\"twitter:data2\" content=\"Out of stock\" \/>\n<script type=\"application\/ld+json\" class=\"yoast-schema-graph\">{\"@context\":\"https:\/\/schema.org\",\"@graph\":[{\"@type\":\"WebPage\",\"@id\":\"https:\/\/hobierotikshop.com.tr\/website1\/erotik-shop-urun\/princess-butt\/\",\"url\":\"https:\/\/hobierotikshop.com.tr\/website1\/erotik-shop-urun\/princess-butt\/\",\"name\":\"Pri\u0307ncess Butt - Bursa Erotik Shop\",\"isPartOf\":{\"@id\":\"https:\/\/hobierotikshop.com.tr\/website1\/#website\"},\"primaryImageOfPage\":{\"@id\":\"https:\/\/hobierotikshop.com.tr\/website1\/erotik-shop-urun\/princess-butt\/#primaryimage\"},\"image\":{\"@id\":\"https:\/\/hobierotikshop.com.tr\/website1\/erotik-shop-urun\/princess-butt\/#primaryimage\"},\"thumbnailUrl\":\"https:\/\/haremerotikshop.com\/site\/wp-content\/uploads\/2026\/01\/011-941-941.jpg\",\"datePublished\":\"2026-01-08T14:54:22+00:00\",\"dateModified\":\"2026-01-16T10:19:00+00:00\",\"breadcrumb\":{\"@id\":\"https:\/\/hobierotikshop.com.tr\/website1\/erotik-shop-urun\/princess-butt\/#breadcrumb\"},\"inLanguage\":\"tr\",\"potentialAction\":[{\"@type\":\"ReadAction\",\"target\":[\"https:\/\/hobierotikshop.com.tr\/website1\/erotik-shop-urun\/princess-butt\/\"]}]},{\"@type\":\"ImageObject\",\"inLanguage\":\"tr\",\"@id\":\"https:\/\/hobierotikshop.com.tr\/website1\/erotik-shop-urun\/princess-butt\/#primaryimage\",\"url\":\"https:\/\/haremerotikshop.com\/site\/wp-content\/uploads\/2026\/01\/011-941-941.jpg\",\"contentUrl\":\"https:\/\/haremerotikshop.com\/site\/wp-content\/uploads\/2026\/01\/011-941-941.jpg\",\"width\":400,\"height\":420},{\"@type\":\"BreadcrumbList\",\"@id\":\"https:\/\/hobierotikshop.com.tr\/website1\/erotik-shop-urun\/princess-butt\/#breadcrumb\",\"itemListElement\":[{\"@type\":\"ListItem\",\"position\":1,\"name\":\"Anasayfa\",\"item\":\"https:\/\/hobierotikshop.com.tr\/website1\/\"},{\"@type\":\"ListItem\",\"position\":2,\"name\":\"Erotik Shop \u00dcr\u00fcnleri\",\"item\":\"https:\/\/hobierotikshop.com.tr\/website1\/shop\/\"},{\"@type\":\"ListItem\",\"position\":3,\"name\":\"Pri\u0307ncess Butt\"}]},{\"@type\":\"WebSite\",\"@id\":\"https:\/\/hobierotikshop.com.tr\/website1\/#website\",\"url\":\"https:\/\/hobierotikshop.com.tr\/website1\/\",\"name\":\"Bursa Erotik Shop\",\"description\":\"Bursa Erotik Shop ile g\u00fcvenli, gizli ve kaliteli yeti\u015fkin \u00fcr\u00fcnleri al\u0131\u015fveri\u015fi! Geni\u015f \u00fcr\u00fcn yelpazemizi ke\u015ffedin, hemen sipari\u015f verin\",\"publisher\":{\"@id\":\"https:\/\/hobierotikshop.com.tr\/website1\/#organization\"},\"alternateName\":\"Erotik Shop\",\"potentialAction\":[{\"@type\":\"SearchAction\",\"target\":{\"@type\":\"EntryPoint\",\"urlTemplate\":\"https:\/\/hobierotikshop.com.tr\/website1\/?s={search_term_string}\"},\"query-input\":{\"@type\":\"PropertyValueSpecification\",\"valueRequired\":true,\"valueName\":\"search_term_string\"}}],\"inLanguage\":\"tr\"},{\"@type\":\"Organization\",\"@id\":\"https:\/\/hobierotikshop.com.tr\/website1\/#organization\",\"name\":\"Harem Bursa Erotik Shop\",\"url\":\"https:\/\/hobierotikshop.com.tr\/website1\/\",\"logo\":{\"@type\":\"ImageObject\",\"inLanguage\":\"tr\",\"@id\":\"https:\/\/hobierotikshop.com.tr\/website1\/#\/schema\/logo\/image\/\",\"url\":\"https:\/\/haremerotikshop.com\/wp-content\/uploads\/2025\/03\/haremsexshop.png\",\"contentUrl\":\"https:\/\/haremerotikshop.com\/wp-content\/uploads\/2025\/03\/haremsexshop.png\",\"width\":400,\"height\":100,\"caption\":\"Harem Bursa Erotik Shop\"},\"image\":{\"@id\":\"https:\/\/hobierotikshop.com.tr\/website1\/#\/schema\/logo\/image\/\"},\"sameAs\":[\"https:\/\/x.com\/shopbursa\"],\"publishingPrinciples\":\"https:\/\/hobierotikshop.com.tr\/website1\/mesafeli-satis-sozlesmesi\/\",\"ownershipFundingInfo\":\"https:\/\/hobierotikshop.com.tr\/website1\/contact-us\/\",\"actionableFeedbackPolicy\":\"https:\/\/hobierotikshop.com.tr\/website1\/contact-us\/\",\"correctionsPolicy\":\"https:\/\/hobierotikshop.com.tr\/website1\/mesafeli-satis-sozlesmesi\/\"}]}<\/script>\n<meta property=\"product:price:amount\" content=\"1119.34\" \/>\n<meta property=\"product:price:currency\" content=\"TRY\" \/>\n<meta property=\"og:availability\" content=\"out of stock\" \/>\n<meta property=\"product:availability\" content=\"out of stock\" \/>\n<meta property=\"product:retailer_item_id\" content=\"DWJ-N016\" \/>\n<meta property=\"product:condition\" content=\"new\" \/>\n<!-- \/ Yoast SEO Premium plugin. -->","yoast_head_json":{"title":"Pri\u0307ncess Butt - Bursa Erotik Shop","robots":{"index":"index","follow":"follow","max-snippet":"max-snippet:-1","max-image-preview":"max-image-preview:large","max-video-preview":"max-video-preview:-1"},"canonical":"https:\/\/hobierotikshop.com.tr\/website1\/erotik-shop-urun\/princess-butt\/","og_locale":"tr_TR","og_type":"article","og_title":"Pri\u0307ncess Butt","og_description":"*&nbsp;Titre\u015fimli Ger\u00e7ek\u00e7i Realistik Kal\u00e7a * B\u00fcy\u00fck boy ger\u00e7ek\u00e7i ebatlarda * 2 \u0130\u015flevli ili\u015fki \u00f6zelli\u011fi &nbsp; * Realistik vajina-an\u00fcs &nbsp; *","og_url":"https:\/\/hobierotikshop.com.tr\/website1\/erotik-shop-urun\/princess-butt\/","og_site_name":"Bursa Erotik Shop","article_modified_time":"2026-01-16T10:19:00+00:00","og_image":[{"width":400,"height":420,"url":"https:\/\/hobierotikshop.com.tr\/website1\/wp-content\/uploads\/2026\/01\/011-941-941.jpg","type":"image\/jpeg"}],"twitter_card":"summary_large_image","twitter_site":"@shopbursa","twitter_misc":{"Fiyat":"&#8378;1.119,34","Availability":"Out of stock"},"schema":{"@context":"https:\/\/schema.org","@graph":[{"@type":"WebPage","@id":"https:\/\/hobierotikshop.com.tr\/website1\/erotik-shop-urun\/princess-butt\/","url":"https:\/\/hobierotikshop.com.tr\/website1\/erotik-shop-urun\/princess-butt\/","name":"Pri\u0307ncess Butt - Bursa Erotik Shop","isPartOf":{"@id":"https:\/\/hobierotikshop.com.tr\/website1\/#website"},"primaryImageOfPage":{"@id":"https:\/\/hobierotikshop.com.tr\/website1\/erotik-shop-urun\/princess-butt\/#primaryimage"},"image":{"@id":"https:\/\/hobierotikshop.com.tr\/website1\/erotik-shop-urun\/princess-butt\/#primaryimage"},"thumbnailUrl":"https:\/\/haremerotikshop.com\/site\/wp-content\/uploads\/2026\/01\/011-941-941.jpg","datePublished":"2026-01-08T14:54:22+00:00","dateModified":"2026-01-16T10:19:00+00:00","breadcrumb":{"@id":"https:\/\/hobierotikshop.com.tr\/website1\/erotik-shop-urun\/princess-butt\/#breadcrumb"},"inLanguage":"tr","potentialAction":[{"@type":"ReadAction","target":["https:\/\/hobierotikshop.com.tr\/website1\/erotik-shop-urun\/princess-butt\/"]}]},{"@type":"ImageObject","inLanguage":"tr","@id":"https:\/\/hobierotikshop.com.tr\/website1\/erotik-shop-urun\/princess-butt\/#primaryimage","url":"https:\/\/haremerotikshop.com\/site\/wp-content\/uploads\/2026\/01\/011-941-941.jpg","contentUrl":"https:\/\/haremerotikshop.com\/site\/wp-content\/uploads\/2026\/01\/011-941-941.jpg","width":400,"height":420},{"@type":"BreadcrumbList","@id":"https:\/\/hobierotikshop.com.tr\/website1\/erotik-shop-urun\/princess-butt\/#breadcrumb","itemListElement":[{"@type":"ListItem","position":1,"name":"Anasayfa","item":"https:\/\/hobierotikshop.com.tr\/website1\/"},{"@type":"ListItem","position":2,"name":"Erotik Shop \u00dcr\u00fcnleri","item":"https:\/\/hobierotikshop.com.tr\/website1\/shop\/"},{"@type":"ListItem","position":3,"name":"Pri\u0307ncess Butt"}]},{"@type":"WebSite","@id":"https:\/\/hobierotikshop.com.tr\/website1\/#website","url":"https:\/\/hobierotikshop.com.tr\/website1\/","name":"Bursa Erotik Shop","description":"Bursa Erotik Shop ile g\u00fcvenli, gizli ve kaliteli yeti\u015fkin \u00fcr\u00fcnleri al\u0131\u015fveri\u015fi! Geni\u015f \u00fcr\u00fcn yelpazemizi ke\u015ffedin, hemen sipari\u015f verin","publisher":{"@id":"https:\/\/hobierotikshop.com.tr\/website1\/#organization"},"alternateName":"Erotik Shop","potentialAction":[{"@type":"SearchAction","target":{"@type":"EntryPoint","urlTemplate":"https:\/\/hobierotikshop.com.tr\/website1\/?s={search_term_string}"},"query-input":{"@type":"PropertyValueSpecification","valueRequired":true,"valueName":"search_term_string"}}],"inLanguage":"tr"},{"@type":"Organization","@id":"https:\/\/hobierotikshop.com.tr\/website1\/#organization","name":"Harem Bursa Erotik Shop","url":"https:\/\/hobierotikshop.com.tr\/website1\/","logo":{"@type":"ImageObject","inLanguage":"tr","@id":"https:\/\/hobierotikshop.com.tr\/website1\/#\/schema\/logo\/image\/","url":"https:\/\/haremerotikshop.com\/wp-content\/uploads\/2025\/03\/haremsexshop.png","contentUrl":"https:\/\/haremerotikshop.com\/wp-content\/uploads\/2025\/03\/haremsexshop.png","width":400,"height":100,"caption":"Harem Bursa Erotik Shop"},"image":{"@id":"https:\/\/hobierotikshop.com.tr\/website1\/#\/schema\/logo\/image\/"},"sameAs":["https:\/\/x.com\/shopbursa"],"publishingPrinciples":"https:\/\/hobierotikshop.com.tr\/website1\/mesafeli-satis-sozlesmesi\/","ownershipFundingInfo":"https:\/\/hobierotikshop.com.tr\/website1\/contact-us\/","actionableFeedbackPolicy":"https:\/\/hobierotikshop.com.tr\/website1\/contact-us\/","correctionsPolicy":"https:\/\/hobierotikshop.com.tr\/website1\/mesafeli-satis-sozlesmesi\/"}]},"product_price_amount":"1119.34","product_price_currency":"TRY","og_availability":"out of stock","product_availability":"out of stock","product_retailer_item_id":"DWJ-N016","product_condition":"new"},"_links":{"self":[{"href":"https:\/\/haremerotikshop.com\/site\/wp-json\/wp\/v2\/product\/50828","targetHints":{"allow":["GET"]}}],"collection":[{"href":"https:\/\/haremerotikshop.com\/site\/wp-json\/wp\/v2\/product"}],"about":[{"href":"https:\/\/haremerotikshop.com\/site\/wp-json\/wp\/v2\/types\/product"}],"replies":[{"embeddable":true,"href":"https:\/\/haremerotikshop.com\/site\/wp-json\/wp\/v2\/comments?post=50828"}],"version-history":[{"count":0,"href":"https:\/\/haremerotikshop.com\/site\/wp-json\/wp\/v2\/product\/50828\/revisions"}],"wp:featuredmedia":[{"embeddable":true,"href":"https:\/\/haremerotikshop.com\/site\/wp-json\/wp\/v2\/media\/50830"}],"wp:attachment":[{"href":"https:\/\/haremerotikshop.com\/site\/wp-json\/wp\/v2\/media?parent=50828"}],"wp:term":[{"taxonomy":"product_brand","embeddable":true,"href":"https:\/\/haremerotikshop.com\/site\/wp-json\/wp\/v2\/product_brand?post=50828"},{"taxonomy":"product_cat","embeddable":true,"href":"https:\/\/haremerotikshop.com\/site\/wp-json\/wp\/v2\/product_cat?post=50828"},{"taxonomy":"product_tag","embeddable":true,"href":"https:\/\/haremerotikshop.com\/site\/wp-json\/wp\/v2\/product_tag?post=50828"}],"curies":[{"name":"wp","href":"https:\/\/api.w.org\/{rel}","templated":true}]}}