{"id":50831,"date":"2026-01-08T17:54:22","date_gmt":"2026-01-08T14:54:22","guid":{"rendered":"https:\/\/hobierotikshop.com.tr\/website1\/erotik-shop-urun\/royal-ass-kilsiz\/"},"modified":"2026-01-16T13:19:56","modified_gmt":"2026-01-16T10:19:56","slug":"royal-ass-kilsiz","status":"publish","type":"product","link":"https:\/\/haremerotikshop.com\/site\/erotik-shop-urun\/royal-ass-kilsiz\/","title":{"rendered":"Royal Ass (K\u0131ls\u0131z)"},"content":{"rendered":"<p><span dir=\"auto\" style=\"vertical-align: inherit\"><span dir=\"auto\" style=\"vertical-align: inherit\"><\/p>\n<p><span style=\"font-family: verdana, geneva, sans-serif;vertical-align: baseline;padding-bottom: 0px;padding-top: 0px;padding-left: 0px;margin: 0px;padding-right: 0px\"><span style=\"font-family: verdana, geneva, sans-serif;vertical-align: baseline;padding-bottom: 0px;padding-top: 0px;padding-left: 0px;margin: 0px;padding-right: 0px\">*&nbsp; Titre\u015fimli Ger\u00e7ek\u00e7i Realistik Kal\u00e7a KILSIZ OLARAK G\u00d6NDER\u0130LECEKT\u0130R..<\/span><\/span><\/p>\n<div style=\"font-size: 13px\"><span style=\"font-family: verdana, geneva, sans-serif;vertical-align: baseline;padding-bottom: 0px;padding-top: 0px;padding-left: 0px;margin: 0px;padding-right: 0px\"><span style=\"font-family: verdana, geneva, sans-serif;vertical-align: baseline;padding-bottom: 0px;padding-top: 0px;padding-left: 0px;margin: 0px;padding-right: 0px\">* B\u00fcy\u00fck boy ger\u00e7ek\u00e7i ebatlarda<\/span><\/span><\/div>\n<div style=\"font-size: 13px\"><span style=\"font-family: verdana, geneva, sans-serif;vertical-align: baseline;padding-bottom: 0px;padding-top: 0px;padding-left: 0px;margin: 0px;padding-right: 0px\"><span style=\"font-family: verdana, geneva, sans-serif;vertical-align: baseline;padding-bottom: 0px;padding-top: 0px;padding-left: 0px;margin: 0px;padding-right: 0px\">* 2 \u0130\u015flevli ili\u015fki \u00f6zelli\u011fi<\/span><\/span><\/div>\n<div style=\"font-size: 13px\"><span style=\"font-family: verdana, geneva, sans-serif;vertical-align: baseline;padding-bottom: 0px;padding-top: 0px;padding-left: 0px;margin: 0px;padding-right: 0px\"><span style=\"font-family: verdana, geneva, sans-serif;vertical-align: baseline;padding-bottom: 0px;padding-top: 0px;padding-left: 0px;margin: 0px;padding-right: 0px\">* Realistik vajina-an\u00fcs<\/span><\/span><\/div>\n<div style=\"font-size: 13px\"><span style=\"font-family: verdana, geneva, sans-serif;vertical-align: baseline;padding-bottom: 0px;padding-top: 0px;padding-left: 0px;margin: 0px;padding-right: 0px\"><span style=\"font-family: verdana, geneva, sans-serif;vertical-align: baseline;padding-bottom: 0px;padding-top: 0px;padding-left: 0px;margin: 0px;padding-right: 0px\">* Ger\u00e7ek\u00e7i ten dokusunda tam realistik<\/span><\/span><\/div>\n<div style=\"font-size: 13px\">\n<div style=\"font-size: 13px\"><span style=\"font-family: verdana, geneva, sans-serif;vertical-align: baseline;padding-bottom: 0px;padding-top: 0px;padding-left: 0px;margin: 0px;padding-right: 0px\"><span style=\"font-family: verdana, geneva, sans-serif;vertical-align: baseline;padding-bottom: 0px;padding-top: 0px;padding-left: 0px;margin: 0px;padding-right: 0px\"><span style=\"font-family: verdana, geneva, sans-serif;vertical-align: baseline;padding-bottom: 0px;padding-top: 0px;padding-left: 0px;margin: 0px;padding-right: 0px\">*&nbsp;21 cm uzunluk, 24cm geni\u015flik,&nbsp;7 cm derinlik<\/span><\/span><\/span><\/div>\n<div style=\"font-size: 13px\"><span style=\"font-family: verdana, geneva, sans-serif;vertical-align: baseline;padding-bottom: 0px;padding-top: 0px;padding-left: 0px;margin: 0px;padding-right: 0px\"><span style=\"font-family: verdana, geneva, sans-serif;vertical-align: baseline;padding-bottom: 0px;padding-top: 0px;padding-left: 0px;margin: 0px;padding-right: 0px\"><span style=\"font-family: verdana, geneva, sans-serif;vertical-align: baseline;padding-bottom: 0px;padding-top: 0px;padding-left: 0px;margin: 0px;padding-right: 0px\">* 1300 gr a\u011f\u0131rl\u0131\u011f\u0131nda kal\u00e7a<\/span><\/span><\/span><\/div>\n<\/div>\n<p>&nbsp;<\/p>\n<p><\/span><\/span><\/p>\n","protected":false},"excerpt":{"rendered":"<p>*&nbsp; Titre\u015fimli Ger\u00e7ek\u00e7i Realistik Kal\u00e7a KILSIZ OLARAK G\u00d6NDER\u0130LECEKT\u0130R.. * B\u00fcy\u00fck boy ger\u00e7ek\u00e7i ebatlarda * 2 \u0130\u015flevli ili\u015fki \u00f6zelli\u011fi * Realistik<\/p>\n","protected":false},"featured_media":50833,"comment_status":"closed","ping_status":"closed","template":"elementor_canvas","meta":[],"product_brand":[],"product_cat":[521],"product_tag":[],"class_list":{"0":"post-50831","1":"product","2":"type-product","3":"status-publish","4":"has-post-thumbnail","6":"product_cat-vajinalar","8":"first","9":"instock","10":"purchasable","11":"product-type-simple"},"yoast_head":"<!-- This site is optimized with the Yoast SEO Premium plugin v24.4 (Yoast SEO v27.1.1) - https:\/\/yoast.com\/product\/yoast-seo-premium-wordpress\/ -->\n<title>Royal Ass (K\u0131ls\u0131z) - Bursa Erotik Shop<\/title>\n<meta name=\"robots\" content=\"index, follow, max-snippet:-1, max-image-preview:large, max-video-preview:-1\" \/>\n<link rel=\"canonical\" href=\"https:\/\/hobierotikshop.com.tr\/website1\/erotik-shop-urun\/royal-ass-kilsiz\/\" \/>\n<meta property=\"og:locale\" content=\"tr_TR\" \/>\n<meta property=\"og:type\" content=\"article\" \/>\n<meta property=\"og:title\" content=\"Royal Ass (K\u0131ls\u0131z)\" \/>\n<meta property=\"og:description\" content=\"*&nbsp; Titre\u015fimli Ger\u00e7ek\u00e7i Realistik Kal\u00e7a KILSIZ OLARAK G\u00d6NDER\u0130LECEKT\u0130R.. * B\u00fcy\u00fck boy ger\u00e7ek\u00e7i ebatlarda * 2 \u0130\u015flevli ili\u015fki \u00f6zelli\u011fi * Realistik\" \/>\n<meta property=\"og:url\" content=\"https:\/\/hobierotikshop.com.tr\/website1\/erotik-shop-urun\/royal-ass-kilsiz\/\" \/>\n<meta property=\"og:site_name\" content=\"Bursa Erotik Shop\" \/>\n<meta property=\"article:modified_time\" content=\"2026-01-16T10:19:56+00:00\" \/>\n<meta property=\"og:image\" content=\"https:\/\/hobierotikshop.com.tr\/website1\/wp-content\/uploads\/2026\/01\/009-942-1-942.jpg\" \/>\n\t<meta property=\"og:image:width\" content=\"400\" \/>\n\t<meta property=\"og:image:height\" content=\"366\" \/>\n\t<meta property=\"og:image:type\" content=\"image\/jpeg\" \/>\n<meta name=\"twitter:card\" content=\"summary_large_image\" \/>\n<meta name=\"twitter:site\" content=\"@shopbursa\" \/>\n<meta name=\"twitter:label1\" content=\"Fiyat\" \/>\n\t<meta name=\"twitter:data1\" content=\"&#8378;5.000,00\" \/>\n\t<meta name=\"twitter:label2\" content=\"Availability\" \/>\n\t<meta name=\"twitter:data2\" content=\"In stock\" \/>\n<script type=\"application\/ld+json\" class=\"yoast-schema-graph\">{\"@context\":\"https:\/\/schema.org\",\"@graph\":[{\"@type\":\"WebPage\",\"@id\":\"https:\/\/hobierotikshop.com.tr\/website1\/erotik-shop-urun\/royal-ass-kilsiz\/\",\"url\":\"https:\/\/hobierotikshop.com.tr\/website1\/erotik-shop-urun\/royal-ass-kilsiz\/\",\"name\":\"Royal Ass (K\u0131ls\u0131z) - Bursa Erotik Shop\",\"isPartOf\":{\"@id\":\"https:\/\/hobierotikshop.com.tr\/website1\/#website\"},\"primaryImageOfPage\":{\"@id\":\"https:\/\/hobierotikshop.com.tr\/website1\/erotik-shop-urun\/royal-ass-kilsiz\/#primaryimage\"},\"image\":{\"@id\":\"https:\/\/hobierotikshop.com.tr\/website1\/erotik-shop-urun\/royal-ass-kilsiz\/#primaryimage\"},\"thumbnailUrl\":\"https:\/\/haremerotikshop.com\/site\/wp-content\/uploads\/2026\/01\/009-942-1-942.jpg\",\"datePublished\":\"2026-01-08T14:54:22+00:00\",\"dateModified\":\"2026-01-16T10:19:56+00:00\",\"breadcrumb\":{\"@id\":\"https:\/\/hobierotikshop.com.tr\/website1\/erotik-shop-urun\/royal-ass-kilsiz\/#breadcrumb\"},\"inLanguage\":\"tr\",\"potentialAction\":[{\"@type\":\"ReadAction\",\"target\":[\"https:\/\/hobierotikshop.com.tr\/website1\/erotik-shop-urun\/royal-ass-kilsiz\/\"]}]},{\"@type\":\"ImageObject\",\"inLanguage\":\"tr\",\"@id\":\"https:\/\/hobierotikshop.com.tr\/website1\/erotik-shop-urun\/royal-ass-kilsiz\/#primaryimage\",\"url\":\"https:\/\/haremerotikshop.com\/site\/wp-content\/uploads\/2026\/01\/009-942-1-942.jpg\",\"contentUrl\":\"https:\/\/haremerotikshop.com\/site\/wp-content\/uploads\/2026\/01\/009-942-1-942.jpg\",\"width\":400,\"height\":366},{\"@type\":\"BreadcrumbList\",\"@id\":\"https:\/\/hobierotikshop.com.tr\/website1\/erotik-shop-urun\/royal-ass-kilsiz\/#breadcrumb\",\"itemListElement\":[{\"@type\":\"ListItem\",\"position\":1,\"name\":\"Anasayfa\",\"item\":\"https:\/\/hobierotikshop.com.tr\/website1\/\"},{\"@type\":\"ListItem\",\"position\":2,\"name\":\"Erotik Shop \u00dcr\u00fcnleri\",\"item\":\"https:\/\/hobierotikshop.com.tr\/website1\/shop\/\"},{\"@type\":\"ListItem\",\"position\":3,\"name\":\"Royal Ass (K\u0131ls\u0131z)\"}]},{\"@type\":\"WebSite\",\"@id\":\"https:\/\/hobierotikshop.com.tr\/website1\/#website\",\"url\":\"https:\/\/hobierotikshop.com.tr\/website1\/\",\"name\":\"Bursa Erotik Shop\",\"description\":\"Bursa Erotik Shop ile g\u00fcvenli, gizli ve kaliteli yeti\u015fkin \u00fcr\u00fcnleri al\u0131\u015fveri\u015fi! Geni\u015f \u00fcr\u00fcn yelpazemizi ke\u015ffedin, hemen sipari\u015f verin\",\"publisher\":{\"@id\":\"https:\/\/hobierotikshop.com.tr\/website1\/#organization\"},\"alternateName\":\"Erotik Shop\",\"potentialAction\":[{\"@type\":\"SearchAction\",\"target\":{\"@type\":\"EntryPoint\",\"urlTemplate\":\"https:\/\/hobierotikshop.com.tr\/website1\/?s={search_term_string}\"},\"query-input\":{\"@type\":\"PropertyValueSpecification\",\"valueRequired\":true,\"valueName\":\"search_term_string\"}}],\"inLanguage\":\"tr\"},{\"@type\":\"Organization\",\"@id\":\"https:\/\/hobierotikshop.com.tr\/website1\/#organization\",\"name\":\"Harem Bursa Erotik Shop\",\"url\":\"https:\/\/hobierotikshop.com.tr\/website1\/\",\"logo\":{\"@type\":\"ImageObject\",\"inLanguage\":\"tr\",\"@id\":\"https:\/\/hobierotikshop.com.tr\/website1\/#\/schema\/logo\/image\/\",\"url\":\"https:\/\/haremerotikshop.com\/site\/wp-content\/uploads\/2025\/03\/haremsexshop.png\",\"contentUrl\":\"https:\/\/haremerotikshop.com\/site\/wp-content\/uploads\/2025\/03\/haremsexshop.png\",\"width\":400,\"height\":100,\"caption\":\"Harem Bursa Erotik Shop\"},\"image\":{\"@id\":\"https:\/\/hobierotikshop.com.tr\/website1\/#\/schema\/logo\/image\/\"},\"sameAs\":[\"https:\/\/x.com\/shopbursa\"],\"publishingPrinciples\":\"https:\/\/hobierotikshop.com.tr\/website1\/mesafeli-satis-sozlesmesi\/\",\"ownershipFundingInfo\":\"https:\/\/hobierotikshop.com.tr\/website1\/contact-us\/\",\"actionableFeedbackPolicy\":\"https:\/\/hobierotikshop.com.tr\/website1\/contact-us\/\",\"correctionsPolicy\":\"https:\/\/hobierotikshop.com.tr\/website1\/mesafeli-satis-sozlesmesi\/\"}]}<\/script>\n<meta property=\"product:price:amount\" content=\"5000.00\" \/>\n<meta property=\"product:price:currency\" content=\"TRY\" \/>\n<meta property=\"og:availability\" content=\"instock\" \/>\n<meta property=\"product:availability\" content=\"instock\" \/>\n<meta property=\"product:retailer_item_id\" content=\"DWJ-N020\" \/>\n<meta property=\"product:condition\" content=\"new\" \/>\n<!-- \/ Yoast SEO Premium plugin. -->","yoast_head_json":{"title":"Royal Ass (K\u0131ls\u0131z) - Bursa Erotik Shop","robots":{"index":"index","follow":"follow","max-snippet":"max-snippet:-1","max-image-preview":"max-image-preview:large","max-video-preview":"max-video-preview:-1"},"canonical":"https:\/\/hobierotikshop.com.tr\/website1\/erotik-shop-urun\/royal-ass-kilsiz\/","og_locale":"tr_TR","og_type":"article","og_title":"Royal Ass (K\u0131ls\u0131z)","og_description":"*&nbsp; Titre\u015fimli Ger\u00e7ek\u00e7i Realistik Kal\u00e7a KILSIZ OLARAK G\u00d6NDER\u0130LECEKT\u0130R.. * B\u00fcy\u00fck boy ger\u00e7ek\u00e7i ebatlarda * 2 \u0130\u015flevli ili\u015fki \u00f6zelli\u011fi * Realistik","og_url":"https:\/\/hobierotikshop.com.tr\/website1\/erotik-shop-urun\/royal-ass-kilsiz\/","og_site_name":"Bursa Erotik Shop","article_modified_time":"2026-01-16T10:19:56+00:00","og_image":[{"width":400,"height":366,"url":"https:\/\/hobierotikshop.com.tr\/website1\/wp-content\/uploads\/2026\/01\/009-942-1-942.jpg","type":"image\/jpeg"}],"twitter_card":"summary_large_image","twitter_site":"@shopbursa","twitter_misc":{"Fiyat":"&#8378;5.000,00","Availability":"In stock"},"schema":{"@context":"https:\/\/schema.org","@graph":[{"@type":"WebPage","@id":"https:\/\/hobierotikshop.com.tr\/website1\/erotik-shop-urun\/royal-ass-kilsiz\/","url":"https:\/\/hobierotikshop.com.tr\/website1\/erotik-shop-urun\/royal-ass-kilsiz\/","name":"Royal Ass (K\u0131ls\u0131z) - Bursa Erotik Shop","isPartOf":{"@id":"https:\/\/hobierotikshop.com.tr\/website1\/#website"},"primaryImageOfPage":{"@id":"https:\/\/hobierotikshop.com.tr\/website1\/erotik-shop-urun\/royal-ass-kilsiz\/#primaryimage"},"image":{"@id":"https:\/\/hobierotikshop.com.tr\/website1\/erotik-shop-urun\/royal-ass-kilsiz\/#primaryimage"},"thumbnailUrl":"https:\/\/haremerotikshop.com\/site\/wp-content\/uploads\/2026\/01\/009-942-1-942.jpg","datePublished":"2026-01-08T14:54:22+00:00","dateModified":"2026-01-16T10:19:56+00:00","breadcrumb":{"@id":"https:\/\/hobierotikshop.com.tr\/website1\/erotik-shop-urun\/royal-ass-kilsiz\/#breadcrumb"},"inLanguage":"tr","potentialAction":[{"@type":"ReadAction","target":["https:\/\/hobierotikshop.com.tr\/website1\/erotik-shop-urun\/royal-ass-kilsiz\/"]}]},{"@type":"ImageObject","inLanguage":"tr","@id":"https:\/\/hobierotikshop.com.tr\/website1\/erotik-shop-urun\/royal-ass-kilsiz\/#primaryimage","url":"https:\/\/haremerotikshop.com\/site\/wp-content\/uploads\/2026\/01\/009-942-1-942.jpg","contentUrl":"https:\/\/haremerotikshop.com\/site\/wp-content\/uploads\/2026\/01\/009-942-1-942.jpg","width":400,"height":366},{"@type":"BreadcrumbList","@id":"https:\/\/hobierotikshop.com.tr\/website1\/erotik-shop-urun\/royal-ass-kilsiz\/#breadcrumb","itemListElement":[{"@type":"ListItem","position":1,"name":"Anasayfa","item":"https:\/\/hobierotikshop.com.tr\/website1\/"},{"@type":"ListItem","position":2,"name":"Erotik Shop \u00dcr\u00fcnleri","item":"https:\/\/hobierotikshop.com.tr\/website1\/shop\/"},{"@type":"ListItem","position":3,"name":"Royal Ass (K\u0131ls\u0131z)"}]},{"@type":"WebSite","@id":"https:\/\/hobierotikshop.com.tr\/website1\/#website","url":"https:\/\/hobierotikshop.com.tr\/website1\/","name":"Bursa Erotik Shop","description":"Bursa Erotik Shop ile g\u00fcvenli, gizli ve kaliteli yeti\u015fkin \u00fcr\u00fcnleri al\u0131\u015fveri\u015fi! Geni\u015f \u00fcr\u00fcn yelpazemizi ke\u015ffedin, hemen sipari\u015f verin","publisher":{"@id":"https:\/\/hobierotikshop.com.tr\/website1\/#organization"},"alternateName":"Erotik Shop","potentialAction":[{"@type":"SearchAction","target":{"@type":"EntryPoint","urlTemplate":"https:\/\/hobierotikshop.com.tr\/website1\/?s={search_term_string}"},"query-input":{"@type":"PropertyValueSpecification","valueRequired":true,"valueName":"search_term_string"}}],"inLanguage":"tr"},{"@type":"Organization","@id":"https:\/\/hobierotikshop.com.tr\/website1\/#organization","name":"Harem Bursa Erotik Shop","url":"https:\/\/hobierotikshop.com.tr\/website1\/","logo":{"@type":"ImageObject","inLanguage":"tr","@id":"https:\/\/hobierotikshop.com.tr\/website1\/#\/schema\/logo\/image\/","url":"https:\/\/haremerotikshop.com\/site\/wp-content\/uploads\/2025\/03\/haremsexshop.png","contentUrl":"https:\/\/haremerotikshop.com\/site\/wp-content\/uploads\/2025\/03\/haremsexshop.png","width":400,"height":100,"caption":"Harem Bursa Erotik Shop"},"image":{"@id":"https:\/\/hobierotikshop.com.tr\/website1\/#\/schema\/logo\/image\/"},"sameAs":["https:\/\/x.com\/shopbursa"],"publishingPrinciples":"https:\/\/hobierotikshop.com.tr\/website1\/mesafeli-satis-sozlesmesi\/","ownershipFundingInfo":"https:\/\/hobierotikshop.com.tr\/website1\/contact-us\/","actionableFeedbackPolicy":"https:\/\/hobierotikshop.com.tr\/website1\/contact-us\/","correctionsPolicy":"https:\/\/hobierotikshop.com.tr\/website1\/mesafeli-satis-sozlesmesi\/"}]},"product_price_amount":"5000.00","product_price_currency":"TRY","og_availability":"instock","product_availability":"instock","product_retailer_item_id":"DWJ-N020","product_condition":"new"},"_links":{"self":[{"href":"https:\/\/haremerotikshop.com\/site\/wp-json\/wp\/v2\/product\/50831","targetHints":{"allow":["GET"]}}],"collection":[{"href":"https:\/\/haremerotikshop.com\/site\/wp-json\/wp\/v2\/product"}],"about":[{"href":"https:\/\/haremerotikshop.com\/site\/wp-json\/wp\/v2\/types\/product"}],"replies":[{"embeddable":true,"href":"https:\/\/haremerotikshop.com\/site\/wp-json\/wp\/v2\/comments?post=50831"}],"version-history":[{"count":0,"href":"https:\/\/haremerotikshop.com\/site\/wp-json\/wp\/v2\/product\/50831\/revisions"}],"wp:featuredmedia":[{"embeddable":true,"href":"https:\/\/haremerotikshop.com\/site\/wp-json\/wp\/v2\/media\/50833"}],"wp:attachment":[{"href":"https:\/\/haremerotikshop.com\/site\/wp-json\/wp\/v2\/media?parent=50831"}],"wp:term":[{"taxonomy":"product_brand","embeddable":true,"href":"https:\/\/haremerotikshop.com\/site\/wp-json\/wp\/v2\/product_brand?post=50831"},{"taxonomy":"product_cat","embeddable":true,"href":"https:\/\/haremerotikshop.com\/site\/wp-json\/wp\/v2\/product_cat?post=50831"},{"taxonomy":"product_tag","embeddable":true,"href":"https:\/\/haremerotikshop.com\/site\/wp-json\/wp\/v2\/product_tag?post=50831"}],"curies":[{"name":"wp","href":"https:\/\/api.w.org\/{rel}","templated":true}]}}