{"id":51500,"date":"2026-01-08T18:03:55","date_gmt":"2026-01-08T15:03:55","guid":{"rendered":"https:\/\/hobierotikshop.com.tr\/website1\/erotik-shop-urun\/lovemate-x30\/"},"modified":"2026-01-29T16:17:52","modified_gmt":"2026-01-29T13:17:52","slug":"lovemate-x30","status":"publish","type":"product","link":"https:\/\/haremerotikshop.com\/site\/erotik-shop-urun\/lovemate-x30\/","title":{"rendered":"Lovemate X30"},"content":{"rendered":"<p><span dir=\"auto\" style=\"vertical-align: inherit\"><span dir=\"auto\" style=\"vertical-align: inherit\"><\/p>\n<p><img decoding=\"async\" src=\"http:\/\/www.alarasaglik.com\/\/images\/urunler\/\/4306434-677.png\" \/>&nbsp;&nbsp;&nbsp;&nbsp;&nbsp;&nbsp;<\/p>\n<div style=\"border-top: 0px;border-right: 0px;white-space: normal;border-bottom: 0px;text-transform: none;padding-bottom: 0px;padding-top: 0px\"><span style=\"font-size: 12px;border-top: 0px;font-family: verdana, geneva, sans-serif;border-right: 0px;background: none transparent scroll repeat 0% 0%;border-bottom: 0px;padding-bottom: 0px;padding-top: 0px;padding-left: 0px;margin: 0px;border-left: 0px;padding-right: 0px\">Yeni dizayn edilen K\u00f6r\u00fckl\u00fc Pompa sistemi (Bellows Pump) sayesinde, Bathmate Hydromax X30, eski modeline g\u00f6re %35 daha fazla emme g\u00fcc\u00fc \u00fcretir. Artan emme g\u00fcc\u00fc ise, sizin i\u00e7in daha h\u0131zl\u0131 ve ba\u015far\u0131l\u0131 sonu\u00e7lar anlam\u0131na gelir&#8230;<\/span><\/div>\n<div style=\"border-top: 0px;border-right: 0px;white-space: normal;border-bottom: 0px;text-transform: none;padding-bottom: 0px;padding-top: 0px\">&nbsp;<\/div>\n<div style=\"border-top: 0px;border-right: 0px;white-space: normal;border-bottom: 0px;text-transform: none;padding-bottom: 0px;padding-top: 0px\"><span style=\"font-size: 12px;border-top: 0px;font-family: verdana, geneva, sans-serif;border-right: 0px;background: none transparent scroll repeat 0% 0%;border-bottom: 0px;padding-bottom: 0px;padding-top: 0px;padding-left: 0px;margin: 0px;border-left: 0px;padding-right: 0px\">K\u00f6r\u00fckl\u00fc Pompa sisteminde yer alan yumu\u015fak destek contas\u0131 sayesinde, penis ve testis b\u00f6lgesinde daha az bas\u0131n\u00e7 ve daha fazla konfor hissedersiniz. Bu contay\u0131 gerekti\u011finde yerinden kolayl\u0131kla \u00e7\u0131kartabilir ve temizleyebilirsiniz&#8230;<\/span><\/div>\n<div style=\"border-top: 0px;border-right: 0px;white-space: normal;border-bottom: 0px;text-transform: none;padding-bottom: 0px;padding-top: 0px\">&nbsp;<\/div>\n<div style=\"border-top: 0px;border-right: 0px;white-space: normal;border-bottom: 0px;text-transform: none;padding-bottom: 0px;padding-top: 0px\"><span style=\"font-size: 12px;border-top: 0px;font-family: verdana, geneva, sans-serif;border-right: 0px;background: none transparent scroll repeat 0% 0%;border-bottom: 0px;padding-bottom: 0px;padding-top: 0px;padding-left: 0px;margin: 0px;border-left: 0px;padding-right: 0px\">Daha bir\u00e7ok yeni \u00f6zelli\u011fiyle, Bathmate Hydromax X30, bir \u00f6nceki model Bathmate Hercules&rsquo; in yapt\u0131\u011f\u0131 her\u015feyin daha fazlas\u0131n\u0131 yapar.<\/span><\/div>\n<div style=\"border-top: 0px;border-right: 0px;white-space: normal;border-bottom: 0px;text-transform: none;padding-bottom: 0px;padding-top: 0px\">&nbsp;<\/div>\n<div style=\"border-top: 0px;border-right: 0px;white-space: normal;border-bottom: 0px;text-transform: none;padding-bottom: 0px;padding-top: 0px\"><span style=\"font-size: 12px;border-top: 0px;font-family: verdana, geneva, sans-serif;border-right: 0px;background: none transparent scroll repeat 0% 0%;border-bottom: 0px;padding-bottom: 0px;padding-top: 0px;padding-left: 0px;margin: 0px;border-left: 0px;padding-right: 0px\">\u0130ngiltere&rsquo; deki fabrikas\u0131nda her bir par\u00e7as\u0131 en \u00fcst kalitedeki materyallerden \u00fcretilen Bathmate Hydromax X30, en \u00fcst zorluk seviyesindeki kullan\u0131m testlerine tabi tutulur. Her bir Bathmate Hydromax X30 penis pompas\u0131, 100,000 kez kullan\u0131ma uygun dayan\u0131kl\u0131l\u0131kta \u00fcretilir (normal kullan\u0131m \u015fartlar\u0131nda 3 y\u0131l).<\/span><\/div>\n<div style=\"border-top: 0px;border-right: 0px;white-space: normal;border-bottom: 0px;text-transform: none;padding-bottom: 0px;padding-top: 0px\">&nbsp;<\/div>\n<div style=\"border-top: 0px;border-right: 0px;white-space: normal;border-bottom: 0px;text-transform: none;padding-bottom: 0px;padding-top: 0px\">&nbsp;<\/div>\n<div style=\"border-top: 0px;border-right: 0px;white-space: normal;border-bottom: 0px;text-transform: none;padding-bottom: 0px;padding-top: 0px\">&nbsp;<\/div>\n<div style=\"border-top: 0px;border-right: 0px;white-space: normal;border-bottom: 0px;text-transform: none;padding-bottom: 0px;padding-top: 0px\"><span style=\"font-size: 12px;border-top: 0px;font-family: verdana, geneva, sans-serif;border-right: 0px;background: none transparent scroll repeat 0% 0%;border-bottom: 0px;padding-bottom: 0px;padding-top: 0px;padding-left: 0px;margin: 0px;border-left: 0px;padding-right: 0px\"><strong style=\"font-size: 12px;border-top: 0px;border-right: 0px;background: none transparent scroll repeat 0% 0%;border-bottom: 0px;padding-bottom: 0px;padding-top: 0px;padding-left: 0px;margin: 0px;border-left: 0px;padding-right: 0px\">KULLANIM:<\/strong><\/span><\/div>\n<div style=\"border-top: 0px;border-right: 0px;white-space: normal;border-bottom: 0px;text-transform: none;padding-bottom: 0px;padding-top: 0px\">&nbsp;<\/div>\n<div style=\"border-top: 0px;border-right: 0px;white-space: normal;border-bottom: 0px;text-transform: none;padding-bottom: 0px;padding-top: 0px\"><span style=\"font-size: 12px;border-top: 0px;font-family: verdana, geneva, sans-serif;border-right: 0px;background: none transparent scroll repeat 0% 0%;border-bottom: 0px;padding-bottom: 0px;padding-top: 0px;padding-left: 0px;margin: 0px;border-left: 0px;padding-right: 0px\">1- K\u00fcveti su ile doldurun (evinizde k\u00fcvet yoksa, Bathmate Hydromax X30&rsquo; u du\u015fta da kullanabilirsiniz).<\/span><\/div>\n<div style=\"border-top: 0px;border-right: 0px;white-space: normal;border-bottom: 0px;text-transform: none;padding-bottom: 0px;padding-top: 0px\">&nbsp;<\/div>\n<div style=\"border-top: 0px;border-right: 0px;white-space: normal;border-bottom: 0px;text-transform: none;padding-bottom: 0px;padding-top: 0px\"><span style=\"font-size: 12px;border-top: 0px;font-family: verdana, geneva, sans-serif;border-right: 0px;background: none transparent scroll repeat 0% 0%;border-bottom: 0px;padding-bottom: 0px;padding-top: 0px;padding-left: 0px;margin: 0px;border-left: 0px;padding-right: 0px\">2- K\u00fcvetteyken, Bathmate Hydromax X30&rsquo; i su ile tamamen dolana kadar suyun i\u00e7ine sokun, daha sonra suyun i\u00e7indeyken penisinizi i\u00e7ine yerle\u015ftirin.<\/span><\/div>\n<div style=\"border-top: 0px;border-right: 0px;white-space: normal;border-bottom: 0px;text-transform: none;padding-bottom: 0px;padding-top: 0px\">&nbsp;<\/div>\n<div style=\"border-top: 0px;border-right: 0px;white-space: normal;border-bottom: 0px;text-transform: none;padding-bottom: 0px;padding-top: 0px\"><span style=\"font-size: 12px;border-top: 0px;font-family: verdana, geneva, sans-serif;border-right: 0px;background: none transparent scroll repeat 0% 0%;border-bottom: 0px;padding-bottom: 0px;padding-top: 0px;padding-left: 0px;margin: 0px;border-left: 0px;padding-right: 0px\">3- Bathmate Hydromax X30&rsquo; i pelvis k\u00f6k\u00fcne do\u011fru a\u015fa\u011f\u0131ya vakum olu\u015fturana kadar birka\u00e7 kez itin. Olu\u015fan bas\u0131nc\u0131 hissetmeye ba\u015flayabilirsiniz. Fazla su, Bathmate Hydromax X30&rsquo; in \u00fcst\u00fcndeki bas\u0131n\u00e7 b\u0131rakma vanas\u0131ndan \u00e7\u0131kmaya ba\u015flar. Bas\u0131n\u00e7 b\u0131rakma vanas\u0131ndan art\u0131k su \u00e7\u0131kmayana kadar d\u00f6rt ya da be\u015f kez pompalaman\u0131z gerekir.<\/span><\/div>\n<div style=\"border-top: 0px;border-right: 0px;white-space: normal;border-bottom: 0px;text-transform: none;padding-bottom: 0px;padding-top: 0px\">&nbsp;<\/div>\n<div style=\"border-top: 0px;border-right: 0px;white-space: normal;border-bottom: 0px;text-transform: none;padding-bottom: 0px;padding-top: 0px\"><span style=\"font-size: 12px;border-top: 0px;font-family: verdana, geneva, sans-serif;border-right: 0px;background: none transparent scroll repeat 0% 0%;border-bottom: 0px;padding-bottom: 0px;padding-top: 0px;padding-left: 0px;margin: 0px;border-left: 0px;padding-right: 0px\">4- Daha fazla pompalayamad\u0131\u011f\u0131n\u0131z zaman, be\u015f dakikal\u0131\u011f\u0131na rahatlay\u0131n. Bathmate Hydromax X30&rsquo; i daha fazla pompalayamad\u0131\u011f\u0131n\u0131z zaman, bu belirli zamandaki en ideal vakumdur.<\/span><\/div>\n<div style=\"border-top: 0px;border-right: 0px;white-space: normal;border-bottom: 0px;text-transform: none;padding-bottom: 0px;padding-top: 0px\">&nbsp;<\/div>\n<div style=\"border-top: 0px;border-right: 0px;white-space: normal;border-bottom: 0px;text-transform: none;padding-bottom: 0px;padding-top: 0px\"><span style=\"font-size: 12px;border-top: 0px;font-family: verdana, geneva, sans-serif;border-right: 0px;background: none transparent scroll repeat 0% 0%;border-bottom: 0px;padding-bottom: 0px;padding-top: 0px;padding-left: 0px;margin: 0px;border-left: 0px;padding-right: 0px\">5- Her d\u00f6rt ya da be\u015f dakikada bir tekrar pompalamay\u0131 deneyin. Penisiniz b\u00fcy\u00fcrken, pompalad\u0131\u011f\u0131n\u0131z her seferinde fazla suyu Bathmate Hydromax X30&rsquo; in \u00fcst\u00fcnden d\u0131\u015far\u0131ya atar. Fakat her zaman daha fazla pompalayamad\u0131\u011f\u0131n\u0131z bir noktaya gelirsiniz.<\/span><\/div>\n<div style=\"border-top: 0px;border-right: 0px;white-space: normal;border-bottom: 0px;text-transform: none;padding-bottom: 0px;padding-top: 0px\">&nbsp;<\/div>\n<div style=\"border-top: 0px;border-right: 0px;white-space: normal;border-bottom: 0px;text-transform: none;padding-bottom: 0px;padding-top: 0px\"><span style=\"font-size: 12px;border-top: 0px;font-family: verdana, geneva, sans-serif;border-right: 0px;background: none transparent scroll repeat 0% 0%;border-bottom: 0px;padding-bottom: 0px;padding-top: 0px;padding-left: 0px;margin: 0px;border-left: 0px;padding-right: 0px\">6- Gerekli hissetti\u011finizde Bathmate Hydromax X30&rsquo; i en ideal vakuma ula\u015fana kadar pompalay\u0131n. Bu, pompalamaya \u00e7al\u0131\u015f\u0131rken ula\u015ft\u0131\u011f\u0131n\u0131z daha fazla suyun \u00e7\u0131kmad\u0131\u011f\u0131 bir a\u015famad\u0131r.<\/span><\/div>\n<div style=\"border-top: 0px;border-right: 0px;white-space: normal;border-bottom: 0px;text-transform: none;padding-bottom: 0px;padding-top: 0px\">&nbsp;<\/div>\n<div style=\"border-top: 0px;border-right: 0px;white-space: normal;border-bottom: 0px;text-transform: none;padding-bottom: 0px;padding-top: 0px\"><span style=\"font-size: 12px;border-top: 0px;font-family: verdana, geneva, sans-serif;border-right: 0px;background: none transparent scroll repeat 0% 0%;border-bottom: 0px;padding-bottom: 0px;padding-top: 0px;padding-left: 0px;margin: 0px;border-left: 0px;padding-right: 0px\">7- E\u011fer bas\u0131nc\u0131n \u00e7ok oldu\u011funu hissederseniz, Bathmate Hydromax X30&rsquo; in \u00fcst\u00fcndeki bas\u0131n\u00e7 b\u0131rakma vanas\u0131n\u0131 hafif\u00e7e aktif hale getirin. Bu bas\u0131nc\u0131 b\u0131rakacakt\u0131r. 15 dakikadan sonra, Bathmate Hydromax X30&rsquo; in \u00fcst\u00fcndeki bas\u0131nc\u0131 b\u0131rakma vanas\u0131na basarak bas\u0131nc\u0131 b\u0131rak\u0131n ve \u00fcniteyi \u00e7\u0131kar<\/span><\/div>\n<p>&nbsp;<\/p>\n<p>&nbsp;<\/p>\n<p><\/span><\/span><\/p>\n","protected":false},"excerpt":{"rendered":"<p>&nbsp;&nbsp;&nbsp;&nbsp;&nbsp;&nbsp; Yeni dizayn edilen K\u00f6r\u00fckl\u00fc Pompa sistemi (Bellows Pump) sayesinde, Bathmate Hydromax X30, eski modeline g\u00f6re %35 daha fazla emme<\/p>\n","protected":false},"featured_media":51502,"comment_status":"closed","ping_status":"closed","template":"elementor_canvas","meta":[],"product_brand":[],"product_cat":[525],"product_tag":[],"class_list":{"0":"post-51500","1":"product","2":"type-product","3":"status-publish","4":"has-post-thumbnail","6":"product_cat-vakum-pompalari","8":"first","9":"instock","10":"purchasable","11":"product-type-simple"},"yoast_head":"<!-- This site is optimized with the Yoast SEO Premium plugin v24.4 (Yoast SEO v27.1.1) - https:\/\/yoast.com\/product\/yoast-seo-premium-wordpress\/ -->\n<title>Lovemate X30 - Bursa Erotik Shop<\/title>\n<meta name=\"robots\" content=\"index, follow, max-snippet:-1, max-image-preview:large, max-video-preview:-1\" \/>\n<link rel=\"canonical\" href=\"https:\/\/hobierotikshop.com.tr\/website1\/erotik-shop-urun\/lovemate-x30\/\" \/>\n<meta property=\"og:locale\" content=\"tr_TR\" \/>\n<meta property=\"og:type\" content=\"article\" \/>\n<meta property=\"og:title\" content=\"Lovemate X30\" \/>\n<meta property=\"og:description\" content=\"&nbsp;&nbsp;&nbsp;&nbsp;&nbsp;&nbsp; Yeni dizayn edilen K\u00f6r\u00fckl\u00fc Pompa sistemi (Bellows Pump) sayesinde, Bathmate Hydromax X30, eski modeline g\u00f6re %35 daha fazla emme\" \/>\n<meta property=\"og:url\" content=\"https:\/\/hobierotikshop.com.tr\/website1\/erotik-shop-urun\/lovemate-x30\/\" \/>\n<meta property=\"og:site_name\" content=\"Bursa Erotik Shop\" \/>\n<meta property=\"article:modified_time\" content=\"2026-01-29T13:17:52+00:00\" \/>\n<meta property=\"og:image\" content=\"https:\/\/hobierotikshop.com.tr\/website1\/wp-content\/uploads\/2026\/01\/x30-Penis-Pump-resim-209.jpg\" \/>\n\t<meta property=\"og:image:width\" content=\"475\" \/>\n\t<meta property=\"og:image:height\" content=\"475\" \/>\n\t<meta property=\"og:image:type\" content=\"image\/jpeg\" \/>\n<meta name=\"twitter:card\" content=\"summary_large_image\" \/>\n<meta name=\"twitter:site\" content=\"@shopbursa\" \/>\n<meta name=\"twitter:label1\" content=\"Fiyat\" \/>\n\t<meta name=\"twitter:data1\" content=\"&#8378;4.500,00\" \/>\n\t<meta name=\"twitter:label2\" content=\"Availability\" \/>\n\t<meta name=\"twitter:data2\" content=\"In stock\" \/>\n<script type=\"application\/ld+json\" class=\"yoast-schema-graph\">{\"@context\":\"https:\/\/schema.org\",\"@graph\":[{\"@type\":\"WebPage\",\"@id\":\"https:\/\/hobierotikshop.com.tr\/website1\/erotik-shop-urun\/lovemate-x30\/\",\"url\":\"https:\/\/hobierotikshop.com.tr\/website1\/erotik-shop-urun\/lovemate-x30\/\",\"name\":\"Lovemate X30 - Bursa Erotik Shop\",\"isPartOf\":{\"@id\":\"https:\/\/hobierotikshop.com.tr\/website1\/#website\"},\"primaryImageOfPage\":{\"@id\":\"https:\/\/hobierotikshop.com.tr\/website1\/erotik-shop-urun\/lovemate-x30\/#primaryimage\"},\"image\":{\"@id\":\"https:\/\/hobierotikshop.com.tr\/website1\/erotik-shop-urun\/lovemate-x30\/#primaryimage\"},\"thumbnailUrl\":\"https:\/\/haremerotikshop.com\/site\/wp-content\/uploads\/2026\/01\/x30-Penis-Pump-resim-209.jpg\",\"datePublished\":\"2026-01-08T15:03:55+00:00\",\"dateModified\":\"2026-01-29T13:17:52+00:00\",\"breadcrumb\":{\"@id\":\"https:\/\/hobierotikshop.com.tr\/website1\/erotik-shop-urun\/lovemate-x30\/#breadcrumb\"},\"inLanguage\":\"tr\",\"potentialAction\":[{\"@type\":\"ReadAction\",\"target\":[\"https:\/\/hobierotikshop.com.tr\/website1\/erotik-shop-urun\/lovemate-x30\/\"]}]},{\"@type\":\"ImageObject\",\"inLanguage\":\"tr\",\"@id\":\"https:\/\/hobierotikshop.com.tr\/website1\/erotik-shop-urun\/lovemate-x30\/#primaryimage\",\"url\":\"https:\/\/haremerotikshop.com\/site\/wp-content\/uploads\/2026\/01\/x30-Penis-Pump-resim-209.jpg\",\"contentUrl\":\"https:\/\/haremerotikshop.com\/site\/wp-content\/uploads\/2026\/01\/x30-Penis-Pump-resim-209.jpg\",\"width\":475,\"height\":475},{\"@type\":\"BreadcrumbList\",\"@id\":\"https:\/\/hobierotikshop.com.tr\/website1\/erotik-shop-urun\/lovemate-x30\/#breadcrumb\",\"itemListElement\":[{\"@type\":\"ListItem\",\"position\":1,\"name\":\"Anasayfa\",\"item\":\"https:\/\/hobierotikshop.com.tr\/website1\/\"},{\"@type\":\"ListItem\",\"position\":2,\"name\":\"Erotik Shop \u00dcr\u00fcnleri\",\"item\":\"https:\/\/hobierotikshop.com.tr\/website1\/shop\/\"},{\"@type\":\"ListItem\",\"position\":3,\"name\":\"Lovemate X30\"}]},{\"@type\":\"WebSite\",\"@id\":\"https:\/\/hobierotikshop.com.tr\/website1\/#website\",\"url\":\"https:\/\/hobierotikshop.com.tr\/website1\/\",\"name\":\"Bursa Erotik Shop\",\"description\":\"Bursa Erotik Shop ile g\u00fcvenli, gizli ve kaliteli yeti\u015fkin \u00fcr\u00fcnleri al\u0131\u015fveri\u015fi! Geni\u015f \u00fcr\u00fcn yelpazemizi ke\u015ffedin, hemen sipari\u015f verin\",\"publisher\":{\"@id\":\"https:\/\/hobierotikshop.com.tr\/website1\/#organization\"},\"alternateName\":\"Erotik Shop\",\"potentialAction\":[{\"@type\":\"SearchAction\",\"target\":{\"@type\":\"EntryPoint\",\"urlTemplate\":\"https:\/\/hobierotikshop.com.tr\/website1\/?s={search_term_string}\"},\"query-input\":{\"@type\":\"PropertyValueSpecification\",\"valueRequired\":true,\"valueName\":\"search_term_string\"}}],\"inLanguage\":\"tr\"},{\"@type\":\"Organization\",\"@id\":\"https:\/\/hobierotikshop.com.tr\/website1\/#organization\",\"name\":\"Harem Bursa Erotik Shop\",\"url\":\"https:\/\/hobierotikshop.com.tr\/website1\/\",\"logo\":{\"@type\":\"ImageObject\",\"inLanguage\":\"tr\",\"@id\":\"https:\/\/hobierotikshop.com.tr\/website1\/#\/schema\/logo\/image\/\",\"url\":\"https:\/\/haremerotikshop.com\/site\/wp-content\/uploads\/2025\/03\/haremsexshop.png\",\"contentUrl\":\"https:\/\/haremerotikshop.com\/site\/wp-content\/uploads\/2025\/03\/haremsexshop.png\",\"width\":400,\"height\":100,\"caption\":\"Harem Bursa Erotik Shop\"},\"image\":{\"@id\":\"https:\/\/hobierotikshop.com.tr\/website1\/#\/schema\/logo\/image\/\"},\"sameAs\":[\"https:\/\/x.com\/shopbursa\"],\"publishingPrinciples\":\"https:\/\/hobierotikshop.com.tr\/website1\/mesafeli-satis-sozlesmesi\/\",\"ownershipFundingInfo\":\"https:\/\/hobierotikshop.com.tr\/website1\/contact-us\/\",\"actionableFeedbackPolicy\":\"https:\/\/hobierotikshop.com.tr\/website1\/contact-us\/\",\"correctionsPolicy\":\"https:\/\/hobierotikshop.com.tr\/website1\/mesafeli-satis-sozlesmesi\/\"}]}<\/script>\n<meta property=\"product:price:amount\" content=\"4500.00\" \/>\n<meta property=\"product:price:currency\" content=\"TRY\" \/>\n<meta property=\"og:availability\" content=\"instock\" \/>\n<meta property=\"product:availability\" content=\"instock\" \/>\n<meta property=\"product:retailer_item_id\" content=\"rs-105\" \/>\n<meta property=\"product:condition\" content=\"new\" \/>\n<!-- \/ Yoast SEO Premium plugin. -->","yoast_head_json":{"title":"Lovemate X30 - Bursa Erotik Shop","robots":{"index":"index","follow":"follow","max-snippet":"max-snippet:-1","max-image-preview":"max-image-preview:large","max-video-preview":"max-video-preview:-1"},"canonical":"https:\/\/hobierotikshop.com.tr\/website1\/erotik-shop-urun\/lovemate-x30\/","og_locale":"tr_TR","og_type":"article","og_title":"Lovemate X30","og_description":"&nbsp;&nbsp;&nbsp;&nbsp;&nbsp;&nbsp; Yeni dizayn edilen K\u00f6r\u00fckl\u00fc Pompa sistemi (Bellows Pump) sayesinde, Bathmate Hydromax X30, eski modeline g\u00f6re %35 daha fazla emme","og_url":"https:\/\/hobierotikshop.com.tr\/website1\/erotik-shop-urun\/lovemate-x30\/","og_site_name":"Bursa Erotik Shop","article_modified_time":"2026-01-29T13:17:52+00:00","og_image":[{"width":475,"height":475,"url":"https:\/\/hobierotikshop.com.tr\/website1\/wp-content\/uploads\/2026\/01\/x30-Penis-Pump-resim-209.jpg","type":"image\/jpeg"}],"twitter_card":"summary_large_image","twitter_site":"@shopbursa","twitter_misc":{"Fiyat":"&#8378;4.500,00","Availability":"In stock"},"schema":{"@context":"https:\/\/schema.org","@graph":[{"@type":"WebPage","@id":"https:\/\/hobierotikshop.com.tr\/website1\/erotik-shop-urun\/lovemate-x30\/","url":"https:\/\/hobierotikshop.com.tr\/website1\/erotik-shop-urun\/lovemate-x30\/","name":"Lovemate X30 - Bursa Erotik Shop","isPartOf":{"@id":"https:\/\/hobierotikshop.com.tr\/website1\/#website"},"primaryImageOfPage":{"@id":"https:\/\/hobierotikshop.com.tr\/website1\/erotik-shop-urun\/lovemate-x30\/#primaryimage"},"image":{"@id":"https:\/\/hobierotikshop.com.tr\/website1\/erotik-shop-urun\/lovemate-x30\/#primaryimage"},"thumbnailUrl":"https:\/\/haremerotikshop.com\/site\/wp-content\/uploads\/2026\/01\/x30-Penis-Pump-resim-209.jpg","datePublished":"2026-01-08T15:03:55+00:00","dateModified":"2026-01-29T13:17:52+00:00","breadcrumb":{"@id":"https:\/\/hobierotikshop.com.tr\/website1\/erotik-shop-urun\/lovemate-x30\/#breadcrumb"},"inLanguage":"tr","potentialAction":[{"@type":"ReadAction","target":["https:\/\/hobierotikshop.com.tr\/website1\/erotik-shop-urun\/lovemate-x30\/"]}]},{"@type":"ImageObject","inLanguage":"tr","@id":"https:\/\/hobierotikshop.com.tr\/website1\/erotik-shop-urun\/lovemate-x30\/#primaryimage","url":"https:\/\/haremerotikshop.com\/site\/wp-content\/uploads\/2026\/01\/x30-Penis-Pump-resim-209.jpg","contentUrl":"https:\/\/haremerotikshop.com\/site\/wp-content\/uploads\/2026\/01\/x30-Penis-Pump-resim-209.jpg","width":475,"height":475},{"@type":"BreadcrumbList","@id":"https:\/\/hobierotikshop.com.tr\/website1\/erotik-shop-urun\/lovemate-x30\/#breadcrumb","itemListElement":[{"@type":"ListItem","position":1,"name":"Anasayfa","item":"https:\/\/hobierotikshop.com.tr\/website1\/"},{"@type":"ListItem","position":2,"name":"Erotik Shop \u00dcr\u00fcnleri","item":"https:\/\/hobierotikshop.com.tr\/website1\/shop\/"},{"@type":"ListItem","position":3,"name":"Lovemate X30"}]},{"@type":"WebSite","@id":"https:\/\/hobierotikshop.com.tr\/website1\/#website","url":"https:\/\/hobierotikshop.com.tr\/website1\/","name":"Bursa Erotik Shop","description":"Bursa Erotik Shop ile g\u00fcvenli, gizli ve kaliteli yeti\u015fkin \u00fcr\u00fcnleri al\u0131\u015fveri\u015fi! Geni\u015f \u00fcr\u00fcn yelpazemizi ke\u015ffedin, hemen sipari\u015f verin","publisher":{"@id":"https:\/\/hobierotikshop.com.tr\/website1\/#organization"},"alternateName":"Erotik Shop","potentialAction":[{"@type":"SearchAction","target":{"@type":"EntryPoint","urlTemplate":"https:\/\/hobierotikshop.com.tr\/website1\/?s={search_term_string}"},"query-input":{"@type":"PropertyValueSpecification","valueRequired":true,"valueName":"search_term_string"}}],"inLanguage":"tr"},{"@type":"Organization","@id":"https:\/\/hobierotikshop.com.tr\/website1\/#organization","name":"Harem Bursa Erotik Shop","url":"https:\/\/hobierotikshop.com.tr\/website1\/","logo":{"@type":"ImageObject","inLanguage":"tr","@id":"https:\/\/hobierotikshop.com.tr\/website1\/#\/schema\/logo\/image\/","url":"https:\/\/haremerotikshop.com\/site\/wp-content\/uploads\/2025\/03\/haremsexshop.png","contentUrl":"https:\/\/haremerotikshop.com\/site\/wp-content\/uploads\/2025\/03\/haremsexshop.png","width":400,"height":100,"caption":"Harem Bursa Erotik Shop"},"image":{"@id":"https:\/\/hobierotikshop.com.tr\/website1\/#\/schema\/logo\/image\/"},"sameAs":["https:\/\/x.com\/shopbursa"],"publishingPrinciples":"https:\/\/hobierotikshop.com.tr\/website1\/mesafeli-satis-sozlesmesi\/","ownershipFundingInfo":"https:\/\/hobierotikshop.com.tr\/website1\/contact-us\/","actionableFeedbackPolicy":"https:\/\/hobierotikshop.com.tr\/website1\/contact-us\/","correctionsPolicy":"https:\/\/hobierotikshop.com.tr\/website1\/mesafeli-satis-sozlesmesi\/"}]},"product_price_amount":"4500.00","product_price_currency":"TRY","og_availability":"instock","product_availability":"instock","product_retailer_item_id":"rs-105","product_condition":"new"},"_links":{"self":[{"href":"https:\/\/haremerotikshop.com\/site\/wp-json\/wp\/v2\/product\/51500","targetHints":{"allow":["GET"]}}],"collection":[{"href":"https:\/\/haremerotikshop.com\/site\/wp-json\/wp\/v2\/product"}],"about":[{"href":"https:\/\/haremerotikshop.com\/site\/wp-json\/wp\/v2\/types\/product"}],"replies":[{"embeddable":true,"href":"https:\/\/haremerotikshop.com\/site\/wp-json\/wp\/v2\/comments?post=51500"}],"version-history":[{"count":0,"href":"https:\/\/haremerotikshop.com\/site\/wp-json\/wp\/v2\/product\/51500\/revisions"}],"wp:featuredmedia":[{"embeddable":true,"href":"https:\/\/haremerotikshop.com\/site\/wp-json\/wp\/v2\/media\/51502"}],"wp:attachment":[{"href":"https:\/\/haremerotikshop.com\/site\/wp-json\/wp\/v2\/media?parent=51500"}],"wp:term":[{"taxonomy":"product_brand","embeddable":true,"href":"https:\/\/haremerotikshop.com\/site\/wp-json\/wp\/v2\/product_brand?post=51500"},{"taxonomy":"product_cat","embeddable":true,"href":"https:\/\/haremerotikshop.com\/site\/wp-json\/wp\/v2\/product_cat?post=51500"},{"taxonomy":"product_tag","embeddable":true,"href":"https:\/\/haremerotikshop.com\/site\/wp-json\/wp\/v2\/product_tag?post=51500"}],"curies":[{"name":"wp","href":"https:\/\/api.w.org\/{rel}","templated":true}]}}