{"id":53662,"date":"2026-01-08T18:41:35","date_gmt":"2026-01-08T15:41:35","guid":{"rendered":"https:\/\/hobierotikshop.com.tr\/website1\/erotik-shop-urun\/lidia-masturbator\/"},"modified":"2026-01-14T11:58:18","modified_gmt":"2026-01-14T08:58:18","slug":"lidia-masturbator","status":"publish","type":"product","link":"https:\/\/haremerotikshop.com\/site\/erotik-shop-urun\/lidia-masturbator\/","title":{"rendered":"Lidia Mast\u00fcrbat\u00f6r"},"content":{"rendered":"<p><span dir=\"auto\" style=\"vertical-align: inherit\"><span dir=\"auto\" style=\"vertical-align: inherit\"><\/p>\n<p><strong>Love Shop Kalitesi ve G\u00fcvencesi<\/strong> &nbsp;ile En B\u00fcy\u00fck Zevki Ke\u015ffedin<\/p>\n<p>Bu mega mast\u00fcrbat\u00f6r, bir kad\u0131n\u0131n \u015fimdiye kadar geli\u015ftirilmi\u015f en ger\u00e7ek\u00e7i, ger\u00e7ek\u00e7i alt yar\u0131mlar\u0131ndan biridir! Ger\u00e7ek beden ve tenden &nbsp;ay\u0131rt edilmesi zor, o kadar ger\u00e7ek bir his ya\u015fay\u0131n.<\/p>\n<p>&nbsp;<\/p>\n<p>Ger\u00e7ek\u00e7i \u00d6zellikler ve His<\/p>\n<p>S\u0131cak, s\u0131k\u0131 ve s\u00fcper yumu\u015fak &nbsp;malzemeden yap\u0131lm\u0131\u015f bu model her zaman aksiyona haz\u0131r. S\u00fcper sevimli bacaklar\u0131 ve s\u0131k\u0131 \u00f6zellikleriyle bilinen \u00e7arp\u0131c\u0131 bir modelden \u00f6zenle kal\u0131planm\u0131\u015f detayl\u0131 k\u0131vr\u0131mlar\u0131na hayran kal\u0131n. \u0130ster bacak a\u015f\u0131\u011f\u0131, ister bald\u0131r tutkunu veya ayak feti\u015fi&nbsp;olun, bu uzun bacaklar ve yata\u011f\u0131n \u00fczerinde sallanan sevimli ayak parmaklar\u0131 seti arzular\u0131n\u0131z\u0131 yerine getirecek.<\/p>\n<p>&nbsp;<\/p>\n<p>\u00c7ok Y\u00f6nl\u00fc Zevk<\/p>\n<p>\u0130ki giri\u015f deli\u011fiyle donat\u0131lm\u0131\u015f, zevkinizi se\u00e7ebilirsiniz. En sevdi\u011finiz i\u00e7 \u00e7ama\u015f\u0131r\u0131n\u0131 giydirin, yata\u011fa sokun veya t\u00fcm gece boyunca arkadan tad\u0131n\u0131 \u00e7\u0131kar\u0131n &#8211; hi\u00e7bir ba\u011f olmadan her \u015feye haz\u0131r. Sizi saracak ve masaj yapacak &nbsp;&nbsp;Fanta etiyle, hi\u00e7bir ba\u011fl\u0131l\u0131k gerektirmeyen zevkin en \u00fcst noktas\u0131n\u0131 temsil ediyor.<\/p>\n<p>Kullan\u0131\u015fl\u0131l\u0131k \u0130\u00e7in Tasarland\u0131<\/p>\n<p>B\u00fcy\u00fck yuvarlak k\u0131\u00e7\u0131n\u0131n ger\u00e7ek\u00e7i hislerinin tad\u0131n\u0131 \u00e7\u0131kar\u0131n &#8211; tokatlay\u0131n ve ger\u00e7ek bir k\u0131\u00e7\u0131 taklit eden sesi dinleyin. Ayaklar\u0131 ayak i\u015fleri i\u00e7in m\u00fckemmeldir ve deneyiminizin ger\u00e7ek\u00e7ili\u011fini art\u0131r\u0131r. \u0130\u015finiz bittikten sonra, &nbsp;\u0131l\u0131k suyla temizlik basittir ve siz ne zaman haz\u0131r olursan\u0131z olun o da harekete ge\u00e7meye haz\u0131rd\u0131r.<\/p>\n<p>\u00dcr\u00fcn \u00d6zellikleri<\/p>\n<p>Malzeme: Termoplastik Kau\u00e7uk TPE<\/p>\n<p>Ftalat \u0130\u00e7ermez ( kansorejen madde )<\/p>\n<p>Giri\u015f Noktalar\u0131: 2<\/p>\n<p>Uzunluk 70&nbsp;CM<\/p>\n<p>Geni\u015flik 22&nbsp;CM<\/p>\n<p>Y\u00fckseklik 15&nbsp;CM<\/p>\n<p>A\u011f\u0131rl\u0131k: 7,8&nbsp;KG&nbsp;<\/p>\n<p>Sadece sizin zevkiniz i\u00e7in tasarlanm\u0131\u015f bu her yere eri\u015filebilen, her zaman kullan\u0131labilen mega mast\u00fcrbat\u00f6r\u00fcn tad\u0131n\u0131 \u00e7\u0131kar\u0131n. Ba\u011fl\u0131l\u0131k yok, sonu\u00e7lar hakk\u0131nda endi\u015felenme yok &#8211; sadece saf, kat\u0131ks\u0131z e\u011flence&nbsp;<\/p>\n<p><\/span><\/span><\/p>\n","protected":false},"excerpt":{"rendered":"<p>Love Shop Kalitesi ve G\u00fcvencesi &nbsp;ile En B\u00fcy\u00fck Zevki Ke\u015ffedin Bu mega mast\u00fcrbat\u00f6r, bir kad\u0131n\u0131n \u015fimdiye kadar geli\u015ftirilmi\u015f en ger\u00e7ek\u00e7i,<\/p>\n","protected":false},"featured_media":53664,"comment_status":"closed","ping_status":"closed","template":"elementor_canvas","meta":[],"product_brand":[],"product_cat":[538],"product_tag":[],"class_list":{"0":"post-53662","1":"product","2":"type-product","3":"status-publish","4":"has-post-thumbnail","6":"product_cat-torso-urunler","8":"first","9":"instock","10":"purchasable","11":"product-type-simple"},"yoast_head":"<!-- This site is optimized with the Yoast SEO Premium plugin v24.4 (Yoast SEO v27.1.1) - https:\/\/yoast.com\/product\/yoast-seo-premium-wordpress\/ -->\n<title>Lidia Mast\u00fcrbat\u00f6r - Bursa Erotik Shop<\/title>\n<meta name=\"robots\" content=\"index, follow, max-snippet:-1, max-image-preview:large, max-video-preview:-1\" \/>\n<link rel=\"canonical\" href=\"https:\/\/hobierotikshop.com.tr\/website1\/erotik-shop-urun\/lidia-masturbator\/\" \/>\n<meta property=\"og:locale\" content=\"tr_TR\" \/>\n<meta property=\"og:type\" content=\"article\" \/>\n<meta property=\"og:title\" content=\"Lidia Mast\u00fcrbat\u00f6r\" \/>\n<meta property=\"og:description\" content=\"Love Shop Kalitesi ve G\u00fcvencesi &nbsp;ile En B\u00fcy\u00fck Zevki Ke\u015ffedin Bu mega mast\u00fcrbat\u00f6r, bir kad\u0131n\u0131n \u015fimdiye kadar geli\u015ftirilmi\u015f en ger\u00e7ek\u00e7i,\" \/>\n<meta property=\"og:url\" content=\"https:\/\/hobierotikshop.com.tr\/website1\/erotik-shop-urun\/lidia-masturbator\/\" \/>\n<meta property=\"og:site_name\" content=\"Bursa Erotik Shop\" \/>\n<meta property=\"article:modified_time\" content=\"2026-01-14T08:58:18+00:00\" \/>\n<meta property=\"og:image\" content=\"https:\/\/hobierotikshop.com.tr\/website1\/wp-content\/uploads\/2026\/01\/LIDIA-resim-1600.png\" \/>\n\t<meta property=\"og:image:width\" content=\"1525\" \/>\n\t<meta property=\"og:image:height\" content=\"1115\" \/>\n\t<meta property=\"og:image:type\" content=\"image\/png\" \/>\n<meta name=\"twitter:card\" content=\"summary_large_image\" \/>\n<meta name=\"twitter:site\" content=\"@shopbursa\" \/>\n<meta name=\"twitter:label1\" content=\"Fiyat\" \/>\n\t<meta name=\"twitter:data1\" content=\"&#8378;15.000,00\" \/>\n\t<meta name=\"twitter:label2\" content=\"Availability\" \/>\n\t<meta name=\"twitter:data2\" content=\"In stock\" \/>\n<script type=\"application\/ld+json\" class=\"yoast-schema-graph\">{\"@context\":\"https:\/\/schema.org\",\"@graph\":[{\"@type\":\"WebPage\",\"@id\":\"https:\/\/hobierotikshop.com.tr\/website1\/erotik-shop-urun\/lidia-masturbator\/\",\"url\":\"https:\/\/hobierotikshop.com.tr\/website1\/erotik-shop-urun\/lidia-masturbator\/\",\"name\":\"Lidia Mast\u00fcrbat\u00f6r - Bursa Erotik Shop\",\"isPartOf\":{\"@id\":\"https:\/\/hobierotikshop.com.tr\/website1\/#website\"},\"primaryImageOfPage\":{\"@id\":\"https:\/\/hobierotikshop.com.tr\/website1\/erotik-shop-urun\/lidia-masturbator\/#primaryimage\"},\"image\":{\"@id\":\"https:\/\/hobierotikshop.com.tr\/website1\/erotik-shop-urun\/lidia-masturbator\/#primaryimage\"},\"thumbnailUrl\":\"https:\/\/haremerotikshop.com\/site\/wp-content\/uploads\/2026\/01\/LIDIA-resim-1600.png\",\"datePublished\":\"2026-01-08T15:41:35+00:00\",\"dateModified\":\"2026-01-14T08:58:18+00:00\",\"breadcrumb\":{\"@id\":\"https:\/\/hobierotikshop.com.tr\/website1\/erotik-shop-urun\/lidia-masturbator\/#breadcrumb\"},\"inLanguage\":\"tr\",\"potentialAction\":[{\"@type\":\"ReadAction\",\"target\":[\"https:\/\/hobierotikshop.com.tr\/website1\/erotik-shop-urun\/lidia-masturbator\/\"]}]},{\"@type\":\"ImageObject\",\"inLanguage\":\"tr\",\"@id\":\"https:\/\/hobierotikshop.com.tr\/website1\/erotik-shop-urun\/lidia-masturbator\/#primaryimage\",\"url\":\"https:\/\/haremerotikshop.com\/site\/wp-content\/uploads\/2026\/01\/LIDIA-resim-1600.png\",\"contentUrl\":\"https:\/\/haremerotikshop.com\/site\/wp-content\/uploads\/2026\/01\/LIDIA-resim-1600.png\",\"width\":1525,\"height\":1115},{\"@type\":\"BreadcrumbList\",\"@id\":\"https:\/\/hobierotikshop.com.tr\/website1\/erotik-shop-urun\/lidia-masturbator\/#breadcrumb\",\"itemListElement\":[{\"@type\":\"ListItem\",\"position\":1,\"name\":\"Anasayfa\",\"item\":\"https:\/\/hobierotikshop.com.tr\/website1\/\"},{\"@type\":\"ListItem\",\"position\":2,\"name\":\"Erotik Shop \u00dcr\u00fcnleri\",\"item\":\"https:\/\/hobierotikshop.com.tr\/website1\/shop\/\"},{\"@type\":\"ListItem\",\"position\":3,\"name\":\"Lidia Mast\u00fcrbat\u00f6r\"}]},{\"@type\":\"WebSite\",\"@id\":\"https:\/\/hobierotikshop.com.tr\/website1\/#website\",\"url\":\"https:\/\/hobierotikshop.com.tr\/website1\/\",\"name\":\"Bursa Erotik Shop\",\"description\":\"Bursa Erotik Shop ile g\u00fcvenli, gizli ve kaliteli yeti\u015fkin \u00fcr\u00fcnleri al\u0131\u015fveri\u015fi! Geni\u015f \u00fcr\u00fcn yelpazemizi ke\u015ffedin, hemen sipari\u015f verin\",\"publisher\":{\"@id\":\"https:\/\/hobierotikshop.com.tr\/website1\/#organization\"},\"alternateName\":\"Erotik Shop\",\"potentialAction\":[{\"@type\":\"SearchAction\",\"target\":{\"@type\":\"EntryPoint\",\"urlTemplate\":\"https:\/\/hobierotikshop.com.tr\/website1\/?s={search_term_string}\"},\"query-input\":{\"@type\":\"PropertyValueSpecification\",\"valueRequired\":true,\"valueName\":\"search_term_string\"}}],\"inLanguage\":\"tr\"},{\"@type\":\"Organization\",\"@id\":\"https:\/\/hobierotikshop.com.tr\/website1\/#organization\",\"name\":\"Harem Bursa Erotik Shop\",\"url\":\"https:\/\/hobierotikshop.com.tr\/website1\/\",\"logo\":{\"@type\":\"ImageObject\",\"inLanguage\":\"tr\",\"@id\":\"https:\/\/hobierotikshop.com.tr\/website1\/#\/schema\/logo\/image\/\",\"url\":\"https:\/\/haremerotikshop.com\/site\/wp-content\/uploads\/2025\/03\/haremsexshop.png\",\"contentUrl\":\"https:\/\/haremerotikshop.com\/site\/wp-content\/uploads\/2025\/03\/haremsexshop.png\",\"width\":400,\"height\":100,\"caption\":\"Harem Bursa Erotik Shop\"},\"image\":{\"@id\":\"https:\/\/hobierotikshop.com.tr\/website1\/#\/schema\/logo\/image\/\"},\"sameAs\":[\"https:\/\/x.com\/shopbursa\"],\"publishingPrinciples\":\"https:\/\/hobierotikshop.com.tr\/website1\/mesafeli-satis-sozlesmesi\/\",\"ownershipFundingInfo\":\"https:\/\/hobierotikshop.com.tr\/website1\/contact-us\/\",\"actionableFeedbackPolicy\":\"https:\/\/hobierotikshop.com.tr\/website1\/contact-us\/\",\"correctionsPolicy\":\"https:\/\/hobierotikshop.com.tr\/website1\/mesafeli-satis-sozlesmesi\/\"}]}<\/script>\n<meta property=\"product:price:amount\" content=\"15000.00\" \/>\n<meta property=\"product:price:currency\" content=\"TRY\" \/>\n<meta property=\"og:availability\" content=\"instock\" \/>\n<meta property=\"product:availability\" content=\"instock\" \/>\n<meta property=\"product:retailer_item_id\" content=\"LS-7016\" \/>\n<meta property=\"product:condition\" content=\"new\" \/>\n<!-- \/ Yoast SEO Premium plugin. -->","yoast_head_json":{"title":"Lidia Mast\u00fcrbat\u00f6r - Bursa Erotik Shop","robots":{"index":"index","follow":"follow","max-snippet":"max-snippet:-1","max-image-preview":"max-image-preview:large","max-video-preview":"max-video-preview:-1"},"canonical":"https:\/\/hobierotikshop.com.tr\/website1\/erotik-shop-urun\/lidia-masturbator\/","og_locale":"tr_TR","og_type":"article","og_title":"Lidia Mast\u00fcrbat\u00f6r","og_description":"Love Shop Kalitesi ve G\u00fcvencesi &nbsp;ile En B\u00fcy\u00fck Zevki Ke\u015ffedin Bu mega mast\u00fcrbat\u00f6r, bir kad\u0131n\u0131n \u015fimdiye kadar geli\u015ftirilmi\u015f en ger\u00e7ek\u00e7i,","og_url":"https:\/\/hobierotikshop.com.tr\/website1\/erotik-shop-urun\/lidia-masturbator\/","og_site_name":"Bursa Erotik Shop","article_modified_time":"2026-01-14T08:58:18+00:00","og_image":[{"width":1525,"height":1115,"url":"https:\/\/hobierotikshop.com.tr\/website1\/wp-content\/uploads\/2026\/01\/LIDIA-resim-1600.png","type":"image\/png"}],"twitter_card":"summary_large_image","twitter_site":"@shopbursa","twitter_misc":{"Fiyat":"&#8378;15.000,00","Availability":"In stock"},"schema":{"@context":"https:\/\/schema.org","@graph":[{"@type":"WebPage","@id":"https:\/\/hobierotikshop.com.tr\/website1\/erotik-shop-urun\/lidia-masturbator\/","url":"https:\/\/hobierotikshop.com.tr\/website1\/erotik-shop-urun\/lidia-masturbator\/","name":"Lidia Mast\u00fcrbat\u00f6r - Bursa Erotik Shop","isPartOf":{"@id":"https:\/\/hobierotikshop.com.tr\/website1\/#website"},"primaryImageOfPage":{"@id":"https:\/\/hobierotikshop.com.tr\/website1\/erotik-shop-urun\/lidia-masturbator\/#primaryimage"},"image":{"@id":"https:\/\/hobierotikshop.com.tr\/website1\/erotik-shop-urun\/lidia-masturbator\/#primaryimage"},"thumbnailUrl":"https:\/\/haremerotikshop.com\/site\/wp-content\/uploads\/2026\/01\/LIDIA-resim-1600.png","datePublished":"2026-01-08T15:41:35+00:00","dateModified":"2026-01-14T08:58:18+00:00","breadcrumb":{"@id":"https:\/\/hobierotikshop.com.tr\/website1\/erotik-shop-urun\/lidia-masturbator\/#breadcrumb"},"inLanguage":"tr","potentialAction":[{"@type":"ReadAction","target":["https:\/\/hobierotikshop.com.tr\/website1\/erotik-shop-urun\/lidia-masturbator\/"]}]},{"@type":"ImageObject","inLanguage":"tr","@id":"https:\/\/hobierotikshop.com.tr\/website1\/erotik-shop-urun\/lidia-masturbator\/#primaryimage","url":"https:\/\/haremerotikshop.com\/site\/wp-content\/uploads\/2026\/01\/LIDIA-resim-1600.png","contentUrl":"https:\/\/haremerotikshop.com\/site\/wp-content\/uploads\/2026\/01\/LIDIA-resim-1600.png","width":1525,"height":1115},{"@type":"BreadcrumbList","@id":"https:\/\/hobierotikshop.com.tr\/website1\/erotik-shop-urun\/lidia-masturbator\/#breadcrumb","itemListElement":[{"@type":"ListItem","position":1,"name":"Anasayfa","item":"https:\/\/hobierotikshop.com.tr\/website1\/"},{"@type":"ListItem","position":2,"name":"Erotik Shop \u00dcr\u00fcnleri","item":"https:\/\/hobierotikshop.com.tr\/website1\/shop\/"},{"@type":"ListItem","position":3,"name":"Lidia Mast\u00fcrbat\u00f6r"}]},{"@type":"WebSite","@id":"https:\/\/hobierotikshop.com.tr\/website1\/#website","url":"https:\/\/hobierotikshop.com.tr\/website1\/","name":"Bursa Erotik Shop","description":"Bursa Erotik Shop ile g\u00fcvenli, gizli ve kaliteli yeti\u015fkin \u00fcr\u00fcnleri al\u0131\u015fveri\u015fi! Geni\u015f \u00fcr\u00fcn yelpazemizi ke\u015ffedin, hemen sipari\u015f verin","publisher":{"@id":"https:\/\/hobierotikshop.com.tr\/website1\/#organization"},"alternateName":"Erotik Shop","potentialAction":[{"@type":"SearchAction","target":{"@type":"EntryPoint","urlTemplate":"https:\/\/hobierotikshop.com.tr\/website1\/?s={search_term_string}"},"query-input":{"@type":"PropertyValueSpecification","valueRequired":true,"valueName":"search_term_string"}}],"inLanguage":"tr"},{"@type":"Organization","@id":"https:\/\/hobierotikshop.com.tr\/website1\/#organization","name":"Harem Bursa Erotik Shop","url":"https:\/\/hobierotikshop.com.tr\/website1\/","logo":{"@type":"ImageObject","inLanguage":"tr","@id":"https:\/\/hobierotikshop.com.tr\/website1\/#\/schema\/logo\/image\/","url":"https:\/\/haremerotikshop.com\/site\/wp-content\/uploads\/2025\/03\/haremsexshop.png","contentUrl":"https:\/\/haremerotikshop.com\/site\/wp-content\/uploads\/2025\/03\/haremsexshop.png","width":400,"height":100,"caption":"Harem Bursa Erotik Shop"},"image":{"@id":"https:\/\/hobierotikshop.com.tr\/website1\/#\/schema\/logo\/image\/"},"sameAs":["https:\/\/x.com\/shopbursa"],"publishingPrinciples":"https:\/\/hobierotikshop.com.tr\/website1\/mesafeli-satis-sozlesmesi\/","ownershipFundingInfo":"https:\/\/hobierotikshop.com.tr\/website1\/contact-us\/","actionableFeedbackPolicy":"https:\/\/hobierotikshop.com.tr\/website1\/contact-us\/","correctionsPolicy":"https:\/\/hobierotikshop.com.tr\/website1\/mesafeli-satis-sozlesmesi\/"}]},"product_price_amount":"15000.00","product_price_currency":"TRY","og_availability":"instock","product_availability":"instock","product_retailer_item_id":"LS-7016","product_condition":"new"},"_links":{"self":[{"href":"https:\/\/haremerotikshop.com\/site\/wp-json\/wp\/v2\/product\/53662","targetHints":{"allow":["GET"]}}],"collection":[{"href":"https:\/\/haremerotikshop.com\/site\/wp-json\/wp\/v2\/product"}],"about":[{"href":"https:\/\/haremerotikshop.com\/site\/wp-json\/wp\/v2\/types\/product"}],"replies":[{"embeddable":true,"href":"https:\/\/haremerotikshop.com\/site\/wp-json\/wp\/v2\/comments?post=53662"}],"version-history":[{"count":0,"href":"https:\/\/haremerotikshop.com\/site\/wp-json\/wp\/v2\/product\/53662\/revisions"}],"wp:featuredmedia":[{"embeddable":true,"href":"https:\/\/haremerotikshop.com\/site\/wp-json\/wp\/v2\/media\/53664"}],"wp:attachment":[{"href":"https:\/\/haremerotikshop.com\/site\/wp-json\/wp\/v2\/media?parent=53662"}],"wp:term":[{"taxonomy":"product_brand","embeddable":true,"href":"https:\/\/haremerotikshop.com\/site\/wp-json\/wp\/v2\/product_brand?post=53662"},{"taxonomy":"product_cat","embeddable":true,"href":"https:\/\/haremerotikshop.com\/site\/wp-json\/wp\/v2\/product_cat?post=53662"},{"taxonomy":"product_tag","embeddable":true,"href":"https:\/\/haremerotikshop.com\/site\/wp-json\/wp\/v2\/product_tag?post=53662"}],"curies":[{"name":"wp","href":"https:\/\/api.w.org\/{rel}","templated":true}]}}