{"id":53836,"date":"2026-01-08T18:45:35","date_gmt":"2026-01-08T15:45:35","guid":{"rendered":"https:\/\/hobierotikshop.com.tr\/website1\/erotik-shop-urun\/polina-masturbator-91-kg-usb-sarj-sesli-titresim\/"},"modified":"2026-01-13T16:38:46","modified_gmt":"2026-01-13T13:38:46","slug":"polina-masturbator-91-kg-usb-sarj-sesli-titresim","status":"publish","type":"product","link":"https:\/\/haremerotikshop.com\/site\/erotik-shop-urun\/polina-masturbator-91-kg-usb-sarj-sesli-titresim\/","title":{"rendered":"Poli\u0307na Mast\u00fcrbat\u00f6r 9,1 Kg Usb \u015earj-Sesli\u0307 Ti\u0307tre\u015fi\u0307m"},"content":{"rendered":"<p><span dir=\"auto\" style=\"vertical-align: inherit\"><span dir=\"auto\" style=\"vertical-align: inherit\"><\/p>\n<p><strong>Love Shop Kalitesi ve G\u00fcvencesi<\/strong>&nbsp;&nbsp;ile En B\u00fcy\u00fck Zevki Ke\u015ffedin<\/p>\n<p><span style=\"font-size:16px\"><strong><span style=\"color:#800000\">USB \u015eARJ-SESL\u0130 T\u0130TRE\u015e\u0130M- KULAKLIK<\/span><\/strong><\/span><\/p>\n<p>M\u00fckemmel yuvarlak g\u00f6\u011f\u00fcslerine ve m\u00fckemmel yerle\u015ftirilmi\u015f \u00f6zel b\u00f6lgelerine bir bak\u0131n ve neden ona M\u00fckemmel &nbsp;dedi\u011fimizi anlayacaks\u0131n\u0131z! &nbsp;M\u00fckemmel Torso sadece inan\u0131lmaz g\u00f6r\u00fcnmekle kalm\u0131yor; o kadar ger\u00e7ek\u00e7i hissettiriyor ki neyi becerdi\u011finizi unutabilirsiniz! \u00d6d\u00fcll\u00fc &nbsp;TPE&#039;mizden \u00fcretilen bu ultra premium form\u00fcl, inan\u0131lmaz ger\u00e7ek\u00e7ilik ve patlay\u0131c\u0131 doruk noktalar\u0131 i\u00e7in do\u011fal cildin g\u00f6r\u00fcn\u00fcm\u00fcn\u00fc ve hissini taklit ediyor. S\u0131kt\u0131\u011f\u0131n\u0131zda k\u0131p\u0131rdan\u0131yor ve titriyor, \u015faplatt\u0131\u011f\u0131n\u0131zda ger\u00e7ek gibi ses \u00e7\u0131kar\u0131yor ve i\u00e7ine girdi\u011finizde cennetteymi\u015f gibi hissediyorsunuz! &nbsp;masaj yap\u0131yor ve zevk \u00e7ubu\u011funuzun her santimini sar\u0131yor, bu dolgun g\u00f6\u011f\u00fcsl\u00fc hatun erkeklerin ne istedi\u011fini ve sizi nas\u0131l tatmin edece\u011fini biliyor! Onu g\u00f6bek deli\u011fi \u00fczerine \u00e7evirin ve yuvarlak yanaklar\u0131na ve k\u0131vr\u0131ml\u0131 arka taraf\u0131na kolayca eri\u015fmenin tad\u0131n\u0131 \u00e7\u0131kar\u0131n&#8230; sonra patlayana kadar o g\u00f6\u011f\u00fcsleri motorla gezdirin! G\u00fczel s\u0131rt \u015fi\u015fkinli\u011finden bal deli\u011findeki karma\u015f\u0131k biti\u015fe kadar her ayr\u0131nt\u0131 size en ger\u00e7ek\u00e7i deneyimi ya\u015fatmak i\u00e7in \u00f6zenle tasarland\u0131!<\/p>\n<p>Ba\u015fl\u0131ca \u00dcr\u00fcn \u00d6zellikleri:<\/p>\n<p>Ultra Ger\u00e7ek\u00e7i 3D Tasar\u0131m:<\/p>\n<p>&nbsp;<strong>\u0130\u00c7ER\u0130S\u0130NDEK\u0130 METAL \u0130SKELET SAYES\u0130NDE KOLAYLIKLA \u0130STEN\u0130LEN POZ\u0130SYONA SOKULAB\u0130L\u0130R.<\/strong><\/p>\n<p>D\u00fcz taban yok! Onu ters \u00e7evirin ve birden fazla pozisyonun tad\u0131n\u0131 \u00e7\u0131kar\u0131n!<\/p>\n<p>Deli\u011finizi Se\u00e7in: \u00c7e\u015fitlilik arayanlar i\u00e7in m\u00fckemmel! Ne yapmak istiyorsunuz?<\/p>\n<p>Karma\u015f\u0131k T\u00fcnel Tasar\u0131m\u0131: Maksimum zevk i\u00e7in profesyonelce tasarlanm\u0131\u015ft\u0131r. Her delik farkl\u0131 bir desene sahiptir!<\/p>\n<p>\u00d6n ve Arka Hareket: Misyoner pozisyonunu yap\u0131n, onu ters \u00e7evirin ve sonra ona k\u00f6pek stili verin!<\/p>\n<p>Malzeme: Termoplastik Kau\u00e7uk TPE<\/p>\n<p>Ftalat \u0130\u00e7ermez ( kansorejen madde )<\/p>\n<p>Giri\u015f Noktalar\u0131: 2<\/p>\n<p>Genel: 57*28*18&nbsp;cm<\/p>\n<p>G\u00f6\u011f\u00fcs: 70&nbsp;cm<\/p>\n<p>Bel: 37&nbsp;cm<\/p>\n<p>Kal\u00e7a: 70&nbsp;cm<\/p>\n<p>Net a\u011f\u0131rl\u0131k: 9.1&nbsp;kg<\/p>\n<p><\/span><\/span><\/p>\n","protected":false},"excerpt":{"rendered":"<p>Love Shop Kalitesi ve G\u00fcvencesi&nbsp;&nbsp;ile En B\u00fcy\u00fck Zevki Ke\u015ffedin USB \u015eARJ-SESL\u0130 T\u0130TRE\u015e\u0130M- KULAKLIK M\u00fckemmel yuvarlak g\u00f6\u011f\u00fcslerine ve m\u00fckemmel yerle\u015ftirilmi\u015f \u00f6zel<\/p>\n","protected":false},"featured_media":53838,"comment_status":"closed","ping_status":"closed","template":"elementor_canvas","meta":[],"product_brand":[],"product_cat":[538],"product_tag":[],"class_list":{"0":"post-53836","1":"product","2":"type-product","3":"status-publish","4":"has-post-thumbnail","6":"product_cat-torso-urunler","8":"first","9":"outofstock","10":"purchasable","11":"product-type-simple"},"yoast_head":"<!-- This site is optimized with the Yoast SEO Premium plugin v24.4 (Yoast SEO v27.1.1) - https:\/\/yoast.com\/product\/yoast-seo-premium-wordpress\/ -->\n<title>Poli\u0307na Mast\u00fcrbat\u00f6r 9,1 Kg Usb \u015earj-Sesli\u0307 Ti\u0307tre\u015fi\u0307m - Bursa Erotik Shop<\/title>\n<meta name=\"robots\" content=\"index, follow, max-snippet:-1, max-image-preview:large, max-video-preview:-1\" \/>\n<link rel=\"canonical\" href=\"https:\/\/hobierotikshop.com.tr\/website1\/erotik-shop-urun\/polina-masturbator-91-kg-usb-sarj-sesli-titresim\/\" \/>\n<meta property=\"og:locale\" content=\"tr_TR\" \/>\n<meta property=\"og:type\" content=\"article\" \/>\n<meta property=\"og:title\" content=\"Poli\u0307na Mast\u00fcrbat\u00f6r 9,1 Kg Usb \u015earj-Sesli\u0307 Ti\u0307tre\u015fi\u0307m\" \/>\n<meta property=\"og:description\" content=\"Love Shop Kalitesi ve G\u00fcvencesi&nbsp;&nbsp;ile En B\u00fcy\u00fck Zevki Ke\u015ffedin USB \u015eARJ-SESL\u0130 T\u0130TRE\u015e\u0130M- KULAKLIK M\u00fckemmel yuvarlak g\u00f6\u011f\u00fcslerine ve m\u00fckemmel yerle\u015ftirilmi\u015f \u00f6zel\" \/>\n<meta property=\"og:url\" content=\"https:\/\/hobierotikshop.com.tr\/website1\/erotik-shop-urun\/polina-masturbator-91-kg-usb-sarj-sesli-titresim\/\" \/>\n<meta property=\"og:site_name\" content=\"Bursa Erotik Shop\" \/>\n<meta property=\"article:modified_time\" content=\"2026-01-13T13:38:46+00:00\" \/>\n<meta property=\"og:image\" content=\"https:\/\/hobierotikshop.com.tr\/website1\/wp-content\/uploads\/2026\/01\/POLINA-resim-1630.png\" \/>\n\t<meta property=\"og:image:width\" content=\"1447\" \/>\n\t<meta property=\"og:image:height\" content=\"641\" \/>\n\t<meta property=\"og:image:type\" content=\"image\/png\" \/>\n<meta name=\"twitter:card\" content=\"summary_large_image\" \/>\n<meta name=\"twitter:site\" content=\"@shopbursa\" \/>\n<meta name=\"twitter:label1\" content=\"Fiyat\" \/>\n\t<meta name=\"twitter:data1\" content=\"&#8378;16.569,00\" \/>\n\t<meta name=\"twitter:label2\" content=\"Availability\" \/>\n\t<meta name=\"twitter:data2\" content=\"Out of stock\" \/>\n<script type=\"application\/ld+json\" class=\"yoast-schema-graph\">{\"@context\":\"https:\/\/schema.org\",\"@graph\":[{\"@type\":\"WebPage\",\"@id\":\"https:\/\/hobierotikshop.com.tr\/website1\/erotik-shop-urun\/polina-masturbator-91-kg-usb-sarj-sesli-titresim\/\",\"url\":\"https:\/\/hobierotikshop.com.tr\/website1\/erotik-shop-urun\/polina-masturbator-91-kg-usb-sarj-sesli-titresim\/\",\"name\":\"Poli\u0307na Mast\u00fcrbat\u00f6r 9,1 Kg Usb \u015earj-Sesli\u0307 Ti\u0307tre\u015fi\u0307m - Bursa Erotik Shop\",\"isPartOf\":{\"@id\":\"https:\/\/hobierotikshop.com.tr\/website1\/#website\"},\"primaryImageOfPage\":{\"@id\":\"https:\/\/hobierotikshop.com.tr\/website1\/erotik-shop-urun\/polina-masturbator-91-kg-usb-sarj-sesli-titresim\/#primaryimage\"},\"image\":{\"@id\":\"https:\/\/hobierotikshop.com.tr\/website1\/erotik-shop-urun\/polina-masturbator-91-kg-usb-sarj-sesli-titresim\/#primaryimage\"},\"thumbnailUrl\":\"https:\/\/haremerotikshop.com\/site\/wp-content\/uploads\/2026\/01\/POLINA-resim-1630.png\",\"datePublished\":\"2026-01-08T15:45:35+00:00\",\"dateModified\":\"2026-01-13T13:38:46+00:00\",\"breadcrumb\":{\"@id\":\"https:\/\/hobierotikshop.com.tr\/website1\/erotik-shop-urun\/polina-masturbator-91-kg-usb-sarj-sesli-titresim\/#breadcrumb\"},\"inLanguage\":\"tr\",\"potentialAction\":[{\"@type\":\"ReadAction\",\"target\":[\"https:\/\/hobierotikshop.com.tr\/website1\/erotik-shop-urun\/polina-masturbator-91-kg-usb-sarj-sesli-titresim\/\"]}]},{\"@type\":\"ImageObject\",\"inLanguage\":\"tr\",\"@id\":\"https:\/\/hobierotikshop.com.tr\/website1\/erotik-shop-urun\/polina-masturbator-91-kg-usb-sarj-sesli-titresim\/#primaryimage\",\"url\":\"https:\/\/haremerotikshop.com\/site\/wp-content\/uploads\/2026\/01\/POLINA-resim-1630.png\",\"contentUrl\":\"https:\/\/haremerotikshop.com\/site\/wp-content\/uploads\/2026\/01\/POLINA-resim-1630.png\",\"width\":1447,\"height\":641},{\"@type\":\"BreadcrumbList\",\"@id\":\"https:\/\/hobierotikshop.com.tr\/website1\/erotik-shop-urun\/polina-masturbator-91-kg-usb-sarj-sesli-titresim\/#breadcrumb\",\"itemListElement\":[{\"@type\":\"ListItem\",\"position\":1,\"name\":\"Anasayfa\",\"item\":\"https:\/\/hobierotikshop.com.tr\/website1\/\"},{\"@type\":\"ListItem\",\"position\":2,\"name\":\"Erotik Shop \u00dcr\u00fcnleri\",\"item\":\"https:\/\/hobierotikshop.com.tr\/website1\/shop\/\"},{\"@type\":\"ListItem\",\"position\":3,\"name\":\"Poli\u0307na Mast\u00fcrbat\u00f6r 9,1 Kg Usb \u015earj-Sesli\u0307 Ti\u0307tre\u015fi\u0307m\"}]},{\"@type\":\"WebSite\",\"@id\":\"https:\/\/hobierotikshop.com.tr\/website1\/#website\",\"url\":\"https:\/\/hobierotikshop.com.tr\/website1\/\",\"name\":\"Bursa Erotik Shop\",\"description\":\"Bursa Erotik Shop ile g\u00fcvenli, gizli ve kaliteli yeti\u015fkin \u00fcr\u00fcnleri al\u0131\u015fveri\u015fi! Geni\u015f \u00fcr\u00fcn yelpazemizi ke\u015ffedin, hemen sipari\u015f verin\",\"publisher\":{\"@id\":\"https:\/\/hobierotikshop.com.tr\/website1\/#organization\"},\"alternateName\":\"Erotik Shop\",\"potentialAction\":[{\"@type\":\"SearchAction\",\"target\":{\"@type\":\"EntryPoint\",\"urlTemplate\":\"https:\/\/hobierotikshop.com.tr\/website1\/?s={search_term_string}\"},\"query-input\":{\"@type\":\"PropertyValueSpecification\",\"valueRequired\":true,\"valueName\":\"search_term_string\"}}],\"inLanguage\":\"tr\"},{\"@type\":\"Organization\",\"@id\":\"https:\/\/hobierotikshop.com.tr\/website1\/#organization\",\"name\":\"Harem Bursa Erotik Shop\",\"url\":\"https:\/\/hobierotikshop.com.tr\/website1\/\",\"logo\":{\"@type\":\"ImageObject\",\"inLanguage\":\"tr\",\"@id\":\"https:\/\/hobierotikshop.com.tr\/website1\/#\/schema\/logo\/image\/\",\"url\":\"https:\/\/haremerotikshop.com\/site\/wp-content\/uploads\/2025\/03\/haremsexshop.png\",\"contentUrl\":\"https:\/\/haremerotikshop.com\/site\/wp-content\/uploads\/2025\/03\/haremsexshop.png\",\"width\":400,\"height\":100,\"caption\":\"Harem Bursa Erotik Shop\"},\"image\":{\"@id\":\"https:\/\/hobierotikshop.com.tr\/website1\/#\/schema\/logo\/image\/\"},\"sameAs\":[\"https:\/\/x.com\/shopbursa\"],\"publishingPrinciples\":\"https:\/\/hobierotikshop.com.tr\/website1\/mesafeli-satis-sozlesmesi\/\",\"ownershipFundingInfo\":\"https:\/\/hobierotikshop.com.tr\/website1\/contact-us\/\",\"actionableFeedbackPolicy\":\"https:\/\/hobierotikshop.com.tr\/website1\/contact-us\/\",\"correctionsPolicy\":\"https:\/\/hobierotikshop.com.tr\/website1\/mesafeli-satis-sozlesmesi\/\"}]}<\/script>\n<meta property=\"product:price:amount\" content=\"16569.00\" \/>\n<meta property=\"product:price:currency\" content=\"TRY\" \/>\n<meta property=\"og:availability\" content=\"out of stock\" \/>\n<meta property=\"product:availability\" content=\"out of stock\" \/>\n<meta property=\"product:retailer_item_id\" content=\"LS-7005\" \/>\n<meta property=\"product:condition\" content=\"new\" \/>\n<!-- \/ Yoast SEO Premium plugin. -->","yoast_head_json":{"title":"Poli\u0307na Mast\u00fcrbat\u00f6r 9,1 Kg Usb \u015earj-Sesli\u0307 Ti\u0307tre\u015fi\u0307m - Bursa Erotik Shop","robots":{"index":"index","follow":"follow","max-snippet":"max-snippet:-1","max-image-preview":"max-image-preview:large","max-video-preview":"max-video-preview:-1"},"canonical":"https:\/\/hobierotikshop.com.tr\/website1\/erotik-shop-urun\/polina-masturbator-91-kg-usb-sarj-sesli-titresim\/","og_locale":"tr_TR","og_type":"article","og_title":"Poli\u0307na Mast\u00fcrbat\u00f6r 9,1 Kg Usb \u015earj-Sesli\u0307 Ti\u0307tre\u015fi\u0307m","og_description":"Love Shop Kalitesi ve G\u00fcvencesi&nbsp;&nbsp;ile En B\u00fcy\u00fck Zevki Ke\u015ffedin USB \u015eARJ-SESL\u0130 T\u0130TRE\u015e\u0130M- KULAKLIK M\u00fckemmel yuvarlak g\u00f6\u011f\u00fcslerine ve m\u00fckemmel yerle\u015ftirilmi\u015f \u00f6zel","og_url":"https:\/\/hobierotikshop.com.tr\/website1\/erotik-shop-urun\/polina-masturbator-91-kg-usb-sarj-sesli-titresim\/","og_site_name":"Bursa Erotik Shop","article_modified_time":"2026-01-13T13:38:46+00:00","og_image":[{"width":1447,"height":641,"url":"https:\/\/hobierotikshop.com.tr\/website1\/wp-content\/uploads\/2026\/01\/POLINA-resim-1630.png","type":"image\/png"}],"twitter_card":"summary_large_image","twitter_site":"@shopbursa","twitter_misc":{"Fiyat":"&#8378;16.569,00","Availability":"Out of stock"},"schema":{"@context":"https:\/\/schema.org","@graph":[{"@type":"WebPage","@id":"https:\/\/hobierotikshop.com.tr\/website1\/erotik-shop-urun\/polina-masturbator-91-kg-usb-sarj-sesli-titresim\/","url":"https:\/\/hobierotikshop.com.tr\/website1\/erotik-shop-urun\/polina-masturbator-91-kg-usb-sarj-sesli-titresim\/","name":"Poli\u0307na Mast\u00fcrbat\u00f6r 9,1 Kg Usb \u015earj-Sesli\u0307 Ti\u0307tre\u015fi\u0307m - Bursa Erotik Shop","isPartOf":{"@id":"https:\/\/hobierotikshop.com.tr\/website1\/#website"},"primaryImageOfPage":{"@id":"https:\/\/hobierotikshop.com.tr\/website1\/erotik-shop-urun\/polina-masturbator-91-kg-usb-sarj-sesli-titresim\/#primaryimage"},"image":{"@id":"https:\/\/hobierotikshop.com.tr\/website1\/erotik-shop-urun\/polina-masturbator-91-kg-usb-sarj-sesli-titresim\/#primaryimage"},"thumbnailUrl":"https:\/\/haremerotikshop.com\/site\/wp-content\/uploads\/2026\/01\/POLINA-resim-1630.png","datePublished":"2026-01-08T15:45:35+00:00","dateModified":"2026-01-13T13:38:46+00:00","breadcrumb":{"@id":"https:\/\/hobierotikshop.com.tr\/website1\/erotik-shop-urun\/polina-masturbator-91-kg-usb-sarj-sesli-titresim\/#breadcrumb"},"inLanguage":"tr","potentialAction":[{"@type":"ReadAction","target":["https:\/\/hobierotikshop.com.tr\/website1\/erotik-shop-urun\/polina-masturbator-91-kg-usb-sarj-sesli-titresim\/"]}]},{"@type":"ImageObject","inLanguage":"tr","@id":"https:\/\/hobierotikshop.com.tr\/website1\/erotik-shop-urun\/polina-masturbator-91-kg-usb-sarj-sesli-titresim\/#primaryimage","url":"https:\/\/haremerotikshop.com\/site\/wp-content\/uploads\/2026\/01\/POLINA-resim-1630.png","contentUrl":"https:\/\/haremerotikshop.com\/site\/wp-content\/uploads\/2026\/01\/POLINA-resim-1630.png","width":1447,"height":641},{"@type":"BreadcrumbList","@id":"https:\/\/hobierotikshop.com.tr\/website1\/erotik-shop-urun\/polina-masturbator-91-kg-usb-sarj-sesli-titresim\/#breadcrumb","itemListElement":[{"@type":"ListItem","position":1,"name":"Anasayfa","item":"https:\/\/hobierotikshop.com.tr\/website1\/"},{"@type":"ListItem","position":2,"name":"Erotik Shop \u00dcr\u00fcnleri","item":"https:\/\/hobierotikshop.com.tr\/website1\/shop\/"},{"@type":"ListItem","position":3,"name":"Poli\u0307na Mast\u00fcrbat\u00f6r 9,1 Kg Usb \u015earj-Sesli\u0307 Ti\u0307tre\u015fi\u0307m"}]},{"@type":"WebSite","@id":"https:\/\/hobierotikshop.com.tr\/website1\/#website","url":"https:\/\/hobierotikshop.com.tr\/website1\/","name":"Bursa Erotik Shop","description":"Bursa Erotik Shop ile g\u00fcvenli, gizli ve kaliteli yeti\u015fkin \u00fcr\u00fcnleri al\u0131\u015fveri\u015fi! Geni\u015f \u00fcr\u00fcn yelpazemizi ke\u015ffedin, hemen sipari\u015f verin","publisher":{"@id":"https:\/\/hobierotikshop.com.tr\/website1\/#organization"},"alternateName":"Erotik Shop","potentialAction":[{"@type":"SearchAction","target":{"@type":"EntryPoint","urlTemplate":"https:\/\/hobierotikshop.com.tr\/website1\/?s={search_term_string}"},"query-input":{"@type":"PropertyValueSpecification","valueRequired":true,"valueName":"search_term_string"}}],"inLanguage":"tr"},{"@type":"Organization","@id":"https:\/\/hobierotikshop.com.tr\/website1\/#organization","name":"Harem Bursa Erotik Shop","url":"https:\/\/hobierotikshop.com.tr\/website1\/","logo":{"@type":"ImageObject","inLanguage":"tr","@id":"https:\/\/hobierotikshop.com.tr\/website1\/#\/schema\/logo\/image\/","url":"https:\/\/haremerotikshop.com\/site\/wp-content\/uploads\/2025\/03\/haremsexshop.png","contentUrl":"https:\/\/haremerotikshop.com\/site\/wp-content\/uploads\/2025\/03\/haremsexshop.png","width":400,"height":100,"caption":"Harem Bursa Erotik Shop"},"image":{"@id":"https:\/\/hobierotikshop.com.tr\/website1\/#\/schema\/logo\/image\/"},"sameAs":["https:\/\/x.com\/shopbursa"],"publishingPrinciples":"https:\/\/hobierotikshop.com.tr\/website1\/mesafeli-satis-sozlesmesi\/","ownershipFundingInfo":"https:\/\/hobierotikshop.com.tr\/website1\/contact-us\/","actionableFeedbackPolicy":"https:\/\/hobierotikshop.com.tr\/website1\/contact-us\/","correctionsPolicy":"https:\/\/hobierotikshop.com.tr\/website1\/mesafeli-satis-sozlesmesi\/"}]},"product_price_amount":"16569.00","product_price_currency":"TRY","og_availability":"out of stock","product_availability":"out of stock","product_retailer_item_id":"LS-7005","product_condition":"new"},"_links":{"self":[{"href":"https:\/\/haremerotikshop.com\/site\/wp-json\/wp\/v2\/product\/53836","targetHints":{"allow":["GET"]}}],"collection":[{"href":"https:\/\/haremerotikshop.com\/site\/wp-json\/wp\/v2\/product"}],"about":[{"href":"https:\/\/haremerotikshop.com\/site\/wp-json\/wp\/v2\/types\/product"}],"replies":[{"embeddable":true,"href":"https:\/\/haremerotikshop.com\/site\/wp-json\/wp\/v2\/comments?post=53836"}],"version-history":[{"count":0,"href":"https:\/\/haremerotikshop.com\/site\/wp-json\/wp\/v2\/product\/53836\/revisions"}],"wp:featuredmedia":[{"embeddable":true,"href":"https:\/\/haremerotikshop.com\/site\/wp-json\/wp\/v2\/media\/53838"}],"wp:attachment":[{"href":"https:\/\/haremerotikshop.com\/site\/wp-json\/wp\/v2\/media?parent=53836"}],"wp:term":[{"taxonomy":"product_brand","embeddable":true,"href":"https:\/\/haremerotikshop.com\/site\/wp-json\/wp\/v2\/product_brand?post=53836"},{"taxonomy":"product_cat","embeddable":true,"href":"https:\/\/haremerotikshop.com\/site\/wp-json\/wp\/v2\/product_cat?post=53836"},{"taxonomy":"product_tag","embeddable":true,"href":"https:\/\/haremerotikshop.com\/site\/wp-json\/wp\/v2\/product_tag?post=53836"}],"curies":[{"name":"wp","href":"https:\/\/api.w.org\/{rel}","templated":true}]}}