{"id":53908,"date":"2026-01-08T18:47:46","date_gmt":"2026-01-08T15:47:46","guid":{"rendered":"https:\/\/hobierotikshop.com.tr\/website1\/erotik-shop-urun\/mini-male-torso\/"},"modified":"2026-01-13T16:31:39","modified_gmt":"2026-01-13T13:31:39","slug":"mini-male-torso","status":"publish","type":"product","link":"https:\/\/haremerotikshop.com\/site\/erotik-shop-urun\/mini-male-torso\/","title":{"rendered":"Mini Male Torso"},"content":{"rendered":"<p><span dir=\"auto\" style=\"vertical-align: inherit\"><span dir=\"auto\" style=\"vertical-align: inherit\"><\/p>\n<p>Erkek G\u00f6vde Seks Bebe\u011fi: Ger\u00e7ek\u00e7i seks bebe\u011fi, hem g\u00f6rsel hem de dokunsal zevki bir araya getirmek i\u00e7in tasarlanm\u0131\u015f, olgun bir erkek g\u00f6vdesinin k\u00fc\u00e7\u00fclt\u00fclm\u00fc\u015f, birebir kopyas\u0131d\u0131r ve inan\u0131lmaz derecede ger\u00e7ek\u00e7i bir deneyim sunarak sizi tamamen me\u015fgul ve b\u00fcy\u00fclenmi\u015f hissettirir. 680gr a\u011f\u0131rl\u0131\u011f\u0131 ta\u015f\u0131nabilir hale getirir, tatilinize veya romantik bir yolculu\u011fa g\u00f6t\u00fcr\u00fcn, \u00e7iftlerin fl\u00f6rt\u00fc, e\u015fcinsel mast\u00fcrbasyonu ve \u00fc\u00e7l\u00fc i\u00e7in m\u00fckemmeldir<\/p>\n<p>14 cm Ger\u00e7ek\u00e7i Yapay Penis: Ger\u00e7ek\u00e7i g\u00f6r\u00fcn\u00fcm, a\u00e7\u0131k\u00e7a g\u00f6r\u00fclebilen doku ve yapay penisin erkek g\u00f6vde seks bebe\u011findeki yumu\u015fak elastik dokunu\u015fu size ger\u00e7ek penis hissi verir, klitoris\/g noktas\u0131\/anal i\u00e7in harika bir uyar\u0131m getirir, pozisyonunuzun derinliklerine kolayca girer, t\u00fcm erotik ihtiya\u00e7lar\u0131n\u0131z\u0131 kar\u015f\u0131lar, size benzeri g\u00f6r\u00fclmemi\u015f bir zevk ve ak\u0131l almaz bir orgazm ya\u015fatacakt\u0131r<\/p>\n<p>&nbsp;Yapay penisli seks bebe\u011fi, m\u00fckemmel elastikiyeti ve yumu\u015fak dokunu\u015fuyla \u00fcnl\u00fc, ola\u011fan\u00fcst\u00fc bir kullan\u0131c\u0131 deneyimi ve uzun s\u00fcreli dayan\u0131kl\u0131l\u0131k sa\u011flayan y\u00fcksek kaliteli ve dayan\u0131kl\u0131 TPE malzemeden yap\u0131lm\u0131\u015ft\u0131r ve \u00fcr\u00fcn\u00fcn uzun s\u00fcreli kullan\u0131mdan sonra bile yeni gibi kalmas\u0131n\u0131 sa\u011flar. Malzemenin yumu\u015fak dokusu kullan\u0131m\u0131 son derece rahat hale getirir, ger\u00e7ek bir erkekle seks yap\u0131yormu\u015f gibi hissettirir, kolayca orgazm olur<\/p>\n<p>Kolay Temizlenir ve Saklan\u0131r: Ger\u00e7ek\u00e7i erkek mast\u00fcrbat\u00f6r\u00fc kompakt ve hafiftir, bu da temizlemeyi ve saklamay\u0131 inan\u0131lmaz derecede kolayla\u015ft\u0131r\u0131r. Zahmetsiz temizlik i\u00e7in \u0131l\u0131k suyla durulaman\u0131z yeterlidir. K\u00fc\u00e7\u00fck boyutu \u00e7ok fazla yer kaplamamas\u0131n\u0131 sa\u011flar ve yan\u0131n\u0131zda ta\u015f\u0131yabilece\u011finiz kadar ta\u015f\u0131nabilirdir. Zevk ald\u0131ktan sonra erkek v\u00fccut seks bebe\u011fine talk pudras\u0131 serpin ve saklamak i\u00e7in serin bir yere koyun,iyi bir deneyim i\u00e7in su bazl\u0131 kayganla\u015ft\u0131r\u0131c\u0131 ile kullan\u0131lmas\u0131 \u00f6nerilir.<\/p>\n<p><strong>20cm uzunluk 8 cm geni\u015flik ve 680 gr a\u011f\u0131rl\u0131k&hellip;<\/strong><\/p>\n<p><\/span><\/span><\/p>\n","protected":false},"excerpt":{"rendered":"<p>Erkek G\u00f6vde Seks Bebe\u011fi: Ger\u00e7ek\u00e7i seks bebe\u011fi, hem g\u00f6rsel hem de dokunsal zevki bir araya getirmek i\u00e7in tasarlanm\u0131\u015f, olgun bir<\/p>\n","protected":false},"featured_media":53910,"comment_status":"closed","ping_status":"closed","template":"elementor_canvas","meta":[],"product_brand":[],"product_cat":[538],"product_tag":[],"class_list":{"0":"post-53908","1":"product","2":"type-product","3":"status-publish","4":"has-post-thumbnail","6":"product_cat-torso-urunler","8":"first","9":"instock","10":"purchasable","11":"product-type-simple"},"yoast_head":"<!-- This site is optimized with the Yoast SEO Premium plugin v24.4 (Yoast SEO v27.1.1) - https:\/\/yoast.com\/product\/yoast-seo-premium-wordpress\/ -->\n<title>Mini Male Torso - Bursa Erotik Shop<\/title>\n<meta name=\"robots\" content=\"index, follow, max-snippet:-1, max-image-preview:large, max-video-preview:-1\" \/>\n<link rel=\"canonical\" href=\"https:\/\/hobierotikshop.com.tr\/website1\/erotik-shop-urun\/mini-male-torso\/\" \/>\n<meta property=\"og:locale\" content=\"tr_TR\" \/>\n<meta property=\"og:type\" content=\"article\" \/>\n<meta property=\"og:title\" content=\"Mini Male Torso\" \/>\n<meta property=\"og:description\" content=\"Erkek G\u00f6vde Seks Bebe\u011fi: Ger\u00e7ek\u00e7i seks bebe\u011fi, hem g\u00f6rsel hem de dokunsal zevki bir araya getirmek i\u00e7in tasarlanm\u0131\u015f, olgun bir\" \/>\n<meta property=\"og:url\" content=\"https:\/\/hobierotikshop.com.tr\/website1\/erotik-shop-urun\/mini-male-torso\/\" \/>\n<meta property=\"og:site_name\" content=\"Bursa Erotik Shop\" \/>\n<meta property=\"article:modified_time\" content=\"2026-01-13T13:31:39+00:00\" \/>\n<meta property=\"og:image\" content=\"https:\/\/hobierotikshop.com.tr\/website1\/wp-content\/uploads\/2026\/01\/MINI-MALE-TORSO-resim-1673-scaled.png\" \/>\n\t<meta property=\"og:image:width\" content=\"1300\" \/>\n\t<meta property=\"og:image:height\" content=\"686\" \/>\n\t<meta property=\"og:image:type\" content=\"image\/png\" \/>\n<meta name=\"twitter:card\" content=\"summary_large_image\" \/>\n<meta name=\"twitter:site\" content=\"@shopbursa\" \/>\n<meta name=\"twitter:label1\" content=\"Fiyat\" \/>\n\t<meta name=\"twitter:data1\" content=\"&#8378;4.000,00\" \/>\n\t<meta name=\"twitter:label2\" content=\"Availability\" \/>\n\t<meta name=\"twitter:data2\" content=\"In stock\" \/>\n<script type=\"application\/ld+json\" class=\"yoast-schema-graph\">{\"@context\":\"https:\/\/schema.org\",\"@graph\":[{\"@type\":\"WebPage\",\"@id\":\"https:\/\/hobierotikshop.com.tr\/website1\/erotik-shop-urun\/mini-male-torso\/\",\"url\":\"https:\/\/hobierotikshop.com.tr\/website1\/erotik-shop-urun\/mini-male-torso\/\",\"name\":\"Mini Male Torso - Bursa Erotik Shop\",\"isPartOf\":{\"@id\":\"https:\/\/bursashop.com\/web\/#website\"},\"primaryImageOfPage\":{\"@id\":\"https:\/\/hobierotikshop.com.tr\/website1\/erotik-shop-urun\/mini-male-torso\/#primaryimage\"},\"image\":{\"@id\":\"https:\/\/hobierotikshop.com.tr\/website1\/erotik-shop-urun\/mini-male-torso\/#primaryimage\"},\"thumbnailUrl\":\"https:\/\/haremerotikshop.com\/site\/wp-content\/uploads\/2026\/01\/MINI-MALE-TORSO-resim-1673-scaled.png\",\"datePublished\":\"2026-01-08T15:47:46+00:00\",\"dateModified\":\"2026-01-13T13:31:39+00:00\",\"breadcrumb\":{\"@id\":\"https:\/\/hobierotikshop.com.tr\/website1\/erotik-shop-urun\/mini-male-torso\/#breadcrumb\"},\"inLanguage\":\"tr\",\"potentialAction\":[{\"@type\":\"ReadAction\",\"target\":[\"https:\/\/hobierotikshop.com.tr\/website1\/erotik-shop-urun\/mini-male-torso\/\"]}]},{\"@type\":\"ImageObject\",\"inLanguage\":\"tr\",\"@id\":\"https:\/\/hobierotikshop.com.tr\/website1\/erotik-shop-urun\/mini-male-torso\/#primaryimage\",\"url\":\"https:\/\/haremerotikshop.com\/site\/wp-content\/uploads\/2026\/01\/MINI-MALE-TORSO-resim-1673-scaled.png\",\"contentUrl\":\"https:\/\/haremerotikshop.com\/site\/wp-content\/uploads\/2026\/01\/MINI-MALE-TORSO-resim-1673-scaled.png\",\"width\":2560,\"height\":1351},{\"@type\":\"BreadcrumbList\",\"@id\":\"https:\/\/hobierotikshop.com.tr\/website1\/erotik-shop-urun\/mini-male-torso\/#breadcrumb\",\"itemListElement\":[{\"@type\":\"ListItem\",\"position\":1,\"name\":\"Anasayfa\",\"item\":\"https:\/\/hobierotikshop.com.tr\/website1\/\"},{\"@type\":\"ListItem\",\"position\":2,\"name\":\"Erotik Shop \u00dcr\u00fcnleri\",\"item\":\"https:\/\/hobierotikshop.com.tr\/website1\/shop\/\"},{\"@type\":\"ListItem\",\"position\":3,\"name\":\"Mini Male Torso\"}]},{\"@type\":\"WebSite\",\"@id\":\"https:\/\/bursashop.com\/web\/#website\",\"url\":\"https:\/\/bursashop.com\/web\/\",\"name\":\"Bursa Erotik Shop\",\"description\":\"Bursa Erotik Shop ile g\u00fcvenli, gizli ve kaliteli yeti\u015fkin \u00fcr\u00fcnleri al\u0131\u015fveri\u015fi! Geni\u015f \u00fcr\u00fcn yelpazemizi ke\u015ffedin, hemen sipari\u015f verin\",\"publisher\":{\"@id\":\"https:\/\/bursashop.com\/web\/#organization\"},\"alternateName\":\"Erotik Shop\",\"potentialAction\":[{\"@type\":\"SearchAction\",\"target\":{\"@type\":\"EntryPoint\",\"urlTemplate\":\"https:\/\/bursashop.com\/web\/?s={search_term_string}\"},\"query-input\":{\"@type\":\"PropertyValueSpecification\",\"valueRequired\":true,\"valueName\":\"search_term_string\"}}],\"inLanguage\":\"tr\"},{\"@type\":\"Organization\",\"@id\":\"https:\/\/bursashop.com\/web\/#organization\",\"name\":\"Harem Bursa Erotik Shop\",\"url\":\"https:\/\/bursashop.com\/web\/\",\"logo\":{\"@type\":\"ImageObject\",\"inLanguage\":\"tr\",\"@id\":\"https:\/\/bursashop.com\/web\/#\/schema\/logo\/image\/\",\"url\":\"https:\/\/haremerotikshop.com\/wp-content\/uploads\/2025\/03\/haremsexshop.png\",\"contentUrl\":\"https:\/\/haremerotikshop.com\/wp-content\/uploads\/2025\/03\/haremsexshop.png\",\"width\":400,\"height\":100,\"caption\":\"Harem Bursa Erotik Shop\"},\"image\":{\"@id\":\"https:\/\/bursashop.com\/web\/#\/schema\/logo\/image\/\"},\"sameAs\":[\"https:\/\/x.com\/shopbursa\"],\"publishingPrinciples\":\"https:\/\/hobierotikshop.com.tr\/website1\/mesafeli-satis-sozlesmesi\/\",\"ownershipFundingInfo\":\"https:\/\/hobierotikshop.com.tr\/website1\/contact-us\/\",\"actionableFeedbackPolicy\":\"https:\/\/hobierotikshop.com.tr\/website1\/contact-us\/\",\"correctionsPolicy\":\"https:\/\/hobierotikshop.com.tr\/website1\/mesafeli-satis-sozlesmesi\/\"}]}<\/script>\n<meta property=\"product:price:amount\" content=\"4000.00\" \/>\n<meta property=\"product:price:currency\" content=\"TRY\" \/>\n<meta property=\"og:availability\" content=\"instock\" \/>\n<meta property=\"product:availability\" content=\"instock\" \/>\n<meta property=\"product:retailer_item_id\" content=\"LS-2102\" \/>\n<meta property=\"product:condition\" content=\"new\" \/>\n<!-- \/ Yoast SEO Premium plugin. -->","yoast_head_json":{"title":"Mini Male Torso - Bursa Erotik Shop","robots":{"index":"index","follow":"follow","max-snippet":"max-snippet:-1","max-image-preview":"max-image-preview:large","max-video-preview":"max-video-preview:-1"},"canonical":"https:\/\/hobierotikshop.com.tr\/website1\/erotik-shop-urun\/mini-male-torso\/","og_locale":"tr_TR","og_type":"article","og_title":"Mini Male Torso","og_description":"Erkek G\u00f6vde Seks Bebe\u011fi: Ger\u00e7ek\u00e7i seks bebe\u011fi, hem g\u00f6rsel hem de dokunsal zevki bir araya getirmek i\u00e7in tasarlanm\u0131\u015f, olgun bir","og_url":"https:\/\/hobierotikshop.com.tr\/website1\/erotik-shop-urun\/mini-male-torso\/","og_site_name":"Bursa Erotik Shop","article_modified_time":"2026-01-13T13:31:39+00:00","og_image":[{"url":"https:\/\/hobierotikshop.com.tr\/website1\/wp-content\/uploads\/2026\/01\/MINI-MALE-TORSO-resim-1673-scaled.png","width":1300,"height":686,"type":"image\/png"}],"twitter_card":"summary_large_image","twitter_site":"@shopbursa","twitter_misc":{"Fiyat":"&#8378;4.000,00","Availability":"In stock"},"schema":{"@context":"https:\/\/schema.org","@graph":[{"@type":"WebPage","@id":"https:\/\/hobierotikshop.com.tr\/website1\/erotik-shop-urun\/mini-male-torso\/","url":"https:\/\/hobierotikshop.com.tr\/website1\/erotik-shop-urun\/mini-male-torso\/","name":"Mini Male Torso - Bursa Erotik Shop","isPartOf":{"@id":"https:\/\/bursashop.com\/web\/#website"},"primaryImageOfPage":{"@id":"https:\/\/hobierotikshop.com.tr\/website1\/erotik-shop-urun\/mini-male-torso\/#primaryimage"},"image":{"@id":"https:\/\/hobierotikshop.com.tr\/website1\/erotik-shop-urun\/mini-male-torso\/#primaryimage"},"thumbnailUrl":"https:\/\/haremerotikshop.com\/site\/wp-content\/uploads\/2026\/01\/MINI-MALE-TORSO-resim-1673-scaled.png","datePublished":"2026-01-08T15:47:46+00:00","dateModified":"2026-01-13T13:31:39+00:00","breadcrumb":{"@id":"https:\/\/hobierotikshop.com.tr\/website1\/erotik-shop-urun\/mini-male-torso\/#breadcrumb"},"inLanguage":"tr","potentialAction":[{"@type":"ReadAction","target":["https:\/\/hobierotikshop.com.tr\/website1\/erotik-shop-urun\/mini-male-torso\/"]}]},{"@type":"ImageObject","inLanguage":"tr","@id":"https:\/\/hobierotikshop.com.tr\/website1\/erotik-shop-urun\/mini-male-torso\/#primaryimage","url":"https:\/\/haremerotikshop.com\/site\/wp-content\/uploads\/2026\/01\/MINI-MALE-TORSO-resim-1673-scaled.png","contentUrl":"https:\/\/haremerotikshop.com\/site\/wp-content\/uploads\/2026\/01\/MINI-MALE-TORSO-resim-1673-scaled.png","width":2560,"height":1351},{"@type":"BreadcrumbList","@id":"https:\/\/hobierotikshop.com.tr\/website1\/erotik-shop-urun\/mini-male-torso\/#breadcrumb","itemListElement":[{"@type":"ListItem","position":1,"name":"Anasayfa","item":"https:\/\/hobierotikshop.com.tr\/website1\/"},{"@type":"ListItem","position":2,"name":"Erotik Shop \u00dcr\u00fcnleri","item":"https:\/\/hobierotikshop.com.tr\/website1\/shop\/"},{"@type":"ListItem","position":3,"name":"Mini Male Torso"}]},{"@type":"WebSite","@id":"https:\/\/bursashop.com\/web\/#website","url":"https:\/\/bursashop.com\/web\/","name":"Bursa Erotik Shop","description":"Bursa Erotik Shop ile g\u00fcvenli, gizli ve kaliteli yeti\u015fkin \u00fcr\u00fcnleri al\u0131\u015fveri\u015fi! Geni\u015f \u00fcr\u00fcn yelpazemizi ke\u015ffedin, hemen sipari\u015f verin","publisher":{"@id":"https:\/\/bursashop.com\/web\/#organization"},"alternateName":"Erotik Shop","potentialAction":[{"@type":"SearchAction","target":{"@type":"EntryPoint","urlTemplate":"https:\/\/bursashop.com\/web\/?s={search_term_string}"},"query-input":{"@type":"PropertyValueSpecification","valueRequired":true,"valueName":"search_term_string"}}],"inLanguage":"tr"},{"@type":"Organization","@id":"https:\/\/bursashop.com\/web\/#organization","name":"Harem Bursa Erotik Shop","url":"https:\/\/bursashop.com\/web\/","logo":{"@type":"ImageObject","inLanguage":"tr","@id":"https:\/\/bursashop.com\/web\/#\/schema\/logo\/image\/","url":"https:\/\/haremerotikshop.com\/wp-content\/uploads\/2025\/03\/haremsexshop.png","contentUrl":"https:\/\/haremerotikshop.com\/wp-content\/uploads\/2025\/03\/haremsexshop.png","width":400,"height":100,"caption":"Harem Bursa Erotik Shop"},"image":{"@id":"https:\/\/bursashop.com\/web\/#\/schema\/logo\/image\/"},"sameAs":["https:\/\/x.com\/shopbursa"],"publishingPrinciples":"https:\/\/hobierotikshop.com.tr\/website1\/mesafeli-satis-sozlesmesi\/","ownershipFundingInfo":"https:\/\/hobierotikshop.com.tr\/website1\/contact-us\/","actionableFeedbackPolicy":"https:\/\/hobierotikshop.com.tr\/website1\/contact-us\/","correctionsPolicy":"https:\/\/hobierotikshop.com.tr\/website1\/mesafeli-satis-sozlesmesi\/"}]},"product_price_amount":"4000.00","product_price_currency":"TRY","og_availability":"instock","product_availability":"instock","product_retailer_item_id":"LS-2102","product_condition":"new"},"_links":{"self":[{"href":"https:\/\/haremerotikshop.com\/site\/wp-json\/wp\/v2\/product\/53908","targetHints":{"allow":["GET"]}}],"collection":[{"href":"https:\/\/haremerotikshop.com\/site\/wp-json\/wp\/v2\/product"}],"about":[{"href":"https:\/\/haremerotikshop.com\/site\/wp-json\/wp\/v2\/types\/product"}],"replies":[{"embeddable":true,"href":"https:\/\/haremerotikshop.com\/site\/wp-json\/wp\/v2\/comments?post=53908"}],"version-history":[{"count":0,"href":"https:\/\/haremerotikshop.com\/site\/wp-json\/wp\/v2\/product\/53908\/revisions"}],"wp:featuredmedia":[{"embeddable":true,"href":"https:\/\/haremerotikshop.com\/site\/wp-json\/wp\/v2\/media\/53910"}],"wp:attachment":[{"href":"https:\/\/haremerotikshop.com\/site\/wp-json\/wp\/v2\/media?parent=53908"}],"wp:term":[{"taxonomy":"product_brand","embeddable":true,"href":"https:\/\/haremerotikshop.com\/site\/wp-json\/wp\/v2\/product_brand?post=53908"},{"taxonomy":"product_cat","embeddable":true,"href":"https:\/\/haremerotikshop.com\/site\/wp-json\/wp\/v2\/product_cat?post=53908"},{"taxonomy":"product_tag","embeddable":true,"href":"https:\/\/haremerotikshop.com\/site\/wp-json\/wp\/v2\/product_tag?post=53908"}],"curies":[{"name":"wp","href":"https:\/\/api.w.org\/{rel}","templated":true}]}}