{"id":54055,"date":"2026-01-08T18:51:08","date_gmt":"2026-01-08T15:51:08","guid":{"rendered":"https:\/\/hobierotikshop.com.tr\/website1\/erotik-shop-urun\/double-layer-dildo\/"},"modified":"2026-01-13T16:22:38","modified_gmt":"2026-01-13T13:22:38","slug":"double-layer-dildo","status":"publish","type":"product","link":"https:\/\/haremerotikshop.com\/site\/erotik-shop-urun\/double-layer-dildo\/","title":{"rendered":"Double Layer Di\u0307ldo"},"content":{"rendered":"<p><span dir=\"auto\" style=\"vertical-align: inherit\"><span dir=\"auto\" style=\"vertical-align: inherit\"><\/p>\n<ul>\n<li>Ultra Yumu\u015fak \u00c7ift Katmanl\u0131, Derili ve K\u0131k\u0131rdakl\u0131 B\u00fck\u00fclebilir Penis.<\/li>\n<li>Tamamen sa\u011fl\u0131kl\u0131, g\u00fcvenli, kokusuz, cilde zarar\u0131 olmayan ve cilt dostu malzemeden \u00fcretilmi\u015ftir.<\/li>\n<li>Son teknoloji ile geli\u015ftirilmi\u015f TPE malzeme kullan\u0131lm\u0131\u015ft\u0131r,<\/li>\n<li>Son teknoloji ve el i\u015f\u00e7ili\u011fi ile \u00fcretilmi\u015f, \u00f6zel \u00e7ift &nbsp;katman teknolojisi ile ger\u00e7ek penis hissiyat\u0131n\u0131; d\u0131\u015f a\u015fa\u011f\u0131-yukar\u0131 hareketli derisinde ayr\u0131, i\u00e7 dokusunda ayr\u0131 hissettirir.<\/li>\n<li>Ultra ger\u00e7ek\u00e7i, ten dokusuna en yak\u0131n malzemeden \u00fcretilen bu yukar\u0131-a\u015fa\u011f\u0131 hareketli deriye sahip penis, vajina ve anal i\u00e7 yap\u0131s\u0131n\u0131n en hassas noktalar\u0131nda&nbsp;ger\u00e7ek bir penisten farks\u0131z \u015fekilde s\u00fcrt\u00fcnerek, anal\/vajinal i\u00e7 yap\u0131n\u0131n penisle b\u00fct\u00fcnle\u015fmesini ve maksimum haz alman\u0131z\u0131 sa\u011flar.<\/li>\n<li>Ger\u00e7ek\u00e7i yumu\u015fak dokusu, ger\u00e7ek\u00e7i g\u00f6r\u00fcn\u00fcml\u00fc testisleri, ger\u00e7ek\u00e7i g\u00f6r\u00fcn\u00fcml\u00fc g\u00f6vde yap\u0131s\u0131,&nbsp;p\u00fcr\u00fczs\u00fcz deri y\u00fczeyi ve&nbsp; damarl\u0131 yap\u0131s\u0131 ile&nbsp; benzersiz bir orgazm&nbsp;ya\u015fatmak i\u00e7in \u00f6zel olarak tasarlanm\u0131\u015ft\u0131r.<\/li>\n<li>Ultra yumu\u015fak dokuda, \u00e7ift katmanl\u0131, farkl\u0131 pozisyonlarda kullan\u0131m i\u00e7in rahat\u00e7a e\u011filebilir ve b\u00fck\u00fclebilir yap\u0131dad\u0131r.<\/li>\n<li>Ultra g\u00fc\u00e7l\u00fc vantuzu sayesinde p\u00fcr\u00fczs\u00fcz her zemine sabitlenebilir(duvara, masaya, fayansa ya da cama&hellip;)<\/li>\n<\/ul>\n<p>&nbsp; &nbsp; &nbsp; &nbsp; &nbsp; &nbsp; 21&nbsp;cm uzunlu\u011funda, 4.5&nbsp;cm geni\u015fli\u011finde, 16,5 cm kullan\u0131labilir k\u0131s\u0131m. 393&nbsp;gr a\u011f\u0131rl\u0131\u011f\u0131ndad\u0131r.<\/p>\n<p><\/span><\/span><\/p>\n","protected":false},"excerpt":{"rendered":"<p>Ultra Yumu\u015fak \u00c7ift Katmanl\u0131, Derili ve K\u0131k\u0131rdakl\u0131 B\u00fck\u00fclebilir Penis. Tamamen sa\u011fl\u0131kl\u0131, g\u00fcvenli, kokusuz, cilde zarar\u0131 olmayan ve cilt dostu malzemeden<\/p>\n","protected":false},"featured_media":54057,"comment_status":"closed","ping_status":"closed","template":"elementor_canvas","meta":[],"product_brand":[],"product_cat":[540],"product_tag":[],"class_list":{"0":"post-54055","1":"product","2":"type-product","3":"status-publish","4":"has-post-thumbnail","6":"product_cat-realistik-double-layer-penis","8":"first","9":"instock","10":"purchasable","11":"product-type-simple"},"yoast_head":"<!-- This site is optimized with the Yoast SEO Premium plugin v24.4 (Yoast SEO v27.1.1) - https:\/\/yoast.com\/product\/yoast-seo-premium-wordpress\/ -->\n<title>Double Layer Di\u0307ldo - Bursa Erotik Shop<\/title>\n<meta name=\"robots\" content=\"index, follow, max-snippet:-1, max-image-preview:large, max-video-preview:-1\" \/>\n<link rel=\"canonical\" href=\"https:\/\/hobierotikshop.com.tr\/website1\/erotik-shop-urun\/double-layer-dildo\/\" \/>\n<meta property=\"og:locale\" content=\"tr_TR\" \/>\n<meta property=\"og:type\" content=\"article\" \/>\n<meta property=\"og:title\" content=\"Double Layer Di\u0307ldo\" \/>\n<meta property=\"og:description\" content=\"Ultra Yumu\u015fak \u00c7ift Katmanl\u0131, Derili ve K\u0131k\u0131rdakl\u0131 B\u00fck\u00fclebilir Penis. Tamamen sa\u011fl\u0131kl\u0131, g\u00fcvenli, kokusuz, cilde zarar\u0131 olmayan ve cilt dostu malzemeden\" \/>\n<meta property=\"og:url\" content=\"https:\/\/hobierotikshop.com.tr\/website1\/erotik-shop-urun\/double-layer-dildo\/\" \/>\n<meta property=\"og:site_name\" content=\"Bursa Erotik Shop\" \/>\n<meta property=\"article:modified_time\" content=\"2026-01-13T13:22:38+00:00\" \/>\n<meta property=\"og:image\" content=\"https:\/\/hobierotikshop.com.tr\/website1\/wp-content\/uploads\/2026\/01\/DOUBLE-LAYER-DILDO-resim-1650.png\" \/>\n\t<meta property=\"og:image:width\" content=\"931\" \/>\n\t<meta property=\"og:image:height\" content=\"920\" \/>\n\t<meta property=\"og:image:type\" content=\"image\/png\" \/>\n<meta name=\"twitter:card\" content=\"summary_large_image\" \/>\n<meta name=\"twitter:site\" content=\"@shopbursa\" \/>\n<meta name=\"twitter:label1\" content=\"Fiyat\" \/>\n\t<meta name=\"twitter:data1\" content=\"&#8378;3.300,00\" \/>\n\t<meta name=\"twitter:label2\" content=\"Availability\" \/>\n\t<meta name=\"twitter:data2\" content=\"In stock\" \/>\n<script type=\"application\/ld+json\" class=\"yoast-schema-graph\">{\"@context\":\"https:\/\/schema.org\",\"@graph\":[{\"@type\":\"WebPage\",\"@id\":\"https:\/\/hobierotikshop.com.tr\/website1\/erotik-shop-urun\/double-layer-dildo\/\",\"url\":\"https:\/\/hobierotikshop.com.tr\/website1\/erotik-shop-urun\/double-layer-dildo\/\",\"name\":\"Double Layer Di\u0307ldo - Bursa Erotik Shop\",\"isPartOf\":{\"@id\":\"https:\/\/bursashop.com\/web\/#website\"},\"primaryImageOfPage\":{\"@id\":\"https:\/\/hobierotikshop.com.tr\/website1\/erotik-shop-urun\/double-layer-dildo\/#primaryimage\"},\"image\":{\"@id\":\"https:\/\/hobierotikshop.com.tr\/website1\/erotik-shop-urun\/double-layer-dildo\/#primaryimage\"},\"thumbnailUrl\":\"https:\/\/haremerotikshop.com\/site\/wp-content\/uploads\/2026\/01\/DOUBLE-LAYER-DILDO-resim-1650.png\",\"datePublished\":\"2026-01-08T15:51:08+00:00\",\"dateModified\":\"2026-01-13T13:22:38+00:00\",\"breadcrumb\":{\"@id\":\"https:\/\/hobierotikshop.com.tr\/website1\/erotik-shop-urun\/double-layer-dildo\/#breadcrumb\"},\"inLanguage\":\"tr\",\"potentialAction\":[{\"@type\":\"ReadAction\",\"target\":[\"https:\/\/hobierotikshop.com.tr\/website1\/erotik-shop-urun\/double-layer-dildo\/\"]}]},{\"@type\":\"ImageObject\",\"inLanguage\":\"tr\",\"@id\":\"https:\/\/hobierotikshop.com.tr\/website1\/erotik-shop-urun\/double-layer-dildo\/#primaryimage\",\"url\":\"https:\/\/haremerotikshop.com\/site\/wp-content\/uploads\/2026\/01\/DOUBLE-LAYER-DILDO-resim-1650.png\",\"contentUrl\":\"https:\/\/haremerotikshop.com\/site\/wp-content\/uploads\/2026\/01\/DOUBLE-LAYER-DILDO-resim-1650.png\",\"width\":931,\"height\":920},{\"@type\":\"BreadcrumbList\",\"@id\":\"https:\/\/hobierotikshop.com.tr\/website1\/erotik-shop-urun\/double-layer-dildo\/#breadcrumb\",\"itemListElement\":[{\"@type\":\"ListItem\",\"position\":1,\"name\":\"Anasayfa\",\"item\":\"https:\/\/hobierotikshop.com.tr\/website1\/\"},{\"@type\":\"ListItem\",\"position\":2,\"name\":\"Erotik Shop \u00dcr\u00fcnleri\",\"item\":\"https:\/\/hobierotikshop.com.tr\/website1\/shop\/\"},{\"@type\":\"ListItem\",\"position\":3,\"name\":\"Double Layer Di\u0307ldo\"}]},{\"@type\":\"WebSite\",\"@id\":\"https:\/\/bursashop.com\/web\/#website\",\"url\":\"https:\/\/bursashop.com\/web\/\",\"name\":\"Bursa Erotik Shop\",\"description\":\"Bursa Erotik Shop ile g\u00fcvenli, gizli ve kaliteli yeti\u015fkin \u00fcr\u00fcnleri al\u0131\u015fveri\u015fi! Geni\u015f \u00fcr\u00fcn yelpazemizi ke\u015ffedin, hemen sipari\u015f verin\",\"publisher\":{\"@id\":\"https:\/\/bursashop.com\/web\/#organization\"},\"alternateName\":\"Erotik Shop\",\"potentialAction\":[{\"@type\":\"SearchAction\",\"target\":{\"@type\":\"EntryPoint\",\"urlTemplate\":\"https:\/\/bursashop.com\/web\/?s={search_term_string}\"},\"query-input\":{\"@type\":\"PropertyValueSpecification\",\"valueRequired\":true,\"valueName\":\"search_term_string\"}}],\"inLanguage\":\"tr\"},{\"@type\":\"Organization\",\"@id\":\"https:\/\/bursashop.com\/web\/#organization\",\"name\":\"Harem Bursa Erotik Shop\",\"url\":\"https:\/\/bursashop.com\/web\/\",\"logo\":{\"@type\":\"ImageObject\",\"inLanguage\":\"tr\",\"@id\":\"https:\/\/bursashop.com\/web\/#\/schema\/logo\/image\/\",\"url\":\"https:\/\/haremerotikshop.com\/site\/wp-content\/uploads\/2025\/03\/haremsexshop.png\",\"contentUrl\":\"https:\/\/haremerotikshop.com\/site\/wp-content\/uploads\/2025\/03\/haremsexshop.png\",\"width\":400,\"height\":100,\"caption\":\"Harem Bursa Erotik Shop\"},\"image\":{\"@id\":\"https:\/\/bursashop.com\/web\/#\/schema\/logo\/image\/\"},\"sameAs\":[\"https:\/\/x.com\/shopbursa\"],\"publishingPrinciples\":\"https:\/\/hobierotikshop.com.tr\/website1\/mesafeli-satis-sozlesmesi\/\",\"ownershipFundingInfo\":\"https:\/\/hobierotikshop.com.tr\/website1\/contact-us\/\",\"actionableFeedbackPolicy\":\"https:\/\/hobierotikshop.com.tr\/website1\/contact-us\/\",\"correctionsPolicy\":\"https:\/\/hobierotikshop.com.tr\/website1\/mesafeli-satis-sozlesmesi\/\"}]}<\/script>\n<meta property=\"product:price:amount\" content=\"3300.00\" \/>\n<meta property=\"product:price:currency\" content=\"TRY\" \/>\n<meta property=\"og:availability\" content=\"instock\" \/>\n<meta property=\"product:availability\" content=\"instock\" \/>\n<meta property=\"product:retailer_item_id\" content=\"LS-310003\" \/>\n<meta property=\"product:condition\" content=\"new\" \/>\n<!-- \/ Yoast SEO Premium plugin. -->","yoast_head_json":{"title":"Double Layer Di\u0307ldo - Bursa Erotik Shop","robots":{"index":"index","follow":"follow","max-snippet":"max-snippet:-1","max-image-preview":"max-image-preview:large","max-video-preview":"max-video-preview:-1"},"canonical":"https:\/\/hobierotikshop.com.tr\/website1\/erotik-shop-urun\/double-layer-dildo\/","og_locale":"tr_TR","og_type":"article","og_title":"Double Layer Di\u0307ldo","og_description":"Ultra Yumu\u015fak \u00c7ift Katmanl\u0131, Derili ve K\u0131k\u0131rdakl\u0131 B\u00fck\u00fclebilir Penis. Tamamen sa\u011fl\u0131kl\u0131, g\u00fcvenli, kokusuz, cilde zarar\u0131 olmayan ve cilt dostu malzemeden","og_url":"https:\/\/hobierotikshop.com.tr\/website1\/erotik-shop-urun\/double-layer-dildo\/","og_site_name":"Bursa Erotik Shop","article_modified_time":"2026-01-13T13:22:38+00:00","og_image":[{"width":931,"height":920,"url":"https:\/\/hobierotikshop.com.tr\/website1\/wp-content\/uploads\/2026\/01\/DOUBLE-LAYER-DILDO-resim-1650.png","type":"image\/png"}],"twitter_card":"summary_large_image","twitter_site":"@shopbursa","twitter_misc":{"Fiyat":"&#8378;3.300,00","Availability":"In stock"},"schema":{"@context":"https:\/\/schema.org","@graph":[{"@type":"WebPage","@id":"https:\/\/hobierotikshop.com.tr\/website1\/erotik-shop-urun\/double-layer-dildo\/","url":"https:\/\/hobierotikshop.com.tr\/website1\/erotik-shop-urun\/double-layer-dildo\/","name":"Double Layer Di\u0307ldo - Bursa Erotik Shop","isPartOf":{"@id":"https:\/\/bursashop.com\/web\/#website"},"primaryImageOfPage":{"@id":"https:\/\/hobierotikshop.com.tr\/website1\/erotik-shop-urun\/double-layer-dildo\/#primaryimage"},"image":{"@id":"https:\/\/hobierotikshop.com.tr\/website1\/erotik-shop-urun\/double-layer-dildo\/#primaryimage"},"thumbnailUrl":"https:\/\/haremerotikshop.com\/site\/wp-content\/uploads\/2026\/01\/DOUBLE-LAYER-DILDO-resim-1650.png","datePublished":"2026-01-08T15:51:08+00:00","dateModified":"2026-01-13T13:22:38+00:00","breadcrumb":{"@id":"https:\/\/hobierotikshop.com.tr\/website1\/erotik-shop-urun\/double-layer-dildo\/#breadcrumb"},"inLanguage":"tr","potentialAction":[{"@type":"ReadAction","target":["https:\/\/hobierotikshop.com.tr\/website1\/erotik-shop-urun\/double-layer-dildo\/"]}]},{"@type":"ImageObject","inLanguage":"tr","@id":"https:\/\/hobierotikshop.com.tr\/website1\/erotik-shop-urun\/double-layer-dildo\/#primaryimage","url":"https:\/\/haremerotikshop.com\/site\/wp-content\/uploads\/2026\/01\/DOUBLE-LAYER-DILDO-resim-1650.png","contentUrl":"https:\/\/haremerotikshop.com\/site\/wp-content\/uploads\/2026\/01\/DOUBLE-LAYER-DILDO-resim-1650.png","width":931,"height":920},{"@type":"BreadcrumbList","@id":"https:\/\/hobierotikshop.com.tr\/website1\/erotik-shop-urun\/double-layer-dildo\/#breadcrumb","itemListElement":[{"@type":"ListItem","position":1,"name":"Anasayfa","item":"https:\/\/hobierotikshop.com.tr\/website1\/"},{"@type":"ListItem","position":2,"name":"Erotik Shop \u00dcr\u00fcnleri","item":"https:\/\/hobierotikshop.com.tr\/website1\/shop\/"},{"@type":"ListItem","position":3,"name":"Double Layer Di\u0307ldo"}]},{"@type":"WebSite","@id":"https:\/\/bursashop.com\/web\/#website","url":"https:\/\/bursashop.com\/web\/","name":"Bursa Erotik Shop","description":"Bursa Erotik Shop ile g\u00fcvenli, gizli ve kaliteli yeti\u015fkin \u00fcr\u00fcnleri al\u0131\u015fveri\u015fi! Geni\u015f \u00fcr\u00fcn yelpazemizi ke\u015ffedin, hemen sipari\u015f verin","publisher":{"@id":"https:\/\/bursashop.com\/web\/#organization"},"alternateName":"Erotik Shop","potentialAction":[{"@type":"SearchAction","target":{"@type":"EntryPoint","urlTemplate":"https:\/\/bursashop.com\/web\/?s={search_term_string}"},"query-input":{"@type":"PropertyValueSpecification","valueRequired":true,"valueName":"search_term_string"}}],"inLanguage":"tr"},{"@type":"Organization","@id":"https:\/\/bursashop.com\/web\/#organization","name":"Harem Bursa Erotik Shop","url":"https:\/\/bursashop.com\/web\/","logo":{"@type":"ImageObject","inLanguage":"tr","@id":"https:\/\/bursashop.com\/web\/#\/schema\/logo\/image\/","url":"https:\/\/haremerotikshop.com\/site\/wp-content\/uploads\/2025\/03\/haremsexshop.png","contentUrl":"https:\/\/haremerotikshop.com\/site\/wp-content\/uploads\/2025\/03\/haremsexshop.png","width":400,"height":100,"caption":"Harem Bursa Erotik Shop"},"image":{"@id":"https:\/\/bursashop.com\/web\/#\/schema\/logo\/image\/"},"sameAs":["https:\/\/x.com\/shopbursa"],"publishingPrinciples":"https:\/\/hobierotikshop.com.tr\/website1\/mesafeli-satis-sozlesmesi\/","ownershipFundingInfo":"https:\/\/hobierotikshop.com.tr\/website1\/contact-us\/","actionableFeedbackPolicy":"https:\/\/hobierotikshop.com.tr\/website1\/contact-us\/","correctionsPolicy":"https:\/\/hobierotikshop.com.tr\/website1\/mesafeli-satis-sozlesmesi\/"}]},"product_price_amount":"3300.00","product_price_currency":"TRY","og_availability":"instock","product_availability":"instock","product_retailer_item_id":"LS-310003","product_condition":"new"},"_links":{"self":[{"href":"https:\/\/haremerotikshop.com\/site\/wp-json\/wp\/v2\/product\/54055","targetHints":{"allow":["GET"]}}],"collection":[{"href":"https:\/\/haremerotikshop.com\/site\/wp-json\/wp\/v2\/product"}],"about":[{"href":"https:\/\/haremerotikshop.com\/site\/wp-json\/wp\/v2\/types\/product"}],"replies":[{"embeddable":true,"href":"https:\/\/haremerotikshop.com\/site\/wp-json\/wp\/v2\/comments?post=54055"}],"version-history":[{"count":0,"href":"https:\/\/haremerotikshop.com\/site\/wp-json\/wp\/v2\/product\/54055\/revisions"}],"wp:featuredmedia":[{"embeddable":true,"href":"https:\/\/haremerotikshop.com\/site\/wp-json\/wp\/v2\/media\/54057"}],"wp:attachment":[{"href":"https:\/\/haremerotikshop.com\/site\/wp-json\/wp\/v2\/media?parent=54055"}],"wp:term":[{"taxonomy":"product_brand","embeddable":true,"href":"https:\/\/haremerotikshop.com\/site\/wp-json\/wp\/v2\/product_brand?post=54055"},{"taxonomy":"product_cat","embeddable":true,"href":"https:\/\/haremerotikshop.com\/site\/wp-json\/wp\/v2\/product_cat?post=54055"},{"taxonomy":"product_tag","embeddable":true,"href":"https:\/\/haremerotikshop.com\/site\/wp-json\/wp\/v2\/product_tag?post=54055"}],"curies":[{"name":"wp","href":"https:\/\/api.w.org\/{rel}","templated":true}]}}